{"id":88,"date":"2024-07-26T17:29:37","date_gmt":"2024-07-26T17:29:37","guid":{"rendered":"https:\/\/www.poliklinikavukovic.com\/ljekarna\/?post_type=product&#038;p=88"},"modified":"2025-11-16T15:59:19","modified_gmt":"2025-11-16T15:59:19","slug":"nautubone","status":"publish","type":"product","link":"https:\/\/www.poliklinikavukovic.com\/ljekarna\/proizvod\/nautubone\/","title":{"rendered":"Nautubone"},"content":{"rendered":"<p class=\"text-body font-regular leading-[24px] pt-[9px] pb-[2px]\" dir=\"ltr\">Nautubone je biljni gel posebno formuliran za ubla\u017eavanje bolova u zglobovima i kostima. Ovaj proizvod koristi se za smanjenje upale, pobolj\u0161anje pokretljivosti i ubla\u017eavanje boli. S obzirom na njegov prirodni sastav, Nautubone je siguran za uporabu kod razli\u010ditih korisnika, uklju\u010duju\u0107i starije osobe i sporta\u0161e. Gel se brzo upija u ko\u017eu, pru\u017eaju\u0107i brzu i u\u010dinkovitu olak\u0161icu.<\/p>\n<p class=\"text-body font-regular leading-[24px] pt-[9px] pb-[2px]\" dir=\"ltr\">Glavna karakteristika koja izdvaja Nautubone od drugih proizvoda je njegova biljna formulacija. Za razliku od mnogih drugih krema i gelova na tr\u017ei\u0161tu koji sadr\u017ee sintetske sastojke, Nautubone se oslanja na snagu prirodnih ekstrakata i ulja. To ga \u010dini idealnim izborom za one koji preferiraju prirodne metode lije\u010denja i \u017eele izbje\u0107i potencijalne nuspojave koje mogu izazvati kemikalije.<\/p>\n<p class=\"text-body font-regular leading-[24px] pt-[9px] pb-[2px]\" dir=\"ltr\">Osim \u0161to je u\u010dinkovit, Nautubone je tako\u0111er jednostavan za kori\u0161tenje. Dolazi u prakti\u010dnom pakiranju koje mo\u017eete ponijeti sa sobom bilo gdje, omogu\u0107uju\u0107i vam da ga nanesete kad god osjetite potrebu. Bilo da ste kod ku\u0107e, na poslu ili u pokretu, Nautubone vam pru\u017ea mogu\u0107nost trenutne olak\u0161ice.<\/p>\n<h2 class=\"font-bold text-h3 leading-[36px] pt-[21px] pb-[2px] [&amp;_a]:underline-offset-[6px] [&amp;_.underline]:underline-offset-[6px]\" dir=\"ltr\">Kako djeluje Nautubone?<\/h2>\n<p class=\"text-body font-regular leading-[24px] pt-[9px] pb-[2px]\" dir=\"ltr\">Nautubone djeluje tako da se apsorbira kroz ko\u017eu i prodire duboko u tkivo zglobova i kostiju. Njegova biljna formulacija omogu\u0107ava brzu apsorpciju i ciljano djelovanje na bolno podru\u010dje. Gel poma\u017ee u smanjenju upale, pobolj\u0161ava cirkulaciju i smanjuje bol.<\/p>\n<p class=\"text-body font-regular leading-[24px] pt-[9px] pb-[2px]\" dir=\"ltr\">Jedan od klju\u010dnih na\u010dina na koji Nautubone djeluje je kroz poticanje mikrocirkulacije. Kada se gel nanese na ko\u017eu, njegovi aktivni sastojci prodiru duboko u tkivo i poti\u010du protok krvi. To ne samo da poma\u017ee u smanjenju upale, ve\u0107 tako\u0111er ubrzava proces oporavka i regeneracije.<\/p>\n<p class=\"text-body font-regular leading-[24px] pt-[9px] pb-[2px]\" dir=\"ltr\">Nadalje, Nautubone poma\u017ee u opu\u0161tanju mi\u0161i\u0107a oko zglobova, \u0161to mo\u017ee dodatno smanjiti bol i pobolj\u0161ati pokretljivost. Redovitom primjenom, Nautubone mo\u017ee zna\u010dajno pobolj\u0161ati kvalitetu \u017eivota, omogu\u0107uju\u0107i vam da se vratite svojim svakodnevnim aktivnostima bez boli.<\/p>\n<h2 class=\"font-bold text-h3 leading-[36px] pt-[21px] pb-[2px] [&amp;_a]:underline-offset-[6px] [&amp;_.underline]:underline-offset-[6px]\" dir=\"ltr\">Nautubone sastav<\/h2>\n<p class=\"text-body font-regular leading-[24px] pt-[9px] pb-[2px]\" dir=\"ltr\">Jedan od najva\u017enijih aspekata Nautubone gela je njegov prirodni sastav. Evo detaljnog pregleda glavnih sastojaka:<\/p>\n<h3 class=\"font-bold text-h4 leading-[30px] pt-[15px] pb-[2px] [&amp;_a]:underline-offset-[6px] [&amp;_.underline]:underline-offset-[6px]\" dir=\"ltr\">Ekstrakt gaveza (Symphytum officinale extract)<\/h3>\n<p class=\"text-body font-regular leading-[24px] pt-[9px] pb-[2px]\" dir=\"ltr\">Gavez je poznat po svojim ljekovitim svojstvima i koristi se stolje\u0107ima za lije\u010denje raznih bolesti. Ekstrakt gaveza u Nautubone gelu poma\u017ee u smanjenju upale i poti\u010de regeneraciju tkiva.<\/p>\n<h3 class=\"font-bold text-h4 leading-[30px] pt-[15px] pb-[2px] [&amp;_a]:underline-offset-[6px] [&amp;_.underline]:underline-offset-[6px]\" dir=\"ltr\">Ulje pelargonije (Pelargonium roseum oil)<\/h3>\n<p class=\"text-body font-regular leading-[24px] pt-[9px] pb-[2px]\" dir=\"ltr\">Ovo ulje ima sna\u017ena protuupalna svojstva i poma\u017ee u ubla\u017eavanju bolova u mi\u0161i\u0107ima i zglobovima. Tako\u0111er poma\u017ee u pobolj\u0161anju cirkulacije, \u0161to je klju\u010dno za br\u017ei oporavak.<\/p>\n<h3 class=\"font-bold text-h4 leading-[30px] pt-[15px] pb-[2px] [&amp;_a]:underline-offset-[6px] [&amp;_.underline]:underline-offset-[6px]\" dir=\"ltr\">Ulje rimske kamilice (Anthemis nobilis)<\/h3>\n<p class=\"text-body font-regular leading-[24px] pt-[9px] pb-[2px]\" dir=\"ltr\">Rimska kamilica je poznata po svojim umiruju\u0107im svojstvima. Ulje ove biljke poma\u017ee u opu\u0161tanju mi\u0161i\u0107a i smanjenju napetosti, \u0161to mo\u017ee dodatno ubla\u017eiti bol.<\/p>\n<h3 class=\"font-bold text-h4 leading-[30px] pt-[15px] pb-[2px] [&amp;_a]:underline-offset-[6px] [&amp;_.underline]:underline-offset-[6px]\" dir=\"ltr\">Ulje rozetle (Pelargonium graveolens oil)<\/h3>\n<p class=\"text-body font-regular leading-[24px] pt-[9px] pb-[2px]\" dir=\"ltr\">Ovo ulje ima antisepti\u010dka i protuupalna svojstva. Poma\u017ee u smanjenju upale i ubrzava proces ozdravljenja.<\/p>\n<h3 class=\"font-bold text-h4 leading-[30px] pt-[15px] pb-[2px] [&amp;_a]:underline-offset-[6px] [&amp;_.underline]:underline-offset-[6px]\" dir=\"ltr\">Ulje \u017ealfije (Salvia sclarea oil)<\/h3>\n<p class=\"text-body font-regular leading-[24px] pt-[9px] pb-[2px]\" dir=\"ltr\">\u017dalfija je poznata po svojim ljekovitim svojstvima. Ulje \u017ealfije poma\u017ee u smanjenju bolova i upala, te pobolj\u0161ava ukupnu pokretljivost.<\/p>\n<h2 class=\"font-bold text-h3 leading-[36px] pt-[21px] pb-[2px] [&amp;_a]:underline-offset-[6px] [&amp;_.underline]:underline-offset-[6px]\" dir=\"ltr\">Nautubone u\u010dinci i dobrobiti<\/h2>\n<p class=\"text-body font-regular leading-[24px] pt-[9px] pb-[2px]\" dir=\"ltr\">Nautubone gel pru\u017ea brojne u\u010dinke i dobrobiti za korisnike. Evo nekoliko klju\u010dnih:<\/p>\n<ul class=\"pt-[9px] pb-[2px] pl-[24px] list-disc [&amp;_ul]:pt-[5px] pt-[5px]\">\n<li class=\"text-body font-regular leading-[24px] my-[5px] [&amp;&gt;ol]:!pt-0 [&amp;&gt;ol]:!pb-0 [&amp;&gt;ul]:!pt-0 [&amp;&gt;ul]:!pb-0\" value=\"1\"><b><strong class=\"font-bold\">Smanjuje bol<\/strong><\/b>: Zahvaljuju\u0107i svojim prirodnim sastojcima, Nautubone brzo djeluje na smanjenje bolova u zglobovima i kostima.<\/li>\n<li class=\"text-body font-regular leading-[24px] my-[5px] [&amp;&gt;ol]:!pt-0 [&amp;&gt;ol]:!pb-0 [&amp;&gt;ul]:!pt-0 [&amp;&gt;ul]:!pb-0\" value=\"2\"><b><strong class=\"font-bold\">Pobolj\u0161ava pokretljivost<\/strong><\/b>: Redovitom primjenom, ovaj gel poma\u017ee u pobolj\u0161anju pokretljivosti i fleksibilnosti.<\/li>\n<li class=\"text-body font-regular leading-[24px] my-[5px] [&amp;&gt;ol]:!pt-0 [&amp;&gt;ol]:!pb-0 [&amp;&gt;ul]:!pt-0 [&amp;&gt;ul]:!pb-0\" value=\"3\"><b><strong class=\"font-bold\">Smanjuje upalu<\/strong><\/b>: Aktivni sastojci u Nautubone gelu poma\u017eu u smanjenju upale, \u0161to je klju\u010dno za ubla\u017eavanje boli i ubrzavanje procesa oporavka.<\/li>\n<li class=\"text-body font-regular leading-[24px] my-[5px] [&amp;&gt;ol]:!pt-0 [&amp;&gt;ol]:!pb-0 [&amp;&gt;ul]:!pt-0 [&amp;&gt;ul]:!pb-0\" value=\"4\"><b><strong class=\"font-bold\">Pobolj\u0161ava cirkulaciju<\/strong><\/b>: Nautubone poti\u010de bolji protok krvi, \u0161to poma\u017ee u br\u017eem oporavku i regeneraciji tkiva.<\/li>\n<\/ul>\n<h2 class=\"font-bold text-h3 leading-[36px] pt-[21px] pb-[2px] [&amp;_a]:underline-offset-[6px] [&amp;_.underline]:underline-offset-[6px]\" dir=\"ltr\">Nautubone upute za kori\u0161tenje<\/h2>\n<p class=\"text-body font-regular leading-[24px] pt-[9px] pb-[2px]\" dir=\"ltr\">Kori\u0161tenje Nautubone gela je vrlo jednostavno i mo\u017ee se integrirati u va\u0161u dnevnu rutinu. Slijedite ove korake za optimalne rezultate:<\/p>\n<ol class=\"pt-[9px] pb-[2px] pl-[24px] [&amp;_ol]:pt-[5px] list-decimal\">\n<li class=\"text-body font-regular leading-[24px] my-[5px] [&amp;&gt;ol]:!pt-0 [&amp;&gt;ol]:!pb-0 [&amp;&gt;ul]:!pt-0 [&amp;&gt;ul]:!pb-0\" value=\"1\">Operite bolno podru\u010dje toplom vodom i dobro ga posu\u0161ite. To \u0107e omogu\u0107iti bolju apsorpciju gela.<\/li>\n<li class=\"text-body font-regular leading-[24px] my-[5px] [&amp;&gt;ol]:!pt-0 [&amp;&gt;ol]:!pb-0 [&amp;&gt;ul]:!pt-0 [&amp;&gt;ul]:!pb-0\" value=\"2\">Nanesite Nautubone gel na bolno podru\u010dje. Upotrijebite dovoljnu koli\u010dinu kako biste pokrili cijelo bolno podru\u010dje.<\/li>\n<li class=\"text-body font-regular leading-[24px] my-[5px] [&amp;&gt;ol]:!pt-0 [&amp;&gt;ol]:!pb-0 [&amp;&gt;ul]:!pt-0 [&amp;&gt;ul]:!pb-0\" value=\"3\">Dobro utrljajte gel te lagano masirajte bolno podru\u010dje oko 30 sekundi. Ova masa\u017ea pomo\u0107i \u0107e aktivnim sastojcima da br\u017ee prodru u tkivo.<\/li>\n<\/ol>\n<p class=\"text-body font-regular leading-[24px] pt-[9px] pb-[2px]\" dir=\"ltr\">Preporu\u010duje se kori\u0161tenje Nautubone gela dva puta dnevno, ujutro i nave\u010der, za najbolje rezultate.<\/p>\n<h2 class=\"font-bold text-h3 leading-[36px] pt-[21px] pb-[2px] [&amp;_a]:underline-offset-[6px] [&amp;_.underline]:underline-offset-[6px]\" dir=\"ltr\">Nautubone kontraindikacije i nuspojave<\/h2>\n<p class=\"text-body font-regular leading-[24px] pt-[9px] pb-[2px]\" dir=\"ltr\">Jedna od najve\u0107ih prednosti Nautubone gela je \u0161to nema kontraindikacija i nuspojava. Proizvod je potpuno siguran za uporabu, \u010dak i kod dugotrajne primjene. Svi sastojci su prirodnog porijekla, \u0161to smanjuje rizik od alergijskih reakcija ili iritacija ko\u017ee.<\/p>\n<p class=\"text-body font-regular leading-[24px] pt-[9px] pb-[2px]\" dir=\"ltr\">Me\u0111utim, kao i kod svakog proizvoda, preporu\u010duje se da prije prve primjene napravite test osjetljivosti. Nanestite malu koli\u010dinu gela na unutra\u0161nju stranu lakta i pri\u010dekajte 24 sata. Ako ne do\u0111e do iritacije ili crvenila, mo\u017eete sigurno koristiti proizvod.<\/p>\n<h2 class=\"font-bold text-h3 leading-[36px] pt-[21px] pb-[2px] [&amp;_a]:underline-offset-[6px] [&amp;_.underline]:underline-offset-[6px]\" dir=\"ltr\">Nautubone iskustva<\/h2>\n<p class=\"text-body font-regular leading-[24px] pt-[9px] pb-[2px]\" dir=\"ltr\">Korisnici Nautubone gela imaju vrlo pozitivna iskustva. Evo nekoliko komentara zadovoljnih korisnika:<\/p>\n<ul class=\"pt-[9px] pb-[2px] pl-[24px] list-disc [&amp;_ul]:pt-[5px] pt-[5px]\">\n<li class=\"text-body font-regular leading-[24px] my-[5px] [&amp;&gt;ol]:!pt-0 [&amp;&gt;ol]:!pb-0 [&amp;&gt;ul]:!pt-0 [&amp;&gt;ul]:!pb-0\" value=\"1\"><b><strong class=\"font-bold\">Ana, 64 godine<\/strong><\/b>: &#8220;Nakon godina borbe s bolovima u koljenima, Nautubone mi je kona\u010dno donio olak\u0161anje. Koristim ga svakodnevno i osje\u0107am se puno bolje.&#8221;<\/li>\n<li class=\"text-body font-regular leading-[24px] my-[5px] [&amp;&gt;ol]:!pt-0 [&amp;&gt;ol]:!pb-0 [&amp;&gt;ul]:!pt-0 [&amp;&gt;ul]:!pb-0\" value=\"2\"><b><strong class=\"font-bold\">Marko, 35 godina<\/strong><\/b>: &#8220;Kao sporta\u0161, \u010desto se suo\u010davam s bolovima u mi\u0161i\u0107ima i zglobovima. Nautubone mi poma\u017ee da se br\u017ee oporavim nakon napornih treninga.&#8221;<\/li>\n<li class=\"text-body font-regular leading-[24px] my-[5px] [&amp;&gt;ol]:!pt-0 [&amp;&gt;ol]:!pb-0 [&amp;&gt;ul]:!pt-0 [&amp;&gt;ul]:!pb-0\" value=\"3\"><b><strong class=\"font-bold\">Ivana, 58 godina<\/strong><\/b>: &#8220;Nautubone gel je postao sastavni dio moje dnevne rutine. Bolovi su zna\u010dajno smanjeni, a pokretljivost se pobolj\u0161ala.&#8221;<\/li>\n<\/ul>\n<h2 class=\"font-bold text-h3 leading-[36px] pt-[21px] pb-[2px] [&amp;_a]:underline-offset-[6px] [&amp;_.underline]:underline-offset-[6px]\" dir=\"ltr\">Gdje kupiti Nautubone u Hrvatskoj? Ljekarna, DM, Nju\u0161kalo<\/h2>\n<p class=\"text-body font-regular leading-[24px] pt-[9px] pb-[2px]\" dir=\"ltr\">Nautubone gel mo\u017eete kupiti isklju\u010divo na slu\u017ebenoj web stranici proizvo\u0111a\u010da. Razlog za ovo je jednostavan &#8211; na taj na\u010din se osigurava autenti\u010dnost proizvoda i izbjegavaju se potencijalne prevare ili kopije.<\/p>\n<p class=\"text-body font-regular leading-[24px] pt-[9px] pb-[2px]\" dir=\"ltr\">Kupnjom putem slu\u017ebene web stranice tako\u0111er mo\u017eete iskoristiti posebne promotivne ponude i popuste koje proizvo\u0111a\u010d redovito nudi. Dodatno, web stranica pru\u017ea sve potrebne informacije o proizvodu i korisni\u010dkoj podr\u0161ci.<\/p>\n<h2 class=\"font-bold text-h3 leading-[36px] pt-[21px] pb-[2px] [&amp;_a]:underline-offset-[6px] [&amp;_.underline]:underline-offset-[6px]\" dir=\"ltr\">Koliko ko\u0161ta Nautubone? Cijena?<\/h2>\n<p class=\"text-body font-regular leading-[24px] pt-[9px] pb-[2px]\" dir=\"ltr\">Cijena jednog pakiranja Nautubone gela iznosi 39 EUR. S obzirom na njegovu u\u010dinkovitost i prirodni sastav, ova cijena je vrlo pristupa\u010dna. Tako\u0111er, proizvo\u0111a\u010d \u010desto nudi posebne popuste za vi\u0161estruke narud\u017ebe, \u0161to dodatno smanjuje tro\u0161ak po pakiranju.<\/p>\n<h2 class=\"font-bold text-h3 leading-[36px] pt-[21px] pb-[2px] [&amp;_a]:underline-offset-[6px] [&amp;_.underline]:underline-offset-[6px]\" dir=\"ltr\">\u010cesto postavljana pitanja<\/h2>\n<h3 class=\"font-bold text-h4 leading-[30px] pt-[15px] pb-[2px] [&amp;_a]:underline-offset-[6px] [&amp;_.underline]:underline-offset-[6px]\" dir=\"ltr\">Je li Nautubone siguran za dugotrajnu uporabu?<\/h3>\n<p class=\"text-body font-regular leading-[24px] pt-[9px] pb-[2px]\" dir=\"ltr\">Da, Nautubone je potpuno siguran za dugotrajnu uporabu. Njegov prirodni sastav minimizira rizik od nuspojava, \u010dak i kod redovite primjene.<\/p>\n<h3 class=\"font-bold text-h4 leading-[30px] pt-[15px] pb-[2px] [&amp;_a]:underline-offset-[6px] [&amp;_.underline]:underline-offset-[6px]\" dir=\"ltr\">Koliko \u010desto trebam koristiti Nautubone gel?<\/h3>\n<p class=\"text-body font-regular leading-[24px] pt-[9px] pb-[2px]\" dir=\"ltr\">Preporu\u010duje se kori\u0161tenje gela dva puta dnevno, ujutro i nave\u010der, za optimalne rezultate.<\/p>\n<h3 class=\"font-bold text-h4 leading-[30px] pt-[15px] pb-[2px] [&amp;_a]:underline-offset-[6px] [&amp;_.underline]:underline-offset-[6px]\" dir=\"ltr\">Mogu li koristiti Nautubone ako imam osjetljivu ko\u017eu?<\/h3>\n<p class=\"text-body font-regular leading-[24px] pt-[9px] pb-[2px]\" dir=\"ltr\">Da, Nautubone je prikladan za sve tipove ko\u017ee, uklju\u010duju\u0107i osjetljivu ko\u017eu. Preporu\u010duje se napraviti test osjetljivosti prije prve primjene kako biste bili sigurni da nemate alergijsku reakciju.<\/p>\n","protected":false},"excerpt":{"rendered":"<p>Nautubone je biljni gel posebno formuliran za ubla\u017eavanje bolova u zglobovima i kostima. Ovaj proizvod koristi se za smanjenje upale, pobolj\u0161anje pokretljivosti i ubla\u017eavanje boli. S obzirom na njegov prirodni sastav, Nautubone je siguran za uporabu kod razli\u010ditih korisnika, uklju\u010duju\u0107i starije osobe i sporta\u0161e. Gel se brzo upija u ko\u017eu, pru\u017eaju\u0107i brzu i u\u010dinkovitu olak\u0161icu&#8230;.<\/p>\n","protected":false},"featured_media":89,"template":"","meta":{"_kad_post_transparent":"default","_kad_post_title":"","_kad_post_layout":"default","_kad_post_sidebar_id":"","_kad_post_content_style":"default","_kad_post_vertical_padding":"default","_kad_post_feature":"","_kad_post_feature_position":"","_kad_post_header":false,"_kad_post_footer":false,"_kad_post_classname":"","iawp_total_views":4101},"product_brand":[],"product_cat":[15],"product_tag":[],"class_list":{"0":"post-88","1":"product","2":"type-product","3":"status-publish","4":"has-post-thumbnail","6":"product_cat-zdravlje","8":"first","9":"instock","10":"sale","11":"shipping-taxable","12":"product-type-external","13":"entry","14":"content-bg","15":"loop-entry"},"_links":{"self":[{"href":"https:\/\/www.poliklinikavukovic.com\/ljekarna\/wp-json\/wp\/v2\/product\/88","targetHints":{"allow":["GET"]}}],"collection":[{"href":"https:\/\/www.poliklinikavukovic.com\/ljekarna\/wp-json\/wp\/v2\/product"}],"about":[{"href":"https:\/\/www.poliklinikavukovic.com\/ljekarna\/wp-json\/wp\/v2\/types\/product"}],"wp:featuredmedia":[{"embeddable":true,"href":"https:\/\/www.poliklinikavukovic.com\/ljekarna\/wp-json\/wp\/v2\/media\/89"}],"wp:attachment":[{"href":"https:\/\/www.poliklinikavukovic.com\/ljekarna\/wp-json\/wp\/v2\/media?parent=88"}],"wp:term":[{"taxonomy":"product_brand","embeddable":true,"href":"https:\/\/www.poliklinikavukovic.com\/ljekarna\/wp-json\/wp\/v2\/product_brand?post=88"},{"taxonomy":"product_cat","embeddable":true,"href":"https:\/\/www.poliklinikavukovic.com\/ljekarna\/wp-json\/wp\/v2\/product_cat?post=88"},{"taxonomy":"product_tag","embeddable":true,"href":"https:\/\/www.poliklinikavukovic.com\/ljekarna\/wp-json\/wp\/v2\/product_tag?post=88"}],"curies":[{"name":"wp","href":"https:\/\/api.w.org\/{rel}","templated":true}]}}