{"id":86,"date":"2024-07-26T17:24:36","date_gmt":"2024-07-26T17:24:36","guid":{"rendered":"https:\/\/www.poliklinikavukovic.com\/ljekarna\/?post_type=product&#038;p=86"},"modified":"2025-11-16T16:08:20","modified_gmt":"2025-11-16T16:08:20","slug":"go-slim","status":"publish","type":"product","link":"https:\/\/www.poliklinikavukovic.com\/ljekarna\/proizvod\/go-slim\/","title":{"rendered":"Go Slim"},"content":{"rendered":"<p class=\"text-body font-regular leading-[24px] pt-[9px] pb-[2px]\" dir=\"ltr\">Go Slim je pa\u017eljivo formuliran biljni \u010daj koji poma\u017ee u gubitku kilograma na prirodan na\u010din. Ovaj \u010daj sadr\u017ei kombinaciju mo\u0107nih biljnih sastojaka koji su poznati po svojim u\u010dincima na metabolizam i probavu. Njegova jedinstvena formula poma\u017ee tijelu da sagorijeva masno\u0107e br\u017ee i efikasnije, dok istovremeno pru\u017ea osje\u0107aj sitosti koji sprje\u010dava prejedanje.<\/p>\n<p class=\"text-body font-regular leading-[24px] pt-[9px] pb-[2px]\" dir=\"ltr\">Jedan od klju\u010dnih aspekata Go Slim \u010daja je njegova jednostavnost kori\u0161tenja i prirodni sastojci. Za razliku od mnogih drugih proizvoda za mr\u0161avljenje koji sadr\u017ee kemikalije i aditive, Go Slim je 100% prirodan, \u0161to ga \u010dini sigurnim za svakodnevnu upotrebu.<\/p>\n<h2 class=\"font-bold text-h3 leading-[36px] pt-[21px] pb-[2px] [&amp;_a]:underline-offset-[6px] [&amp;_.underline]:underline-offset-[6px]\" dir=\"ltr\">Kako djeluje Go Slim?<\/h2>\n<p class=\"text-body font-regular leading-[24px] pt-[9px] pb-[2px]\" dir=\"ltr\">Go Slim djeluje na nekoliko na\u010dina kako bi vam pomogao u postizanju va\u0161ih ciljeva mr\u0161avljenja. Prvo, stimulira metabolizam, \u0161to zna\u010di da va\u0161e tijelo br\u017ee sagorijeva kalorije, \u010dak i kada se ne bavite fizi\u010dkom aktivno\u0161\u0107u. Drugo, Go Slim pobolj\u0161ava probavu i poma\u017ee eliminirati toksine iz tijela, \u0161to je klju\u010dno za odr\u017eavanje zdravlja i vitalnosti.<\/p>\n<p class=\"text-body font-regular leading-[24px] pt-[9px] pb-[2px]\" dir=\"ltr\">Jo\u0161 jedan na\u010din na koji Go Slim poma\u017ee je smanjenje apetita. Njegovi prirodni sastojci pru\u017eaju osje\u0107aj sitosti, \u0161to vam poma\u017ee da jedete manje i izbjegavate nezdrave grickalice izme\u0111u obroka. Osim toga, Go Slim poma\u017ee u regulaciji razine \u0161e\u0107era u krvi, \u0161to mo\u017ee sprije\u010diti napade gladi i osigurati konstantan izvor energije tijekom dana.<\/p>\n<h2 class=\"font-bold text-h3 leading-[36px] pt-[21px] pb-[2px] [&amp;_a]:underline-offset-[6px] [&amp;_.underline]:underline-offset-[6px]\" dir=\"ltr\">Go Slim Sastav<\/h2>\n<p class=\"text-body font-regular leading-[24px] pt-[9px] pb-[2px]\" dir=\"ltr\">Go Slim se sastoji od pa\u017eljivo odabranih biljnih sastojaka koji zajedno rade na postizanju optimalnih rezultata mr\u0161avljenja. Ovdje su glavni sastojci:<\/p>\n<ul class=\"pt-[9px] pb-[2px] pl-[24px] list-disc [&amp;_ul]:pt-[5px] pt-[5px]\">\n<li class=\"text-body font-regular leading-[24px] my-[5px] [&amp;&gt;ol]:!pt-0 [&amp;&gt;ol]:!pb-0 [&amp;&gt;ul]:!pt-0 [&amp;&gt;ul]:!pb-0\" value=\"1\"><b><strong class=\"font-bold\">Kim<\/strong><\/b> &#8211; Poma\u017ee u pobolj\u0161anju probave i smanjuje nadutost.<\/li>\n<li class=\"text-body font-regular leading-[24px] my-[5px] [&amp;&gt;ol]:!pt-0 [&amp;&gt;ol]:!pb-0 [&amp;&gt;ul]:!pt-0 [&amp;&gt;ul]:!pb-0\" value=\"2\"><b><strong class=\"font-bold\">Komora\u010d<\/strong><\/b> &#8211; Poznat po svojim diureti\u010dkim svojstvima, poma\u017ee u eliminaciji vi\u0161ka teku\u0107ine iz tijela.<\/li>\n<li class=\"text-body font-regular leading-[24px] my-[5px] [&amp;&gt;ol]:!pt-0 [&amp;&gt;ol]:!pb-0 [&amp;&gt;ul]:!pt-0 [&amp;&gt;ul]:!pb-0\" value=\"3\"><b><strong class=\"font-bold\">Cvijet kamilice<\/strong><\/b> &#8211; Djeluje umiruju\u0107e na probavni sustav i poma\u017ee u smanjenju stresa.<\/li>\n<li class=\"text-body font-regular leading-[24px] my-[5px] [&amp;&gt;ol]:!pt-0 [&amp;&gt;ol]:!pb-0 [&amp;&gt;ul]:!pt-0 [&amp;&gt;ul]:!pb-0\" value=\"4\"><b><strong class=\"font-bold\">Smreka<\/strong><\/b> &#8211; Poma\u017ee u detoksikaciji tijela i ja\u010danju imunolo\u0161kog sustava.<\/li>\n<li class=\"text-body font-regular leading-[24px] my-[5px] [&amp;&gt;ol]:!pt-0 [&amp;&gt;ol]:!pb-0 [&amp;&gt;ul]:!pt-0 [&amp;&gt;ul]:!pb-0\" value=\"5\"><b><strong class=\"font-bold\">Sena<\/strong><\/b> &#8211; Prirodni laksativ koji poma\u017ee u regulaciji probave.<\/li>\n<li class=\"text-body font-regular leading-[24px] my-[5px] [&amp;&gt;ol]:!pt-0 [&amp;&gt;ol]:!pb-0 [&amp;&gt;ul]:!pt-0 [&amp;&gt;ul]:!pb-0\" value=\"6\"><b><strong class=\"font-bold\">Kru\u0161ina<\/strong><\/b> &#8211; Poma\u017ee u \u010di\u0161\u0107enju crijeva i pobolj\u0161ava rad probavnog sustava.<\/li>\n<li class=\"text-body font-regular leading-[24px] my-[5px] [&amp;&gt;ol]:!pt-0 [&amp;&gt;ol]:!pb-0 [&amp;&gt;ul]:!pt-0 [&amp;&gt;ul]:!pb-0\" value=\"7\"><b><strong class=\"font-bold\">Sladi\u0107<\/strong><\/b> &#8211; Poma\u017ee u smanjenju upala i regulaciji razine \u0161e\u0107era u krvi.<\/li>\n<\/ul>\n<p class=\"text-body font-regular leading-[24px] pt-[9px] pb-[2px]\" dir=\"ltr\">Svaki od ovih sastojaka ima specifi\u010dnu ulogu u procesu mr\u0161avljenja, a zajedno \u010dine potentnu formulu koja daje izvrsne rezultate.<\/p>\n<h2 class=\"font-bold text-h3 leading-[36px] pt-[21px] pb-[2px] [&amp;_a]:underline-offset-[6px] [&amp;_.underline]:underline-offset-[6px]\" dir=\"ltr\">Go Slim U\u010dinci i Dobrobiti<\/h2>\n<p class=\"text-body font-regular leading-[24px] pt-[9px] pb-[2px]\" dir=\"ltr\">Go Slim nudi niz pozitivnih u\u010dinaka i dobrobiti koje \u0107e vam pomo\u0107i da postignete svoje ciljeve mr\u0161avljenja:<\/p>\n<ul class=\"pt-[9px] pb-[2px] pl-[24px] list-disc [&amp;_ul]:pt-[5px] pt-[5px]\">\n<li class=\"text-body font-regular leading-[24px] my-[5px] [&amp;&gt;ol]:!pt-0 [&amp;&gt;ol]:!pb-0 [&amp;&gt;ul]:!pt-0 [&amp;&gt;ul]:!pb-0\" value=\"1\"><b><strong class=\"font-bold\">Ubrzavanje Metabolizma<\/strong><\/b> &#8211; Poti\u010de br\u017ee sagorijevanje kalorija.<\/li>\n<li class=\"text-body font-regular leading-[24px] my-[5px] [&amp;&gt;ol]:!pt-0 [&amp;&gt;ol]:!pb-0 [&amp;&gt;ul]:!pt-0 [&amp;&gt;ul]:!pb-0\" value=\"2\"><b><strong class=\"font-bold\">Pobolj\u0161anje Probave<\/strong><\/b> &#8211; Poma\u017ee u reguliranju probavnog sustava i eliminaciji toksina.<\/li>\n<li class=\"text-body font-regular leading-[24px] my-[5px] [&amp;&gt;ol]:!pt-0 [&amp;&gt;ol]:!pb-0 [&amp;&gt;ul]:!pt-0 [&amp;&gt;ul]:!pb-0\" value=\"3\"><b><strong class=\"font-bold\">Smanjenje Apetita<\/strong><\/b> &#8211; Pru\u017ea osje\u0107aj sitosti i smanjuje \u017eelju za prejedanjem.<\/li>\n<li class=\"text-body font-regular leading-[24px] my-[5px] [&amp;&gt;ol]:!pt-0 [&amp;&gt;ol]:!pb-0 [&amp;&gt;ul]:!pt-0 [&amp;&gt;ul]:!pb-0\" value=\"4\"><b><strong class=\"font-bold\">Regulacija \u0160e\u0107era u Krvi<\/strong><\/b> &#8211; Poma\u017ee u odr\u017eavanju stabilne razine energije.<\/li>\n<li class=\"text-body font-regular leading-[24px] my-[5px] [&amp;&gt;ol]:!pt-0 [&amp;&gt;ol]:!pb-0 [&amp;&gt;ul]:!pt-0 [&amp;&gt;ul]:!pb-0\" value=\"5\"><b><strong class=\"font-bold\">Detoksikacija Tijela<\/strong><\/b> &#8211; Poma\u017ee u eliminaciji \u0161tetnih tvari iz organizma.<\/li>\n<\/ul>\n<p class=\"text-body font-regular leading-[24px] pt-[9px] pb-[2px]\" dir=\"ltr\">Sve ove dobrobiti \u010dine Go Slim idealnim proizvodom za osobe koje \u017eele izgubiti kilograme na prirodan i zdrav na\u010din.<\/p>\n<h2 class=\"font-bold text-h3 leading-[36px] pt-[21px] pb-[2px] [&amp;_a]:underline-offset-[6px] [&amp;_.underline]:underline-offset-[6px]\" dir=\"ltr\">Go Slim Upute Za Kori\u0161tenje<\/h2>\n<p class=\"text-body font-regular leading-[24px] pt-[9px] pb-[2px]\" dir=\"ltr\">Kori\u0161tenje Go Slim \u010daja je jednostavno i prakti\u010dno. Evo kako pripremiti va\u0161 savr\u0161eni napitak:<\/p>\n<ol class=\"pt-[9px] pb-[2px] pl-[24px] [&amp;_ol]:pt-[5px] list-decimal\">\n<li class=\"text-body font-regular leading-[24px] my-[5px] [&amp;&gt;ol]:!pt-0 [&amp;&gt;ol]:!pb-0 [&amp;&gt;ul]:!pt-0 [&amp;&gt;ul]:!pb-0\" value=\"1\">Dvije \u010dajne ka\u0161ike proizvoda dodajte u 2 dl vrele vode.<\/li>\n<li class=\"text-body font-regular leading-[24px] my-[5px] [&amp;&gt;ol]:!pt-0 [&amp;&gt;ol]:!pb-0 [&amp;&gt;ul]:!pt-0 [&amp;&gt;ul]:!pb-0\" value=\"2\">Ostavite da stoji 30 minuta u poklopljenoj posudi uz povremeno mije\u0161anje.<\/li>\n<li class=\"text-body font-regular leading-[24px] my-[5px] [&amp;&gt;ol]:!pt-0 [&amp;&gt;ol]:!pb-0 [&amp;&gt;ul]:!pt-0 [&amp;&gt;ul]:!pb-0\" value=\"3\">Prije konzumiranja procijedite.<\/li>\n<\/ol>\n<p class=\"text-body font-regular leading-[24px] pt-[9px] pb-[2px]\" dir=\"ltr\">Preporu\u010duje se piti Go Slim \u010daj dva puta dnevno, ujutro i nave\u010der, kako biste postigli najbolje rezultate. U\u017eivajte u svom napitku i gledajte kako ne\u017eeljeni kilogrami nestaju.<\/p>\n<h2 class=\"font-bold text-h3 leading-[36px] pt-[21px] pb-[2px] [&amp;_a]:underline-offset-[6px] [&amp;_.underline]:underline-offset-[6px]\" dir=\"ltr\">Go Slim Kontraindikacije i Nuspojave<\/h2>\n<p class=\"text-body font-regular leading-[24px] pt-[9px] pb-[2px]\" dir=\"ltr\">Jedna od velikih prednosti Go Slim \u010daja je to \u0161to nema kontraindikacija i nuspojava. Proizvod je potpuno siguran za uporabu i mo\u017ee se konzumirati svakodnevno bez brige o negativnim posljedicama.<\/p>\n<p class=\"text-body font-regular leading-[24px] pt-[9px] pb-[2px]\" dir=\"ltr\">To zna\u010di da mo\u017eete u\u017eivati u svim prednostima Go Slim \u010daja bez ikakvih zabrinutosti o svom zdravlju. Naravno, uvijek je dobro konzultirati se s lije\u010dnikom ako imate bilo kakve specifi\u010dne zdravstvene uvjete ili alergije.<\/p>\n<h2 class=\"font-bold text-h3 leading-[36px] pt-[21px] pb-[2px] [&amp;_a]:underline-offset-[6px] [&amp;_.underline]:underline-offset-[6px]\" dir=\"ltr\">Go Slim Iskustva<\/h2>\n<p class=\"text-body font-regular leading-[24px] pt-[9px] pb-[2px]\" dir=\"ltr\">Korisnici Go Slim \u010daja imaju samo rije\u010di hvale za ovaj proizvod. Evo nekoliko komentara zadovoljnih korisnika:<\/p>\n<p class=\"text-body font-regular leading-[24px] pt-[9px] pb-[2px]\" dir=\"ltr\"><b><strong class=\"font-bold\">Ana, 35 godina:<\/strong><\/b> &#8220;Go Slim mi je pomogao da izgubim 5 kilograma u samo mjesec dana! \u010caj je ukusan i jednostavan za pripremu. Preporu\u010dujem ga svima koji \u017eele izgubiti kilograme na prirodan na\u010din.&#8221;<\/p>\n<p class=\"text-body font-regular leading-[24px] pt-[9px] pb-[2px]\" dir=\"ltr\"><b><strong class=\"font-bold\">Marko, 40 godina:<\/strong><\/b> &#8220;Nisam vjerovao da \u0107e mi biljni \u010daj pomo\u0107i, ali Go Slim je zaista u\u010dinkovit. Osje\u0107am se lak\u0161e i imam vi\u0161e energije tijekom dana.&#8221;<\/p>\n<p class=\"text-body font-regular leading-[24px] pt-[9px] pb-[2px]\" dir=\"ltr\"><b><strong class=\"font-bold\">Ivana, 28 godina:<\/strong><\/b> &#8220;Poku\u0161ala sam sve mogu\u0107e dijete, ali ni\u0161ta nije djelovalo kao Go Slim. Ovaj \u010daj je pravo otkri\u0107e za mene. Vi\u0161e se ne osje\u0107am naduto i moj apetit je pod kontrolom.&#8221;<\/p>\n<p class=\"text-body font-regular leading-[24px] pt-[9px] pb-[2px]\" dir=\"ltr\">Pozitivna iskustva korisnika dodatno potvr\u0111uju u\u010dinkovitost Go Slim \u010daja kao idealnog rje\u0161enja za mr\u0161avljenje.<\/p>\n<h2 class=\"font-bold text-h3 leading-[36px] pt-[21px] pb-[2px] [&amp;_a]:underline-offset-[6px] [&amp;_.underline]:underline-offset-[6px]\" dir=\"ltr\">Gdje kupiti Go Slim u Hrvatskoj? Ljekarna, DM, Nju\u0161kalo<\/h2>\n<p class=\"text-body font-regular leading-[24px] pt-[9px] pb-[2px]\" dir=\"ltr\">Go Slim \u010daj mo\u017eete kupiti isklju\u010divo na slu\u017ebenoj web stranici proizvo\u0111a\u010da. Razlog za to je osiguranje kvalitete proizvoda i za\u0161tita potro\u0161a\u010da od potencijalnih krivotvorina koje se mogu pojaviti na tr\u017ei\u0161tu.<\/p>\n<p class=\"text-body font-regular leading-[24px] pt-[9px] pb-[2px]\" dir=\"ltr\">Kupovina putem slu\u017ebene web stranice tako\u0111er omogu\u0107ava pristup ekskluzivnim popustima i promotivnim ponudama koje nisu dostupne drugdje. Osim toga, narud\u017eba je sigurna i jednostavna, a dostava brza i pouzdana.<\/p>\n<h2 class=\"font-bold text-h3 leading-[36px] pt-[21px] pb-[2px] [&amp;_a]:underline-offset-[6px] [&amp;_.underline]:underline-offset-[6px]\" dir=\"ltr\">Koliko ko\u0161ta Go Slim? Cijena?<\/h2>\n<p class=\"text-body font-regular leading-[24px] pt-[9px] pb-[2px]\" dir=\"ltr\">Cijena Go Slim \u010daja iznosi 39 EUR za jedno pakiranje. S obzirom na sve dobrobiti koje pru\u017ea, ova cijena je vrlo pristupa\u010dna i opravdana. Investicija u va\u0161e zdravlje i vitku liniju nikada nije bila povoljnija.<\/p>\n<p class=\"text-body font-regular leading-[24px] pt-[9px] pb-[2px]\" dir=\"ltr\">Tako\u0111er, proizvo\u0111a\u010d \u010desto nudi posebne akcije i popuste, pa se preporu\u010duje redovito provjeravati slu\u017ebenu web stranicu kako biste iskoristili najbolje ponude.<\/p>\n<h2 class=\"font-bold text-h3 leading-[36px] pt-[21px] pb-[2px] [&amp;_a]:underline-offset-[6px] [&amp;_.underline]:underline-offset-[6px]\" dir=\"ltr\">\u010cesto postavljana pitanja<\/h2>\n<p class=\"text-body font-regular leading-[24px] pt-[9px] pb-[2px]\" dir=\"ltr\"><b><strong class=\"font-bold\">Je li Go Slim siguran za svakodnevnu uporabu?<\/strong><\/b><\/p>\n<p class=\"text-body font-regular leading-[24px] pt-[9px] pb-[2px]\" dir=\"ltr\">Da, Go Slim je potpuno siguran za svakodnevnu uporabu jer sadr\u017ei samo prirodne sastojke bez kemikalija i aditiva.<\/p>\n<p class=\"text-body font-regular leading-[24px] pt-[9px] pb-[2px]\" dir=\"ltr\"><b><strong class=\"font-bold\">Koliko dugo treba koristiti Go Slim da bi se vidjeli rezultati?<\/strong><\/b><\/p>\n<p class=\"text-body font-regular leading-[24px] pt-[9px] pb-[2px]\" dir=\"ltr\">Rezultati su individualni, no mnogi korisnici primje\u0107uju prve promjene ve\u0107 nakon nekoliko tjedana redovite uporabe.<\/p>\n<p class=\"text-body font-regular leading-[24px] pt-[9px] pb-[2px]\" dir=\"ltr\"><b><strong class=\"font-bold\">Mogu li koristiti Go Slim ako imam zdravstvene probleme?<\/strong><\/b><\/p>\n<p class=\"text-body font-regular leading-[24px] pt-[9px] pb-[2px]\" dir=\"ltr\">Uvijek je najbolje konzultirati se s lije\u010dnikom prije nego \u0161to po\u010dnete koristiti bilo koji novi proizvod, posebno ako imate specifi\u010dne zdravstvene probleme ili uzimate lijekove.<\/p>\n<p class=\"text-body font-regular leading-[24px] pt-[9px] pb-[2px]\" dir=\"ltr\"><b><strong class=\"font-bold\">Koliko \u010desto trebam piti Go Slim \u010daj?<\/strong><\/b><\/p>\n<p class=\"text-body font-regular leading-[24px] pt-[9px] pb-[2px]\" dir=\"ltr\">Preporu\u010duje se piti Go Slim \u010daj dva puta dnevno za optimalne rezultate.<\/p>\n","protected":false},"excerpt":{"rendered":"<p>Go Slim je pa\u017eljivo formuliran biljni \u010daj koji poma\u017ee u gubitku kilograma na prirodan na\u010din. Ovaj \u010daj sadr\u017ei kombinaciju mo\u0107nih biljnih sastojaka koji su poznati po svojim u\u010dincima na metabolizam i probavu. Njegova jedinstvena formula poma\u017ee tijelu da sagorijeva masno\u0107e br\u017ee i efikasnije, dok istovremeno pru\u017ea osje\u0107aj sitosti koji sprje\u010dava prejedanje. Jedan od klju\u010dnih aspekata&#8230;<\/p>\n","protected":false},"featured_media":87,"template":"","meta":{"_kad_post_transparent":"default","_kad_post_title":"","_kad_post_layout":"default","_kad_post_sidebar_id":"","_kad_post_content_style":"default","_kad_post_vertical_padding":"default","_kad_post_feature":"","_kad_post_feature_position":"","_kad_post_header":false,"_kad_post_footer":false,"_kad_post_classname":"","iawp_total_views":699},"product_brand":[],"product_cat":[17],"product_tag":[],"class_list":{"0":"post-86","1":"product","2":"type-product","3":"status-publish","4":"has-post-thumbnail","6":"product_cat-mrsavljenje","8":"first","9":"instock","10":"sale","11":"shipping-taxable","12":"product-type-external","13":"entry","14":"content-bg","15":"loop-entry"},"_links":{"self":[{"href":"https:\/\/www.poliklinikavukovic.com\/ljekarna\/wp-json\/wp\/v2\/product\/86","targetHints":{"allow":["GET"]}}],"collection":[{"href":"https:\/\/www.poliklinikavukovic.com\/ljekarna\/wp-json\/wp\/v2\/product"}],"about":[{"href":"https:\/\/www.poliklinikavukovic.com\/ljekarna\/wp-json\/wp\/v2\/types\/product"}],"wp:featuredmedia":[{"embeddable":true,"href":"https:\/\/www.poliklinikavukovic.com\/ljekarna\/wp-json\/wp\/v2\/media\/87"}],"wp:attachment":[{"href":"https:\/\/www.poliklinikavukovic.com\/ljekarna\/wp-json\/wp\/v2\/media?parent=86"}],"wp:term":[{"taxonomy":"product_brand","embeddable":true,"href":"https:\/\/www.poliklinikavukovic.com\/ljekarna\/wp-json\/wp\/v2\/product_brand?post=86"},{"taxonomy":"product_cat","embeddable":true,"href":"https:\/\/www.poliklinikavukovic.com\/ljekarna\/wp-json\/wp\/v2\/product_cat?post=86"},{"taxonomy":"product_tag","embeddable":true,"href":"https:\/\/www.poliklinikavukovic.com\/ljekarna\/wp-json\/wp\/v2\/product_tag?post=86"}],"curies":[{"name":"wp","href":"https:\/\/api.w.org\/{rel}","templated":true}]}}