{"id":82,"date":"2024-07-26T17:13:56","date_gmt":"2024-07-26T17:13:56","guid":{"rendered":"https:\/\/www.poliklinikavukovic.com\/ljekarna\/?post_type=product&#038;p=82"},"modified":"2024-07-26T17:13:56","modified_gmt":"2024-07-26T17:13:56","slug":"osteon","status":"publish","type":"product","link":"https:\/\/www.poliklinikavukovic.com\/ljekarna\/proizvod\/osteon\/","title":{"rendered":"Osteon"},"content":{"rendered":"<p class=\"text-body font-regular leading-[24px] pt-[9px] pb-[2px]\" dir=\"ltr\">Osteon je inovativan proizvod osmi\u0161ljen za lije\u010denje zglobova. Njegova formula poma\u017ee kod razli\u010ditih problema sa zglobovima i kostima, uklju\u010duju\u0107i sportske povrede, povrede koljena, te nakon operacija za regeneraciju kostiju i zglobova. Njegova u\u010dinkovitost dolazi zahvaljuju\u0107i pa\u017eljivo odabranim sastojcima koji sinergijski djeluju kako bi pru\u017eili olak\u0161anje i pobolj\u0161ali funkcionalnost zglobova.<\/p>\n<p class=\"text-body font-regular leading-[24px] pt-[9px] pb-[2px]\" dir=\"ltr\">Bilo da se bavite sportom na profesionalnoj razini ili ste rekreativni entuzijast, Osteon mo\u017ee biti va\u0161 najbolji saveznik u odr\u017eavanju zdravlja zglobova. Njegova sposobnost da brzo djeluje \u010dini ga idealnim za sporta\u0161e koji \u017eele \u0161to prije nastaviti s treninzima. Tako\u0111er, osobe koje se oporavljaju od operacija mogu koristiti Osteon za ubrzanje procesa zacjeljivanja i smanjenje bolova.<\/p>\n<p class=\"text-body font-regular leading-[24px] pt-[9px] pb-[2px]\" dir=\"ltr\">Za one koji se svakodnevno suo\u010davaju s bolovima u zglobovima zbog starosti ili drugih zdravstvenih problema, Osteon pru\u017ea dugoro\u010dno rje\u0161enje koje pobolj\u0161ava kvalitetu \u017eivota. Ovaj proizvod nije samo za privremeno olak\u0161anje ve\u0107 i za dugotrajnu njegu i obnovu zglobova.<\/p>\n<h2 class=\"font-bold text-h3 leading-[36px] pt-[21px] pb-[2px] [&amp;_a]:underline-offset-[6px] [&amp;_.underline]:underline-offset-[6px]\" dir=\"ltr\">Kako djeluje Osteon?<\/h2>\n<p class=\"text-body font-regular leading-[24px] pt-[9px] pb-[2px]\" dir=\"ltr\">Osteon djeluje tako da prodire duboko u tkivo zgloba, gdje se aktiviraju njegovi sastojci. Oni zajedno rade na smanjenju upale, ubla\u017eavanju bolova i poticanju regeneracije tkiva. Za razliku od mnogih drugih proizvoda na tr\u017ei\u0161tu, Osteon ne maskira simptome, ve\u0107 djeluje na uzrok problema.<\/p>\n<p class=\"text-body font-regular leading-[24px] pt-[9px] pb-[2px]\" dir=\"ltr\">Kada nanesete Osteon na problemati\u010dno podru\u010dje, osjetit \u0107ete trenutni osje\u0107aj hla\u0111enja zahvaljuju\u0107i mentolu. Ovaj inicijalni efekt hla\u0111enja poma\u017ee u smanjenju bolova i nelagode. Kristali kamfora i eteri\u010dno ulje mente zatim rade na smanjenju upale i poticanju cirkulacije, \u0161to dodatno ubrzava proces zacjeljivanja.<\/p>\n<p class=\"text-body font-regular leading-[24px] pt-[9px] pb-[2px]\" dir=\"ltr\">Redovitom upotrebom, Osteon poma\u017ee u obnovi hrskavice i drugih tkiva unutar zgloba. To zna\u010di da \u0107e va\u0161i zglobovi postati ja\u010di i fleksibilniji, smanjuju\u0107i rizik od budu\u0107ih povreda. Ova multifunkcionalna u\u010dinkovitost \u010dini Osteon jedinstvenim rje\u0161enjem za sve vrste problema sa zglobovima.<\/p>\n<h2 class=\"font-bold text-h3 leading-[36px] pt-[21px] pb-[2px] [&amp;_a]:underline-offset-[6px] [&amp;_.underline]:underline-offset-[6px]\" dir=\"ltr\">Osteon Sastav<\/h2>\n<h3 class=\"font-bold text-h4 leading-[30px] pt-[15px] pb-[2px] [&amp;_a]:underline-offset-[6px] [&amp;_.underline]:underline-offset-[6px]\" dir=\"ltr\">Mentol<\/h3>\n<p class=\"text-body font-regular leading-[24px] pt-[9px] pb-[2px]\" dir=\"ltr\">Mentol je poznat po svom efektu hla\u0111enja, koji pru\u017ea trenutno olak\u0161anje od bolova. Kada se nanese na ko\u017eu, mentol stimulira osjetilne receptore koji \u0161alju signale mozgu da smanji osje\u0107aj boli. Osim toga, mentol poma\u017ee u smanjenju upale i pobolj\u0161anju cirkulacije krvi, \u0161to je klju\u010dno za proces zacjeljivanja.<\/p>\n<h3 class=\"font-bold text-h4 leading-[30px] pt-[15px] pb-[2px] [&amp;_a]:underline-offset-[6px] [&amp;_.underline]:underline-offset-[6px]\" dir=\"ltr\">Kristali kamfora<\/h3>\n<p class=\"text-body font-regular leading-[24px] pt-[9px] pb-[2px]\" dir=\"ltr\">Kristali kamfora imaju analgetska i protuupalna svojstva. Kamfor prodire duboko u tkivo zgloba, gdje poma\u017ee u smanjenju otoka i upale. Njegova sposobnost da ubrza cirkulaciju krvi tako\u0111er poma\u017ee u br\u017eem isporu\u010divanju hranjivih tvari i kisika do povrije\u0111enog podru\u010dja, ubrzavaju\u0107i tako proces oporavka.<\/p>\n<h3 class=\"font-bold text-h4 leading-[30px] pt-[15px] pb-[2px] [&amp;_a]:underline-offset-[6px] [&amp;_.underline]:underline-offset-[6px]\" dir=\"ltr\">Eteri\u010dno ulje mente<\/h3>\n<p class=\"text-body font-regular leading-[24px] pt-[9px] pb-[2px]\" dir=\"ltr\">Eteri\u010dno ulje mente ima sna\u017ena analgetska i protuupalna svojstva. Ono tako\u0111er pru\u017ea dodatni efekt hla\u0111enja koji poma\u017ee u smanjenju boli i nelagode. Osim toga, eteri\u010dno ulje mente ima antibakterijska svojstva, \u0161to poma\u017ee u sprje\u010davanju infekcija na mjestu povrede.<\/p>\n<h2 class=\"font-bold text-h3 leading-[36px] pt-[21px] pb-[2px] [&amp;_a]:underline-offset-[6px] [&amp;_.underline]:underline-offset-[6px]\" dir=\"ltr\">Osteon U\u010dinci i Dobrobiti<\/h2>\n<h3 class=\"font-bold text-h4 leading-[30px] pt-[15px] pb-[2px] [&amp;_a]:underline-offset-[6px] [&amp;_.underline]:underline-offset-[6px]\" dir=\"ltr\">Smanjenje boli<\/h3>\n<p class=\"text-body font-regular leading-[24px] pt-[9px] pb-[2px]\" dir=\"ltr\">Jedna od najva\u017enijih prednosti Osteona je njegovo brzo djelovanje u smanjenju boli. Zahvaljuju\u0107i kombinaciji mentola, kamfora i eteri\u010dnog ulja mente, korisnici mogu osjetiti olak\u0161anje ve\u0107 nakon prvog nano\u0161enja. Ovaj proizvod ne samo da smanjuje bolove, ve\u0107 i poma\u017ee u smanjenju upale koja ih uzrokuje.<\/p>\n<h3 class=\"font-bold text-h4 leading-[30px] pt-[15px] pb-[2px] [&amp;_a]:underline-offset-[6px] [&amp;_.underline]:underline-offset-[6px]\" dir=\"ltr\">Pobolj\u0161anje mobilnosti<\/h3>\n<p class=\"text-body font-regular leading-[24px] pt-[9px] pb-[2px]\" dir=\"ltr\">Redovitom upotrebom Osteona, korisnici mogu primijetiti zna\u010dajno pobolj\u0161anje u mobilnosti zglobova. To je posebno va\u017eno za sporta\u0161e i osobe koje se oporavljaju od operacija, jer im omogu\u0107ava br\u017ei povratak svakodnevnim aktivnostima. Pobolj\u0161ana mobilnost tako\u0111er smanjuje rizik od budu\u0107ih povreda.<\/p>\n<h3 class=\"font-bold text-h4 leading-[30px] pt-[15px] pb-[2px] [&amp;_a]:underline-offset-[6px] [&amp;_.underline]:underline-offset-[6px]\" dir=\"ltr\">Regeneracija tkiva<\/h3>\n<p class=\"text-body font-regular leading-[24px] pt-[9px] pb-[2px]\" dir=\"ltr\">Osteon poti\u010de regeneraciju hrskavice i drugih tkiva unutar zgloba. To zna\u010di da ne samo da smanjuje simptome, ve\u0107 i djeluje na uzrok problema. Dugoro\u010dno gledano, korisnici mogu o\u010dekivati zdravije i ja\u010de zglobove, \u0161to pobolj\u0161ava ukupnu kvalitetu \u017eivota.<\/p>\n<h2 class=\"font-bold text-h3 leading-[36px] pt-[21px] pb-[2px] [&amp;_a]:underline-offset-[6px] [&amp;_.underline]:underline-offset-[6px]\" dir=\"ltr\">Osteon Upute Za Kori\u0161tenje<\/h2>\n<p class=\"text-body font-regular leading-[24px] pt-[9px] pb-[2px]\" dir=\"ltr\">Da biste postigli najbolje rezultate s Osteonom, preporu\u010duje se nanositi ga 2-3 puta dnevno na problemati\u010dno podru\u010dje. Prije nano\u0161enja, o\u010distite i osu\u0161ite ko\u017eu kako bi se proizvod bolje apsorbirao. Nanesite tanki sloj Osteona i nje\u017eno ga umasirajte kru\u017enim pokretima dok se potpuno ne upije.<\/p>\n<p class=\"text-body font-regular leading-[24px] pt-[9px] pb-[2px]\" dir=\"ltr\">Redovita upotreba je klju\u010dna za postizanje dugoro\u010dnih rezultata. Nemojte preskakati aplikacije, \u010dak i ako osjetite trenutno olak\u0161anje. Kontinuirana upotreba poma\u017ee u odr\u017eavanju zdravlja zglobova i sprje\u010davanju budu\u0107ih problema.<\/p>\n<p class=\"text-body font-regular leading-[24px] pt-[9px] pb-[2px]\" dir=\"ltr\">Za optimalne rezultate, kombinirajte upotrebu Osteona s drugim mjerama poput vje\u017ebanja, pravilne prehrane i dovoljno odmora. Na taj na\u010din \u0107ete dodatno podr\u017eati proces zacjeljivanja i pobolj\u0161ati ukupno zdravlje zglobova.<\/p>\n<h2 class=\"font-bold text-h3 leading-[36px] pt-[21px] pb-[2px] [&amp;_a]:underline-offset-[6px] [&amp;_.underline]:underline-offset-[6px]\" dir=\"ltr\">Osteon Kontraindikacije i Nuspojave<\/h2>\n<p class=\"text-body font-regular leading-[24px] pt-[9px] pb-[2px]\" dir=\"ltr\">Jedna od najve\u0107ih prednosti Osteona je njegov sigurnosni profil. Proizvod nema kontraindikacija i nuspojava, \u0161to ga \u010dini pogodnim za dugotrajnu upotrebu. Svi sastojci su prirodni i pa\u017eljivo odabrani kako bi pru\u017eili maksimalne koristi bez ikakvih \u0161tetnih u\u010dinaka.<\/p>\n<p class=\"text-body font-regular leading-[24px] pt-[9px] pb-[2px]\" dir=\"ltr\">Me\u0111utim, kao i kod svakog proizvoda, preporu\u010duje se testirati Osteon na malom dijelu ko\u017ee prije prve upotrebe. Ako primijetite bilo kakvu reakciju, prekinite uporabu i konzultirajte se s lije\u010dnikom. Tako\u0111er, izbjegavajte kontakt s o\u010dima i sluznicama, te proizvod dr\u017eite izvan dohvata djece.<\/p>\n<h2 class=\"font-bold text-h3 leading-[36px] pt-[21px] pb-[2px] [&amp;_a]:underline-offset-[6px] [&amp;_.underline]:underline-offset-[6px]\" dir=\"ltr\">Osteon Iskustva<\/h2>\n<h3 class=\"font-bold text-h4 leading-[30px] pt-[15px] pb-[2px] [&amp;_a]:underline-offset-[6px] [&amp;_.underline]:underline-offset-[6px]\" dir=\"ltr\">Korisni\u010dka iskustva i komentari<\/h3>\n<p class=\"text-body font-regular leading-[24px] pt-[9px] pb-[2px]\" dir=\"ltr\">Iskustva korisnika s Osteonom su izuzetno pozitivna. Mnogi korisnici izvje\u0161tavaju o brzom olak\u0161anju od bolova i pobolj\u0161anoj mobilnosti ve\u0107 nakon nekoliko dana upotrebe. Evo nekoliko komentara zadovoljnih korisnika:<\/p>\n<p class=\"text-body font-regular leading-[24px] pt-[9px] pb-[2px]\" dir=\"ltr\">&#8220;S obzirom da se profesionalno bavim sportom, \u010desto se suo\u010davam s povredama zglobova. Osteon je bio pravo otkri\u0107e za mene! Bolovi su nestali, a mobilnost mi se zna\u010dajno pobolj\u0161ala.&#8221; \u2013 Marko, Zagreb<\/p>\n<p class=\"text-body font-regular leading-[24px] pt-[9px] pb-[2px]\" dir=\"ltr\">&#8220;Nakon operacije koljena, trebalo mi je ne\u0161to \u0161to \u0107e ubrzati moju rehabilitaciju. Osteon mi je pomogao da se br\u017ee vratim svakodnevnim aktivnostima bez boli.&#8221; \u2013 Ana, Split<\/p>\n<p class=\"text-body font-regular leading-[24px] pt-[9px] pb-[2px]\" dir=\"ltr\">&#8220;Koristim Osteon ve\u0107 nekoliko mjeseci i ne mogu biti zadovoljnija. Bolovi u koljenima su postali pro\u0161lost, a osje\u0107am se energi\u010dnije i pokretnije nego ikad prije.&#8221; \u2013 Ivana, Rijeka<\/p>\n<h2 class=\"font-bold text-h3 leading-[36px] pt-[21px] pb-[2px] [&amp;_a]:underline-offset-[6px] [&amp;_.underline]:underline-offset-[6px]\" dir=\"ltr\">Gdje kupiti Osteon u Hrvatskoj? Ljekarna, DM, Nju\u0161kalo<\/h2>\n<p class=\"text-body font-regular leading-[24px] pt-[9px] pb-[2px]\" dir=\"ltr\">Osteon se mo\u017ee kupiti isklju\u010divo na slu\u017ebenoj web stranici proizvo\u0111a\u010da. Iako je ponekad frustriraju\u0107e ne mo\u0107i oti\u0107i do najbli\u017ee ljekarne ili trgovine, postoji dobar razlog za ovu odluku. Kupovinom direktno od proizvo\u0111a\u010da, osiguravate autenti\u010dnost proizvoda i izbjegavate rizik od kupovine la\u017enih ili nekvalitetnih imitacija.<\/p>\n<p class=\"text-body font-regular leading-[24px] pt-[9px] pb-[2px]\" dir=\"ltr\">Ova metoda tako\u0111er omogu\u0107ava proizvo\u0111a\u010du da izravno komunicira s kupcima, pru\u017eaju\u0107i im potrebne informacije i podr\u0161ku. Tako\u0111er, \u010desto postoje posebne ponude i popusti dostupni samo na slu\u017ebenoj web stranici, \u0161to dodatno motivira kupce da naru\u010duju direktno.<\/p>\n<p class=\"text-body font-regular leading-[24px] pt-[9px] pb-[2px]\" dir=\"ltr\">Dakle, ako \u017eelite biti sigurni da dobivate originalan i kvalitetan proizvod, posjetite slu\u017ebenu web stranicu Osteona i naru\u010dite svoj proizvod danas.<\/p>\n<h2 class=\"font-bold text-h3 leading-[36px] pt-[21px] pb-[2px] [&amp;_a]:underline-offset-[6px] [&amp;_.underline]:underline-offset-[6px]\" dir=\"ltr\">Koliko ko\u0161ta Osteon? Cijena?<\/h2>\n<p class=\"text-body font-regular leading-[24px] pt-[9px] pb-[2px]\" dir=\"ltr\">Cijena Osteona je 39 EUR za jednu tubu. Ova cijena uklju\u010duje sve tro\u0161kove dostave, pa nema dodatnih skrivenih tro\u0161kova. S obzirom na u\u010dinkovitost i kvalitetu proizvoda, ovo je izuzetno povoljna cijena za dugoro\u010dno rje\u0161enje problema sa zglobovima.<\/p>\n<p class=\"text-body font-regular leading-[24px] pt-[9px] pb-[2px]\" dir=\"ltr\">Tako\u0111er, proizvo\u0111a\u010d \u010desto nudi posebne akcije i popuste, posebno za nove kupce. Preporu\u010dujemo redovito provjeravanje slu\u017ebene web stranice za najnovije ponude i promocije kako biste dobili najbolju vrijednost za svoj novac.<\/p>\n<h2 class=\"font-bold text-h3 leading-[36px] pt-[21px] pb-[2px] [&amp;_a]:underline-offset-[6px] [&amp;_.underline]:underline-offset-[6px]\" dir=\"ltr\">\u010cesto postavljana pitanja<\/h2>\n<h3 class=\"font-bold text-h4 leading-[30px] pt-[15px] pb-[2px] [&amp;_a]:underline-offset-[6px] [&amp;_.underline]:underline-offset-[6px]\" dir=\"ltr\">Je li Osteon siguran za dugotrajnu uporabu?<\/h3>\n<p class=\"text-body font-regular leading-[24px] pt-[9px] pb-[2px]\" dir=\"ltr\">Da, Osteon je siguran za dugotrajnu uporabu. Njegovi prirodni sastojci ne uzrokuju nuspojave i proizvod nema kontraindikacija.<\/p>\n<h3 class=\"font-bold text-h4 leading-[30px] pt-[15px] pb-[2px] [&amp;_a]:underline-offset-[6px] [&amp;_.underline]:underline-offset-[6px]\" dir=\"ltr\">Koliko brzo mogu o\u010dekivati rezultate?<\/h3>\n<p class=\"text-body font-regular leading-[24px] pt-[9px] pb-[2px]\" dir=\"ltr\">Ve\u0107ina korisnika primje\u0107uje olak\u0161anje od bolova ve\u0107 nakon prvog kori\u0161tenja. Za dugoro\u010dne rezultate preporu\u010duje se redovita upotreba tijekom nekoliko tjedana.<\/p>\n<h3 class=\"font-bold text-h4 leading-[30px] pt-[15px] pb-[2px] [&amp;_a]:underline-offset-[6px] [&amp;_.underline]:underline-offset-[6px]\" dir=\"ltr\">Mo\u017ee li se Osteon koristiti za sve vrste bolova u zglobovima?<\/h3>\n<p class=\"text-body font-regular leading-[24px] pt-[9px] pb-[2px]\" dir=\"ltr\">Da, Osteon je u\u010dinkovit za razli\u010dite vrste bolova u zglobovima, uklju\u010duju\u0107i sportske povrede, povrede koljena i bolove nakon operacija.<\/p>\n<h3 class=\"font-bold text-h4 leading-[30px] pt-[15px] pb-[2px] [&amp;_a]:underline-offset-[6px] [&amp;_.underline]:underline-offset-[6px]\" dir=\"ltr\">Gdje mogu kupiti Osteon?<\/h3>\n<p class=\"text-body font-regular leading-[24px] pt-[9px] pb-[2px]\" dir=\"ltr\">Osteon se mo\u017ee kupiti isklju\u010divo na slu\u017ebenoj web stranici proizvo\u0111a\u010da.<\/p>\n","protected":false},"excerpt":{"rendered":"<p>Osteon je inovativan proizvod osmi\u0161ljen za lije\u010denje zglobova. Njegova formula poma\u017ee kod razli\u010ditih problema sa zglobovima i kostima, uklju\u010duju\u0107i sportske povrede, povrede koljena, te nakon operacija za regeneraciju kostiju i zglobova. Njegova u\u010dinkovitost dolazi zahvaljuju\u0107i pa\u017eljivo odabranim sastojcima koji sinergijski djeluju kako bi pru\u017eili olak\u0161anje i pobolj\u0161ali funkcionalnost zglobova. Bilo da se bavite sportom na&#8230;<\/p>\n","protected":false},"featured_media":83,"template":"","meta":{"_kad_post_transparent":"default","_kad_post_title":"","_kad_post_layout":"default","_kad_post_sidebar_id":"","_kad_post_content_style":"default","_kad_post_vertical_padding":"default","_kad_post_feature":"","_kad_post_feature_position":"","_kad_post_header":false,"_kad_post_footer":false,"_kad_post_classname":"","iawp_total_views":31},"product_brand":[],"product_cat":[15],"product_tag":[],"class_list":{"0":"post-82","1":"product","2":"type-product","3":"status-publish","4":"has-post-thumbnail","6":"product_cat-zdravlje","8":"first","9":"instock","10":"sale","11":"shipping-taxable","12":"purchasable","13":"product-type-simple","14":"entry","15":"content-bg","16":"loop-entry"},"_links":{"self":[{"href":"https:\/\/www.poliklinikavukovic.com\/ljekarna\/wp-json\/wp\/v2\/product\/82","targetHints":{"allow":["GET"]}}],"collection":[{"href":"https:\/\/www.poliklinikavukovic.com\/ljekarna\/wp-json\/wp\/v2\/product"}],"about":[{"href":"https:\/\/www.poliklinikavukovic.com\/ljekarna\/wp-json\/wp\/v2\/types\/product"}],"wp:featuredmedia":[{"embeddable":true,"href":"https:\/\/www.poliklinikavukovic.com\/ljekarna\/wp-json\/wp\/v2\/media\/83"}],"wp:attachment":[{"href":"https:\/\/www.poliklinikavukovic.com\/ljekarna\/wp-json\/wp\/v2\/media?parent=82"}],"wp:term":[{"taxonomy":"product_brand","embeddable":true,"href":"https:\/\/www.poliklinikavukovic.com\/ljekarna\/wp-json\/wp\/v2\/product_brand?post=82"},{"taxonomy":"product_cat","embeddable":true,"href":"https:\/\/www.poliklinikavukovic.com\/ljekarna\/wp-json\/wp\/v2\/product_cat?post=82"},{"taxonomy":"product_tag","embeddable":true,"href":"https:\/\/www.poliklinikavukovic.com\/ljekarna\/wp-json\/wp\/v2\/product_tag?post=82"}],"curies":[{"name":"wp","href":"https:\/\/api.w.org\/{rel}","templated":true}]}}