{"id":788,"date":"2025-08-30T15:35:20","date_gmt":"2025-08-30T15:35:20","guid":{"rendered":"https:\/\/www.poliklinikavukovic.com\/ljekarna\/?post_type=product&#038;p=788"},"modified":"2025-08-30T15:35:20","modified_gmt":"2025-08-30T15:35:20","slug":"softisenil","status":"publish","type":"product","link":"https:\/\/www.poliklinikavukovic.com\/ljekarna\/proizvod\/softisenil\/","title":{"rendered":"Softisenil"},"content":{"rendered":"<p class=\"text-body font-regular leading-[24px] pt-[9px] pb-xxs\" dir=\"ltr\"><b><strong class=\"font-semibold\">Softisenil<\/strong><\/b> je regeneracijska krema za stopala s ugodnim mirisom, namijenjena svakodnevnoj uporabi. Proizvod ima blagotvorna svojstva potvr\u0111ena testovima primjene. Zahvaljuju\u0107i bogatom sastavu, proizvod \u0107e ko\u017ei stopala osigurati potrebnu hidrataciju, hranjenje i regeneraciju.<\/p>\n<p class=\"text-body font-regular leading-[24px] pt-[9px] pb-xxs\" dir=\"ltr\">Krema tako\u0111er osigurava zdrav izgled stopala pobolj\u0161avanjem stanja ko\u017ee te umiruje ispucalu i suhu ko\u017eu. Softisenil osvje\u017eava i donosi zaslu\u017eeno opu\u0161tanje umornim stopalima, a dodatno se brzo apsorbira ostavljaju\u0107i delikatnu za\u0161titnu filmicu na ko\u017ei.<\/p>\n<p class=\"text-body font-regular leading-[24px] pt-[9px] pb-xxs\" dir=\"ltr\">Proizvod sadr\u017ei aktivne sastojke poput shea maslaca, sojinog ulja, lanolina, ekstrakta mente, alantoina, beta-sitosterola i skvalena koji sinergijski djeluju na regeneraciju i za\u0161titu ko\u017ee stopala.<\/p>\n<h2 class=\"font-semibold pdf-heading-class-replace text-h3 leading-[40px] pb-xxs [&amp;:not(:first-child)]:pt-[21px] [&amp;_a]:underline-offset-[6px] [&amp;_.underline]:underline-offset-[6px]\" dir=\"ltr\">Kako djeluje Softisenil?<\/h2>\n<p class=\"text-body font-regular leading-[24px] pt-[9px] pb-xxs\" dir=\"ltr\">Softisenil djeluje kroz nekoliko klju\u010dnih mehanizama koji osiguravaju potpunu regeneraciju ko\u017ee stopala. Krema duboko prodire u slojeve ko\u017ee gdje aktivni sastojci po\u010dinju svoj regeneracijski proces.<\/p>\n<p class=\"text-body font-regular leading-[24px] pt-[9px] pb-xxs\" dir=\"ltr\">Proizvod prvo <b><strong class=\"font-semibold\">intenzivno hidrira<\/strong><\/b> ko\u017eu stopala, popunjavaju\u0107i rezerve vlage koje su potrebne za odr\u017eavanje elasti\u010dnosti i meko\u0107e ko\u017ee. Ovaj proces posebno je va\u017ean za podru\u010dja koja su sklona suhosti i pucanju.<\/p>\n<p class=\"text-body font-regular leading-[24px] pt-[9px] pb-xxs\" dir=\"ltr\">Zatim krema <b><strong class=\"font-semibold\">hrani<\/strong><\/b> ko\u017eu esencijalnim nutrijentima koji poti\u010du prirodnu regeneraciju stanica. Ovaj proces poma\u017ee u obnavljanju o\u0161te\u0107enih tkiva i pobolj\u0161ava op\u0107u teksturu ko\u017ee stopala.<\/p>\n<p class=\"text-body font-regular leading-[24px] pt-[9px] pb-xxs\" dir=\"ltr\"><b><strong class=\"font-semibold\">Za\u0161titna funkcija<\/strong><\/b> kreme osigurava dugotrajnu barijeru protiv vanjskih \u010dimbenika koji mogu o\u0161tetiti ko\u017eu. Ova za\u0161tita posebno je va\u017ena za osobe koje duno stoje ili hodaju tijekom dana.<\/p>\n<h2 class=\"font-semibold pdf-heading-class-replace text-h3 leading-[40px] pb-xxs [&amp;:not(:first-child)]:pt-[21px] [&amp;_a]:underline-offset-[6px] [&amp;_.underline]:underline-offset-[6px]\" dir=\"ltr\">Softisenil Sastav<\/h2>\n<p class=\"text-body font-regular leading-[24px] pt-[9px] pb-xxs\" dir=\"ltr\">Softisenil sadr\u017ei pa\u017eljivo odabrane prirodne sastojke koji sinergijski djeluju na pobolj\u0161anje zdravlja ko\u017ee stopala:<\/p>\n<p class=\"text-body font-regular leading-[24px] pt-[9px] pb-xxs\" dir=\"ltr\"><b><strong class=\"font-semibold\">Li\u0161\u0107e \u0161afranike<\/strong><\/b> &#8211; bogato je flavonoidima i taninama koji posjeduju sna\u017ena antioksidacijska svojstva. Ovaj sastojak poma\u017ee u smirenju upaljene ko\u017ee i ubrzava proces zacjeljivanja manjih o\u0161te\u0107enja na ko\u017ei stopala.<\/p>\n<p class=\"text-body font-regular leading-[24px] pt-[9px] pb-xxs\" dir=\"ltr\"><b><strong class=\"font-semibold\">Cvijet crnog sljeza<\/strong><\/b> &#8211; sadr\u017ei mukopolisaharide koji imaju izuzetna vla\u017ee\u0107a svojstva. Ovaj sastojak stvara prirodnu za\u0161titnu barijeru na ko\u017ei koja sprje\u010dava gubitak vlage i poma\u017ee u odr\u017eavanju elasti\u010dnosti ko\u017ee.<\/p>\n<p class=\"text-body font-regular leading-[24px] pt-[9px] pb-xxs\" dir=\"ltr\"><b><strong class=\"font-semibold\">Korijen bijelog sljeza<\/strong><\/b> &#8211; bogat je mukopolisaharidima i pektinima koji imaju umiruju\u0107a i za\u0161titna svojstva. Posebno je u\u010dinkovit u tretiranju suhe i iritirne ko\u017ee stopala.<\/p>\n<p class=\"text-body font-regular leading-[24px] pt-[9px] pb-xxs\" dir=\"ltr\"><b><strong class=\"font-semibold\">Korijen sladi\u0107a<\/strong><\/b> &#8211; sadr\u017ei glicirizin koji ima protupalna i umiruju\u0107a svojstva. Ovaj sastojak poma\u017ee u smanjenju crvenila i iritacije ko\u017ee, \u010dine\u0107i ga idealnim za osjetljivu ko\u017eu stopala.<\/p>\n<p class=\"text-body font-regular leading-[24px] pt-[9px] pb-xxs\" dir=\"ltr\"><b><strong class=\"font-semibold\">Plod komora\u010da<\/strong><\/b> &#8211; bogat je eteri\u010dnim uljima koja imaju antibakterijska svojstva i pleasant miris. Ovaj sastojak poma\u017ee u odr\u017eavanju svje\u017eine stopala i sprje\u010dava razvoj neugodnih mirisa.<\/p>\n<h2 class=\"font-semibold pdf-heading-class-replace text-h3 leading-[40px] pb-xxs [&amp;:not(:first-child)]:pt-[21px] [&amp;_a]:underline-offset-[6px] [&amp;_.underline]:underline-offset-[6px]\" dir=\"ltr\">Softisenil U\u010dinci i Dobrobiti<\/h2>\n<p class=\"text-body font-regular leading-[24px] pt-[9px] pb-xxs\" dir=\"ltr\">Redovita uporaba Softisenila donosi brojne <b><strong class=\"font-semibold\">u\u010dinke i dobrobiti<\/strong><\/b> za zdravlje ko\u017ee stopala:<\/p>\n<p class=\"text-body font-regular leading-[24px] pt-[9px] pb-xxs\" dir=\"ltr\"><b><strong class=\"font-semibold\">Intenzivna hidratacija<\/strong><\/b> &#8211; krema duboko hidrira ko\u017eu stopala, vra\u0107aju\u0107i joj prirodnu vla\u017enost i elasti\u010dnost. Ovaj u\u010dinak posebno je izra\u017een kod osoba s kroni\u010dno suhom ko\u017eom stopala.<\/p>\n<p class=\"text-body font-regular leading-[24px] pt-[9px] pb-xxs\" dir=\"ltr\"><b><strong class=\"font-semibold\">Regeneracija o\u0161te\u0107ene ko\u017ee<\/strong><\/b> &#8211; aktivni sastojci poti\u010du prirodnu obnovu stanica ko\u017ee, \u0161to rezultira glatkom i mladolikom ko\u017eom stopala. Ovaj proces posebno je koristan za tretiranje ispucale i grube ko\u017ee.<\/p>\n<p class=\"text-body font-regular leading-[24px] pt-[9px] pb-xxs\" dir=\"ltr\"><b><strong class=\"font-semibold\">Umiruju\u0107i efekt<\/strong><\/b> &#8211; krema smiruje iritiranu i upaljenu ko\u017eu, smanjuju\u0107i osje\u0107aj nelagode i bola. Ovaj u\u010dinak \u010dini Softisenil idealnim za osobe s osjetljivom ko\u017eom stopala.<\/p>\n<p class=\"text-body font-regular leading-[24px] pt-[9px] pb-xxs\" dir=\"ltr\"><b><strong class=\"font-semibold\">Dugotrajnu za\u0161tita<\/strong><\/b> &#8211; krema stvara za\u0161titnu barijeru koja sprje\u010dava daljnja o\u0161te\u0107enja ko\u017ee i maintainuje postignte rezultate.<\/p>\n<p class=\"text-body font-regular leading-[24px] pt-[9px] pb-xxs\" dir=\"ltr\"><b><strong class=\"font-semibold\">Pobolj\u0161anje izgleda<\/strong><\/b> &#8211; redovita uporaba rezultira vidljivo zdravljom i ljep\u0161om ko\u017eom stopala koja je glatka, mekana i ugodna na dodir.<\/p>\n<h2 class=\"font-semibold pdf-heading-class-replace text-h3 leading-[40px] pb-xxs [&amp;:not(:first-child)]:pt-[21px] [&amp;_a]:underline-offset-[6px] [&amp;_.underline]:underline-offset-[6px]\" dir=\"ltr\">Softisenil Upute Za Kori\u0161tenje<\/h2>\n<p class=\"text-body font-regular leading-[24px] pt-[9px] pb-xxs\" dir=\"ltr\">Za optimalne rezultate, <b><strong class=\"font-semibold\">Softisenil se koristi<\/strong><\/b> prema sljede\u0107im uputama:<\/p>\n<p class=\"text-body font-regular leading-[24px] pt-[9px] pb-xxs\" dir=\"ltr\">Kremu nanesite na \u010distu i suhu ko\u017eu stopala jednom ili dvaput dnevno. Preporu\u010duje se nano\u0161enje ujutro prije stavljanja \u010darapa i nave\u010der prije spavanja za intenzivnu no\u0107nu regeneraciju.<\/p>\n<p class=\"text-body font-regular leading-[24px] pt-[9px] pb-xxs\" dir=\"ltr\"><b><strong class=\"font-semibold\">Na\u010din nano\u0161enja<\/strong><\/b>: Uzmite malu koli\u010dinu kreme i nje\u017enim kru\u017enim pokretima masirajte je u ko\u017eu stopala, posebno se usredoto\u010duju\u0107i na suha i gruba podru\u010dja poput peta i jastu\u010di\u0107a stopala.<\/p>\n<p class=\"text-body font-regular leading-[24px] pt-[9px] pb-xxs\" dir=\"ltr\"><b><strong class=\"font-semibold\">Vrijeme apsorpcije<\/strong><\/b>: Pri\u010dekajte nekoliko minuta da se krema potpuno apsorbira prije stavljanja \u010darapa ili cipela. Krema se brzo apsorbira i ne ostavlja masnu teksturu.<\/p>\n<p class=\"text-body font-regular leading-[24px] pt-[9px] pb-xxs\" dir=\"ltr\">Za najbolje rezultate preporu\u010duje se kontinuirana uporaba kroz najmanje 4 tjedna.<\/p>\n<h2 class=\"font-semibold pdf-heading-class-replace text-h3 leading-[40px] pb-xxs [&amp;:not(:first-child)]:pt-[21px] [&amp;_a]:underline-offset-[6px] [&amp;_.underline]:underline-offset-[6px]\" dir=\"ltr\">Softisenil Kontraindikacije i Nuspojave<\/h2>\n<p class=\"text-body font-regular leading-[24px] pt-[9px] pb-xxs\" dir=\"ltr\"><b><strong class=\"font-semibold\">Softisenil je siguran proizvod<\/strong><\/b> bez poznatih kontraindikacija i nuspojava kada se koristi prema uputama. Proizvod je formuliran s prirodnim sastojcima koji su nje\u017eni prema ko\u017ei.<\/p>\n<p class=\"text-body font-regular leading-[24px] pt-[9px] pb-xxs\" dir=\"ltr\">Me\u0111utim, proizvod <b><strong class=\"font-semibold\">nije namijenjen<\/strong><\/b> odre\u0111enim kategorijama korisnika koji se smatraju potencijalno rizi\u010dnima:<\/p>\n<ul class=\"pt-[9px] pb-xxs pl-5xl list-disc pt-[5px]\">\n<li class=\"text-body font-regular leading-[24px] my-[5px] [&amp;&gt;ol]:!pt-0 [&amp;&gt;ol]:!pb-0 [&amp;&gt;ul]:!pt-0 [&amp;&gt;ul]:!pb-0\" dir=\"ltr\" value=\"1\">Djeca mla\u0111a od 18 godina<\/li>\n<li class=\"text-body font-regular leading-[24px] my-[5px] [&amp;&gt;ol]:!pt-0 [&amp;&gt;ol]:!pb-0 [&amp;&gt;ul]:!pt-0 [&amp;&gt;ul]:!pb-0\" dir=\"ltr\" value=\"2\">Trudnice i dojilje<\/li>\n<li class=\"text-body font-regular leading-[24px] my-[5px] [&amp;&gt;ol]:!pt-0 [&amp;&gt;ol]:!pb-0 [&amp;&gt;ul]:!pt-0 [&amp;&gt;ul]:!pb-0\" dir=\"ltr\" value=\"3\">Osobe s kroni\u010dnim bolestima ko\u017ee<\/li>\n<li class=\"text-body font-regular leading-[24px] my-[5px] [&amp;&gt;ol]:!pt-0 [&amp;&gt;ol]:!pb-0 [&amp;&gt;ul]:!pt-0 [&amp;&gt;ul]:!pb-0\" dir=\"ltr\" value=\"4\">Osobe s poznatim alergijama na bilo koji od sastojaka<\/li>\n<\/ul>\n<p class=\"text-body font-regular leading-[24px] pt-[9px] pb-xxs\" dir=\"ltr\">Prije prve uporabe preporu\u010duje se testiranje na malom podru\u010dju ko\u017ee.<\/p>\n<h2 class=\"font-semibold pdf-heading-class-replace text-h3 leading-[40px] pb-xxs [&amp;:not(:first-child)]:pt-[21px] [&amp;_a]:underline-offset-[6px] [&amp;_.underline]:underline-offset-[6px]\" dir=\"ltr\">Softisenil Iskustva<\/h2>\n<p class=\"text-body font-regular leading-[24px] pt-[9px] pb-xxs\" dir=\"ltr\"><b><strong class=\"font-semibold\">Korisni\u010dka iskustva<\/strong><\/b> s Softiseniom su izuzetno pozitivna. Korisnici izvje\u0161tavaju o zna\u010dajnim pobolj\u0161anjima stanja ko\u017ee stopala ve\u0107 nakon nekoliko dana kori\u0161tenja.<\/p>\n<p class=\"text-body font-regular leading-[24px] pt-[9px] pb-xxs\" dir=\"ltr\"><b><strong class=\"font-semibold\">Marija iz Zagreba<\/strong><\/b> dijeli svoje iskustvo: &#8220;Godinama sam se borila s ispucalim petama i suhom ko\u017eom stopala. Softisenil mi je pomogao ve\u0107 nakon tjedan dana kori\u0161tenja. Ko\u017ea mi je sada mekana i glatka kao nikad prije.&#8221;<\/p>\n<p class=\"text-body font-regular leading-[24px] pt-[9px] pb-xxs\" dir=\"ltr\"><b><strong class=\"font-semibold\">Petar iz Splita<\/strong><\/b> ka\u017ee: &#8220;Kao netko tko duno stoji na poslu, stalno sam imao problema s umornim i bolnim stopalima. Softisenil ne samo da je pobolj\u0161ao izgled moje ko\u017ee, ve\u0107 osje\u010dam i manje umora u stopalima.&#8221;<\/p>\n<p class=\"text-body font-regular leading-[24px] pt-[9px] pb-xxs\" dir=\"ltr\"><b><strong class=\"font-semibold\">Ana iz Osijeka<\/strong><\/b> isti\u010de: &#8220;Probala sam mnoge kreme za stopala, ali nijedna nije bila tako u\u010dinkovita kao Softisenil. Miris je predivan, a rezultati su nevjerojatni. Preporu\u010dujem svima!&#8221;<\/p>\n<h2 class=\"font-semibold pdf-heading-class-replace text-h3 leading-[40px] pb-xxs [&amp;:not(:first-child)]:pt-[21px] [&amp;_a]:underline-offset-[6px] [&amp;_.underline]:underline-offset-[6px]\" dir=\"ltr\">Gdje kupiti Softisenil u Hrvatskoj? Ljekarna, DM, Nju\u0161kalo<\/h2>\n<p class=\"text-body font-regular leading-[24px] pt-[9px] pb-xxs\" dir=\"ltr\"><b><strong class=\"font-semibold\">Softisenil se mo\u017ee kupiti isklju\u010divo na web stranici proizvo\u0111a\u010da<\/strong><\/b>. Ovaj proizvod nije dostupan u ljekarnam, DM-u, Nju\u0161kalou ili drugim trgovinama.<\/p>\n<p class=\"text-body font-regular leading-[24px] pt-[9px] pb-xxs\" dir=\"ltr\"><b><strong class=\"font-semibold\">Razlozi ekskluzivne prodaje<\/strong><\/b> preko web stranice su vi\u0161estruki:<\/p>\n<ul class=\"pt-[9px] pb-xxs pl-5xl list-disc pt-[5px]\">\n<li class=\"text-body font-regular leading-[24px] my-[5px] [&amp;&gt;ol]:!pt-0 [&amp;&gt;ol]:!pb-0 [&amp;&gt;ul]:!pt-0 [&amp;&gt;ul]:!pb-0\" dir=\"ltr\" value=\"1\">Osiguravanje autenti\u010dnosti proizvoda i za\u0161tita od krivotvorina<\/li>\n<li class=\"text-body font-regular leading-[24px] my-[5px] [&amp;&gt;ol]:!pt-0 [&amp;&gt;ol]:!pb-0 [&amp;&gt;ul]:!pt-0 [&amp;&gt;ul]:!pb-0\" dir=\"ltr\" value=\"2\">Odr\u017eavanje optimalne kvalitete kroz kontrolirani lanac nabave<\/li>\n<li class=\"text-body font-regular leading-[24px] my-[5px] [&amp;&gt;ol]:!pt-0 [&amp;&gt;ol]:!pb-0 [&amp;&gt;ul]:!pt-0 [&amp;&gt;ul]:!pb-0\" dir=\"ltr\" value=\"3\">Direktan kontakt s proizvo\u0111a\u010dem za podr\u0161ku kupcima<\/li>\n<li class=\"text-body font-regular leading-[24px] my-[5px] [&amp;&gt;ol]:!pt-0 [&amp;&gt;ol]:!pb-0 [&amp;&gt;ul]:!pt-0 [&amp;&gt;ul]:!pb-0\" dir=\"ltr\" value=\"4\">Mogu\u0107nost pra\u0107enja svje\u017ee proizvede partije<\/li>\n<li class=\"text-body font-regular leading-[24px] my-[5px] [&amp;&gt;ol]:!pt-0 [&amp;&gt;ol]:!pb-0 [&amp;&gt;ul]:!pt-0 [&amp;&gt;ul]:!pb-0\" dir=\"ltr\" value=\"5\">Kontrola cijena i sprje\u010davanje neuobi\u010dajenih marki<\/li>\n<\/ul>\n<p class=\"text-body font-regular leading-[24px] pt-[9px] pb-xxs\" dir=\"ltr\">Kupnja preko slu\u017ebene web stranice tako\u0111er osigurava pristup slu\u017ebi za korisnike, garanciji kvalitete i mogu\u0107nostima povrata proizvoda ako niste zadovoljni.<\/p>\n<h2 class=\"font-semibold pdf-heading-class-replace text-h3 leading-[40px] pb-xxs [&amp;:not(:first-child)]:pt-[21px] [&amp;_a]:underline-offset-[6px] [&amp;_.underline]:underline-offset-[6px]\" dir=\"ltr\">Koliko ko\u0161ta Softisenil? Cijena?<\/h2>\n<p class=\"text-body font-regular leading-[24px] pt-[9px] pb-xxs\" dir=\"ltr\"><b><strong class=\"font-semibold\">Cijena Softisenila je 39 EUR<\/strong><\/b> po paketu. Ova cijena uklju\u010duje:<\/p>\n<ul class=\"pt-[9px] pb-xxs pl-5xl list-disc pt-[5px]\">\n<li class=\"text-body font-regular leading-[24px] my-[5px] [&amp;&gt;ol]:!pt-0 [&amp;&gt;ol]:!pb-0 [&amp;&gt;ul]:!pt-0 [&amp;&gt;ul]:!pb-0\" dir=\"ltr\" value=\"1\">Jedna tuba regeneracijske kreme za stopala (50ml)<\/li>\n<li class=\"text-body font-regular leading-[24px] my-[5px] [&amp;&gt;ol]:!pt-0 [&amp;&gt;ol]:!pb-0 [&amp;&gt;ul]:!pt-0 [&amp;&gt;ul]:!pb-0\" dir=\"ltr\" value=\"2\">Besplatnu dostavu na adresu u Hrvatskoj<\/li>\n<li class=\"text-body font-regular leading-[24px] my-[5px] [&amp;&gt;ol]:!pt-0 [&amp;&gt;ol]:!pb-0 [&amp;&gt;ul]:!pt-0 [&amp;&gt;ul]:!pb-0\" dir=\"ltr\" value=\"3\">Garanciju kvalitete<\/li>\n<li class=\"text-body font-regular leading-[24px] my-[5px] [&amp;&gt;ol]:!pt-0 [&amp;&gt;ol]:!pb-0 [&amp;&gt;ul]:!pt-0 [&amp;&gt;ul]:!pb-0\" dir=\"ltr\" value=\"4\">Pristup korisni\u010dkoj slu\u017ebi<\/li>\n<\/ul>\n<p class=\"text-body font-regular leading-[24px] pt-[9px] pb-xxs\" dir=\"ltr\">Cijena predstavlja izvrsnu vrijednost s obzirom na kvalitetu sastojaka, u\u010dinkovitost proizvoda i trajnost jedne tube. Jedna tuba kr\u00e8me dovoljne je za pribli\u017eno 2-3 mjeseca redovite uporabe.<\/p>\n<h2 class=\"font-semibold pdf-heading-class-replace text-h3 leading-[40px] pb-xxs [&amp;:not(:first-child)]:pt-[21px] [&amp;_a]:underline-offset-[6px] [&amp;_.underline]:underline-offset-[6px]\" dir=\"ltr\">\u010cesto postavljana pitanja<\/h2>\n<p class=\"text-body font-regular leading-[24px] pt-[9px] pb-xxs\" dir=\"ltr\"><b><strong class=\"font-semibold\">Koliko dugo treba koristiti Softisenil da se vide rezultati?<\/strong><\/b><br \/>\nPrvi rezultati vidljivi su ve\u0107 nakon 7-10 dana redovite uporabe, dok se potpuni u\u010dinci posti\u017eu nakon 4-6 tjedana kontinuirane primjene.<\/p>\n<p class=\"text-body font-regular leading-[24px] pt-[9px] pb-xxs\" dir=\"ltr\"><b><strong class=\"font-semibold\">Je li Softisenil prikladan za dijabeti\u010dare?<\/strong><\/b><br \/>\nProizvod sadr\u017ei prirodne sastojke, ali osobama s dijabetesom preporu\u010duje se konzultacija s lije\u010dnikom prije kori\u0161tenja.<\/p>\n<p class=\"text-body font-regular leading-[24px] pt-[9px] pb-xxs\" dir=\"ltr\"><b><strong class=\"font-semibold\">Mogu li koristiti Softisenil s drugim kremama za stopala?<\/strong><\/b><br \/>\nPreporu\u010duje se kori\u0161tenje samo Softisenila za optimalne rezultate. Kombiniranje s drugim proizvodima mo\u017ee smanjiti u\u010dinkovitost.<\/p>\n<p class=\"text-body font-regular leading-[24px] pt-[9px] pb-xxs\" dir=\"ltr\"><b><strong class=\"font-semibold\">Je li mogu\u0107 povrat proizvoda ako nisam zadovoljan?<\/strong><\/b><br \/>\nDa, proizvo\u0111a\u010d nudi mogu\u0107nost povrata u roku od 30 dana ako niste zadovoljni rezultatima.<\/p>\n","protected":false},"excerpt":{"rendered":"<p>Softisenil je regeneracijska krema za stopala s ugodnim mirisom, namijenjena svakodnevnoj uporabi. Proizvod ima blagotvorna svojstva potvr\u0111ena testovima primjene. Zahvaljuju\u0107i bogatom sastavu, proizvod \u0107e ko\u017ei stopala osigurati potrebnu hidrataciju, hranjenje i regeneraciju. Krema tako\u0111er osigurava zdrav izgled stopala pobolj\u0161avanjem stanja ko\u017ee te umiruje ispucalu i suhu ko\u017eu. Softisenil osvje\u017eava i donosi zaslu\u017eeno opu\u0161tanje umornim stopalima,&#8230;<\/p>\n","protected":false},"featured_media":789,"template":"","meta":{"_kad_post_transparent":"default","_kad_post_title":"","_kad_post_layout":"default","_kad_post_sidebar_id":"","_kad_post_content_style":"default","_kad_post_vertical_padding":"default","_kad_post_feature":"","_kad_post_feature_position":"","_kad_post_header":false,"_kad_post_footer":false,"_kad_post_classname":"","iawp_total_views":3},"product_brand":[],"product_cat":[15],"product_tag":[],"class_list":{"0":"post-788","1":"product","2":"type-product","3":"status-publish","4":"has-post-thumbnail","6":"product_cat-zdravlje","8":"first","9":"instock","10":"sale","11":"shipping-taxable","12":"purchasable","13":"product-type-simple","14":"entry","15":"content-bg","16":"loop-entry"},"_links":{"self":[{"href":"https:\/\/www.poliklinikavukovic.com\/ljekarna\/wp-json\/wp\/v2\/product\/788","targetHints":{"allow":["GET"]}}],"collection":[{"href":"https:\/\/www.poliklinikavukovic.com\/ljekarna\/wp-json\/wp\/v2\/product"}],"about":[{"href":"https:\/\/www.poliklinikavukovic.com\/ljekarna\/wp-json\/wp\/v2\/types\/product"}],"wp:featuredmedia":[{"embeddable":true,"href":"https:\/\/www.poliklinikavukovic.com\/ljekarna\/wp-json\/wp\/v2\/media\/789"}],"wp:attachment":[{"href":"https:\/\/www.poliklinikavukovic.com\/ljekarna\/wp-json\/wp\/v2\/media?parent=788"}],"wp:term":[{"taxonomy":"product_brand","embeddable":true,"href":"https:\/\/www.poliklinikavukovic.com\/ljekarna\/wp-json\/wp\/v2\/product_brand?post=788"},{"taxonomy":"product_cat","embeddable":true,"href":"https:\/\/www.poliklinikavukovic.com\/ljekarna\/wp-json\/wp\/v2\/product_cat?post=788"},{"taxonomy":"product_tag","embeddable":true,"href":"https:\/\/www.poliklinikavukovic.com\/ljekarna\/wp-json\/wp\/v2\/product_tag?post=788"}],"curies":[{"name":"wp","href":"https:\/\/api.w.org\/{rel}","templated":true}]}}