{"id":418,"date":"2025-04-12T13:46:50","date_gmt":"2025-04-12T13:46:50","guid":{"rendered":"https:\/\/www.poliklinikavukovic.com\/ljekarna\/?post_type=product&#038;p=418"},"modified":"2025-04-12T13:46:50","modified_gmt":"2025-04-12T13:46:50","slug":"vasculief","status":"publish","type":"product","link":"https:\/\/www.poliklinikavukovic.com\/ljekarna\/proizvod\/vasculief\/","title":{"rendered":"Vasculief"},"content":{"rendered":"<p class=\"text-body font-regular leading-[24px] pt-[9px] pb-[2px]\" dir=\"ltr\">Vasculief je revolucionarni gel za pro\u0161irene vene koji pru\u017ea u\u010dinkovito rje\u0161enje za smanjenje oteklina, osje\u0107aja te\u017eine u nogama i vidljivih vena. Namijenjen je onima koji \u017eele olak\u0161anje bez kompliciranih tretmana ili inavzivnih procedura. Zahvaljuju\u0107i pa\u017eljivo osmi\u0161ljenoj formuli, Vasculief poma\u017ee obnoviti elasti\u010dnost vena, pobolj\u0161ava cirkulaciju i pru\u017ea osje\u0107aj olak\u0161anja od prvog nano\u0161enja.<\/p>\n<h2 class=\"font-bold text-h3 leading-[40px] pt-[21px] pb-[2px] [&amp;_a]:underline-offset-[6px] [&amp;_.underline]:underline-offset-[6px]\" dir=\"ltr\">Kako djeluje Vasculief?<\/h2>\n<p class=\"text-body font-regular leading-[24px] pt-[9px] pb-[2px]\" dir=\"ltr\">Vasculief djeluje tako \u0161to se lako upija u ko\u017eu, dolazi do problemati\u010dnih podru\u010dja i cilja simptome pro\u0161irenih vena. Njegove aktivne komponente poti\u010du zdravu cirkulaciju, smanjuju upalu i podupiru regeneraciju tkiva. Svakodnevnim kori\u0161tenjem primjetno smanjuje neugodan osje\u0107aj te\u017eine i umora u nogama te vra\u0107a ko\u017ei prirodan izgled.<\/p>\n<h2 class=\"font-bold text-h3 leading-[40px] pt-[21px] pb-[2px] [&amp;_a]:underline-offset-[6px] [&amp;_.underline]:underline-offset-[6px]\" dir=\"ltr\">Vasculief Sastav<\/h2>\n<p class=\"text-body font-regular leading-[24px] pt-[9px] pb-[2px]\" dir=\"ltr\">Jedan od klju\u010dnih razloga za\u0161to je Vasculief toliko u\u010dinkovit le\u017ei u njegovim sastojcima, koji su pomno birani zbog svojih ljekovitih svojstava. Evo detaljan pregled glavnih sastojaka u gelu i njihovih u\u010dinaka:<\/p>\n<ul class=\"pt-[9px] pb-[2px] pl-[24px] list-inside list-disc pt-[5px]\">\n<li class=\"text-body font-regular leading-[24px] my-[5px] [&amp;&gt;ol]:!pt-0 [&amp;&gt;ol]:!pb-0 [&amp;&gt;ul]:!pt-0 [&amp;&gt;ul]:!pb-0\" value=\"1\"><b><strong class=\"font-bold\">Ekstrakt divljeg kestena<\/strong><\/b><\/li>\n<\/ul>\n<p class=\"text-body font-regular leading-[24px] pt-[9px] pb-[2px]\" dir=\"ltr\">Najpoznatiji prirodni saveznik u borbi protiv pro\u0161irenih vena. Smanjuje oticanje, pobolj\u0161ava protok krvi i ja\u010da stijenke vena.<\/p>\n<ul class=\"pt-[9px] pb-[2px] pl-[24px] list-inside list-disc pt-[5px]\">\n<li class=\"text-body font-regular leading-[24px] my-[5px] [&amp;&gt;ol]:!pt-0 [&amp;&gt;ol]:!pb-0 [&amp;&gt;ul]:!pt-0 [&amp;&gt;ul]:!pb-0\" value=\"1\"><b><strong class=\"font-bold\">Ekstrakt arnike<\/strong><\/b><\/li>\n<\/ul>\n<p class=\"text-body font-regular leading-[24px] pt-[9px] pb-[2px]\" dir=\"ltr\">Poznat po svojim protuupalnim svojstvima, arnika djeluje umiruju\u0107e i smanjuje osje\u0107aj boli i upale.<\/p>\n<ul class=\"pt-[9px] pb-[2px] pl-[24px] list-inside list-disc pt-[5px]\">\n<li class=\"text-body font-regular leading-[24px] my-[5px] [&amp;&gt;ol]:!pt-0 [&amp;&gt;ol]:!pb-0 [&amp;&gt;ul]:!pt-0 [&amp;&gt;ul]:!pb-0\" value=\"1\"><b><strong class=\"font-bold\">Ekstrakt hamamelisa (vje\u0161ti\u010dja lijeska)<\/strong><\/b><\/li>\n<\/ul>\n<p class=\"text-body font-regular leading-[24px] pt-[9px] pb-[2px]\" dir=\"ltr\">Poma\u017ee zatezanju vena i smanjuje vidljivost pro\u0161irenih kapilara. Tako\u0111er djeluje kao prirodni tonik za ko\u017eu.<\/p>\n<ul class=\"pt-[9px] pb-[2px] pl-[24px] list-inside list-disc pt-[5px]\">\n<li class=\"text-body font-regular leading-[24px] my-[5px] [&amp;&gt;ol]:!pt-0 [&amp;&gt;ol]:!pb-0 [&amp;&gt;ul]:!pt-0 [&amp;&gt;ul]:!pb-0\" value=\"1\"><b><strong class=\"font-bold\">Mentol i kamilica<\/strong><\/b><\/li>\n<\/ul>\n<p class=\"text-body font-regular leading-[24px] pt-[9px] pb-[2px]\" dir=\"ltr\">Ovi sastojci pru\u017eaju trenutni osje\u0107aj hla\u0111enja i olak\u0161anja, dok kamilica dodatno umiruje iritacije na ko\u017ei.<\/p>\n<p class=\"text-body font-regular leading-[24px] pt-[9px] pb-[2px]\" dir=\"ltr\">Sve komponente u Vasculiefu odabrane su s naglaskom na sigurnost i u\u010dinkovitu njegu, \u010dine\u0107i ga jedinstvenim saveznikom protiv pro\u0161irenih vena.<\/p>\n<h2 class=\"font-bold text-h3 leading-[40px] pt-[21px] pb-[2px] [&amp;_a]:underline-offset-[6px] [&amp;_.underline]:underline-offset-[6px]\" dir=\"ltr\">Vasculief U\u010dinci i Dobrobiti<\/h2>\n<p class=\"text-body font-regular leading-[24px] pt-[9px] pb-[2px]\" dir=\"ltr\">Redovitim kori\u0161tenjem Vasculief gela mo\u017eete o\u010dekivati sljede\u0107e koristi:<\/p>\n<ul class=\"pt-[9px] pb-[2px] pl-[24px] list-inside list-disc pt-[5px]\">\n<li class=\"text-body font-regular leading-[24px] my-[5px] [&amp;&gt;ol]:!pt-0 [&amp;&gt;ol]:!pb-0 [&amp;&gt;ul]:!pt-0 [&amp;&gt;ul]:!pb-0\" value=\"1\">Smanjenje oteklina nogu.<\/li>\n<li class=\"text-body font-regular leading-[24px] my-[5px] [&amp;&gt;ol]:!pt-0 [&amp;&gt;ol]:!pb-0 [&amp;&gt;ul]:!pt-0 [&amp;&gt;ul]:!pb-0\" value=\"2\">Pobolj\u0161anje elasti\u010dnosti vena.<\/li>\n<li class=\"text-body font-regular leading-[24px] my-[5px] [&amp;&gt;ol]:!pt-0 [&amp;&gt;ol]:!pb-0 [&amp;&gt;ul]:!pt-0 [&amp;&gt;ul]:!pb-0\" value=\"3\">Smanjenje osje\u0107aja te\u017eine i bola u nogama.<\/li>\n<li class=\"text-body font-regular leading-[24px] my-[5px] [&amp;&gt;ol]:!pt-0 [&amp;&gt;ol]:!pb-0 [&amp;&gt;ul]:!pt-0 [&amp;&gt;ul]:!pb-0\" value=\"4\">Vidljivo smanjenje pro\u0161irenih vena i kapilara.<\/li>\n<li class=\"text-body font-regular leading-[24px] my-[5px] [&amp;&gt;ol]:!pt-0 [&amp;&gt;ol]:!pb-0 [&amp;&gt;ul]:!pt-0 [&amp;&gt;ul]:!pb-0\" value=\"5\">Umirite ko\u017eu i smanjite iritacije.<\/li>\n<li class=\"text-body font-regular leading-[24px] my-[5px] [&amp;&gt;ol]:!pt-0 [&amp;&gt;ol]:!pb-0 [&amp;&gt;ul]:!pt-0 [&amp;&gt;ul]:!pb-0\" value=\"6\">Prevencija daljnjeg razvoja problema uzrokovanih slabom cirkulacijom.<\/li>\n<\/ul>\n<h2 class=\"font-bold text-h3 leading-[40px] pt-[21px] pb-[2px] [&amp;_a]:underline-offset-[6px] [&amp;_.underline]:underline-offset-[6px]\" dir=\"ltr\">Vasculief Upute Za Kori\u0161tenje<\/h2>\n<p class=\"text-body font-regular leading-[24px] pt-[9px] pb-[2px]\" dir=\"ltr\">Primjena Vasculief gela je jednostavna i brza, ne zahtijeva dodatnu pripremu. Evo kako ga pravilno koristiti:<\/p>\n<ol class=\"pt-[9px] pb-[2px] pl-[24px] list-inside list-decimal\">\n<li class=\"text-body font-regular leading-[24px] my-[5px] [&amp;&gt;ol]:!pt-0 [&amp;&gt;ol]:!pb-0 [&amp;&gt;ul]:!pt-0 [&amp;&gt;ul]:!pb-0\" value=\"1\">Operite i osu\u0161ite podru\u010dje gdje \u0107ete nanijeti gel.<\/li>\n<li class=\"text-body font-regular leading-[24px] my-[5px] [&amp;&gt;ol]:!pt-0 [&amp;&gt;ol]:!pb-0 [&amp;&gt;ul]:!pt-0 [&amp;&gt;ul]:!pb-0\" value=\"2\">Istisnite malu koli\u010dinu gela na dlan.<\/li>\n<li class=\"text-body font-regular leading-[24px] my-[5px] [&amp;&gt;ol]:!pt-0 [&amp;&gt;ol]:!pb-0 [&amp;&gt;ul]:!pt-0 [&amp;&gt;ul]:!pb-0\" value=\"3\">Lagano utrljajte gel kru\u017enim pokretima na zahva\u0107eno podru\u010dje dok se ne upije.<\/li>\n<li class=\"text-body font-regular leading-[24px] my-[5px] [&amp;&gt;ol]:!pt-0 [&amp;&gt;ol]:!pb-0 [&amp;&gt;ul]:!pt-0 [&amp;&gt;ul]:!pb-0\" value=\"4\">Koristite gel 2 puta dnevno \u2013 ujutro i nave\u010der za najbolje rezultate.<\/li>\n<\/ol>\n<p class=\"text-body font-regular leading-[24px] pt-[9px] pb-[2px]\" dir=\"ltr\">Pravilna i dosljedna primjena klju\u010d je kako biste maksimalno iskoristili u\u010dinke ovog proizvoda.<\/p>\n<h2 class=\"font-bold text-h3 leading-[40px] pt-[21px] pb-[2px] [&amp;_a]:underline-offset-[6px] [&amp;_.underline]:underline-offset-[6px]\" dir=\"ltr\">Vasculief Kontraindikacije i Nuspojave<\/h2>\n<p class=\"text-body font-regular leading-[24px] pt-[9px] pb-[2px]\" dir=\"ltr\">Vasculief je siguran za uporabu, no nije namijenjen sljede\u0107im kategorijama osoba:<\/p>\n<ul class=\"pt-[9px] pb-[2px] pl-[24px] list-inside list-disc pt-[5px]\">\n<li class=\"text-body font-regular leading-[24px] my-[5px] [&amp;&gt;ol]:!pt-0 [&amp;&gt;ol]:!pb-0 [&amp;&gt;ul]:!pt-0 [&amp;&gt;ul]:!pb-0\" value=\"1\">Djeca.<\/li>\n<li class=\"text-body font-regular leading-[24px] my-[5px] [&amp;&gt;ol]:!pt-0 [&amp;&gt;ol]:!pb-0 [&amp;&gt;ul]:!pt-0 [&amp;&gt;ul]:!pb-0\" value=\"2\">Trudnice i dojilje.<\/li>\n<li class=\"text-body font-regular leading-[24px] my-[5px] [&amp;&gt;ol]:!pt-0 [&amp;&gt;ol]:!pb-0 [&amp;&gt;ul]:!pt-0 [&amp;&gt;ul]:!pb-0\" value=\"3\">Osobe s kroni\u010dnim bolestima.<\/li>\n<\/ul>\n<p class=\"text-body font-regular leading-[24px] pt-[9px] pb-[2px]\" dir=\"ltr\">Nuspojave nisu zabilje\u017eene, no uvijek preporu\u010dujemo napraviti mali test osjetljivosti na ko\u017ei prije prve uporabe.<\/p>\n<h2 class=\"font-bold text-h3 leading-[40px] pt-[21px] pb-[2px] [&amp;_a]:underline-offset-[6px] [&amp;_.underline]:underline-offset-[6px]\" dir=\"ltr\">Vasculief Iskustva<\/h2>\n<p class=\"text-body font-regular leading-[24px] pt-[9px] pb-[2px]\" dir=\"ltr\">Korisnici Vasculief gela isti\u010du kako su rezultati brzo primjetni, a u\u010dinci dugotrajni. Evo \u0161to ka\u017eu neki od njih:<\/p>\n<p class=\"text-body font-regular leading-[24px] pt-[9px] pb-[2px]\" dir=\"ltr\"><b><strong class=\"font-bold\">Ivana, Zagreb:<\/strong><\/b> &#8220;Ve\u0107 nakon dva tjedna, vidjela sam razliku. Moje vene su manje vidljive, a noge nisu vi\u0161e ote\u010dene nakon dugog dana na poslu.&#8221;<\/p>\n<p class=\"text-body font-regular leading-[24px] pt-[9px] pb-[2px]\" dir=\"ltr\"><b><strong class=\"font-bold\">Marko, Split:<\/strong><\/b> &#8220;Godinama sam se borio s te\u017einom i boli u nogama. S Vasculiefom, promjene su zaista osjetne. Preporuke svima!&#8221;<\/p>\n<p class=\"text-body font-regular leading-[24px] pt-[9px] pb-[2px]\" dir=\"ltr\"><b><strong class=\"font-bold\">Ana, Osijek:<\/strong><\/b> &#8220;Vasculief mi je pomogao u samo mjesec dana! Ko\u017ea mi je mek\u0161a, vene manje izra\u017eene, a bol gotovo da ne osje\u0107am.&#8221;<\/p>\n<h2 class=\"font-bold text-h3 leading-[40px] pt-[21px] pb-[2px] [&amp;_a]:underline-offset-[6px] [&amp;_.underline]:underline-offset-[6px]\" dir=\"ltr\">Gdje kupiti Vasculief u Hrvatskoj? Ljekarna, DM, Nju\u0161kalo<\/h2>\n<p class=\"text-body font-regular leading-[24px] pt-[9px] pb-[2px]\" dir=\"ltr\">Vasculief se ne prodaje u ljekarnama, DM trgovinama ili putem platformi poput Nju\u0161kala. Mo\u017eete ga kupiti isklju\u010divo na slu\u017ebenoj web stranici proizvo\u0111a\u010da.<\/p>\n<p class=\"text-body font-regular leading-[24px] pt-[9px] pb-[2px]\" dir=\"ltr\">Za\u0161to? Slu\u017ebena prodaja osigurava da dobijete 100% originalan proizvod, ali i najbolje ponude direktno od proizvo\u0111a\u010da. Time se izbjegavaju varijante ili kopije koje mogu uzrokovati ne\u017eeljene u\u010dinke.<\/p>\n<h2 class=\"font-bold text-h3 leading-[40px] pt-[21px] pb-[2px] [&amp;_a]:underline-offset-[6px] [&amp;_.underline]:underline-offset-[6px]\" dir=\"ltr\">Koliko ko\u0161ta Vasculief? Cijena?<\/h2>\n<p class=\"text-body font-regular leading-[24px] pt-[9px] pb-[2px]\" dir=\"ltr\">Vasculief trenutno ko\u0161ta <b><strong class=\"font-bold\">39 eura<\/strong><\/b>, \u0161to ga \u010dini povoljnim izborom u usporedbi s drugim tretmanima za pro\u0161irene vene.<\/p>\n<p class=\"text-body font-regular leading-[24px] pt-[9px] pb-[2px]\" dir=\"ltr\">Investicija u svoje zdravlje i osje\u0107aj lako\u0107e u nogama vrijedna je svakog centa!<\/p>\n<h2 class=\"font-bold text-h3 leading-[40px] pt-[21px] pb-[2px] [&amp;_a]:underline-offset-[6px] [&amp;_.underline]:underline-offset-[6px]\" dir=\"ltr\">\u010cesto Postavljana Pitanja<\/h2>\n<p class=\"text-body font-regular leading-[24px] pt-[9px] pb-[2px]\" dir=\"ltr\"><b><strong class=\"font-bold\">1. Koliko vremena je potrebno da se vide rezultati s Vasculiefom?<\/strong><\/b><\/p>\n<p class=\"text-body font-regular leading-[24px] pt-[9px] pb-[2px]\" dir=\"ltr\">Prvi rezultati mogu se primijetiti ve\u0107 nakon 2 tjedna redovite upotrebe, a zna\u010dajnije promjene vidljive su nakon mjesec dana.<\/p>\n<p class=\"text-body font-regular leading-[24px] pt-[9px] pb-[2px]\" dir=\"ltr\"><b><strong class=\"font-bold\">2. Mogu li koristiti Vasculief ako imam osjetljivu ko\u017eu?<\/strong><\/b><\/p>\n<p class=\"text-body font-regular leading-[24px] pt-[9px] pb-[2px]\" dir=\"ltr\">Da, Vasculief je prikladan za osjetljivu ko\u017eu. Ipak, preporu\u010dujemo test na manjem podru\u010dju ko\u017ee prije redovite primjene.<\/p>\n<p class=\"text-body font-regular leading-[24px] pt-[9px] pb-[2px]\" dir=\"ltr\"><b><strong class=\"font-bold\">3. Koliko dugo traje jedna bo\u010dica Vasculiefa?<\/strong><\/b><\/p>\n<p class=\"text-body font-regular leading-[24px] pt-[9px] pb-[2px]\" dir=\"ltr\">Jedna bo\u010dica obi\u010dno traje oko 3-4 tjedna, ovisno o u\u010destalosti kori\u0161tenja.<\/p>\n<p class=\"text-body font-regular leading-[24px] pt-[9px] pb-[2px]\" dir=\"ltr\"><b><strong class=\"font-bold\">4. Je li Vasculief potrebno \u010duvati na odre\u0111enoj temperaturi?<\/strong><\/b><\/p>\n<p class=\"text-body font-regular leading-[24px] pt-[9px] pb-[2px]\" dir=\"ltr\">Proizvod \u010duvajte na sobnoj temperaturi, dalje od direktnog sun\u010devog svjetla.<\/p>\n<p class=\"text-body font-regular leading-[24px] pt-[9px] pb-[2px]\" dir=\"ltr\"><b><strong class=\"font-bold\">5. Trebam li konzultirati lije\u010dnika prije uporabe?<\/strong><\/b><\/p>\n<p class=\"text-body font-regular leading-[24px] pt-[9px] pb-[2px]\" dir=\"ltr\">Ako imate bilo kakvih dvojbi ili posebnih zdravstvenih stanja, obratite se lije\u010dniku prije upotrebe.<\/p>\n","protected":false},"excerpt":{"rendered":"<p>Vasculief je revolucionarni gel za pro\u0161irene vene koji pru\u017ea u\u010dinkovito rje\u0161enje za smanjenje oteklina, osje\u0107aja te\u017eine u nogama i vidljivih vena. Namijenjen je onima koji \u017eele olak\u0161anje bez kompliciranih tretmana ili inavzivnih procedura. Zahvaljuju\u0107i pa\u017eljivo osmi\u0161ljenoj formuli, Vasculief poma\u017ee obnoviti elasti\u010dnost vena, pobolj\u0161ava cirkulaciju i pru\u017ea osje\u0107aj olak\u0161anja od prvog nano\u0161enja. Kako djeluje Vasculief? Vasculief&#8230;<\/p>\n","protected":false},"featured_media":419,"template":"","meta":{"_kad_post_transparent":"default","_kad_post_title":"","_kad_post_layout":"default","_kad_post_sidebar_id":"","_kad_post_content_style":"default","_kad_post_vertical_padding":"default","_kad_post_feature":"","_kad_post_feature_position":"","_kad_post_header":false,"_kad_post_footer":false,"_kad_post_classname":"","iawp_total_views":45},"product_brand":[],"product_cat":[15],"product_tag":[],"class_list":{"0":"post-418","1":"product","2":"type-product","3":"status-publish","4":"has-post-thumbnail","6":"product_cat-zdravlje","8":"first","9":"instock","10":"sale","11":"shipping-taxable","12":"purchasable","13":"product-type-simple","14":"entry","15":"content-bg","16":"loop-entry"},"_links":{"self":[{"href":"https:\/\/www.poliklinikavukovic.com\/ljekarna\/wp-json\/wp\/v2\/product\/418","targetHints":{"allow":["GET"]}}],"collection":[{"href":"https:\/\/www.poliklinikavukovic.com\/ljekarna\/wp-json\/wp\/v2\/product"}],"about":[{"href":"https:\/\/www.poliklinikavukovic.com\/ljekarna\/wp-json\/wp\/v2\/types\/product"}],"wp:featuredmedia":[{"embeddable":true,"href":"https:\/\/www.poliklinikavukovic.com\/ljekarna\/wp-json\/wp\/v2\/media\/419"}],"wp:attachment":[{"href":"https:\/\/www.poliklinikavukovic.com\/ljekarna\/wp-json\/wp\/v2\/media?parent=418"}],"wp:term":[{"taxonomy":"product_brand","embeddable":true,"href":"https:\/\/www.poliklinikavukovic.com\/ljekarna\/wp-json\/wp\/v2\/product_brand?post=418"},{"taxonomy":"product_cat","embeddable":true,"href":"https:\/\/www.poliklinikavukovic.com\/ljekarna\/wp-json\/wp\/v2\/product_cat?post=418"},{"taxonomy":"product_tag","embeddable":true,"href":"https:\/\/www.poliklinikavukovic.com\/ljekarna\/wp-json\/wp\/v2\/product_tag?post=418"}],"curies":[{"name":"wp","href":"https:\/\/api.w.org\/{rel}","templated":true}]}}