{"id":412,"date":"2025-04-12T13:27:21","date_gmt":"2025-04-12T13:27:21","guid":{"rendered":"https:\/\/www.poliklinikavukovic.com\/ljekarna\/?post_type=product&#038;p=412"},"modified":"2025-11-16T15:58:28","modified_gmt":"2025-11-16T15:58:28","slug":"urosaf","status":"publish","type":"product","link":"https:\/\/www.poliklinikavukovic.com\/ljekarna\/proizvod\/urosaf\/","title":{"rendered":"Urosaf"},"content":{"rendered":"<p class=\"text-body font-regular leading-[24px] pt-[9px] pb-[2px]\" dir=\"ltr\">Urosaf je dodatak prehrani u obliku kapsula koji je dizajniran posebno za mu\u0161karce, kako bi pobolj\u0161ao libido te pru\u017eio podr\u0161ku u borbi protiv problema s prostatom. Osmi\u0161ljen s pa\u017enjom na potrebe mu\u0161karaca razli\u010ditih dobnih skupina, Urosaf kombinira prirodne ekstrakte i esencijalne minerale kako bi pomogao u o\u010duvanju zdravlja prostate te op\u0107enitom pobolj\u0161anju kvalitete \u017eivota.<\/p>\n<p class=\"text-body font-regular leading-[24px] pt-[9px] pb-[2px]\" dir=\"ltr\">Ono \u0161to Urosaf izdvaja od drugih dodataka prehrani jest njegova jedinstvena formula koja ne samo da djeluje na fizi\u010dku razinu, ve\u0107 pridonosi i boljem samopouzdanju, \u010dime poma\u017ee korisnicima da se osje\u0107aju vitalnije i energi\u010dnije.<\/p>\n<h2 class=\"font-bold text-h3 leading-[40px] pt-[21px] pb-[2px] [&amp;_a]:underline-offset-[6px] [&amp;_.underline]:underline-offset-[6px]\" dir=\"ltr\">Kako djeluje Urosaf?<\/h2>\n<p class=\"text-body font-regular leading-[24px] pt-[9px] pb-[2px]\" dir=\"ltr\">Urosaf djeluje kroz kombinaciju pa\u017eljivo odabranih sastojaka koji ga \u010dine mo\u0107nim saveznikom za zdravlje mu\u0161karaca. Njegova formula pomo\u0107i \u0107e u pove\u0107anju libida, podr\u0161ci zdravlju prostate te smanjenju neugodnih simptoma poput u\u010destalog mokrenja ili osje\u0107aja nelagode.<\/p>\n<p class=\"text-body font-regular leading-[24px] pt-[9px] pb-[2px]\" dir=\"ltr\">Ovaj dodatak prehrani radi tako da cilja klju\u010dne aspekte mu\u0161kog zdravlja kroz biolo\u0161ke procese poput regulacije hormona i ja\u010danja imunolo\u0161kog sustava. Poma\u017ee u pobolj\u0161anju op\u0107e vitalnosti i energije, \u010dine\u0107i svakodnevne izazove lak\u0161e savladivima.<\/p>\n<h2 class=\"font-bold text-h3 leading-[40px] pt-[21px] pb-[2px] [&amp;_a]:underline-offset-[6px] [&amp;_.underline]:underline-offset-[6px]\" dir=\"ltr\">Urosaf sastav<\/h2>\n<p class=\"text-body font-regular leading-[24px] pt-[9px] pb-[2px]\" dir=\"ltr\">Klju\u010d uspjeha ovog proizvoda le\u017ei u njegovom sastavu, koji kombinira najbolje iz prirode s modernim znanstvenim pristupom u formulaciji dodataka prehrani. Evo \u0161to se nalazi u svakoj kapsuli Urosafa:<\/p>\n<h3 class=\"font-bold text-h4 leading-[30px] pt-[15px] pb-[2px] [&amp;_a]:underline-offset-[6px] [&amp;_.underline]:underline-offset-[6px]\" dir=\"ltr\">Ekstrakt bobica brusnice<\/h3>\n<p class=\"text-body font-regular leading-[24px] pt-[9px] pb-[2px]\" dir=\"ltr\">Brusnice su poznate po svojim antivirusnim i antibakterijskim svojstvima te su posebno u\u010dinkovite u o\u010duvanju zdravlja mokra\u0107nog sustava. Smanjuju rizik od infekcija i pru\u017eaju podr\u0161ku prostati, \u010dine\u0107i ih klju\u010dnim sastojkom u formulaciji Urosafa.<\/p>\n<h3 class=\"font-bold text-h4 leading-[30px] pt-[15px] pb-[2px] [&amp;_a]:underline-offset-[6px] [&amp;_.underline]:underline-offset-[6px]\" dir=\"ltr\">Ekstrakt vo\u0107a serenoa (sabal palma)<\/h3>\n<p class=\"text-body font-regular leading-[24px] pt-[9px] pb-[2px]\" dir=\"ltr\">Serenoa, ili sabal palma, dugo se koristi u biljnim preparatima za lije\u010denje problema povezanih s prostatom. Njeni aktivni sastojci poma\u017eu u smanjenju oteklina prostate te ubla\u017eavanju simptoma poput u\u010destalog mokrenja, pobolj\u0161avaju\u0107i pri tome kvalitetu \u017eivota.<\/p>\n<h3 class=\"font-bold text-h4 leading-[30px] pt-[15px] pb-[2px] [&amp;_a]:underline-offset-[6px] [&amp;_.underline]:underline-offset-[6px]\" dir=\"ltr\">Ekstrakt korijena koprive<\/h3>\n<p class=\"text-body font-regular leading-[24px] pt-[9px] pb-[2px]\" dir=\"ltr\">Kopriva je poznata po svojoj sposobnosti pro\u010di\u0161\u0107avanja organizma i podr\u0161ke zdravlju prostate. Tako\u0111er, kopriva ima protuupalno djelovanje koje mo\u017ee pomo\u0107i u smanjenju bolova i nelagode.<\/p>\n<h3 class=\"font-bold text-h4 leading-[30px] pt-[15px] pb-[2px] [&amp;_a]:underline-offset-[6px] [&amp;_.underline]:underline-offset-[6px]\" dir=\"ltr\">Cink<\/h3>\n<p class=\"text-body font-regular leading-[24px] pt-[9px] pb-[2px]\" dir=\"ltr\">Cink je klju\u010dan mineral za mu\u0161ko zdravlje. Podr\u017eava imunolo\u0161ki sustav i omogu\u0107ava pravilno funkcioniranje hormonskog sustava, \u0161to je od iznimne va\u017enosti za odr\u017eavanje zdravog libida i reproduktivne funkcije.<\/p>\n<h2 class=\"font-bold text-h3 leading-[40px] pt-[21px] pb-[2px] [&amp;_a]:underline-offset-[6px] [&amp;_.underline]:underline-offset-[6px]\" dir=\"ltr\">Urosaf u\u010dinci i dobrobiti<\/h2>\n<p class=\"text-body font-regular leading-[24px] pt-[9px] pb-[2px]\" dir=\"ltr\">Urosaf nudi niz u\u010dinaka i prednosti korisnicima:<\/p>\n<ul class=\"pt-[9px] pb-[2px] pl-[24px] list-inside list-disc pt-[5px]\">\n<li class=\"text-body font-regular leading-[24px] my-[5px] [&amp;&gt;ol]:!pt-0 [&amp;&gt;ol]:!pb-0 [&amp;&gt;ul]:!pt-0 [&amp;&gt;ul]:!pb-0\" value=\"1\"><b><strong class=\"font-bold\">Zdravlje prostate<\/strong><\/b>: Smanjenje neugodnih simptoma povezanih s pove\u0107anom prostatom, poput u\u010destalog i bolnog mokrenja.<\/li>\n<li class=\"text-body font-regular leading-[24px] my-[5px] [&amp;&gt;ol]:!pt-0 [&amp;&gt;ol]:!pb-0 [&amp;&gt;ul]:!pt-0 [&amp;&gt;ul]:!pb-0\" value=\"2\"><b><strong class=\"font-bold\">Pove\u0107anje libida<\/strong><\/b>: Prirodna formula poma\u017ee mu\u0161karcima da povrate energiju i seksualnu \u017eelju.<\/li>\n<li class=\"text-body font-regular leading-[24px] my-[5px] [&amp;&gt;ol]:!pt-0 [&amp;&gt;ol]:!pb-0 [&amp;&gt;ul]:!pt-0 [&amp;&gt;ul]:!pb-0\" value=\"3\"><b><strong class=\"font-bold\">Podr\u0161ka hormonima<\/strong><\/b>: Cink i drugi sastojci optimiziraju hormone, \u010dime doprinose boljoj op\u0107oj vitalnosti.<\/li>\n<li class=\"text-body font-regular leading-[24px] my-[5px] [&amp;&gt;ol]:!pt-0 [&amp;&gt;ol]:!pb-0 [&amp;&gt;ul]:!pt-0 [&amp;&gt;ul]:!pb-0\" value=\"4\"><b><strong class=\"font-bold\">Op\u0107e zdravlje<\/strong><\/b>: Antioksidativna i protuupalna svojstva poma\u017eu u ja\u010danju imuniteta i borbi protiv slobodnih radikala.<\/li>\n<\/ul>\n<h2 class=\"font-bold text-h3 leading-[40px] pt-[21px] pb-[2px] [&amp;_a]:underline-offset-[6px] [&amp;_.underline]:underline-offset-[6px]\" dir=\"ltr\">Urosaf upute za kori\u0161tenje<\/h2>\n<p class=\"text-body font-regular leading-[24px] pt-[9px] pb-[2px]\" dir=\"ltr\">Za najbolje rezultate, preporu\u010duje se sljede\u0107e:<\/p>\n<ol class=\"pt-[9px] pb-[2px] pl-[24px] list-inside list-decimal\">\n<li class=\"text-body font-regular leading-[24px] my-[5px] [&amp;&gt;ol]:!pt-0 [&amp;&gt;ol]:!pb-0 [&amp;&gt;ul]:!pt-0 [&amp;&gt;ul]:!pb-0\" value=\"1\">Uzimati 1\u20132 kapsule dnevno.<\/li>\n<li class=\"text-body font-regular leading-[24px] my-[5px] [&amp;&gt;ol]:!pt-0 [&amp;&gt;ol]:!pb-0 [&amp;&gt;ul]:!pt-0 [&amp;&gt;ul]:!pb-0\" value=\"2\">Kapsule popiti s \u010da\u0161om vode.<\/li>\n<li class=\"text-body font-regular leading-[24px] my-[5px] [&amp;&gt;ol]:!pt-0 [&amp;&gt;ol]:!pb-0 [&amp;&gt;ul]:!pt-0 [&amp;&gt;ul]:!pb-0\" value=\"3\">Urosaf se preporu\u010duje uzimati najmanje 45 dana za optimalne rezultate.<\/li>\n<\/ol>\n<p class=\"text-body font-regular leading-[24px] pt-[9px] pb-[2px]\" dir=\"ltr\">Pridr\u017eavanje ovih uputa osigurat \u0107e maksimalni u\u010dinak proizvoda bez ikakvih komplikacija.<\/p>\n<h2 class=\"font-bold text-h3 leading-[40px] pt-[21px] pb-[2px] [&amp;_a]:underline-offset-[6px] [&amp;_.underline]:underline-offset-[6px]\" dir=\"ltr\">Urosaf kontraindikacije i nuspojave<\/h2>\n<p class=\"text-body font-regular leading-[24px] pt-[9px] pb-[2px]\" dir=\"ltr\">Jedna od velikih prednosti Urosafa je njegova sigurnost. Proizvod je pa\u017eljivo formuliran kako bi bio pogodna opcija za ve\u0107inu korisnika, bez ikakvih poznatih nuspojava ili kontraindikacija.<\/p>\n<p class=\"text-body font-regular leading-[24px] pt-[9px] pb-[2px]\" dir=\"ltr\">Me\u0111utim, va\u017eno je napomenuti da Urosaf nije namijenjen sljede\u0107im kategorijama:<\/p>\n<ul class=\"pt-[9px] pb-[2px] pl-[24px] list-inside list-disc pt-[5px]\">\n<li class=\"text-body font-regular leading-[24px] my-[5px] [&amp;&gt;ol]:!pt-0 [&amp;&gt;ol]:!pb-0 [&amp;&gt;ul]:!pt-0 [&amp;&gt;ul]:!pb-0\" value=\"1\">Djeci,<\/li>\n<li class=\"text-body font-regular leading-[24px] my-[5px] [&amp;&gt;ol]:!pt-0 [&amp;&gt;ol]:!pb-0 [&amp;&gt;ul]:!pt-0 [&amp;&gt;ul]:!pb-0\" value=\"2\">Trudnicama,<\/li>\n<li class=\"text-body font-regular leading-[24px] my-[5px] [&amp;&gt;ol]:!pt-0 [&amp;&gt;ol]:!pb-0 [&amp;&gt;ul]:!pt-0 [&amp;&gt;ul]:!pb-0\" value=\"3\">Dojiljama,<\/li>\n<li class=\"text-body font-regular leading-[24px] my-[5px] [&amp;&gt;ol]:!pt-0 [&amp;&gt;ol]:!pb-0 [&amp;&gt;ul]:!pt-0 [&amp;&gt;ul]:!pb-0\" value=\"4\">Osobama s kroni\u010dnim bolestima bez savjetovanja s lije\u010dnikom.<\/li>\n<\/ul>\n<p class=\"text-body font-regular leading-[24px] pt-[9px] pb-[2px]\" dir=\"ltr\">Ako spadate u neku od navedenih skupina, preporu\u010dujemo konzultaciju s lije\u010dnikom prije uporabe.<\/p>\n<h2 class=\"font-bold text-h3 leading-[40px] pt-[21px] pb-[2px] [&amp;_a]:underline-offset-[6px] [&amp;_.underline]:underline-offset-[6px]\" dir=\"ltr\">Urosaf iskustva<\/h2>\n<p class=\"text-body font-regular leading-[24px] pt-[9px] pb-[2px]\" dir=\"ltr\">Pozitivna iskustva korisnika govore u prilog u\u010dinkovitosti Urosafa. Evo nekoliko komentara zadovoljnih korisnika:<\/p>\n<p class=\"text-body font-regular leading-[24px] pt-[9px] pb-[2px]\" dir=\"ltr\"><b><strong class=\"font-bold\">Marko, 52 godine<\/strong><\/b><\/p>\n<p class=\"text-body font-regular leading-[24px] pt-[9px] pb-[2px]\" dir=\"ltr\">&#8220;Prije sam imao probleme s \u010destim no\u0107nim ustajanjima i nelagodom. Nakon samo jednog mjeseca kori\u0161tenja Urosafa, simptomi su znatno smanjeni!&#8221;<\/p>\n<p class=\"text-body font-regular leading-[24px] pt-[9px] pb-[2px]\" dir=\"ltr\"><b><strong class=\"font-bold\">Ivan, 46 godina<\/strong><\/b><\/p>\n<p class=\"text-body font-regular leading-[24px] pt-[9px] pb-[2px]\" dir=\"ltr\">&#8220;Vratio se osje\u0107aj energije i vitalnosti. Urosaf mi je zaista pomogao vratiti samopouzdanje.&#8221;<\/p>\n<p class=\"text-body font-regular leading-[24px] pt-[9px] pb-[2px]\" dir=\"ltr\"><b><strong class=\"font-bold\">Stjepan, 58 godina<\/strong><\/b><\/p>\n<p class=\"text-body font-regular leading-[24px] pt-[9px] pb-[2px]\" dir=\"ltr\">&#8220;Probao sam nekoliko proizvoda za prostatu, ali samo je Urosaf opravdao moje povjerenje. Definitivno preporu\u010dujem!&#8221;<\/p>\n<h2 class=\"font-bold text-h3 leading-[40px] pt-[21px] pb-[2px] [&amp;_a]:underline-offset-[6px] [&amp;_.underline]:underline-offset-[6px]\" dir=\"ltr\">Gdje kupiti Urosaf u Hrvatskoj? Ljekarna, DM, Nju\u0161kalo<\/h2>\n<p class=\"text-body font-regular leading-[24px] pt-[9px] pb-[2px]\" dir=\"ltr\">Urosaf se mo\u017ee kupiti isklju\u010divo putem slu\u017ebene web stranice proizvo\u0111a\u010da. Za\u0161to? Time se osigurava autenti\u010dnost proizvoda, te izbjegava mogu\u0107nost prijevara i krivotvorina koje se \u010desto nude na tr\u017ei\u0161tima poput ljekarni, DM-a ili online platformi poput Nju\u0161kala.<\/p>\n<p class=\"text-body font-regular leading-[24px] pt-[9px] pb-[2px]\" dir=\"ltr\">Kupovinom preko slu\u017ebene web stranice tako\u0111er mo\u017eete ostvariti posebne ponude i cijene.<\/p>\n<h2 class=\"font-bold text-h3 leading-[40px] pt-[21px] pb-[2px] [&amp;_a]:underline-offset-[6px] [&amp;_.underline]:underline-offset-[6px]\" dir=\"ltr\">Koliko ko\u0161ta Urosaf? Cijena?<\/h2>\n<p class=\"text-body font-regular leading-[24px] pt-[9px] pb-[2px]\" dir=\"ltr\">Cijena pakiranja Urosafa iznosi 39 eura. S obzirom na kvalitetu sastojaka i brojne prednosti koje pru\u017ea, ova cijena \u010dini Urosaf isplativim izborom za o\u010duvanje mu\u0161kog zdravlja.<\/p>\n<h2 class=\"font-bold text-h3 leading-[40px] pt-[21px] pb-[2px] [&amp;_a]:underline-offset-[6px] [&amp;_.underline]:underline-offset-[6px]\" dir=\"ltr\">\u010cesto postavljana pitanja<\/h2>\n<p class=\"text-body font-regular leading-[24px] pt-[9px] pb-[2px]\" dir=\"ltr\"><b><strong class=\"font-bold\">Je li Urosaf siguran za dugotrajnu upotrebu?<\/strong><\/b><\/p>\n<p class=\"text-body font-regular leading-[24px] pt-[9px] pb-[2px]\" dir=\"ltr\">Da, Urosaf je siguran za kontinuiranu upotrebu zahvaljuju\u0107i prirodnim sastojcima.<\/p>\n<p class=\"text-body font-regular leading-[24px] pt-[9px] pb-[2px]\" dir=\"ltr\"><b><strong class=\"font-bold\">Kada se mogu o\u010dekivati prvi rezultati?<\/strong><\/b><\/p>\n<p class=\"text-body font-regular leading-[24px] pt-[9px] pb-[2px]\" dir=\"ltr\">Mnogi korisnici primje\u0107uju pobolj\u0161anja ve\u0107 unutar nekoliko tjedana redovite upotrebe.<\/p>\n<p class=\"text-body font-regular leading-[24px] pt-[9px] pb-[2px]\" dir=\"ltr\"><b><strong class=\"font-bold\">Mogu li \u017eene koristiti Urosaf?<\/strong><\/b><\/p>\n<p class=\"text-body font-regular leading-[24px] pt-[9px] pb-[2px]\" dir=\"ltr\">Urosaf je posebno formuliran za mu\u0161karce s ciljem rje\u0161avanja problema vezanih za zdravlje prostate i mu\u0161ki libido.<\/p>\n","protected":false},"excerpt":{"rendered":"<p>Urosaf je dodatak prehrani u obliku kapsula koji je dizajniran posebno za mu\u0161karce, kako bi pobolj\u0161ao libido te pru\u017eio podr\u0161ku u borbi protiv problema s prostatom. Osmi\u0161ljen s pa\u017enjom na potrebe mu\u0161karaca razli\u010ditih dobnih skupina, Urosaf kombinira prirodne ekstrakte i esencijalne minerale kako bi pomogao u o\u010duvanju zdravlja prostate te op\u0107enitom pobolj\u0161anju kvalitete \u017eivota. Ono&#8230;<\/p>\n","protected":false},"featured_media":413,"template":"","meta":{"_kad_post_transparent":"default","_kad_post_title":"","_kad_post_layout":"default","_kad_post_sidebar_id":"","_kad_post_content_style":"default","_kad_post_vertical_padding":"default","_kad_post_feature":"","_kad_post_feature_position":"","_kad_post_header":false,"_kad_post_footer":false,"_kad_post_classname":"","iawp_total_views":1275},"product_brand":[],"product_cat":[19],"product_tag":[],"class_list":{"0":"post-412","1":"product","2":"type-product","3":"status-publish","4":"has-post-thumbnail","6":"product_cat-potencija","8":"first","9":"instock","10":"sale","11":"shipping-taxable","12":"product-type-external","13":"entry","14":"content-bg","15":"loop-entry"},"_links":{"self":[{"href":"https:\/\/www.poliklinikavukovic.com\/ljekarna\/wp-json\/wp\/v2\/product\/412","targetHints":{"allow":["GET"]}}],"collection":[{"href":"https:\/\/www.poliklinikavukovic.com\/ljekarna\/wp-json\/wp\/v2\/product"}],"about":[{"href":"https:\/\/www.poliklinikavukovic.com\/ljekarna\/wp-json\/wp\/v2\/types\/product"}],"wp:featuredmedia":[{"embeddable":true,"href":"https:\/\/www.poliklinikavukovic.com\/ljekarna\/wp-json\/wp\/v2\/media\/413"}],"wp:attachment":[{"href":"https:\/\/www.poliklinikavukovic.com\/ljekarna\/wp-json\/wp\/v2\/media?parent=412"}],"wp:term":[{"taxonomy":"product_brand","embeddable":true,"href":"https:\/\/www.poliklinikavukovic.com\/ljekarna\/wp-json\/wp\/v2\/product_brand?post=412"},{"taxonomy":"product_cat","embeddable":true,"href":"https:\/\/www.poliklinikavukovic.com\/ljekarna\/wp-json\/wp\/v2\/product_cat?post=412"},{"taxonomy":"product_tag","embeddable":true,"href":"https:\/\/www.poliklinikavukovic.com\/ljekarna\/wp-json\/wp\/v2\/product_tag?post=412"}],"curies":[{"name":"wp","href":"https:\/\/api.w.org\/{rel}","templated":true}]}}