{"id":396,"date":"2025-03-31T17:14:01","date_gmt":"2025-03-31T17:14:01","guid":{"rendered":"https:\/\/www.poliklinikavukovic.com\/ljekarna\/?post_type=product&#038;p=396"},"modified":"2025-03-31T17:14:02","modified_gmt":"2025-03-31T17:14:02","slug":"beauty-age-skin","status":"publish","type":"product","link":"https:\/\/www.poliklinikavukovic.com\/ljekarna\/proizvod\/beauty-age-skin\/","title":{"rendered":"Beauty Age Skin"},"content":{"rendered":"<p class=\"text-body font-regular leading-[24px] pt-[9px] pb-[2px]\" dir=\"ltr\">Beauty Age Skin je napredna krema za njegu ko\u017ee koja je dizajnirana da pomogne va\u0161oj ko\u017ei povratiti mladolik izgled i vitalnost. Ovo nije samo obi\u010dna krema &#8211; to je proizvod koji kombinira sofisticiranu tehnologiju njege ko\u017ee s prirodnim sastojcima, pru\u017eaju\u0107i va\u0161oj ko\u017ei potrebnu hidrataciju, \u010dvrsto\u0107u i regeneraciju.<\/p>\n<p class=\"text-body font-regular leading-[24px] pt-[9px] pb-[2px]\" dir=\"ltr\">Ova jedinstvena formula prikladna je za sve tipove ko\u017ee i idealna je za one koji \u017eele smanjiti pojavu bora, hidratizirati ko\u017eu i pobolj\u0161ati njen ukupni tonus.<\/p>\n<h2 class=\"font-bold text-h3 leading-[40px] pt-[21px] pb-[2px] [&amp;_a]:underline-offset-[6px] [&amp;_.underline]:underline-offset-[6px]\" dir=\"ltr\">Kako djeluje Beauty Age Skin?<\/h2>\n<p class=\"text-body font-regular leading-[24px] pt-[9px] pb-[2px]\" dir=\"ltr\">Beauty Age Skin djeluje putem napredne tehnologije za hidrataciju i regeneraciju. Kada se nanese na ko\u017eu, njezini aktivni sastojci prodiru duboko u epidermis gdje hrane stanice ko\u017ee, poti\u010du njihovu obnovu i pove\u0107avaju proizvodnju kolagena i elastina.<\/p>\n<p class=\"text-body font-regular leading-[24px] pt-[9px] pb-[2px]\" dir=\"ltr\">Rezultat? Va\u0161a ko\u017ea postaje glatka, elasti\u010dna i vidno pomla\u0111ena. Redovitom primjenom ove kreme mo\u017eete o\u010dekivati smanjenje finih linija i bora, kao i zdraviji, prirodniji sjaj ko\u017ee.<\/p>\n<h2 class=\"font-bold text-h3 leading-[40px] pt-[21px] pb-[2px] [&amp;_a]:underline-offset-[6px] [&amp;_.underline]:underline-offset-[6px]\" dir=\"ltr\">Sastav Beauty Age Skin<\/h2>\n<p class=\"text-body font-regular leading-[24px] pt-[9px] pb-[2px]\" dir=\"ltr\">Beauty Age Skin je formulirana od pa\u017eljivo odabranih sastojaka za maksimalne rezultate. Evo detaljnog pregleda sastojaka i njihove funkcije:<\/p>\n<ul class=\"pt-[9px] pb-[2px] pl-[24px] list-inside list-disc pt-[5px]\">\n<li class=\"text-body font-regular leading-[24px] my-[5px] [&amp;&gt;ol]:!pt-0 [&amp;&gt;ol]:!pb-0 [&amp;&gt;ul]:!pt-0 [&amp;&gt;ul]:!pb-0\" value=\"1\"><b><strong class=\"font-bold\">Hijaluronska kiselina:<\/strong><\/b> Sna\u017ean hidratantni sastojak koji poma\u017ee ko\u017ei zadr\u017eati vlagu, smanjuju\u0107i time pojavu bora i ostavljaju\u0107i ko\u017eu revitaliziranom.<\/li>\n<li class=\"text-body font-regular leading-[24px] my-[5px] [&amp;&gt;ol]:!pt-0 [&amp;&gt;ol]:!pb-0 [&amp;&gt;ul]:!pt-0 [&amp;&gt;ul]:!pb-0\" value=\"2\"><b><strong class=\"font-bold\">Mineralne soli:<\/strong><\/b> Poma\u017eu ko\u017ei u odr\u017eavanju optimalne razine hidratacije i \u0161tite je od \u0161tetnih vanjskih utjecaja.<\/li>\n<li class=\"text-body font-regular leading-[24px] my-[5px] [&amp;&gt;ol]:!pt-0 [&amp;&gt;ol]:!pb-0 [&amp;&gt;ul]:!pt-0 [&amp;&gt;ul]:!pb-0\" value=\"3\"><b><strong class=\"font-bold\">Alantoin:<\/strong><\/b> Poznat po svojim regenerativnim svojstvima, ubrzava zacjeljivanje ko\u017ee i smanjuje iritaciju.<\/li>\n<li class=\"text-body font-regular leading-[24px] my-[5px] [&amp;&gt;ol]:!pt-0 [&amp;&gt;ol]:!pb-0 [&amp;&gt;ul]:!pt-0 [&amp;&gt;ul]:!pb-0\" value=\"4\"><b><strong class=\"font-bold\">Kolagen:<\/strong><\/b> Klju\u010dni protein koji osigurava \u010dvrsto\u0107u i elasti\u010dnost ko\u017ee, smanjuju\u0107i znakove starenja.<\/li>\n<li class=\"text-body font-regular leading-[24px] my-[5px] [&amp;&gt;ol]:!pt-0 [&amp;&gt;ol]:!pb-0 [&amp;&gt;ul]:!pt-0 [&amp;&gt;ul]:!pb-0\" value=\"5\"><b><strong class=\"font-bold\">Elastin:<\/strong><\/b> Poma\u017ee ko\u017ei da zadr\u017ei svoju prirodnu elasti\u010dnost i sprje\u010dava gubitak tonusa.<\/li>\n<li class=\"text-body font-regular leading-[24px] my-[5px] [&amp;&gt;ol]:!pt-0 [&amp;&gt;ol]:!pb-0 [&amp;&gt;ul]:!pt-0 [&amp;&gt;ul]:!pb-0\" value=\"6\"><b><strong class=\"font-bold\">Vitaminski kompleks:<\/strong><\/b> Vitamini A, E i C poma\u017eu u borbi protiv slobodnih radikala i pru\u017eaju dodatnu za\u0161titu od prijevremenog starenja ko\u017ee.<\/li>\n<\/ul>\n<h2 class=\"font-bold text-h3 leading-[40px] pt-[21px] pb-[2px] [&amp;_a]:underline-offset-[6px] [&amp;_.underline]:underline-offset-[6px]\" dir=\"ltr\">Beauty Age Skin U\u010dinci i Dobrobiti<\/h2>\n<p class=\"text-body font-regular leading-[24px] pt-[9px] pb-[2px]\" dir=\"ltr\">Kori\u0161tenjem Beauty Age Skin kreme, mo\u017eete o\u010dekivati brojne pozitivne u\u010dinke, uklju\u010duju\u0107i:<\/p>\n<ul class=\"pt-[9px] pb-[2px] pl-[24px] list-inside list-disc pt-[5px]\">\n<li class=\"text-body font-regular leading-[24px] my-[5px] [&amp;&gt;ol]:!pt-0 [&amp;&gt;ol]:!pb-0 [&amp;&gt;ul]:!pt-0 [&amp;&gt;ul]:!pb-0\" value=\"1\">Vidno smanjenje bora i finih linija.<\/li>\n<li class=\"text-body font-regular leading-[24px] my-[5px] [&amp;&gt;ol]:!pt-0 [&amp;&gt;ol]:!pb-0 [&amp;&gt;ul]:!pt-0 [&amp;&gt;ul]:!pb-0\" value=\"2\">Pove\u0107anu hidrataciju i prirodnu blistavost ko\u017ee.<\/li>\n<li class=\"text-body font-regular leading-[24px] my-[5px] [&amp;&gt;ol]:!pt-0 [&amp;&gt;ol]:!pb-0 [&amp;&gt;ul]:!pt-0 [&amp;&gt;ul]:!pb-0\" value=\"3\">Pobolj\u0161anu \u010dvrsto\u0107u i elasti\u010dnost ko\u017ee.<\/li>\n<li class=\"text-body font-regular leading-[24px] my-[5px] [&amp;&gt;ol]:!pt-0 [&amp;&gt;ol]:!pb-0 [&amp;&gt;ul]:!pt-0 [&amp;&gt;ul]:!pb-0\" value=\"4\">Jednolikiji i ravnomjerniji tonus ko\u017ee.<\/li>\n<li class=\"text-body font-regular leading-[24px] my-[5px] [&amp;&gt;ol]:!pt-0 [&amp;&gt;ol]:!pb-0 [&amp;&gt;ul]:!pt-0 [&amp;&gt;ul]:!pb-0\" value=\"5\">Zdravi, mladoliki izgled uz minimalan trud.<\/li>\n<\/ul>\n<h2 class=\"font-bold text-h3 leading-[40px] pt-[21px] pb-[2px] [&amp;_a]:underline-offset-[6px] [&amp;_.underline]:underline-offset-[6px]\" dir=\"ltr\">Beauty Age Skin Upute Za Kori\u0161tenje<\/h2>\n<p class=\"text-body font-regular leading-[24px] pt-[9px] pb-[2px]\" dir=\"ltr\">Za optimalne rezultate, Beauty Age Skin nanesite na sljede\u0107i na\u010din:<\/p>\n<ol class=\"pt-[9px] pb-[2px] pl-[24px] list-inside list-decimal\">\n<li class=\"text-body font-regular leading-[24px] my-[5px] [&amp;&gt;ol]:!pt-0 [&amp;&gt;ol]:!pb-0 [&amp;&gt;ul]:!pt-0 [&amp;&gt;ul]:!pb-0\" value=\"1\">Temeljito o\u010distite lice i nje\u017eno posu\u0161ite ru\u010dnikom.<\/li>\n<li class=\"text-body font-regular leading-[24px] my-[5px] [&amp;&gt;ol]:!pt-0 [&amp;&gt;ol]:!pb-0 [&amp;&gt;ul]:!pt-0 [&amp;&gt;ul]:!pb-0\" value=\"2\">Uzmite malu koli\u010dinu kreme i nanesite je ravnomjerno na lice i vrat.<\/li>\n<li class=\"text-body font-regular leading-[24px] my-[5px] [&amp;&gt;ol]:!pt-0 [&amp;&gt;ol]:!pb-0 [&amp;&gt;ul]:!pt-0 [&amp;&gt;ul]:!pb-0\" value=\"3\">Masirajte laganim kru\u017enim pokretima dok se krema potpuno ne upije.<\/li>\n<li class=\"text-body font-regular leading-[24px] my-[5px] [&amp;&gt;ol]:!pt-0 [&amp;&gt;ol]:!pb-0 [&amp;&gt;ul]:!pt-0 [&amp;&gt;ul]:!pb-0\" value=\"4\">Koristite kremu dva puta dnevno &#8211; ujutro i nave\u010der.<\/li>\n<\/ol>\n<p class=\"text-body font-regular leading-[24px] pt-[9px] pb-[2px]\" dir=\"ltr\">Pravilna i dosljedna rutina osigurat \u0107e najbolje rezultate.<\/p>\n<h2 class=\"font-bold text-h3 leading-[40px] pt-[21px] pb-[2px] [&amp;_a]:underline-offset-[6px] [&amp;_.underline]:underline-offset-[6px]\" dir=\"ltr\">Beauty Age Skin Kontraindikacije i Nuspojave<\/h2>\n<p class=\"text-body font-regular leading-[24px] pt-[9px] pb-[2px]\" dir=\"ltr\">Jedna od velikih prednosti Beauty Age Skin kreme je da nema poznatih kontraindikacija ni nuspojava. Proizvod je potpuno siguran za kori\u0161tenje i ne izaziva iritacije.<\/p>\n<p class=\"text-body font-regular leading-[24px] pt-[9px] pb-[2px]\" dir=\"ltr\">Me\u0111utim, nije preporu\u010dljivo koristiti kremu kod djece, trudnica, dojilja i osoba s kroni\u010dnim bolestima, osim uz savjet lije\u010dnika.<\/p>\n<h2 class=\"font-bold text-h3 leading-[40px] pt-[21px] pb-[2px] [&amp;_a]:underline-offset-[6px] [&amp;_.underline]:underline-offset-[6px]\" dir=\"ltr\">Beauty Age Skin Iskustva<\/h2>\n<p class=\"text-body font-regular leading-[24px] pt-[9px] pb-[2px]\" dir=\"ltr\">Korisnici su odu\u0161evljeni rezultatima koje su postigli uz Beauty Age Skin. Evo \u0161to neki od njih ka\u017eu:<\/p>\n<p class=\"text-body font-regular leading-[24px] pt-[9px] pb-[2px]\" dir=\"ltr\"><b><strong class=\"font-bold\">Eva, Zagreb:<\/strong><\/b> &#8220;Koristim Beauty Age Skin ve\u0107 mjesec dana i prezadovoljna sam! Bore su mi se smanjile, a ko\u017ea mi nikad nije izgledala tako glatko.&#8221;<\/p>\n<p class=\"text-body font-regular leading-[24px] pt-[9px] pb-[2px]\" dir=\"ltr\"><b><strong class=\"font-bold\">Mira, Split:<\/strong><\/b> &#8220;Puno sam isprobala, ali ovo je dosad najbolja krema za hidrataciju. Lagana je, a u\u010dinak je fantasti\u010dan.&#8221;<\/p>\n<p class=\"text-body font-regular leading-[24px] pt-[9px] pb-[2px]\" dir=\"ltr\"><b><strong class=\"font-bold\">Ivana, Osijek:<\/strong><\/b> &#8220;Nevjerojatno je koliko je moja ko\u017ea poprimila sjaj. Svima bih preporu\u010dila Beauty Age Skin!&#8221;<\/p>\n<h2 class=\"font-bold text-h3 leading-[40px] pt-[21px] pb-[2px] [&amp;_a]:underline-offset-[6px] [&amp;_.underline]:underline-offset-[6px]\" dir=\"ltr\">Gdje kupiti Beauty Age Skin u Hrvatskoj? Ljekarna, DM, Nju\u0161kalo<\/h2>\n<p class=\"text-body font-regular leading-[24px] pt-[9px] pb-[2px]\" dir=\"ltr\">Beauty Age Skin dostupan je isklju\u010divo na slu\u017ebenoj web stranici proizvo\u0111a\u010da. Ovaj na\u010din distribucije osigurava autenti\u010dnost proizvoda i omogu\u0107ava vam da dobijete najbolju cijenu.<\/p>\n<p class=\"text-body font-regular leading-[24px] pt-[9px] pb-[2px]\" dir=\"ltr\">Izbjegnite la\u017ene proizvode na neprovjerenim platformama poput DMa i Nju\u0161kala te naru\u010dite samo sa slu\u017ebene stranice!<\/p>\n<h2 class=\"font-bold text-h3 leading-[40px] pt-[21px] pb-[2px] [&amp;_a]:underline-offset-[6px] [&amp;_.underline]:underline-offset-[6px]\" dir=\"ltr\">Koliko ko\u0161ta Beauty Age Skin? Cijena?<\/h2>\n<p class=\"text-body font-regular leading-[24px] pt-[9px] pb-[2px]\" dir=\"ltr\">Cijena Beauty Age Skin kreme iznosi samo 39 eura. U usporedbi s rezultatima koje pru\u017ea, ova cijena predstavlja sjajnu vrijednost za novac.<\/p>\n<h2 class=\"font-bold text-h3 leading-[40px] pt-[21px] pb-[2px] [&amp;_a]:underline-offset-[6px] [&amp;_.underline]:underline-offset-[6px]\" dir=\"ltr\">\u010cesto postavljana pitanja<\/h2>\n<p class=\"text-body font-regular leading-[24px] pt-[9px] pb-[2px]\" dir=\"ltr\"><b><strong class=\"font-bold\">Je li Beauty Age Skin prikladna za osjetljivu ko\u017eu?<\/strong><\/b><\/p>\n<p class=\"text-body font-regular leading-[24px] pt-[9px] pb-[2px]\" dir=\"ltr\">Da, krema je formulirana tako da odgovara svim tipovima ko\u017ee, uklju\u010duju\u0107i i osjetljivu.<\/p>\n<p class=\"text-body font-regular leading-[24px] pt-[9px] pb-[2px]\" dir=\"ltr\"><b><strong class=\"font-bold\">Koliko \u010desto trebam koristiti Beauty Age Skin?<\/strong><\/b><\/p>\n<p class=\"text-body font-regular leading-[24px] pt-[9px] pb-[2px]\" dir=\"ltr\">Preporu\u010duje se kori\u0161tenje dva puta dnevno, ujutro i nave\u010der, za optimalne rezultate.<\/p>\n<p class=\"text-body font-regular leading-[24px] pt-[9px] pb-[2px]\" dir=\"ltr\"><b><strong class=\"font-bold\">Koliko vremena je potrebno da se vide rezultati?<\/strong><\/b><\/p>\n<p class=\"text-body font-regular leading-[24px] pt-[9px] pb-[2px]\" dir=\"ltr\">Ve\u0107 nakon prvog tjedna primijetit \u0107ete zna\u010dajna pobolj\u0161anja, dok su najbolje rezultate vidljivi nakon mjesec dana redovite upotrebe.<\/p>\n<p class=\"text-body font-regular leading-[24px] pt-[9px] pb-[2px]\" dir=\"ltr\"><b><strong class=\"font-bold\">Mogu li naru\u010diti Beauty Age Skin izvan Hrvatske?<\/strong><\/b><\/p>\n<p class=\"text-body font-regular leading-[24px] pt-[9px] pb-[2px]\" dir=\"ltr\">Da, mogu\u0107e je naru\u010diti ovu kremu i izvan Hrvatske putem slu\u017ebene web stranice proizvo\u0111a\u010da.<\/p>\n","protected":false},"excerpt":{"rendered":"<p>Beauty Age Skin je napredna krema za njegu ko\u017ee koja je dizajnirana da pomogne va\u0161oj ko\u017ei povratiti mladolik izgled i vitalnost. Ovo nije samo obi\u010dna krema &#8211; to je proizvod koji kombinira sofisticiranu tehnologiju njege ko\u017ee s prirodnim sastojcima, pru\u017eaju\u0107i va\u0161oj ko\u017ei potrebnu hidrataciju, \u010dvrsto\u0107u i regeneraciju. Ova jedinstvena formula prikladna je za sve tipove&#8230;<\/p>\n","protected":false},"featured_media":397,"template":"","meta":{"_kad_post_transparent":"default","_kad_post_title":"","_kad_post_layout":"default","_kad_post_sidebar_id":"","_kad_post_content_style":"default","_kad_post_vertical_padding":"default","_kad_post_feature":"","_kad_post_feature_position":"","_kad_post_header":false,"_kad_post_footer":false,"_kad_post_classname":"","iawp_total_views":3},"product_brand":[],"product_cat":[15],"product_tag":[],"class_list":{"0":"post-396","1":"product","2":"type-product","3":"status-publish","4":"has-post-thumbnail","6":"product_cat-zdravlje","8":"first","9":"instock","10":"sale","11":"shipping-taxable","12":"purchasable","13":"product-type-simple","14":"entry","15":"content-bg","16":"loop-entry"},"_links":{"self":[{"href":"https:\/\/www.poliklinikavukovic.com\/ljekarna\/wp-json\/wp\/v2\/product\/396","targetHints":{"allow":["GET"]}}],"collection":[{"href":"https:\/\/www.poliklinikavukovic.com\/ljekarna\/wp-json\/wp\/v2\/product"}],"about":[{"href":"https:\/\/www.poliklinikavukovic.com\/ljekarna\/wp-json\/wp\/v2\/types\/product"}],"wp:featuredmedia":[{"embeddable":true,"href":"https:\/\/www.poliklinikavukovic.com\/ljekarna\/wp-json\/wp\/v2\/media\/397"}],"wp:attachment":[{"href":"https:\/\/www.poliklinikavukovic.com\/ljekarna\/wp-json\/wp\/v2\/media?parent=396"}],"wp:term":[{"taxonomy":"product_brand","embeddable":true,"href":"https:\/\/www.poliklinikavukovic.com\/ljekarna\/wp-json\/wp\/v2\/product_brand?post=396"},{"taxonomy":"product_cat","embeddable":true,"href":"https:\/\/www.poliklinikavukovic.com\/ljekarna\/wp-json\/wp\/v2\/product_cat?post=396"},{"taxonomy":"product_tag","embeddable":true,"href":"https:\/\/www.poliklinikavukovic.com\/ljekarna\/wp-json\/wp\/v2\/product_tag?post=396"}],"curies":[{"name":"wp","href":"https:\/\/api.w.org\/{rel}","templated":true}]}}