{"id":394,"date":"2025-03-31T17:10:26","date_gmt":"2025-03-31T17:10:26","guid":{"rendered":"https:\/\/www.poliklinikavukovic.com\/ljekarna\/?post_type=product&#038;p=394"},"modified":"2025-03-31T17:14:41","modified_gmt":"2025-03-31T17:14:41","slug":"cardio-zen","status":"publish","type":"product","link":"https:\/\/www.poliklinikavukovic.com\/ljekarna\/proizvod\/cardio-zen\/","title":{"rendered":"Cardio Zen"},"content":{"rendered":"<p class=\"text-body font-regular leading-[24px] pt-[9px] pb-[2px]\" dir=\"ltr\">Cardio Zen su kapsule razvijene kako bi pomogle ljudima koji se bore s hipertenzijom (povi\u0161enim krvnim tlakom). Ovaj proizvod kombinira visokokvalitetne prirodne sastojke koji podr\u017eavaju normalizaciju krvnog tlaka i op\u0107enito zdravlje kardiovaskularnog sustava. Uz redovitu upotrebu, Cardio Zen poma\u017ee odr\u017eavanju idealnih vrijednosti krvnog tlaka i doprinosi op\u0107oj dobrobiti tijela.<\/p>\n<p class=\"text-body font-regular leading-[24px] pt-[9px] pb-[2px]\" dir=\"ltr\">Ako patite od umora, glavobolje, ubrzanog rada srca ili drugih simptoma povezanih s hipertenzijom, Cardio Zen bi mogao biti upravo ono \u0161to trebate.<\/p>\n<h2 class=\"font-bold text-h3 leading-[40px] pt-[21px] pb-[2px] [&amp;_a]:underline-offset-[6px] [&amp;_.underline]:underline-offset-[6px]\" dir=\"ltr\">Kako djeluje Cardio Zen?<\/h2>\n<p class=\"text-body font-regular leading-[24px] pt-[9px] pb-[2px]\" dir=\"ltr\">Cardio Zen djeluje tako \u0161to poma\u017ee kontrolirati faktore koji doprinose povi\u0161enom krvnom tlaku. Njegova pa\u017eljivo razvijena formula ima vi\u0161estruki u\u010dinak na tijelo:<\/p>\n<ul class=\"pt-[9px] pb-[2px] pl-[24px] list-inside list-disc pt-[5px]\">\n<li class=\"text-body font-regular leading-[24px] my-[5px] [&amp;&gt;ol]:!pt-0 [&amp;&gt;ol]:!pb-0 [&amp;&gt;ul]:!pt-0 [&amp;&gt;ul]:!pb-0\" value=\"1\">Podr\u017eava \u0161irenje krvnih \u017eila, omogu\u0107uju\u0107i bolji protok krvi.<\/li>\n<li class=\"text-body font-regular leading-[24px] my-[5px] [&amp;&gt;ol]:!pt-0 [&amp;&gt;ol]:!pb-0 [&amp;&gt;ul]:!pt-0 [&amp;&gt;ul]:!pb-0\" value=\"2\">Smanjuje napetost u krvnim \u017eilama, \u010dime se sprje\u010dava daljnji porast tlaka.<\/li>\n<li class=\"text-body font-regular leading-[24px] my-[5px] [&amp;&gt;ol]:!pt-0 [&amp;&gt;ol]:!pb-0 [&amp;&gt;ul]:!pt-0 [&amp;&gt;ul]:!pb-0\" value=\"3\">Ja\u010da zdravlje srca i poma\u017ee u regulaciji otkucaja srca.<\/li>\n<li class=\"text-body font-regular leading-[24px] my-[5px] [&amp;&gt;ol]:!pt-0 [&amp;&gt;ol]:!pb-0 [&amp;&gt;ul]:!pt-0 [&amp;&gt;ul]:!pb-0\" value=\"4\">Doprinosi smanjenju stresa i pospje\u0161uje opu\u0161tanje tijela, \u0161to je klju\u010dno za zdrav kardiovaskularni sustav.<\/li>\n<\/ul>\n<p class=\"text-body font-regular leading-[24px] pt-[9px] pb-[2px]\" dir=\"ltr\">Uz sustavno kori\u0161tenje, Cardio Zen poma\u017ee korisnicima kontrolirati hipertenziju bez potrebe za invazivnim metodama.<\/p>\n<h2 class=\"font-bold text-h3 leading-[40px] pt-[21px] pb-[2px] [&amp;_a]:underline-offset-[6px] [&amp;_.underline]:underline-offset-[6px]\" dir=\"ltr\">Cardio Zen Sastav<\/h2>\n<p class=\"text-body font-regular leading-[24px] pt-[9px] pb-[2px]\" dir=\"ltr\">Jedna od klju\u010dnih prednosti Cardio Zena su njegovi prirodni sastojci, pa\u017eljivo odabrani kako bi pru\u017eili maksimalnu u\u010dinkovitost. Evo detalja o glavnim sastojcima:<\/p>\n<ul class=\"pt-[9px] pb-[2px] pl-[24px] list-inside list-disc pt-[5px]\">\n<li class=\"text-body font-regular leading-[24px] my-[5px] [&amp;&gt;ol]:!pt-0 [&amp;&gt;ol]:!pb-0 [&amp;&gt;ul]:!pt-0 [&amp;&gt;ul]:!pb-0\" value=\"1\"><b><strong class=\"font-bold\">Ekstrakt gloga<\/strong><\/b> \u2013 Poznat po svom u\u010dinku na zdravlje srca, glog poma\u017ee pro\u0161iriti krvne \u017eile, pobolj\u0161ava cirkulaciju i \u0161titi sr\u010dani mi\u0161i\u0107.<\/li>\n<li class=\"text-body font-regular leading-[24px] my-[5px] [&amp;&gt;ol]:!pt-0 [&amp;&gt;ol]:!pb-0 [&amp;&gt;ul]:!pt-0 [&amp;&gt;ul]:!pb-0\" value=\"2\"><b><strong class=\"font-bold\">Ekstrakt maslinovog lista<\/strong><\/b> \u2013 Ovaj mo\u0107ni antioksidans smanjuje oksidativni stres i poma\u017ee u normalizaciji krvnog tlaka.<\/li>\n<li class=\"text-body font-regular leading-[24px] my-[5px] [&amp;&gt;ol]:!pt-0 [&amp;&gt;ol]:!pb-0 [&amp;&gt;ul]:!pt-0 [&amp;&gt;ul]:!pb-0\" value=\"3\"><b><strong class=\"font-bold\">Vitamin C<\/strong><\/b> \u2013 Klju\u010dan za ja\u010danje imunolo\u0161kog sustava, \u0161titi krvne \u017eile od o\u0161te\u0107enja i pobolj\u0161ava elasti\u010dnost arterija.<\/li>\n<li class=\"text-body font-regular leading-[24px] my-[5px] [&amp;&gt;ol]:!pt-0 [&amp;&gt;ol]:!pb-0 [&amp;&gt;ul]:!pt-0 [&amp;&gt;ul]:!pb-0\" value=\"4\"><b><strong class=\"font-bold\">Magnezij<\/strong><\/b> \u2013 Pru\u017ea podr\u0161ku mi\u0161i\u0107nom tkivu, uklju\u010duju\u0107i sr\u010dani mi\u0161i\u0107, reguliraju\u0107i njegov rad i doprinosi ravnote\u017ei elektrolita.<\/li>\n<li class=\"text-body font-regular leading-[24px] my-[5px] [&amp;&gt;ol]:!pt-0 [&amp;&gt;ol]:!pb-0 [&amp;&gt;ul]:!pt-0 [&amp;&gt;ul]:!pb-0\" value=\"5\"><b><strong class=\"font-bold\">Koenzim Q10<\/strong><\/b> \u2013 Osnovan za proizvodnju energije, poma\u017ee u smanjenju umora i pospje\u0161uje rad srca.<\/li>\n<\/ul>\n<h2 class=\"font-bold text-h3 leading-[40px] pt-[21px] pb-[2px] [&amp;_a]:underline-offset-[6px] [&amp;_.underline]:underline-offset-[6px]\" dir=\"ltr\">Cardio Zen U\u010dinci i Dobrobiti<\/h2>\n<p class=\"text-body font-regular leading-[24px] pt-[9px] pb-[2px]\" dir=\"ltr\">Cardio Zen pru\u017ea brojne u\u010dinke i dobrobiti za zdravlje, uklju\u010duju\u0107i:<\/p>\n<ul class=\"pt-[9px] pb-[2px] pl-[24px] list-inside list-disc pt-[5px]\">\n<li class=\"text-body font-regular leading-[24px] my-[5px] [&amp;&gt;ol]:!pt-0 [&amp;&gt;ol]:!pb-0 [&amp;&gt;ul]:!pt-0 [&amp;&gt;ul]:!pb-0\" value=\"1\">Normalizaciju krvnog tlaka.<\/li>\n<li class=\"text-body font-regular leading-[24px] my-[5px] [&amp;&gt;ol]:!pt-0 [&amp;&gt;ol]:!pb-0 [&amp;&gt;ul]:!pt-0 [&amp;&gt;ul]:!pb-0\" value=\"2\">Ja\u010danje zdravlja srca i krvnih \u017eila.<\/li>\n<li class=\"text-body font-regular leading-[24px] my-[5px] [&amp;&gt;ol]:!pt-0 [&amp;&gt;ol]:!pb-0 [&amp;&gt;ul]:!pt-0 [&amp;&gt;ul]:!pb-0\" value=\"3\">Smanjenje rizika od sr\u010danih bolesti i mo\u017edanog udara.<\/li>\n<li class=\"text-body font-regular leading-[24px] my-[5px] [&amp;&gt;ol]:!pt-0 [&amp;&gt;ol]:!pb-0 [&amp;&gt;ul]:!pt-0 [&amp;&gt;ul]:!pb-0\" value=\"4\">Pobolj\u0161anje razine energije i smanjenje umora.<\/li>\n<li class=\"text-body font-regular leading-[24px] my-[5px] [&amp;&gt;ol]:!pt-0 [&amp;&gt;ol]:!pb-0 [&amp;&gt;ul]:!pt-0 [&amp;&gt;ul]:!pb-0\" value=\"5\">Bolje upravljanje stresom i emocionalnim opu\u0161tanjem.<\/li>\n<\/ul>\n<p class=\"text-body font-regular leading-[24px] pt-[9px] pb-[2px]\" dir=\"ltr\">Ova kombinacija utjecaja \u010dini Cardio Zen idealnim za one koji \u017eele holisti\u010dki pristup kardiovaskularnom zdravlju.<\/p>\n<h2 class=\"font-bold text-h3 leading-[40px] pt-[21px] pb-[2px] [&amp;_a]:underline-offset-[6px] [&amp;_.underline]:underline-offset-[6px]\" dir=\"ltr\">Cardio Zen Upute Za Kori\u0161tenje<\/h2>\n<p class=\"text-body font-regular leading-[24px] pt-[9px] pb-[2px]\" dir=\"ltr\">Kori\u0161tenje Cardio Zena je jednostavno i prakti\u010dno. Evo uputa:<\/p>\n<ol class=\"pt-[9px] pb-[2px] pl-[24px] list-inside list-decimal\">\n<li class=\"text-body font-regular leading-[24px] my-[5px] [&amp;&gt;ol]:!pt-0 [&amp;&gt;ol]:!pb-0 [&amp;&gt;ul]:!pt-0 [&amp;&gt;ul]:!pb-0\" value=\"1\">Uzeti <b><strong class=\"font-bold\">jednu kapsulu dva puta dnevno<\/strong><\/b> s \u010da\u0161om vode.<\/li>\n<li class=\"text-body font-regular leading-[24px] my-[5px] [&amp;&gt;ol]:!pt-0 [&amp;&gt;ol]:!pb-0 [&amp;&gt;ul]:!pt-0 [&amp;&gt;ul]:!pb-0\" value=\"2\">Preporu\u010duje se uzimati kapsule prije obroka za optimalnu apsorpciju.<\/li>\n<li class=\"text-body font-regular leading-[24px] my-[5px] [&amp;&gt;ol]:!pt-0 [&amp;&gt;ol]:!pb-0 [&amp;&gt;ul]:!pt-0 [&amp;&gt;ul]:!pb-0\" value=\"3\">Nastaviti s redovitom upotrebom kako bi se postigli dugoro\u010dni u\u010dinci.<\/li>\n<\/ol>\n<h2 class=\"font-bold text-h3 leading-[40px] pt-[21px] pb-[2px] [&amp;_a]:underline-offset-[6px] [&amp;_.underline]:underline-offset-[6px]\" dir=\"ltr\">Cardio Zen Kontraindikacije i Nuspojave<\/h2>\n<p class=\"text-body font-regular leading-[24px] pt-[9px] pb-[2px]\" dir=\"ltr\">Cardio Zen je siguran za uporabu i nema poznatih nuspojava. Ipak, postoje odre\u0111ene skupine osoba kojima se ne preporu\u010duje kori\u0161tenje:<\/p>\n<ul class=\"pt-[9px] pb-[2px] pl-[24px] list-inside list-disc pt-[5px]\">\n<li class=\"text-body font-regular leading-[24px] my-[5px] [&amp;&gt;ol]:!pt-0 [&amp;&gt;ol]:!pb-0 [&amp;&gt;ul]:!pt-0 [&amp;&gt;ul]:!pb-0\" value=\"1\">Djeca.<\/li>\n<li class=\"text-body font-regular leading-[24px] my-[5px] [&amp;&gt;ol]:!pt-0 [&amp;&gt;ol]:!pb-0 [&amp;&gt;ul]:!pt-0 [&amp;&gt;ul]:!pb-0\" value=\"2\">Trudnice i dojilje.<\/li>\n<li class=\"text-body font-regular leading-[24px] my-[5px] [&amp;&gt;ol]:!pt-0 [&amp;&gt;ol]:!pb-0 [&amp;&gt;ul]:!pt-0 [&amp;&gt;ul]:!pb-0\" value=\"3\">Osobe s ozbiljnim kroni\u010dnim bolestima (bez konzultacija s lije\u010dnikom).<\/li>\n<\/ul>\n<h2 class=\"font-bold text-h3 leading-[40px] pt-[21px] pb-[2px] [&amp;_a]:underline-offset-[6px] [&amp;_.underline]:underline-offset-[6px]\" dir=\"ltr\">Cardio Zen Iskustva<\/h2>\n<p class=\"text-body font-regular leading-[24px] pt-[9px] pb-[2px]\" dir=\"ltr\">Pozitivna iskustva korisnika potvr\u0111uju u\u010dinkovitost i sigurnost Cardio Zena. Evo \u0161to ka\u017eu neki od zadovoljnih korisnika:<\/p>\n<p class=\"text-body font-regular leading-[24px] pt-[9px] pb-[2px]\" dir=\"ltr\"><b><strong class=\"font-bold\">Ana, 52 godine:<\/strong><\/b> &#8220;Moj krvni tlak nikad nije bio stabilan, ali nakon kori\u0161tenja Cardio Zena osje\u0107am se bolje i zadnji kontrolni pregled pokazao je savr\u0161ene rezultate.&#8221;<\/p>\n<p class=\"text-body font-regular leading-[24px] pt-[9px] pb-[2px]\" dir=\"ltr\"><b><strong class=\"font-bold\">Marko, 45 godina:<\/strong><\/b> &#8220;U po\u010detku sam bio skepti\u010dan, ali nakon nekoliko tjedana kori\u0161tenja uvidio sam razliku. Vi\u0161e nema neugodnog osje\u0107aja u prsima i krvni tlak mi je kona\u010dno pod kontrolom.&#8221;<\/p>\n<p class=\"text-body font-regular leading-[24px] pt-[9px] pb-[2px]\" dir=\"ltr\"><b><strong class=\"font-bold\">Ivana, 60 godina:<\/strong><\/b> &#8220;Stres me stalno mu\u010dio, \u0161to je dodatno pogor\u0161alo moj tlak. Cardio Zen mi je pomogao smiriti se, a tlak je danas u granicama normale.&#8221;<\/p>\n<h2 class=\"font-bold text-h3 leading-[40px] pt-[21px] pb-[2px] [&amp;_a]:underline-offset-[6px] [&amp;_.underline]:underline-offset-[6px]\" dir=\"ltr\">Gdje kupiti Cardio Zen u Hrvatskoj? Ljekarna, DM, Nju\u0161kalo<\/h2>\n<p class=\"text-body font-regular leading-[24px] pt-[9px] pb-[2px]\" dir=\"ltr\">Cardio Zen se mo\u017ee kupiti isklju\u010divo putem slu\u017ebene web stranice proizvo\u0111a\u010da. Ovo osigurava:<\/p>\n<ul class=\"pt-[9px] pb-[2px] pl-[24px] list-inside list-disc pt-[5px]\">\n<li class=\"text-body font-regular leading-[24px] my-[5px] [&amp;&gt;ol]:!pt-0 [&amp;&gt;ol]:!pb-0 [&amp;&gt;ul]:!pt-0 [&amp;&gt;ul]:!pb-0\" value=\"1\">Originalnost proizvoda.<\/li>\n<li class=\"text-body font-regular leading-[24px] my-[5px] [&amp;&gt;ol]:!pt-0 [&amp;&gt;ol]:!pb-0 [&amp;&gt;ul]:!pt-0 [&amp;&gt;ul]:!pb-0\" value=\"2\">Najpovoljniju cijenu bez dodatnih mar\u017ei posrednika.<\/li>\n<li class=\"text-body font-regular leading-[24px] my-[5px] [&amp;&gt;ol]:!pt-0 [&amp;&gt;ol]:!pb-0 [&amp;&gt;ul]:!pt-0 [&amp;&gt;ul]:!pb-0\" value=\"3\">Sigurnost prilikom kupovine.<\/li>\n<\/ul>\n<p class=\"text-body font-regular leading-[24px] pt-[9px] pb-[2px]\" dir=\"ltr\">Ovakav pristup garantira najbolju korisni\u010dku uslugu i jamstvo povrata novca.<\/p>\n<h2 class=\"font-bold text-h3 leading-[40px] pt-[21px] pb-[2px] [&amp;_a]:underline-offset-[6px] [&amp;_.underline]:underline-offset-[6px]\" dir=\"ltr\">Koliko ko\u0161ta Cardio Zen? Cijena?<\/h2>\n<p class=\"text-body font-regular leading-[24px] pt-[9px] pb-[2px]\" dir=\"ltr\">Cijena Cardio Zena iznosi <b><strong class=\"font-bold\">39 eura<\/strong><\/b>. Uz \u010deste promocije i popuste na web stranici proizvo\u0111a\u010da, mo\u017eete dodatno u\u0161tedjeti.<\/p>\n<h2 class=\"font-bold text-h3 leading-[40px] pt-[21px] pb-[2px] [&amp;_a]:underline-offset-[6px] [&amp;_.underline]:underline-offset-[6px]\" dir=\"ltr\">\u010cesto postavljana pitanja<\/h2>\n<h3 class=\"font-bold text-h4 leading-[30px] pt-[15px] pb-[2px] [&amp;_a]:underline-offset-[6px] [&amp;_.underline]:underline-offset-[6px]\" dir=\"ltr\">Je li Cardio Zen pogodan za svakodnevnu uporabu?<\/h3>\n<p class=\"text-body font-regular leading-[24px] pt-[9px] pb-[2px]\" dir=\"ltr\">Da, Cardio Zen je dizajniran za svakodnevnu uporabu kako bi pru\u017eio dugoro\u010dne benefite.<\/p>\n<h3 class=\"font-bold text-h4 leading-[30px] pt-[15px] pb-[2px] [&amp;_a]:underline-offset-[6px] [&amp;_.underline]:underline-offset-[6px]\" dir=\"ltr\">Koliko brzo se mogu o\u010dekivati rezultati?<\/h3>\n<p class=\"text-body font-regular leading-[24px] pt-[9px] pb-[2px]\" dir=\"ltr\">Rezultati variraju od osobe do osobe, ali mnogi korisnici primijete promjene ve\u0107 unutar prvih nekoliko tjedana.<\/p>\n<h3 class=\"font-bold text-h4 leading-[30px] pt-[15px] pb-[2px] [&amp;_a]:underline-offset-[6px] [&amp;_.underline]:underline-offset-[6px]\" dir=\"ltr\">Je li proizvod prirodan?<\/h3>\n<p class=\"text-body font-regular leading-[24px] pt-[9px] pb-[2px]\" dir=\"ltr\">Da, Cardio Zen sadr\u017ei isklju\u010divo prirodne sastojke koji podr\u017eavaju zdravlje.<\/p>\n<p class=\"text-body font-regular leading-[24px] pt-[9px] pb-[2px]\" dir=\"ltr\"><b><strong class=\"font-bold\">Zaklju\u010dak<\/strong><\/b><\/p>\n<p class=\"text-body font-regular leading-[24px] pt-[9px] pb-[2px]\" dir=\"ltr\">Cardio Zen je prirodno, u\u010dinkovito rje\u0161enje za one koji se bore s visokim krvnim tlakom. Uz njegovu stru\u010dnu razvojnu formulaciju i pozitivna iskustva korisnika, ovo je proizvod koji vrijedi isprobati.<\/p>\n","protected":false},"excerpt":{"rendered":"<p>Cardio Zen su kapsule razvijene kako bi pomogle ljudima koji se bore s hipertenzijom (povi\u0161enim krvnim tlakom). Ovaj proizvod kombinira visokokvalitetne prirodne sastojke koji podr\u017eavaju normalizaciju krvnog tlaka i op\u0107enito zdravlje kardiovaskularnog sustava. Uz redovitu upotrebu, Cardio Zen poma\u017ee odr\u017eavanju idealnih vrijednosti krvnog tlaka i doprinosi op\u0107oj dobrobiti tijela. Ako patite od umora, glavobolje, ubrzanog&#8230;<\/p>\n","protected":false},"featured_media":395,"template":"","meta":{"_kad_post_transparent":"default","_kad_post_title":"","_kad_post_layout":"default","_kad_post_sidebar_id":"","_kad_post_content_style":"default","_kad_post_vertical_padding":"default","_kad_post_feature":"","_kad_post_feature_position":"","_kad_post_header":false,"_kad_post_footer":false,"_kad_post_classname":"","iawp_total_views":3},"product_brand":[],"product_cat":[15],"product_tag":[],"class_list":{"0":"post-394","1":"product","2":"type-product","3":"status-publish","4":"has-post-thumbnail","6":"product_cat-zdravlje","8":"first","9":"instock","10":"sale","11":"shipping-taxable","12":"purchasable","13":"product-type-simple","14":"entry","15":"content-bg","16":"loop-entry"},"_links":{"self":[{"href":"https:\/\/www.poliklinikavukovic.com\/ljekarna\/wp-json\/wp\/v2\/product\/394","targetHints":{"allow":["GET"]}}],"collection":[{"href":"https:\/\/www.poliklinikavukovic.com\/ljekarna\/wp-json\/wp\/v2\/product"}],"about":[{"href":"https:\/\/www.poliklinikavukovic.com\/ljekarna\/wp-json\/wp\/v2\/types\/product"}],"wp:featuredmedia":[{"embeddable":true,"href":"https:\/\/www.poliklinikavukovic.com\/ljekarna\/wp-json\/wp\/v2\/media\/395"}],"wp:attachment":[{"href":"https:\/\/www.poliklinikavukovic.com\/ljekarna\/wp-json\/wp\/v2\/media?parent=394"}],"wp:term":[{"taxonomy":"product_brand","embeddable":true,"href":"https:\/\/www.poliklinikavukovic.com\/ljekarna\/wp-json\/wp\/v2\/product_brand?post=394"},{"taxonomy":"product_cat","embeddable":true,"href":"https:\/\/www.poliklinikavukovic.com\/ljekarna\/wp-json\/wp\/v2\/product_cat?post=394"},{"taxonomy":"product_tag","embeddable":true,"href":"https:\/\/www.poliklinikavukovic.com\/ljekarna\/wp-json\/wp\/v2\/product_tag?post=394"}],"curies":[{"name":"wp","href":"https:\/\/api.w.org\/{rel}","templated":true}]}}