{"id":380,"date":"2025-03-22T19:04:49","date_gmt":"2025-03-22T19:04:49","guid":{"rendered":"https:\/\/www.poliklinikavukovic.com\/ljekarna\/?post_type=product&#038;p=380"},"modified":"2025-03-22T19:04:49","modified_gmt":"2025-03-22T19:04:49","slug":"cy-relief","status":"publish","type":"product","link":"https:\/\/www.poliklinikavukovic.com\/ljekarna\/proizvod\/cy-relief\/","title":{"rendered":"Cy Relief"},"content":{"rendered":"<p class=\"text-body font-regular leading-[24px] pt-[9px] pb-[2px]\" dir=\"ltr\">Cy Relief je dodatak prehrani posebno formuliran za borbu protiv cistitisa. Njegova je svrha olak\u0161ati simptome poput u\u010destalog mokrenja, peckanja ili nelagode, istovremeno djeluju\u0107i na uzroke ovih problema. Zahvaljuju\u0107i naprednoj formulaciji, Cy Relief je pogodan izbor za one koji tra\u017ee prirodnije i djelotvornije rje\u0161enje za zdravlje mokra\u0107nog sustava.<\/p>\n<h2 class=\"font-bold text-h3 leading-[40px] pt-[21px] pb-[2px] [&amp;_a]:underline-offset-[6px] [&amp;_.underline]:underline-offset-[6px]\" dir=\"ltr\">Kako djeluje Cy Relief?<\/h2>\n<p class=\"text-body font-regular leading-[24px] pt-[9px] pb-[2px]\" dir=\"ltr\">Cy Relief djeluje tako da pru\u017ea kombinirani pristup za ubla\u017eavanje trenutnih simptoma i sprje\u010davanje recidiva. Proizvod doprinosi smanjenju iritacije i upale zahvaljuju\u0107i svojim aktivnim sastojcima koji imaju antibakterijska i protuupalna svojstva. Tako\u0111er stvara nepovoljno okru\u017eenje za rast bakterija u mokra\u0107nom sustavu, \u010dine\u0107i ga iznimno u\u010dinkovitim alatom u borbi protiv cistitisa.<\/p>\n<h2 class=\"font-bold text-h3 leading-[40px] pt-[21px] pb-[2px] [&amp;_a]:underline-offset-[6px] [&amp;_.underline]:underline-offset-[6px]\" dir=\"ltr\">Cy Relief Sastav<\/h2>\n<p class=\"text-body font-regular leading-[24px] pt-[9px] pb-[2px]\" dir=\"ltr\">Jedna od najve\u0107ih prednosti Cy Relief-a jest njegov pa\u017eljivo odabrani sastav koji se temelji na prirodnim i klini\u010dki istra\u017eenim sastojcima. Evo detaljnog pregleda sastojaka:<\/p>\n<ul class=\"pt-[9px] pb-[2px] pl-[24px] list-inside list-disc pt-[5px]\">\n<li class=\"text-body font-regular leading-[24px] my-[5px] [&amp;&gt;ol]:!pt-0 [&amp;&gt;ol]:!pb-0 [&amp;&gt;ul]:!pt-0 [&amp;&gt;ul]:!pb-0\" value=\"1\"><b><strong class=\"font-bold\">Ekstrakt brusnice<\/strong><\/b><\/li>\n<\/ul>\n<p class=\"text-body font-regular leading-[24px] pt-[9px] pb-[2px]\" dir=\"ltr\">Bogat izvor proantocijanidina koji sprje\u010davaju pridr\u017eavanje bakterija uz zidove mokra\u0107nog mjehura, \u010dime smanjuje mogu\u0107nost infekcije.<\/p>\n<ul class=\"pt-[9px] pb-[2px] pl-[24px] list-inside list-disc pt-[5px]\">\n<li class=\"text-body font-regular leading-[24px] my-[5px] [&amp;&gt;ol]:!pt-0 [&amp;&gt;ol]:!pb-0 [&amp;&gt;ul]:!pt-0 [&amp;&gt;ul]:!pb-0\" value=\"1\"><b><strong class=\"font-bold\">Vitamin C (askorbinska kiselina)<\/strong><\/b><\/li>\n<\/ul>\n<p class=\"text-body font-regular leading-[24px] pt-[9px] pb-[2px]\" dir=\"ltr\">Odr\u017eava kiseli pH u mokra\u0107nom sustavu, \u0161to je nepovoljno okru\u017eenje za bakterije. Poma\u017ee u ja\u010danju imuniteta.<\/p>\n<ul class=\"pt-[9px] pb-[2px] pl-[24px] list-inside list-disc pt-[5px]\">\n<li class=\"text-body font-regular leading-[24px] my-[5px] [&amp;&gt;ol]:!pt-0 [&amp;&gt;ol]:!pb-0 [&amp;&gt;ul]:!pt-0 [&amp;&gt;ul]:!pb-0\" value=\"1\"><b><strong class=\"font-bold\">Ekstrakt lista medvjetke (uva ursi)<\/strong><\/b><\/li>\n<\/ul>\n<p class=\"text-body font-regular leading-[24px] pt-[9px] pb-[2px]\" dir=\"ltr\">Poznat po diureti\u010dkom i antibakterijskom djelovanju. Poma\u017ee kod \u010di\u0161\u0107enja mokra\u0107nog sustava.<\/p>\n<ul class=\"pt-[9px] pb-[2px] pl-[24px] list-inside list-disc pt-[5px]\">\n<li class=\"text-body font-regular leading-[24px] my-[5px] [&amp;&gt;ol]:!pt-0 [&amp;&gt;ol]:!pb-0 [&amp;&gt;ul]:!pt-0 [&amp;&gt;ul]:!pb-0\" value=\"1\"><b><strong class=\"font-bold\">Ekstrakt koprive<\/strong><\/b><\/li>\n<\/ul>\n<p class=\"text-body font-regular leading-[24px] pt-[9px] pb-[2px]\" dir=\"ltr\">Djeluje kao prirodni diuretik, poti\u010du\u0107i ispiranje bakterija iz mokra\u0107nog sustava.<\/p>\n<ul class=\"pt-[9px] pb-[2px] pl-[24px] list-inside list-disc pt-[5px]\">\n<li class=\"text-body font-regular leading-[24px] my-[5px] [&amp;&gt;ol]:!pt-0 [&amp;&gt;ol]:!pb-0 [&amp;&gt;ul]:!pt-0 [&amp;&gt;ul]:!pb-0\" value=\"1\"><b><strong class=\"font-bold\">D-manoza<\/strong><\/b><\/li>\n<\/ul>\n<p class=\"text-body font-regular leading-[24px] pt-[9px] pb-[2px]\" dir=\"ltr\">\u0160e\u0107er koji se ve\u017ee na E. coli bakterije, sprje\u010dava njihovo vezanje na zidove mokra\u0107nog sustava i na taj na\u010din omogu\u0107uje njihovo izbacivanje.<\/p>\n<h2 class=\"font-bold text-h3 leading-[40px] pt-[21px] pb-[2px] [&amp;_a]:underline-offset-[6px] [&amp;_.underline]:underline-offset-[6px]\" dir=\"ltr\">Cy Relief U\u010dinci i Dobrobiti<\/h2>\n<p class=\"text-body font-regular leading-[24px] pt-[9px] pb-[2px]\" dir=\"ltr\">Uz Cy Relief, korisnici \u0107e do\u017eivjeti niz pozitivnih u\u010dinaka, uklju\u010duju\u0107i:<\/p>\n<ul class=\"pt-[9px] pb-[2px] pl-[24px] list-inside list-disc pt-[5px]\">\n<li class=\"text-body font-regular leading-[24px] my-[5px] [&amp;&gt;ol]:!pt-0 [&amp;&gt;ol]:!pb-0 [&amp;&gt;ul]:!pt-0 [&amp;&gt;ul]:!pb-0\" value=\"1\">Ubla\u017eavanje boli i nelagode povezanih s cistitisom.<\/li>\n<li class=\"text-body font-regular leading-[24px] my-[5px] [&amp;&gt;ol]:!pt-0 [&amp;&gt;ol]:!pb-0 [&amp;&gt;ul]:!pt-0 [&amp;&gt;ul]:!pb-0\" value=\"2\">Smanjenje u\u010destalosti mokrenja i hitnih nagona.<\/li>\n<li class=\"text-body font-regular leading-[24px] my-[5px] [&amp;&gt;ol]:!pt-0 [&amp;&gt;ol]:!pb-0 [&amp;&gt;ul]:!pt-0 [&amp;&gt;ul]:!pb-0\" value=\"3\">Prevenciju ponovnih infekcija zahvaljuju\u0107i proaktivnom djelovanju.<\/li>\n<li class=\"text-body font-regular leading-[24px] my-[5px] [&amp;&gt;ol]:!pt-0 [&amp;&gt;ol]:!pb-0 [&amp;&gt;ul]:!pt-0 [&amp;&gt;ul]:!pb-0\" value=\"4\">Pove\u0107anu otpornost mokra\u0107nog sustava na bakterije.<\/li>\n<li class=\"text-body font-regular leading-[24px] my-[5px] [&amp;&gt;ol]:!pt-0 [&amp;&gt;ol]:!pb-0 [&amp;&gt;ul]:!pt-0 [&amp;&gt;ul]:!pb-0\" value=\"5\">Sveukupno ja\u010danje imuniteta i op\u0107eg blagostanja.<\/li>\n<\/ul>\n<h2 class=\"font-bold text-h3 leading-[40px] pt-[21px] pb-[2px] [&amp;_a]:underline-offset-[6px] [&amp;_.underline]:underline-offset-[6px]\" dir=\"ltr\">Cy Relief Upute za Kori\u0161tenje<\/h2>\n<p class=\"text-body font-regular leading-[24px] pt-[9px] pb-[2px]\" dir=\"ltr\">Za postizanje optimalnih rezultata, Cy Relief se treba konzumirati prema preporukama proizvo\u0111a\u010da:<\/p>\n<ul class=\"pt-[9px] pb-[2px] pl-[24px] list-inside list-disc pt-[5px]\">\n<li class=\"text-body font-regular leading-[24px] my-[5px] [&amp;&gt;ol]:!pt-0 [&amp;&gt;ol]:!pb-0 [&amp;&gt;ul]:!pt-0 [&amp;&gt;ul]:!pb-0\" value=\"1\">Uzimajte <b><strong class=\"font-bold\">2 kapsule dnevno<\/strong><\/b> uz \u010da\u0161u vode, najbolje uz obrok.<\/li>\n<li class=\"text-body font-regular leading-[24px] my-[5px] [&amp;&gt;ol]:!pt-0 [&amp;&gt;ol]:!pb-0 [&amp;&gt;ul]:!pt-0 [&amp;&gt;ul]:!pb-0\" value=\"2\">Pridr\u017eavajte se redovite konzumacije kako biste osigurali maksimalnu u\u010dinkovitost.<\/li>\n<li class=\"text-body font-regular leading-[24px] my-[5px] [&amp;&gt;ol]:!pt-0 [&amp;&gt;ol]:!pb-0 [&amp;&gt;ul]:!pt-0 [&amp;&gt;ul]:!pb-0\" value=\"3\">Nastavite kori\u0161tenje prema potrebi ili prema savjetu stru\u010dnjaka.<\/li>\n<\/ul>\n<h2 class=\"font-bold text-h3 leading-[40px] pt-[21px] pb-[2px] [&amp;_a]:underline-offset-[6px] [&amp;_.underline]:underline-offset-[6px]\" dir=\"ltr\">Cy Relief Kontraindikacije i Nuspojave<\/h2>\n<p class=\"text-body font-regular leading-[24px] pt-[9px] pb-[2px]\" dir=\"ltr\">Cy Relief je siguran za upotrebu i nema poznatih nuspojava. Me\u0111utim, proizvod nije namijenjen odre\u0111enim skupinama, uklju\u010duju\u0107i:<\/p>\n<ul class=\"pt-[9px] pb-[2px] pl-[24px] list-inside list-disc pt-[5px]\">\n<li class=\"text-body font-regular leading-[24px] my-[5px] [&amp;&gt;ol]:!pt-0 [&amp;&gt;ol]:!pb-0 [&amp;&gt;ul]:!pt-0 [&amp;&gt;ul]:!pb-0\" value=\"1\">Djecu<\/li>\n<li class=\"text-body font-regular leading-[24px] my-[5px] [&amp;&gt;ol]:!pt-0 [&amp;&gt;ol]:!pb-0 [&amp;&gt;ul]:!pt-0 [&amp;&gt;ul]:!pb-0\" value=\"2\">Trudnice i dojilje<\/li>\n<li class=\"text-body font-regular leading-[24px] my-[5px] [&amp;&gt;ol]:!pt-0 [&amp;&gt;ol]:!pb-0 [&amp;&gt;ul]:!pt-0 [&amp;&gt;ul]:!pb-0\" value=\"3\">Osobe s kroni\u010dnim bolestima bez prethodnog savjetovanja s lije\u010dnikom<\/li>\n<\/ul>\n<h2 class=\"font-bold text-h3 leading-[40px] pt-[21px] pb-[2px] [&amp;_a]:underline-offset-[6px] [&amp;_.underline]:underline-offset-[6px]\" dir=\"ltr\">Cy Relief Iskustva<\/h2>\n<p class=\"text-body font-regular leading-[24px] pt-[9px] pb-[2px]\" dir=\"ltr\">Korisnici diljem Hrvatske podijelili su svoja pozitivna iskustva s Cy Relief-om:<\/p>\n<p class=\"text-body font-regular leading-[24px] pt-[9px] pb-[2px]\" dir=\"ltr\"><i><em class=\"italic\">&#8220;Nakon godina borbe s ponavljaju\u0107im cistitisom, Cy Relief je bio pravo otkri\u0107e! U\u010dinci su se osje\u0107ali ve\u0107 tijekom prvog tjedna kori\u0161tenja.&#8221;<\/em><\/i> \u2013 Ana, Zagreb<\/p>\n<p class=\"text-body font-regular leading-[24px] pt-[9px] pb-[2px]\" dir=\"ltr\"><i><em class=\"italic\">&#8220;Toliko sam zahvalna na ovom proizvodu! Ne samo da olak\u0161ava simptome, ve\u0107 mi daje sigurnost da mogu u\u017eivati u svakodnevnim aktivnostima bez straha.\u201d<\/em><\/i> \u2013 Ivana, Split<\/p>\n<p class=\"text-body font-regular leading-[24px] pt-[9px] pb-[2px]\" dir=\"ltr\"><i><em class=\"italic\">&#8220;Nikada prije nisam koristio ovako u\u010dinkovit dodatak. Cy Relief je moj broj jedan za zdravlje mokra\u0107nog sustava.&#8221;<\/em><\/i> \u2013 Marko, Osijek<\/p>\n<h2 class=\"font-bold text-h3 leading-[40px] pt-[21px] pb-[2px] [&amp;_a]:underline-offset-[6px] [&amp;_.underline]:underline-offset-[6px]\" dir=\"ltr\">Gdje kupiti Cy Relief u Hrvatskoj? Ljekarna, DM, Nju\u0161kalo<\/h2>\n<p class=\"text-body font-regular leading-[24px] pt-[9px] pb-[2px]\" dir=\"ltr\">Cy Relief se mo\u017ee kupiti <b><strong class=\"font-bold\">isklju\u010divo putem slu\u017ebene web stranice proizvo\u0111a\u010da<\/strong><\/b>. Ovo osigurava da uvijek dobijete originalni proizvod po najpovoljnijoj cijeni, bez rizika od krivotvorenja koje se \u010desto pojavljuju na drugim platformama poput ljekarni ili DM-a.<\/p>\n<p class=\"text-body font-regular leading-[24px] pt-[9px] pb-[2px]\" dir=\"ltr\">Kupovina putem slu\u017ebene stranice pru\u017ea i dodatne pogodnosti, poput ekskluzivnih popusta i savjeta od strane stru\u010dnog tima proizvo\u0111a\u010da.<\/p>\n<h2 class=\"font-bold text-h3 leading-[40px] pt-[21px] pb-[2px] [&amp;_a]:underline-offset-[6px] [&amp;_.underline]:underline-offset-[6px]\" dir=\"ltr\">Koliko ko\u0161ta Cy Relief? Cijena?<\/h2>\n<p class=\"text-body font-regular leading-[24px] pt-[9px] pb-[2px]\" dir=\"ltr\">Jedna kutija Cy Relief-a ko\u0161ta <b><strong class=\"font-bold\">39 eura<\/strong><\/b>, \u0161to ga \u010dini pristupa\u010dnim i dugoro\u010dno ekonomi\u010dnim rje\u0161enjem za zdravlje va\u0161eg mokra\u0107nog sustava.<\/p>\n<h2 class=\"font-bold text-h3 leading-[40px] pt-[21px] pb-[2px] [&amp;_a]:underline-offset-[6px] [&amp;_.underline]:underline-offset-[6px]\" dir=\"ltr\">\u010cesto postavljana pitanja<\/h2>\n<p class=\"text-body font-regular leading-[24px] pt-[9px] pb-[2px]\" dir=\"ltr\"><b><strong class=\"font-bold\">1. Koliko brzo djeluje Cy Relief?<\/strong><\/b><\/p>\n<p class=\"text-body font-regular leading-[24px] pt-[9px] pb-[2px]\" dir=\"ltr\">U\u010dinci Cy Relief-a mogu se osjetiti ve\u0107 u prvih nekoliko dana redovite konzumacije.<\/p>\n<p class=\"text-body font-regular leading-[24px] pt-[9px] pb-[2px]\" dir=\"ltr\"><b><strong class=\"font-bold\">2. Postoji li rizik od nuspojava?<\/strong><\/b><\/p>\n<p class=\"text-body font-regular leading-[24px] pt-[9px] pb-[2px]\" dir=\"ltr\">Cy Relief je siguran za uporabu i do sada nisu zabilje\u017eene nuspojave.<\/p>\n<p class=\"text-body font-regular leading-[24px] pt-[9px] pb-[2px]\" dir=\"ltr\"><b><strong class=\"font-bold\">3. Mo\u017ee li se Cy Relief koristiti preventivno?<\/strong><\/b><\/p>\n<p class=\"text-body font-regular leading-[24px] pt-[9px] pb-[2px]\" dir=\"ltr\">Da, preporu\u010duje se kori\u0161tenje Cy Relief-a i preventivno, posebno za osobe sklone cistitisu ili uz smanjeni imunitet.<\/p>\n<p class=\"text-body font-regular leading-[24px] pt-[9px] pb-[2px]\" dir=\"ltr\"><b><strong class=\"font-bold\">4. Mogu li trudnice koristiti Cy Relief?<\/strong><\/b><\/p>\n<p class=\"text-body font-regular leading-[24px] pt-[9px] pb-[2px]\" dir=\"ltr\">Proizvod nije namijenjen trudnicama, dojiljama ili djeci.<\/p>\n","protected":false},"excerpt":{"rendered":"<p>Cy Relief je dodatak prehrani posebno formuliran za borbu protiv cistitisa. Njegova je svrha olak\u0161ati simptome poput u\u010destalog mokrenja, peckanja ili nelagode, istovremeno djeluju\u0107i na uzroke ovih problema. Zahvaljuju\u0107i naprednoj formulaciji, Cy Relief je pogodan izbor za one koji tra\u017ee prirodnije i djelotvornije rje\u0161enje za zdravlje mokra\u0107nog sustava. Kako djeluje Cy Relief? Cy Relief djeluje&#8230;<\/p>\n","protected":false},"featured_media":381,"template":"","meta":{"_kad_post_transparent":"default","_kad_post_title":"","_kad_post_layout":"default","_kad_post_sidebar_id":"","_kad_post_content_style":"default","_kad_post_vertical_padding":"default","_kad_post_feature":"","_kad_post_feature_position":"","_kad_post_header":false,"_kad_post_footer":false,"_kad_post_classname":"","iawp_total_views":187},"product_brand":[],"product_cat":[15],"product_tag":[],"class_list":{"0":"post-380","1":"product","2":"type-product","3":"status-publish","4":"has-post-thumbnail","6":"product_cat-zdravlje","8":"first","9":"instock","10":"sale","11":"shipping-taxable","12":"purchasable","13":"product-type-simple","14":"entry","15":"content-bg","16":"loop-entry"},"_links":{"self":[{"href":"https:\/\/www.poliklinikavukovic.com\/ljekarna\/wp-json\/wp\/v2\/product\/380","targetHints":{"allow":["GET"]}}],"collection":[{"href":"https:\/\/www.poliklinikavukovic.com\/ljekarna\/wp-json\/wp\/v2\/product"}],"about":[{"href":"https:\/\/www.poliklinikavukovic.com\/ljekarna\/wp-json\/wp\/v2\/types\/product"}],"wp:featuredmedia":[{"embeddable":true,"href":"https:\/\/www.poliklinikavukovic.com\/ljekarna\/wp-json\/wp\/v2\/media\/381"}],"wp:attachment":[{"href":"https:\/\/www.poliklinikavukovic.com\/ljekarna\/wp-json\/wp\/v2\/media?parent=380"}],"wp:term":[{"taxonomy":"product_brand","embeddable":true,"href":"https:\/\/www.poliklinikavukovic.com\/ljekarna\/wp-json\/wp\/v2\/product_brand?post=380"},{"taxonomy":"product_cat","embeddable":true,"href":"https:\/\/www.poliklinikavukovic.com\/ljekarna\/wp-json\/wp\/v2\/product_cat?post=380"},{"taxonomy":"product_tag","embeddable":true,"href":"https:\/\/www.poliklinikavukovic.com\/ljekarna\/wp-json\/wp\/v2\/product_tag?post=380"}],"curies":[{"name":"wp","href":"https:\/\/api.w.org\/{rel}","templated":true}]}}