{"id":331,"date":"2025-03-10T16:40:49","date_gmt":"2025-03-10T16:40:49","guid":{"rendered":"https:\/\/www.poliklinikavukovic.com\/ljekarna\/?post_type=product&#038;p=331"},"modified":"2025-03-10T16:40:50","modified_gmt":"2025-03-10T16:40:50","slug":"ottomax","status":"publish","type":"product","link":"https:\/\/www.poliklinikavukovic.com\/ljekarna\/proizvod\/ottomax\/","title":{"rendered":"Ottomax+"},"content":{"rendered":"<p class=\"text-body font-regular leading-[24px] pt-[9px] pb-[2px]\" dir=\"ltr\">Ottomax+ je dodatak prehrani u obliku kapsula, posebno formuliran za podr\u0161ku zdravlju sluha. Namijenjen svima koji \u017eele unaprijediti ili o\u010duvati svoj sluh, ovaj proizvod kombinira naprednu znanost i prirodne sastojke kako bi pru\u017eio ciljanu podr\u0161ku zdravlju u\u0161iju. Umjesto kratkotrajnog rje\u0161enja, Ottomax+ djeluje kao dugoro\u010dni saveznik u borbi protiv o\u0161te\u0107enja sluha i gubitka osjetljivosti.<\/p>\n<h2 class=\"font-bold text-h3 leading-[40px] pt-[21px] pb-[2px] [&amp;_a]:underline-offset-[6px] [&amp;_.underline]:underline-offset-[6px]\" dir=\"ltr\">Kako djeluje Ottomax+?<\/h2>\n<p class=\"text-body font-regular leading-[24px] pt-[9px] pb-[2px]\" dir=\"ltr\">Ottomax+ djeluje na nekoliko razina kako bi podr\u017eao zdravlje sluha. Prvo, dodatak poma\u017ee pobolj\u0161ati cirkulaciju u unutarnjem uhu, \u010dime se osigurava pravilna opskrba tkiva hranjivim tvarima i kisikom. Tako\u0111er, poma\u017ee smanjiti oksidativni stres u slu\u0161nom aparatu, \u0161to je klju\u010dni faktor povezan s o\u0161te\u0107enjem sluha.<\/p>\n<p class=\"text-body font-regular leading-[24px] pt-[9px] pb-[2px]\" dir=\"ltr\">Osim \u0161to podr\u017eava op\u0107e zdravlje sluha, Ottomax+ mo\u017ee pomo\u0107i i kod problema poput buke u u\u0161ima ili smanjenja osjetljivosti na zvukove. Njegova formula osmi\u0161ljena je kako bi neutralizirala \u010dimbenike koji mogu pogor\u0161ati sluh, pru\u017eaju\u0107i korisnicima dugoro\u010dnu za\u0161titu.<\/p>\n<h2 class=\"font-bold text-h3 leading-[40px] pt-[21px] pb-[2px] [&amp;_a]:underline-offset-[6px] [&amp;_.underline]:underline-offset-[6px]\" dir=\"ltr\">Ottomax+ Sastav<\/h2>\n<p class=\"text-body font-regular leading-[24px] pt-[9px] pb-[2px]\" dir=\"ltr\">Ottomax+ je bogat vitaminima, mineralima i biljnim ekstraktima, \u0161to ga \u010dini iznimno u\u010dinkovitim te istovremeno sigurnim za kori\u0161tenje. Evo detaljnog pregleda sastojaka:<\/p>\n<ul class=\"pt-[9px] pb-[2px] pl-[24px] list-disc [&amp;_ul]:pt-[5px] pt-[5px]\">\n<li class=\"text-body font-regular leading-[24px] my-[5px] [&amp;&gt;ol]:!pt-0 [&amp;&gt;ol]:!pb-0 [&amp;&gt;ul]:!pt-0 [&amp;&gt;ul]:!pb-0\" value=\"1\"><b><strong class=\"font-bold\">L-askorbinska kiselina<\/strong><\/b> (Vitamin C): Antioksidans koji \u0161titi stanice od oksidativnog stresa, klju\u010dnog uzroka o\u0161te\u0107enja sluha.<\/li>\n<li class=\"text-body font-regular leading-[24px] my-[5px] [&amp;&gt;ol]:!pt-0 [&amp;&gt;ol]:!pb-0 [&amp;&gt;ul]:!pt-0 [&amp;&gt;ul]:!pb-0\" value=\"2\"><b><strong class=\"font-bold\">\u017delatina<\/strong><\/b> (ljuska kapsule): Omogu\u0107ava sigurnu i u\u010dinkovitu apsorpciju sastojaka.<\/li>\n<li class=\"text-body font-regular leading-[24px] my-[5px] [&amp;&gt;ol]:!pt-0 [&amp;&gt;ol]:!pb-0 [&amp;&gt;ul]:!pt-0 [&amp;&gt;ul]:!pb-0\" value=\"3\"><b><strong class=\"font-bold\">Mikrokristalna celuloza<\/strong><\/b> (punilo): Osigurava stabilnost kapsule i jednolikost sastojaka.<\/li>\n<li class=\"text-body font-regular leading-[24px] my-[5px] [&amp;&gt;ol]:!pt-0 [&amp;&gt;ol]:!pb-0 [&amp;&gt;ul]:!pt-0 [&amp;&gt;ul]:!pb-0\" value=\"4\"><b><strong class=\"font-bold\">Acetil L-karnitin hcl<\/strong><\/b>: Pobolj\u0161ava energiju stanica i cirkulaciju u unutarnjem uhu.<\/li>\n<li class=\"text-body font-regular leading-[24px] my-[5px] [&amp;&gt;ol]:!pt-0 [&amp;&gt;ol]:!pb-0 [&amp;&gt;ul]:!pt-0 [&amp;&gt;ul]:!pb-0\" value=\"5\"><b><strong class=\"font-bold\">Ekstrakt lista ginka bilobe<\/strong><\/b>: Poti\u010de cirkulaciju i smanjuje upale u organizmu.<\/li>\n<li class=\"text-body font-regular leading-[24px] my-[5px] [&amp;&gt;ol]:!pt-0 [&amp;&gt;ol]:!pb-0 [&amp;&gt;ul]:!pt-0 [&amp;&gt;ul]:!pb-0\" value=\"6\"><b><strong class=\"font-bold\">Magnezijev oksid<\/strong><\/b>: Odgovoran za smanjenje buke u u\u0161ima, \u010desto povezane s o\u0161te\u0107enjem sluha.<\/li>\n<li class=\"text-body font-regular leading-[24px] my-[5px] [&amp;&gt;ol]:!pt-0 [&amp;&gt;ol]:!pb-0 [&amp;&gt;ul]:!pt-0 [&amp;&gt;ul]:!pb-0\" value=\"7\"><b><strong class=\"font-bold\">Nikotinamid<\/strong><\/b> (Vitamin B3): Poma\u017ee regeneraciju o\u0161te\u0107enih stanica sluha.<\/li>\n<li class=\"text-body font-regular leading-[24px] my-[5px] [&amp;&gt;ol]:!pt-0 [&amp;&gt;ol]:!pb-0 [&amp;&gt;ul]:!pt-0 [&amp;&gt;ul]:!pb-0\" value=\"8\"><b><strong class=\"font-bold\">Cink<\/strong><\/b>: Klju\u010dan za odr\u017eavanje zdravlja tkiva i imunolo\u0161kog sustava.<\/li>\n<li class=\"text-body font-regular leading-[24px] my-[5px] [&amp;&gt;ol]:!pt-0 [&amp;&gt;ol]:!pb-0 [&amp;&gt;ul]:!pt-0 [&amp;&gt;ul]:!pb-0\" value=\"9\"><b><strong class=\"font-bold\">Tiamin hidroklorid<\/strong><\/b> (Vitamin B1): Poma\u017ee \u017eiv\u010danom sustavu, uklju\u010duju\u0107i \u017eivce u unutarnjem uhu.<\/li>\n<li class=\"text-body font-regular leading-[24px] my-[5px] [&amp;&gt;ol]:!pt-0 [&amp;&gt;ol]:!pb-0 [&amp;&gt;ul]:!pt-0 [&amp;&gt;ul]:!pb-0\" value=\"10\"><b><strong class=\"font-bold\">Riboflavin<\/strong><\/b> (Vitamin B2): Sudjeluje u za\u0161titi stanica od stresa.<\/li>\n<li class=\"text-body font-regular leading-[24px] my-[5px] [&amp;&gt;ol]:!pt-0 [&amp;&gt;ol]:!pb-0 [&amp;&gt;ul]:!pt-0 [&amp;&gt;ul]:!pb-0\" value=\"11\"><b><strong class=\"font-bold\">Piridoksin hidroklorid<\/strong><\/b> (Vitamin B6): Va\u017ean za neurotransmitere i funkciju mozga.<\/li>\n<\/ul>\n<p class=\"text-body font-regular leading-[24px] pt-[9px] pb-[2px]\" dir=\"ltr\">Zajedno, ovi sastojci \u010dine jedinstvenu formulu koja pru\u017ea sveobuhvatnu podr\u0161ku.<\/p>\n<h2 class=\"font-bold text-h3 leading-[40px] pt-[21px] pb-[2px] [&amp;_a]:underline-offset-[6px] [&amp;_.underline]:underline-offset-[6px]\" dir=\"ltr\">Ottomax+ U\u010dinci i Dobrobiti<\/h2>\n<p class=\"text-body font-regular leading-[24px] pt-[9px] pb-[2px]\" dir=\"ltr\">Redovitim uzimanjem Ottomax+ korisnici mogu o\u010dekivati sljede\u0107e prednosti:<\/p>\n<ul class=\"pt-[9px] pb-[2px] pl-[24px] list-disc [&amp;_ul]:pt-[5px] pt-[5px]\">\n<li class=\"text-body font-regular leading-[24px] my-[5px] [&amp;&gt;ol]:!pt-0 [&amp;&gt;ol]:!pb-0 [&amp;&gt;ul]:!pt-0 [&amp;&gt;ul]:!pb-0\" value=\"1\"><i><em class=\"italic\">Pobolj\u0161ana cirkulacija<\/em><\/i>: Ovaj dodatak optimizira protok krvi u unutarnjem uhu, \u0161to mo\u017ee smanjiti rizik od gubitka sluha.<\/li>\n<li class=\"text-body font-regular leading-[24px] my-[5px] [&amp;&gt;ol]:!pt-0 [&amp;&gt;ol]:!pb-0 [&amp;&gt;ul]:!pt-0 [&amp;&gt;ul]:!pb-0\" value=\"2\"><i><em class=\"italic\">Smanjen stres<\/em><\/i>: Njegovi antioksidansi \u0161tite stanice od o\u0161te\u0107enja slobodnim radikalima.<\/li>\n<li class=\"text-body font-regular leading-[24px] my-[5px] [&amp;&gt;ol]:!pt-0 [&amp;&gt;ol]:!pb-0 [&amp;&gt;ul]:!pt-0 [&amp;&gt;ul]:!pb-0\" value=\"3\"><i><em class=\"italic\">Ubla\u017eavanje buke<\/em><\/i>: Poma\u017ee kod osje\u0107aja \u0161uma i zvi\u017edanja u u\u0161ima.<\/li>\n<li class=\"text-body font-regular leading-[24px] my-[5px] [&amp;&gt;ol]:!pt-0 [&amp;&gt;ol]:!pb-0 [&amp;&gt;ul]:!pt-0 [&amp;&gt;ul]:!pb-0\" value=\"4\"><i><em class=\"italic\">Ja\u010di \u017eiv\u010dani sustav<\/em><\/i>: Potpora regeneraciji neuronskih stanica klju\u010dnih za sluh.<\/li>\n<\/ul>\n<h2 class=\"font-bold text-h3 leading-[40px] pt-[21px] pb-[2px] [&amp;_a]:underline-offset-[6px] [&amp;_.underline]:underline-offset-[6px]\" dir=\"ltr\">Ottomax+ Upute Za Kori\u0161tenje<\/h2>\n<ul class=\"pt-[9px] pb-[2px] pl-[24px] list-disc [&amp;_ul]:pt-[5px] pt-[5px]\">\n<li class=\"text-body font-regular leading-[24px] my-[5px] [&amp;&gt;ol]:!pt-0 [&amp;&gt;ol]:!pb-0 [&amp;&gt;ul]:!pt-0 [&amp;&gt;ul]:!pb-0\" value=\"1\">Odrasli uzimaju <b><strong class=\"font-bold\">1 kapsulu dnevno tijekom ili nakon obroka<\/strong><\/b>.<\/li>\n<li class=\"text-body font-regular leading-[24px] my-[5px] [&amp;&gt;ol]:!pt-0 [&amp;&gt;ol]:!pb-0 [&amp;&gt;ul]:!pt-0 [&amp;&gt;ul]:!pb-0\" value=\"2\">Preporu\u010dena duljina jedne kure je <b><strong class=\"font-bold\">2 mjeseca<\/strong><\/b>.<\/li>\n<li class=\"text-body font-regular leading-[24px] my-[5px] [&amp;&gt;ol]:!pt-0 [&amp;&gt;ol]:!pb-0 [&amp;&gt;ul]:!pt-0 [&amp;&gt;ul]:!pb-0\" value=\"3\"><b><strong class=\"font-bold\">Napomena:<\/strong><\/b> Nemojte prekora\u010diti preporu\u010denu dnevnu dozu.<\/li>\n<\/ul>\n<h2 class=\"font-bold text-h3 leading-[40px] pt-[21px] pb-[2px] [&amp;_a]:underline-offset-[6px] [&amp;_.underline]:underline-offset-[6px]\" dir=\"ltr\">Ottomax+ Kontraindikacije i Nuspojave<\/h2>\n<p class=\"text-body font-regular leading-[24px] pt-[9px] pb-[2px]\" dir=\"ltr\">Ottomax+ je formuliran s najvi\u0161om razinom sigurnosti i nema poznatih kontraindikacija ili nuspojava. Ipak, ne preporu\u010duje se sljede\u0107im kategorijama:<\/p>\n<ul class=\"pt-[9px] pb-[2px] pl-[24px] list-disc [&amp;_ul]:pt-[5px] pt-[5px]\">\n<li class=\"text-body font-regular leading-[24px] my-[5px] [&amp;&gt;ol]:!pt-0 [&amp;&gt;ol]:!pb-0 [&amp;&gt;ul]:!pt-0 [&amp;&gt;ul]:!pb-0\" value=\"1\">Djeci<\/li>\n<li class=\"text-body font-regular leading-[24px] my-[5px] [&amp;&gt;ol]:!pt-0 [&amp;&gt;ol]:!pb-0 [&amp;&gt;ul]:!pt-0 [&amp;&gt;ul]:!pb-0\" value=\"2\">Trudnicama i dojiljama<\/li>\n<li class=\"text-body font-regular leading-[24px] my-[5px] [&amp;&gt;ol]:!pt-0 [&amp;&gt;ol]:!pb-0 [&amp;&gt;ul]:!pt-0 [&amp;&gt;ul]:!pb-0\" value=\"3\">Osobama s kroni\u010dnim bolestima bez prethodnog savjetovanja s lije\u010dnikom<\/li>\n<\/ul>\n<h2 class=\"font-bold text-h3 leading-[40px] pt-[21px] pb-[2px] [&amp;_a]:underline-offset-[6px] [&amp;_.underline]:underline-offset-[6px]\" dir=\"ltr\">Ottomax+ Iskustva<\/h2>\n<p class=\"text-body font-regular leading-[24px] pt-[9px] pb-[2px]\" dir=\"ltr\">Korisnici Ottomax+ dodatka izrazili su visoko zadovoljstvo njegovom u\u010dinkovito\u0161\u0107u. Evo nekoliko komentara:<\/p>\n<ul class=\"pt-[9px] pb-[2px] pl-[24px] list-disc [&amp;_ul]:pt-[5px] pt-[5px]\">\n<li class=\"text-body font-regular leading-[24px] my-[5px] [&amp;&gt;ol]:!pt-0 [&amp;&gt;ol]:!pb-0 [&amp;&gt;ul]:!pt-0 [&amp;&gt;ul]:!pb-0\" value=\"1\"><b><strong class=\"font-bold\">Ivana, 42 godine<\/strong><\/b> &#8211; &#8220;Nakon dva mjeseca kori\u0161tenja Ottomax+, moj \u0161um u u\u0161ima se smanjio, a sluh mi se pobolj\u0161ao! Preporu\u010dujem!&#8221;<\/li>\n<li class=\"text-body font-regular leading-[24px] my-[5px] [&amp;&gt;ol]:!pt-0 [&amp;&gt;ol]:!pb-0 [&amp;&gt;ul]:!pt-0 [&amp;&gt;ul]:!pb-0\" value=\"2\"><b><strong class=\"font-bold\">Marko, 50 godina<\/strong><\/b> &#8211; &#8220;Ve\u0107 dugo sam tra\u017eio ne\u0161to \u0161to bi mi moglo pomo\u0107i jer slu\u0161am glazbu u bu\u010dnom okru\u017eenju &#8211; i napokon sam na\u0161ao!&#8221;<\/li>\n<li class=\"text-body font-regular leading-[24px] my-[5px] [&amp;&gt;ol]:!pt-0 [&amp;&gt;ol]:!pb-0 [&amp;&gt;ul]:!pt-0 [&amp;&gt;ul]:!pb-0\" value=\"3\"><b><strong class=\"font-bold\">Ana, 36 godina<\/strong><\/b> &#8211; &#8220;Zaista osjetim razliku, posebno u komunikaciji tijekom sastanaka. Hvala Ottomax+!&#8221;<\/li>\n<\/ul>\n<h2 class=\"font-bold text-h3 leading-[40px] pt-[21px] pb-[2px] [&amp;_a]:underline-offset-[6px] [&amp;_.underline]:underline-offset-[6px]\" dir=\"ltr\">Gdje kupiti Ottomax+ u Hrvatskoj? Ljekarna, DM, Nju\u0161kalo<\/h2>\n<p class=\"text-body font-regular leading-[24px] pt-[9px] pb-[2px]\" dir=\"ltr\">Ottomax+ nije dostupan u ljekarnama, DM trgovinama ili putem platformi poput Nju\u0161kala. Mo\u017ee se kupiti isklju\u010divo preko <b><strong class=\"font-bold\">slu\u017ebenog web shopa proizvo\u0111a\u010da<\/strong><\/b>. To osigurava autenti\u010dnost proizvoda i optimalnu cijenu bez dodatnih posredni\u010dkih naknada.<\/p>\n<h2 class=\"font-bold text-h3 leading-[40px] pt-[21px] pb-[2px] [&amp;_a]:underline-offset-[6px] [&amp;_.underline]:underline-offset-[6px]\" dir=\"ltr\">Koliko ko\u0161ta Ottomax+? Cijena?<\/h2>\n<p class=\"text-body font-regular leading-[24px] pt-[9px] pb-[2px]\" dir=\"ltr\">Cijena jedne kutije Ottomax+ iznosi <b><strong class=\"font-bold\">39 eura<\/strong><\/b>. S obzirom na kvalitetu sastava i potencijalne benefite, ovaj dodatak prehrani nudi izvrsnu vrijednost za novac.<\/p>\n<h2 class=\"font-bold text-h3 leading-[40px] pt-[21px] pb-[2px] [&amp;_a]:underline-offset-[6px] [&amp;_.underline]:underline-offset-[6px]\" dir=\"ltr\">\u010cesto postavljana pitanja<\/h2>\n<ul class=\"pt-[9px] pb-[2px] pl-[24px] list-disc [&amp;_ul]:pt-[5px] pt-[5px]\">\n<li class=\"text-body font-regular leading-[24px] my-[5px] [&amp;&gt;ol]:!pt-0 [&amp;&gt;ol]:!pb-0 [&amp;&gt;ul]:!pt-0 [&amp;&gt;ul]:!pb-0\" value=\"1\"><b><strong class=\"font-bold\">Je li proizvod siguran za dugotrajno kori\u0161tenje?<\/strong><\/b><\/li>\n<\/ul>\n<p class=\"text-body font-regular leading-[24px] pt-[9px] pb-[2px]\" dir=\"ltr\">Desetlje\u0107ima istra\u017een sastav i izostanak kontraindikacija potvr\u0111uju sigurnost Ottomax+.<\/p>\n<ul class=\"pt-[9px] pb-[2px] pl-[24px] list-disc [&amp;_ul]:pt-[5px] pt-[5px]\">\n<li class=\"text-body font-regular leading-[24px] my-[5px] [&amp;&gt;ol]:!pt-0 [&amp;&gt;ol]:!pb-0 [&amp;&gt;ul]:!pt-0 [&amp;&gt;ul]:!pb-0\" value=\"1\"><b><strong class=\"font-bold\">Kako brzo mogu o\u010dekivati rezultate?<\/strong><\/b><\/li>\n<\/ul>\n<p class=\"text-body font-regular leading-[24px] pt-[9px] pb-[2px]\" dir=\"ltr\">Mnogi korisnici izvje\u0161tavaju o prvim pobolj\u0161anjima ve\u0107 u prvih nekoliko tjedana kori\u0161tenja.<\/p>\n<ul class=\"pt-[9px] pb-[2px] pl-[24px] list-disc [&amp;_ul]:pt-[5px] pt-[5px]\">\n<li class=\"text-body font-regular leading-[24px] my-[5px] [&amp;&gt;ol]:!pt-0 [&amp;&gt;ol]:!pb-0 [&amp;&gt;ul]:!pt-0 [&amp;&gt;ul]:!pb-0\" value=\"1\"><b><strong class=\"font-bold\">Mogu li ga kombinirati s drugim dodacima prehrani?<\/strong><\/b><\/li>\n<\/ul>\n<p class=\"text-body font-regular leading-[24px] pt-[9px] pb-[2px]\" dir=\"ltr\">Da, ali se preporu\u010duje konzultacija s lije\u010dnikom kako biste bili sigurni da nema ne\u017eeljenih interakcija.<\/p>\n","protected":false},"excerpt":{"rendered":"<p>Ottomax+ je dodatak prehrani u obliku kapsula, posebno formuliran za podr\u0161ku zdravlju sluha. Namijenjen svima koji \u017eele unaprijediti ili o\u010duvati svoj sluh, ovaj proizvod kombinira naprednu znanost i prirodne sastojke kako bi pru\u017eio ciljanu podr\u0161ku zdravlju u\u0161iju. Umjesto kratkotrajnog rje\u0161enja, Ottomax+ djeluje kao dugoro\u010dni saveznik u borbi protiv o\u0161te\u0107enja sluha i gubitka osjetljivosti. Kako djeluje&#8230;<\/p>\n","protected":false},"featured_media":332,"template":"","meta":{"_kad_post_transparent":"default","_kad_post_title":"","_kad_post_layout":"default","_kad_post_sidebar_id":"","_kad_post_content_style":"default","_kad_post_vertical_padding":"default","_kad_post_feature":"","_kad_post_feature_position":"","_kad_post_header":false,"_kad_post_footer":false,"_kad_post_classname":"","iawp_total_views":1},"product_brand":[],"product_cat":[15],"product_tag":[],"class_list":{"0":"post-331","1":"product","2":"type-product","3":"status-publish","4":"has-post-thumbnail","6":"product_cat-zdravlje","8":"first","9":"instock","10":"sale","11":"shipping-taxable","12":"purchasable","13":"product-type-simple","14":"entry","15":"content-bg","16":"loop-entry"},"_links":{"self":[{"href":"https:\/\/www.poliklinikavukovic.com\/ljekarna\/wp-json\/wp\/v2\/product\/331","targetHints":{"allow":["GET"]}}],"collection":[{"href":"https:\/\/www.poliklinikavukovic.com\/ljekarna\/wp-json\/wp\/v2\/product"}],"about":[{"href":"https:\/\/www.poliklinikavukovic.com\/ljekarna\/wp-json\/wp\/v2\/types\/product"}],"wp:featuredmedia":[{"embeddable":true,"href":"https:\/\/www.poliklinikavukovic.com\/ljekarna\/wp-json\/wp\/v2\/media\/332"}],"wp:attachment":[{"href":"https:\/\/www.poliklinikavukovic.com\/ljekarna\/wp-json\/wp\/v2\/media?parent=331"}],"wp:term":[{"taxonomy":"product_brand","embeddable":true,"href":"https:\/\/www.poliklinikavukovic.com\/ljekarna\/wp-json\/wp\/v2\/product_brand?post=331"},{"taxonomy":"product_cat","embeddable":true,"href":"https:\/\/www.poliklinikavukovic.com\/ljekarna\/wp-json\/wp\/v2\/product_cat?post=331"},{"taxonomy":"product_tag","embeddable":true,"href":"https:\/\/www.poliklinikavukovic.com\/ljekarna\/wp-json\/wp\/v2\/product_tag?post=331"}],"curies":[{"name":"wp","href":"https:\/\/api.w.org\/{rel}","templated":true}]}}