{"id":308,"date":"2025-03-02T15:30:25","date_gmt":"2025-03-02T15:30:25","guid":{"rendered":"https:\/\/www.poliklinikavukovic.com\/ljekarna\/?post_type=product&#038;p=308"},"modified":"2025-03-02T15:30:25","modified_gmt":"2025-03-02T15:30:25","slug":"glucolite","status":"publish","type":"product","link":"https:\/\/www.poliklinikavukovic.com\/ljekarna\/proizvod\/glucolite\/","title":{"rendered":"Glucolite"},"content":{"rendered":"<p class=\"text-body font-regular leading-[24px] pt-[9px] pb-[2px]\" dir=\"ltr\">Glucolite je dodatak prehrani u obliku kapsula, posebno osmi\u0161ljen za podr\u0161ku kontroli razine \u0161e\u0107era u krvi. Sadr\u017ei prirodne sastojke poput esencijalnih vitamina, minerala i biljnih ekstrakata, koji poma\u017eu u regulaciji glukoze, pove\u0107avaju osjetljivost na inzulin i smanjuju \u017eelju za \u0161e\u0107erom. Uz to, Glucolite podr\u017eava stabilnu razinu energije tijekom dana. Idealan za svakodnevnu upotrebu, ovaj proizvod pru\u017ea prakti\u010dno i u\u010dinkovito rje\u0161enje za odr\u017eavanje zdravlja i ravnote\u017ee \u0161e\u0107era u krvi.<\/p>\n<h2 class=\"font-bold text-h3 leading-[40px] pt-[21px] pb-[2px] [&amp;_a]:underline-offset-[6px] [&amp;_.underline]:underline-offset-[6px]\" dir=\"ltr\">Kako djeluje Glucolite?<\/h2>\n<p class=\"text-body font-regular leading-[24px] pt-[9px] pb-[2px]\" dir=\"ltr\">Glucolite djeluje na vi\u0161e razina kako bi podr\u017eao va\u0161e zdravlje. Njegov fokus je na regulaciji glukoze u krvi kroz podr\u0161ku prirodnim tjelesnim procesima. Aktivira bolju osjetljivost stanica na inzulin, \u010dime omogu\u0107uje bolju raspodjelu glukoze i stabilizaciju energije tijekom dana. Osim toga, smanjuje \u017eudnju za slatkim, \u0161to doprinosi gubitku te\u017eine i odr\u017eavanju zdravog na\u010dina prehrane.<\/p>\n<h2 class=\"font-bold text-h3 leading-[40px] pt-[21px] pb-[2px] [&amp;_a]:underline-offset-[6px] [&amp;_.underline]:underline-offset-[6px]\" dir=\"ltr\">Glucolite Sastav<\/h2>\n<p class=\"text-body font-regular leading-[24px] pt-[9px] pb-[2px]\" dir=\"ltr\">Jedan od klju\u010dnih aspekata Glucolita je <b><strong class=\"font-bold\">kvalitetan i prirodan sastav<\/strong><\/b>. Svaki sastojak pa\u017eljivo je odabran kako bi pru\u017eio maksimalne u\u010dinke:<\/p>\n<ul class=\"pt-[9px] pb-[2px] pl-[24px] list-disc [&amp;_ul]:pt-[5px] pt-[5px]\">\n<li class=\"text-body font-regular leading-[24px] my-[5px] [&amp;&gt;ol]:!pt-0 [&amp;&gt;ol]:!pb-0 [&amp;&gt;ul]:!pt-0 [&amp;&gt;ul]:!pb-0\" value=\"1\"><b><strong class=\"font-bold\">Krom pikolinat<\/strong><\/b> \u2013 Poma\u017ee u regulaciji \u0161e\u0107era u krvi i smanjuje \u017eelju za \u0161e\u0107erom.<\/li>\n<li class=\"text-body font-regular leading-[24px] my-[5px] [&amp;&gt;ol]:!pt-0 [&amp;&gt;ol]:!pb-0 [&amp;&gt;ul]:!pt-0 [&amp;&gt;ul]:!pb-0\" value=\"2\"><b><strong class=\"font-bold\">Ekstrakt cimeta<\/strong><\/b> \u2013 Pobolj\u0161ava osjetljivost na inzulin i ima sna\u017ene antioksidacijske u\u010dinke.<\/li>\n<li class=\"text-body font-regular leading-[24px] my-[5px] [&amp;&gt;ol]:!pt-0 [&amp;&gt;ol]:!pb-0 [&amp;&gt;ul]:!pt-0 [&amp;&gt;ul]:!pb-0\" value=\"3\"><b><strong class=\"font-bold\">Ekstrakt gorke dinje (Momordica charantia)<\/strong><\/b> \u2013 Tradicionalno poznat po svom u\u010dinku na sni\u017eavanje \u0161e\u0107era u krvi.<\/li>\n<li class=\"text-body font-regular leading-[24px] my-[5px] [&amp;&gt;ol]:!pt-0 [&amp;&gt;ol]:!pb-0 [&amp;&gt;ul]:!pt-0 [&amp;&gt;ul]:!pb-0\" value=\"4\"><b><strong class=\"font-bold\">Alfa-lipoi\u010dna kiselina (ALA)<\/strong><\/b> \u2013 Sna\u017ean antioksidans koji podr\u017eava metabolizam glukoze i smanjuje upale.<\/li>\n<li class=\"text-body font-regular leading-[24px] my-[5px] [&amp;&gt;ol]:!pt-0 [&amp;&gt;ol]:!pb-0 [&amp;&gt;ul]:!pt-0 [&amp;&gt;ul]:!pb-0\" value=\"5\"><b><strong class=\"font-bold\">Vitamini B-skupine<\/strong><\/b> \u2013 Podupiru energetski metabolizam i smanjuju osje\u0107aj umora.<\/li>\n<li class=\"text-body font-regular leading-[24px] my-[5px] [&amp;&gt;ol]:!pt-0 [&amp;&gt;ol]:!pb-0 [&amp;&gt;ul]:!pt-0 [&amp;&gt;ul]:!pb-0\" value=\"6\"><b><strong class=\"font-bold\">Ekstrakt li\u0161\u0107a banaba<\/strong><\/b> \u2013 Prirodni spoj koji poma\u017ee u regulaciji razine \u0161e\u0107era.<\/li>\n<\/ul>\n<p class=\"text-body font-regular leading-[24px] pt-[9px] pb-[2px]\" dir=\"ltr\">Ova formula \u010dini Glucolite jedinstvenim izborom za potporu zdravlju i svakodnevni \u017eivot.<\/p>\n<h2 class=\"font-bold text-h3 leading-[40px] pt-[21px] pb-[2px] [&amp;_a]:underline-offset-[6px] [&amp;_.underline]:underline-offset-[6px]\" dir=\"ltr\">Glucolite U\u010dinci i Dobrobiti<\/h2>\n<p class=\"text-body font-regular leading-[24px] pt-[9px] pb-[2px]\" dir=\"ltr\">Redovnim uzimanjem Glucolita mo\u017eete o\u010dekivati sljede\u0107e pozitivne u\u010dinke:<\/p>\n<ul class=\"pt-[9px] pb-[2px] pl-[24px] list-disc [&amp;_ul]:pt-[5px] pt-[5px]\">\n<li class=\"text-body font-regular leading-[24px] my-[5px] [&amp;&gt;ol]:!pt-0 [&amp;&gt;ol]:!pb-0 [&amp;&gt;ul]:!pt-0 [&amp;&gt;ul]:!pb-0\" value=\"1\">Odr\u017eavanje stabilne razine \u0161e\u0107era u krvi<\/li>\n<li class=\"text-body font-regular leading-[24px] my-[5px] [&amp;&gt;ol]:!pt-0 [&amp;&gt;ol]:!pb-0 [&amp;&gt;ul]:!pt-0 [&amp;&gt;ul]:!pb-0\" value=\"2\">Smanjenje napadaja gladi, posebno za slatki\u0161ima<\/li>\n<li class=\"text-body font-regular leading-[24px] my-[5px] [&amp;&gt;ol]:!pt-0 [&amp;&gt;ol]:!pb-0 [&amp;&gt;ul]:!pt-0 [&amp;&gt;ul]:!pb-0\" value=\"3\">Pobolj\u0161anje energije i koncentracije<\/li>\n<li class=\"text-body font-regular leading-[24px] my-[5px] [&amp;&gt;ol]:!pt-0 [&amp;&gt;ol]:!pb-0 [&amp;&gt;ul]:!pt-0 [&amp;&gt;ul]:!pb-0\" value=\"4\">Podr\u0161ka uravnote\u017eenom metabolizmu<\/li>\n<li class=\"text-body font-regular leading-[24px] my-[5px] [&amp;&gt;ol]:!pt-0 [&amp;&gt;ol]:!pb-0 [&amp;&gt;ul]:!pt-0 [&amp;&gt;ul]:!pb-0\" value=\"5\">Prevencija komplikacija povezanih s dijabetesom<\/li>\n<\/ul>\n<p class=\"text-body font-regular leading-[24px] pt-[9px] pb-[2px]\" dir=\"ltr\">Ovaj dodatak prehrani posebno je koristan za osobe s predijabetesom ili dijabetesom, ali i za one koji \u017eele unaprijediti svoje zdravlje op\u0107enito.<\/p>\n<h2 class=\"font-bold text-h3 leading-[40px] pt-[21px] pb-[2px] [&amp;_a]:underline-offset-[6px] [&amp;_.underline]:underline-offset-[6px]\" dir=\"ltr\">Glucolite Upute Za Kori\u0161tenje<\/h2>\n<p class=\"text-body font-regular leading-[24px] pt-[9px] pb-[2px]\" dir=\"ltr\">Glucolite je jednostavan za kori\u0161tenje:<\/p>\n<ol class=\"pt-[9px] pb-[2px] pl-[24px] [&amp;_ol]:pt-[5px] list-decimal\">\n<li class=\"text-body font-regular leading-[24px] my-[5px] [&amp;&gt;ol]:!pt-0 [&amp;&gt;ol]:!pb-0 [&amp;&gt;ul]:!pt-0 [&amp;&gt;ul]:!pb-0\" value=\"1\">Uzmite <b><strong class=\"font-bold\">dvije kapsule dnevno<\/strong><\/b>, najbolje uz obrok.<\/li>\n<li class=\"text-body font-regular leading-[24px] my-[5px] [&amp;&gt;ol]:!pt-0 [&amp;&gt;ol]:!pb-0 [&amp;&gt;ul]:!pt-0 [&amp;&gt;ul]:!pb-0\" value=\"2\">Popijte kapsule s \u010da\u0161om vode.<\/li>\n<\/ol>\n<p class=\"text-body font-regular leading-[24px] pt-[9px] pb-[2px]\" dir=\"ltr\">Za optimalne rezultate, preporu\u010duje se redovita uporaba i vo\u0111enje zdravog stila \u017eivota.<\/p>\n<h2 class=\"font-bold text-h3 leading-[40px] pt-[21px] pb-[2px] [&amp;_a]:underline-offset-[6px] [&amp;_.underline]:underline-offset-[6px]\" dir=\"ltr\">Glucolite Kontraindikacije i Nuspojave<\/h2>\n<p class=\"text-body font-regular leading-[24px] pt-[9px] pb-[2px]\" dir=\"ltr\">Glucolite je potpuno siguran za upotrebu i nema poznatih nuspojava. Me\u0111utim, nije namijenjen:<\/p>\n<ul class=\"pt-[9px] pb-[2px] pl-[24px] list-disc [&amp;_ul]:pt-[5px] pt-[5px]\">\n<li class=\"text-body font-regular leading-[24px] my-[5px] [&amp;&gt;ol]:!pt-0 [&amp;&gt;ol]:!pb-0 [&amp;&gt;ul]:!pt-0 [&amp;&gt;ul]:!pb-0\" value=\"1\">Djeci<\/li>\n<li class=\"text-body font-regular leading-[24px] my-[5px] [&amp;&gt;ol]:!pt-0 [&amp;&gt;ol]:!pb-0 [&amp;&gt;ul]:!pt-0 [&amp;&gt;ul]:!pb-0\" value=\"2\">Trudnicama i dojiljama<\/li>\n<li class=\"text-body font-regular leading-[24px] my-[5px] [&amp;&gt;ol]:!pt-0 [&amp;&gt;ol]:!pb-0 [&amp;&gt;ul]:!pt-0 [&amp;&gt;ul]:!pb-0\" value=\"3\">Osobama s kroni\u010dnim bolestima (bez savjetovanja s lije\u010dnikom)<\/li>\n<\/ul>\n<p class=\"text-body font-regular leading-[24px] pt-[9px] pb-[2px]\" dir=\"ltr\">Uvijek se savjetujte sa stru\u010dnjakom prije po\u010detka kori\u0161tenja novog dodatka prehrani.<\/p>\n<h2 class=\"font-bold text-h3 leading-[40px] pt-[21px] pb-[2px] [&amp;_a]:underline-offset-[6px] [&amp;_.underline]:underline-offset-[6px]\" dir=\"ltr\">Glucolite Iskustva<\/h2>\n<p class=\"text-body font-regular leading-[24px] pt-[9px] pb-[2px]\" dir=\"ltr\">Povratne informacije korisnika jasno pokazuju kako Glucolite ima pozitivan u\u010dinak na njihovo zdravlje. Evo \u0161to na\u0161i korisnici ka\u017eu:<\/p>\n<p class=\"text-body font-regular leading-[24px] pt-[9px] pb-[2px]\" dir=\"ltr\"><b><strong class=\"font-bold\">Maja, 37 godina<\/strong><\/b><\/p>\n<p class=\"text-body font-regular leading-[24px] pt-[9px] pb-[2px]\" dir=\"ltr\"><i><em class=\"italic\">&#8220;Glucolite mi je pomogao da stabiliziram \u0161e\u0107er u krvi nakon godina borbe. Osje\u0107am se energi\u010dnije i nemam potrebu posezati za slatki\u0161ima!&#8221;<\/em><\/i><\/p>\n<p class=\"text-body font-regular leading-[24px] pt-[9px] pb-[2px]\" dir=\"ltr\"><b><strong class=\"font-bold\">Ivan, 45 godina<\/strong><\/b><\/p>\n<p class=\"text-body font-regular leading-[24px] pt-[9px] pb-[2px]\" dir=\"ltr\"><i><em class=\"italic\">&#8220;Prva stvar koju sam primijetio nakon kori\u0161tenja Glucolita je stalna razina energije tijekom dana. Veliko hvala na ovom proizvodu!&#8221;<\/em><\/i><\/p>\n<p class=\"text-body font-regular leading-[24px] pt-[9px] pb-[2px]\" dir=\"ltr\"><b><strong class=\"font-bold\">Ana, 52 godine<\/strong><\/b><\/p>\n<p class=\"text-body font-regular leading-[24px] pt-[9px] pb-[2px]\" dir=\"ltr\"><i><em class=\"italic\">&#8220;Nakon mjesec dana kori\u0161tenja Glucolita, primijetila sam pobolj\u0161anja u rezultatima nalaza. I dalje ga koristim svakodnevno.&#8221;<\/em><\/i><\/p>\n<h2 class=\"font-bold text-h3 leading-[40px] pt-[21px] pb-[2px] [&amp;_a]:underline-offset-[6px] [&amp;_.underline]:underline-offset-[6px]\" dir=\"ltr\">Gdje kupiti Glucolite u Hrvatskoj? Ljekarna, DM, Nju\u0161aklo<\/h2>\n<p class=\"text-body font-regular leading-[24px] pt-[9px] pb-[2px]\" dir=\"ltr\">Jedini siguran na\u010din kupnje Glucolita je putem <b><strong class=\"font-bold\">slu\u017ebene web stranice proizvo\u0111a\u010da<\/strong><\/b>. Za\u0161to?<\/p>\n<ul class=\"pt-[9px] pb-[2px] pl-[24px] list-disc [&amp;_ul]:pt-[5px] pt-[5px]\">\n<li class=\"text-body font-regular leading-[24px] my-[5px] [&amp;&gt;ol]:!pt-0 [&amp;&gt;ol]:!pb-0 [&amp;&gt;ul]:!pt-0 [&amp;&gt;ul]:!pb-0\" value=\"1\">Jamstvo originalnosti i kvalitete<\/li>\n<li class=\"text-body font-regular leading-[24px] my-[5px] [&amp;&gt;ol]:!pt-0 [&amp;&gt;ol]:!pb-0 [&amp;&gt;ul]:!pt-0 [&amp;&gt;ul]:!pb-0\" value=\"2\">Ekskluzivne ponude i popusti<\/li>\n<li class=\"text-body font-regular leading-[24px] my-[5px] [&amp;&gt;ol]:!pt-0 [&amp;&gt;ol]:!pb-0 [&amp;&gt;ul]:!pt-0 [&amp;&gt;ul]:!pb-0\" value=\"3\">Sigurna i brza dostava<\/li>\n<\/ul>\n<p class=\"text-body font-regular leading-[24px] pt-[9px] pb-[2px]\" dir=\"ltr\">Izbjegavajte neprovjerene izvore poput ljekarni, DM trgovina ili Nju\u0161kala jer proizvo\u0111a\u010d ne jam\u010di autenti\u010dnost proizvoda kupljenih izvan njihove web stranice.<\/p>\n<h2 class=\"font-bold text-h3 leading-[40px] pt-[21px] pb-[2px] [&amp;_a]:underline-offset-[6px] [&amp;_.underline]:underline-offset-[6px]\" dir=\"ltr\">Koliko ko\u0161ta Glucolite? Cijena?<\/h2>\n<p class=\"text-body font-regular leading-[24px] pt-[9px] pb-[2px]\" dir=\"ltr\">Cijena Glucolita iznosi <b><strong class=\"font-bold\">39 EUR<\/strong><\/b> po pakiranju. S obzirom na njegovu kvalitetu i u\u010dinke, ova cijena \u010dini Glucolite dostupnim rje\u0161enjem za sve one koji \u017eele uzeti kontrolu nad svojim zdravljem.<\/p>\n<h2 class=\"font-bold text-h3 leading-[40px] pt-[21px] pb-[2px] [&amp;_a]:underline-offset-[6px] [&amp;_.underline]:underline-offset-[6px]\" dir=\"ltr\">\u010cesto postavljana pitanja<\/h2>\n<h3 class=\"font-bold text-h4 leading-[30px] pt-[15px] pb-[2px] [&amp;_a]:underline-offset-[6px] [&amp;_.underline]:underline-offset-[6px]\" dir=\"ltr\">Koliko brzo mogu o\u010dekivati rezultate s Glucolitom?<\/h3>\n<p class=\"text-body font-regular leading-[24px] pt-[9px] pb-[2px]\" dir=\"ltr\">Prvi rezultati obi\u010dno se vide ve\u0107 nakon nekoliko tjedana redovitog kori\u0161tenja, uz uravnote\u017eenu prehranu i aktivan stil \u017eivota.<\/p>\n<h3 class=\"font-bold text-h4 leading-[30px] pt-[15px] pb-[2px] [&amp;_a]:underline-offset-[6px] [&amp;_.underline]:underline-offset-[6px]\" dir=\"ltr\">Mogu li uzimati Glucolite uz druge lijekove?<\/h3>\n<p class=\"text-body font-regular leading-[24px] pt-[9px] pb-[2px]\" dir=\"ltr\">Ako uzimate lijekove, konzultirajte se s lije\u010dnikom prije kori\u0161tenja Glucolita.<\/p>\n<h3 class=\"font-bold text-h4 leading-[30px] pt-[15px] pb-[2px] [&amp;_a]:underline-offset-[6px] [&amp;_.underline]:underline-offset-[6px]\" dir=\"ltr\">Postoji li nov\u010dana garancija?<\/h3>\n<p class=\"text-body font-regular leading-[24px] pt-[9px] pb-[2px]\" dir=\"ltr\">Da, Glucolite nudi mogu\u0107nost povrata novca unutar 30 dana ako niste zadovoljni proizvodom.<\/p>\n","protected":false},"excerpt":{"rendered":"<p>Glucolite je dodatak prehrani u obliku kapsula, posebno osmi\u0161ljen za podr\u0161ku kontroli razine \u0161e\u0107era u krvi. Sadr\u017ei prirodne sastojke poput esencijalnih vitamina, minerala i biljnih ekstrakata, koji poma\u017eu u regulaciji glukoze, pove\u0107avaju osjetljivost na inzulin i smanjuju \u017eelju za \u0161e\u0107erom. Uz to, Glucolite podr\u017eava stabilnu razinu energije tijekom dana. Idealan za svakodnevnu upotrebu, ovaj proizvod&#8230;<\/p>\n","protected":false},"featured_media":309,"template":"","meta":{"_kad_post_transparent":"default","_kad_post_title":"","_kad_post_layout":"default","_kad_post_sidebar_id":"","_kad_post_content_style":"default","_kad_post_vertical_padding":"default","_kad_post_feature":"","_kad_post_feature_position":"","_kad_post_header":false,"_kad_post_footer":false,"_kad_post_classname":"","iawp_total_views":17},"product_brand":[],"product_cat":[15],"product_tag":[],"class_list":{"0":"post-308","1":"product","2":"type-product","3":"status-publish","4":"has-post-thumbnail","6":"product_cat-zdravlje","8":"first","9":"instock","10":"sale","11":"shipping-taxable","12":"purchasable","13":"product-type-simple","14":"entry","15":"content-bg","16":"loop-entry"},"_links":{"self":[{"href":"https:\/\/www.poliklinikavukovic.com\/ljekarna\/wp-json\/wp\/v2\/product\/308","targetHints":{"allow":["GET"]}}],"collection":[{"href":"https:\/\/www.poliklinikavukovic.com\/ljekarna\/wp-json\/wp\/v2\/product"}],"about":[{"href":"https:\/\/www.poliklinikavukovic.com\/ljekarna\/wp-json\/wp\/v2\/types\/product"}],"wp:featuredmedia":[{"embeddable":true,"href":"https:\/\/www.poliklinikavukovic.com\/ljekarna\/wp-json\/wp\/v2\/media\/309"}],"wp:attachment":[{"href":"https:\/\/www.poliklinikavukovic.com\/ljekarna\/wp-json\/wp\/v2\/media?parent=308"}],"wp:term":[{"taxonomy":"product_brand","embeddable":true,"href":"https:\/\/www.poliklinikavukovic.com\/ljekarna\/wp-json\/wp\/v2\/product_brand?post=308"},{"taxonomy":"product_cat","embeddable":true,"href":"https:\/\/www.poliklinikavukovic.com\/ljekarna\/wp-json\/wp\/v2\/product_cat?post=308"},{"taxonomy":"product_tag","embeddable":true,"href":"https:\/\/www.poliklinikavukovic.com\/ljekarna\/wp-json\/wp\/v2\/product_tag?post=308"}],"curies":[{"name":"wp","href":"https:\/\/api.w.org\/{rel}","templated":true}]}}