{"id":304,"date":"2025-03-02T14:33:47","date_gmt":"2025-03-02T14:33:47","guid":{"rendered":"https:\/\/www.poliklinikavukovic.com\/ljekarna\/?post_type=product&#038;p=304"},"modified":"2025-03-02T14:33:47","modified_gmt":"2025-03-02T14:33:47","slug":"prostanol","status":"publish","type":"product","link":"https:\/\/www.poliklinikavukovic.com\/ljekarna\/proizvod\/prostanol\/","title":{"rendered":"Prostanol"},"content":{"rendered":"<p class=\"text-body font-regular leading-[24px] pt-[9px] pb-[2px]\" dir=\"ltr\">Prostanol je prirodni dodatak prehrani, posebno formulisan za rje\u0161avanje problema s prostatom. Dolazi u obliku pra\u0161ka, a njegova formula temelji se na prirodnim sastojcima koji ciljano djeluju na uzrok problema \u2013 smanjuju upalu prostate i stabiliziraju mokra\u0107ni sustav.<\/p>\n<p class=\"text-body font-regular leading-[24px] pt-[9px] pb-[2px]\" dir=\"ltr\">Redovitim kori\u0161tenjem Prostanola, korisnici osje\u0107aju zna\u010dajno smanjenje boli i nelagode, prestanak peckanja tijekom mokrenja i op\u0107e pobolj\u0161anje funkcije mokra\u0107nog sustava. Pored toga, ovaj proizvod poma\u017ee u pobolj\u0161anju zdravlja i vra\u0107anju erektilne funkcije, \u010dime se kvaliteta \u017eivota zna\u010dajno pove\u0107ava.<\/p>\n<h2 class=\"font-bold text-h3 leading-[40px] pt-[21px] pb-[2px] [&amp;_a]:underline-offset-[6px] [&amp;_.underline]:underline-offset-[6px]\" dir=\"ltr\">Kako djeluje Prostanol?<\/h2>\n<p class=\"text-body font-regular leading-[24px] pt-[9px] pb-[2px]\" dir=\"ltr\">Prostanol djeluje tako da se fokusira na eliminaciju upale i obnavljanje zdravlja prostate. Njegova formula poma\u017ee u smanjenju otekline i iritacije, \u0161to rezultira smanjenjem bolova i problema s mokrenjem.<\/p>\n<p class=\"text-body font-regular leading-[24px] pt-[9px] pb-[2px]\" dir=\"ltr\">Uz to, Prostanol doprinosi regulaciji mokra\u0107nog sustava i ja\u010danju imunolo\u0161ke funkcije organizma. Tako\u0111er, njegovo djelovanje vra\u0107a prirodnu ravnote\u017eu u organizmu, smanjuju\u0107i rizik od ponovne pojave prostatitisa.<\/p>\n<h2 class=\"font-bold text-h3 leading-[40px] pt-[21px] pb-[2px] [&amp;_a]:underline-offset-[6px] [&amp;_.underline]:underline-offset-[6px]\" dir=\"ltr\">Prostanol Sastav<\/h2>\n<p class=\"text-body font-regular leading-[24px] pt-[9px] pb-[2px]\" dir=\"ltr\">Jedan od glavnih razloga u\u010dinkovitosti Prostanola le\u017ei u njegovim pa\u017eljivo odabranim, 100% prirodnim sastojcima. Evo detaljnog pregleda svakog klju\u010dnog sastojka u Prostanolu i kako doprinosi njegovoj formuli:<\/p>\n<h3 class=\"font-bold text-h4 leading-[30px] pt-[15px] pb-[2px] [&amp;_a]:underline-offset-[6px] [&amp;_.underline]:underline-offset-[6px]\" dir=\"ltr\">1. <b><strong class=\"font-bold\">Ekstrakt Muira Puama<\/strong><\/b><\/h3>\n<p class=\"text-body font-regular leading-[24px] pt-[9px] pb-[2px]\" dir=\"ltr\">Poznata kao &#8220;drvo potencije&#8221;, Muira Puama se tradicionalno koristi za pobolj\u0161anje erektilne funkcije i pove\u0107anje libida. Tako\u0111er djeluje protuupalno i podr\u017eava cjelokupno zdravlje reproduktivnog sustava.<\/p>\n<h3 class=\"font-bold text-h4 leading-[30px] pt-[15px] pb-[2px] [&amp;_a]:underline-offset-[6px] [&amp;_.underline]:underline-offset-[6px]\" dir=\"ltr\">2. <b><strong class=\"font-bold\">Galangal Ekstrakt<\/strong><\/b><\/h3>\n<p class=\"text-body font-regular leading-[24px] pt-[9px] pb-[2px]\" dir=\"ltr\">Galangal poti\u010de cirkulaciju krvi, smanjuje upale i ja\u010da imunolo\u0161ki sustav. Njegova svojstva tako\u0111er poma\u017eu kod mokra\u0107nih problema, \u010dine\u0107i ga klju\u010dnim sastojkom u tretmanu zdravlja prostate.<\/p>\n<h3 class=\"font-bold text-h4 leading-[30px] pt-[15px] pb-[2px] [&amp;_a]:underline-offset-[6px] [&amp;_.underline]:underline-offset-[6px]\" dir=\"ltr\">3. <b><strong class=\"font-bold\">Echinacea Ekstrakt<\/strong><\/b><\/h3>\n<p class=\"text-body font-regular leading-[24px] pt-[9px] pb-[2px]\" dir=\"ltr\">Ovaj mo\u0107ni imunostimulans poznat je po svojim protuupalnim svojstvima. Echinacea podr\u017eava zdravlje mokra\u0107nog sustava i poma\u017ee organizmu u borbi protiv infekcija.<\/p>\n<h3 class=\"font-bold text-h4 leading-[30px] pt-[15px] pb-[2px] [&amp;_a]:underline-offset-[6px] [&amp;_.underline]:underline-offset-[6px]\" dir=\"ltr\">4. <b><strong class=\"font-bold\">Maca Ekstrakt<\/strong><\/b><\/h3>\n<p class=\"text-body font-regular leading-[24px] pt-[9px] pb-[2px]\" dir=\"ltr\">Maca je poznata po svom u\u010dinku na pove\u0107anje energije i regulaciju hormonske ravnote\u017ee. Tako\u0111er doprinosi zdravlju prostate i pobolj\u0161ava seksualnu funkciju.<\/p>\n<h3 class=\"font-bold text-h4 leading-[30px] pt-[15px] pb-[2px] [&amp;_a]:underline-offset-[6px] [&amp;_.underline]:underline-offset-[6px]\" dir=\"ltr\">5. <b><strong class=\"font-bold\">Ginseng Ekstrakt<\/strong><\/b><\/h3>\n<p class=\"text-body font-regular leading-[24px] pt-[9px] pb-[2px]\" dir=\"ltr\">Ginseng je prirodni adaptogen koji ja\u010da tijelo, smanjuje stres i pove\u0107ava izdr\u017eljivost. Njegova svojstva poma\u017eu u zdravlju prostate i odr\u017eavanju optimalne funkcije mokra\u0107nog sustava.<\/p>\n<h3 class=\"font-bold text-h4 leading-[30px] pt-[15px] pb-[2px] [&amp;_a]:underline-offset-[6px] [&amp;_.underline]:underline-offset-[6px]\" dir=\"ltr\">6. <b><strong class=\"font-bold\">Kelp Ekstrakt<\/strong><\/b><\/h3>\n<p class=\"text-body font-regular leading-[24px] pt-[9px] pb-[2px]\" dir=\"ltr\">Kelp je bogat izvor minerala poput joda, koji je klju\u010dan za hormonalnu ravnote\u017eu i normalan rad \u0161titnja\u010de. Tako\u0111er podr\u017eava detoksikaciju tijela i zna\u010dajno doprinosi zdravlju reproduktivnog sustava.<\/p>\n<h2 class=\"font-bold text-h3 leading-[40px] pt-[21px] pb-[2px] [&amp;_a]:underline-offset-[6px] [&amp;_.underline]:underline-offset-[6px]\" dir=\"ltr\">Prostanol U\u010dinci i Dobrobiti<\/h2>\n<p class=\"text-body font-regular leading-[24px] pt-[9px] pb-[2px]\" dir=\"ltr\">Prostanol nudi \u0161irok spektar prednosti za mu\u0161karce koji \u017eele vratiti kontrolu nad svojim zdravljem prostate. Evo nekih klju\u010dnih u\u010dinaka:<\/p>\n<ul class=\"pt-[9px] pb-[2px] pl-[24px] list-disc [&amp;_ul]:pt-[5px] pt-[5px]\">\n<li class=\"text-body font-regular leading-[24px] my-[5px] [&amp;&gt;ol]:!pt-0 [&amp;&gt;ol]:!pb-0 [&amp;&gt;ul]:!pt-0 [&amp;&gt;ul]:!pb-0\" value=\"1\">Smanjenje boli i peckanja tijekom mokrenja<\/li>\n<li class=\"text-body font-regular leading-[24px] my-[5px] [&amp;&gt;ol]:!pt-0 [&amp;&gt;ol]:!pb-0 [&amp;&gt;ul]:!pt-0 [&amp;&gt;ul]:!pb-0\" value=\"2\">Pobolj\u0161anje cirkulacije i smanjenje otekline prostate<\/li>\n<li class=\"text-body font-regular leading-[24px] my-[5px] [&amp;&gt;ol]:!pt-0 [&amp;&gt;ol]:!pb-0 [&amp;&gt;ul]:!pt-0 [&amp;&gt;ul]:!pb-0\" value=\"3\">Stabilizacija mokra\u0107nog sustava<\/li>\n<li class=\"text-body font-regular leading-[24px] my-[5px] [&amp;&gt;ol]:!pt-0 [&amp;&gt;ol]:!pb-0 [&amp;&gt;ul]:!pt-0 [&amp;&gt;ul]:!pb-0\" value=\"4\">Pobolj\u0161anje erektilne funkcije i libida<\/li>\n<li class=\"text-body font-regular leading-[24px] my-[5px] [&amp;&gt;ol]:!pt-0 [&amp;&gt;ol]:!pb-0 [&amp;&gt;ul]:!pt-0 [&amp;&gt;ul]:!pb-0\" value=\"5\">Smanjenje rizika od ponovne pojave prostatitisa<\/li>\n<\/ul>\n<p class=\"text-body font-regular leading-[24px] pt-[9px] pb-[2px]\" dir=\"ltr\">Redovitom primjenom, Prostanol ne samo da poma\u017ee u tretiranju trenutnih problema ve\u0107 pridonosi ukupnom zdravlju organizma.<\/p>\n<h2 class=\"font-bold text-h3 leading-[40px] pt-[21px] pb-[2px] [&amp;_a]:underline-offset-[6px] [&amp;_.underline]:underline-offset-[6px]\" dir=\"ltr\">Prostanol Upute Za Kori\u0161tenje<\/h2>\n<p class=\"text-body font-regular leading-[24px] pt-[9px] pb-[2px]\" dir=\"ltr\">Prostanol dolazi u obliku pra\u0161ka, \u0161to omogu\u0107ava jednostavnu pripremu i konzumaciju. Preporu\u010dena doza je sljede\u0107a:<\/p>\n<ol class=\"pt-[9px] pb-[2px] pl-[24px] [&amp;_ol]:pt-[5px] list-decimal\">\n<li class=\"text-body font-regular leading-[24px] my-[5px] [&amp;&gt;ol]:!pt-0 [&amp;&gt;ol]:!pb-0 [&amp;&gt;ul]:!pt-0 [&amp;&gt;ul]:!pb-0\" value=\"1\">Pomije\u0161ajte jednu dozu pra\u0161ka s \u010da\u0161om vode.<\/li>\n<li class=\"text-body font-regular leading-[24px] my-[5px] [&amp;&gt;ol]:!pt-0 [&amp;&gt;ol]:!pb-0 [&amp;&gt;ul]:!pt-0 [&amp;&gt;ul]:!pb-0\" value=\"2\">Konzumirajte napitak jednom dnevno, po mogu\u0107nosti ujutro nakon obroka.<\/li>\n<\/ol>\n<p class=\"text-body font-regular leading-[24px] pt-[9px] pb-[2px]\" dir=\"ltr\">Za postizanje optimalnih u\u010dinaka, preporu\u010da se redovito kori\u0161tenje proizvoda tijekom najmanje 30 dana.<\/p>\n<h2 class=\"font-bold text-h3 leading-[40px] pt-[21px] pb-[2px] [&amp;_a]:underline-offset-[6px] [&amp;_.underline]:underline-offset-[6px]\" dir=\"ltr\">Prostanol Kontraindikacije i Nuspojave<\/h2>\n<p class=\"text-body font-regular leading-[24px] pt-[9px] pb-[2px]\" dir=\"ltr\">Prostanol je siguran za uporabu i nema poznatih nuspojava. Ipak, proizvod nije namijenjen djeci, trudnicama, dojiljama i osobama s kroni\u010dnim bolestima.<\/p>\n<h2 class=\"font-bold text-h3 leading-[40px] pt-[21px] pb-[2px] [&amp;_a]:underline-offset-[6px] [&amp;_.underline]:underline-offset-[6px]\" dir=\"ltr\">Prostanol Iskustva<\/h2>\n<p class=\"text-body font-regular leading-[24px] pt-[9px] pb-[2px]\" dir=\"ltr\">Korisni\u010dke recenzije Prostanola potvr\u0111uju njegovu u\u010dinkovitost i popularnost me\u0111u mu\u0161karcima svih dobnih skupina. Evo \u0161to ka\u017eu neki od na\u0161ih zadovoljnih korisnika:<\/p>\n<ul class=\"pt-[9px] pb-[2px] pl-[24px] list-disc [&amp;_ul]:pt-[5px] pt-[5px]\">\n<li class=\"text-body font-regular leading-[24px] my-[5px] [&amp;&gt;ol]:!pt-0 [&amp;&gt;ol]:!pb-0 [&amp;&gt;ul]:!pt-0 [&amp;&gt;ul]:!pb-0\" value=\"1\"><b><strong class=\"font-bold\">Ivan, 49 godina:<\/strong><\/b> &#8220;Nakon samo tri tjedna kori\u0161tenja, peckanje i bolovi tijekom mokrenja potpuno su nestali. Prostanol mi je doslovno vratio \u017eivot!&#8221;<\/li>\n<li class=\"text-body font-regular leading-[24px] my-[5px] [&amp;&gt;ol]:!pt-0 [&amp;&gt;ol]:!pb-0 [&amp;&gt;ul]:!pt-0 [&amp;&gt;ul]:!pb-0\" value=\"2\"><b><strong class=\"font-bold\">Marko, 56 godina:<\/strong><\/b> &#8220;Puno sam skepti\u010dan kad su suplementi u pitanju, ali Prostanol je nadma\u0161io sva moja o\u010dekivanja. Osje\u0107am se energi\u010dnije i zdravije nego prije.&#8221;<\/li>\n<li class=\"text-body font-regular leading-[24px] my-[5px] [&amp;&gt;ol]:!pt-0 [&amp;&gt;ol]:!pb-0 [&amp;&gt;ul]:!pt-0 [&amp;&gt;ul]:!pb-0\" value=\"3\"><b><strong class=\"font-bold\">Ante, 62 godine:<\/strong><\/b> &#8220;Hvala Prostanolu! Problemi s prostatom su nestali, a ja sam ponovno u\u017eivam u svakodnevnim aktivnostima.&#8221;<\/li>\n<\/ul>\n<h2 class=\"font-bold text-h3 leading-[40px] pt-[21px] pb-[2px] [&amp;_a]:underline-offset-[6px] [&amp;_.underline]:underline-offset-[6px]\" dir=\"ltr\">Gdje kupiti Prostanol u Hrvatskoj? jekarna, DM, Nju\u0161kalo<\/h2>\n<p class=\"text-body font-regular leading-[24px] pt-[9px] pb-[2px]\" dir=\"ltr\">Prostanol se mo\u017ee kupiti isklju\u010divo putem slu\u017ebene web stranice proizvo\u0111a\u010da. To osigurava autenti\u010dnost proizvoda i sprje\u010dava kupnju niskokvalitetnih imitacija koje se \u010desto mogu prona\u0107i na drugim platformama.<\/p>\n<h2 class=\"font-bold text-h3 leading-[40px] pt-[21px] pb-[2px] [&amp;_a]:underline-offset-[6px] [&amp;_.underline]:underline-offset-[6px]\" dir=\"ltr\">Koliko ko\u0161ta Prostanol? Cijena?<\/h2>\n<p class=\"text-body font-regular leading-[24px] pt-[9px] pb-[2px]\" dir=\"ltr\">Prostanol trenutno ko\u0161ta samo <b><strong class=\"font-bold\">39 EUR<\/strong><\/b>. Bitno je napomenuti da \u010desto postoje promotivne ponude za kupce na slu\u017ebenoj stranici proizvo\u0111a\u010da, pa svakako provjerite dostupne pogodnosti.<\/p>\n<h2 class=\"font-bold text-h3 leading-[40px] pt-[21px] pb-[2px] [&amp;_a]:underline-offset-[6px] [&amp;_.underline]:underline-offset-[6px]\" dir=\"ltr\">\u010cesto postavljana pitanja<\/h2>\n<h3 class=\"font-bold text-h4 leading-[30px] pt-[15px] pb-[2px] [&amp;_a]:underline-offset-[6px] [&amp;_.underline]:underline-offset-[6px]\" dir=\"ltr\">Koliko dugo treba koristiti Prostanol?<\/h3>\n<p class=\"text-body font-regular leading-[24px] pt-[9px] pb-[2px]\" dir=\"ltr\">Preporu\u010da se kori\u0161tenje tijekom minimalno mjesec dana kako biste osjetili sve njegove prednosti.<\/p>\n<h3 class=\"font-bold text-h4 leading-[30px] pt-[15px] pb-[2px] [&amp;_a]:underline-offset-[6px] [&amp;_.underline]:underline-offset-[6px]\" dir=\"ltr\">Ima li Prostanol nuspojave?<\/h3>\n<p class=\"text-body font-regular leading-[24px] pt-[9px] pb-[2px]\" dir=\"ltr\">Nema poznatih nuspojava, a proizvod je potpuno siguran za upotrebu.<\/p>\n<h3 class=\"font-bold text-h4 leading-[30px] pt-[15px] pb-[2px] [&amp;_a]:underline-offset-[6px] [&amp;_.underline]:underline-offset-[6px]\" dir=\"ltr\">Kako mogu naru\u010diti Prostanol?<\/h3>\n<p class=\"text-body font-regular leading-[24px] pt-[9px] pb-[2px]\" dir=\"ltr\">Jednostavno posjetite slu\u017ebenu web stranicu proizvo\u0111a\u010da i slijedite upute za narud\u017ebu.<\/p>\n","protected":false},"excerpt":{"rendered":"<p>Prostanol je prirodni dodatak prehrani, posebno formulisan za rje\u0161avanje problema s prostatom. Dolazi u obliku pra\u0161ka, a njegova formula temelji se na prirodnim sastojcima koji ciljano djeluju na uzrok problema \u2013 smanjuju upalu prostate i stabiliziraju mokra\u0107ni sustav. Redovitim kori\u0161tenjem Prostanola, korisnici osje\u0107aju zna\u010dajno smanjenje boli i nelagode, prestanak peckanja tijekom mokrenja i op\u0107e pobolj\u0161anje&#8230;<\/p>\n","protected":false},"featured_media":305,"template":"","meta":{"_kad_post_transparent":"default","_kad_post_title":"","_kad_post_layout":"default","_kad_post_sidebar_id":"","_kad_post_content_style":"default","_kad_post_vertical_padding":"default","_kad_post_feature":"","_kad_post_feature_position":"","_kad_post_header":false,"_kad_post_footer":false,"_kad_post_classname":"","iawp_total_views":1},"product_brand":[],"product_cat":[15],"product_tag":[],"class_list":{"0":"post-304","1":"product","2":"type-product","3":"status-publish","4":"has-post-thumbnail","6":"product_cat-zdravlje","8":"first","9":"instock","10":"sale","11":"shipping-taxable","12":"purchasable","13":"product-type-simple","14":"entry","15":"content-bg","16":"loop-entry"},"_links":{"self":[{"href":"https:\/\/www.poliklinikavukovic.com\/ljekarna\/wp-json\/wp\/v2\/product\/304","targetHints":{"allow":["GET"]}}],"collection":[{"href":"https:\/\/www.poliklinikavukovic.com\/ljekarna\/wp-json\/wp\/v2\/product"}],"about":[{"href":"https:\/\/www.poliklinikavukovic.com\/ljekarna\/wp-json\/wp\/v2\/types\/product"}],"wp:featuredmedia":[{"embeddable":true,"href":"https:\/\/www.poliklinikavukovic.com\/ljekarna\/wp-json\/wp\/v2\/media\/305"}],"wp:attachment":[{"href":"https:\/\/www.poliklinikavukovic.com\/ljekarna\/wp-json\/wp\/v2\/media?parent=304"}],"wp:term":[{"taxonomy":"product_brand","embeddable":true,"href":"https:\/\/www.poliklinikavukovic.com\/ljekarna\/wp-json\/wp\/v2\/product_brand?post=304"},{"taxonomy":"product_cat","embeddable":true,"href":"https:\/\/www.poliklinikavukovic.com\/ljekarna\/wp-json\/wp\/v2\/product_cat?post=304"},{"taxonomy":"product_tag","embeddable":true,"href":"https:\/\/www.poliklinikavukovic.com\/ljekarna\/wp-json\/wp\/v2\/product_tag?post=304"}],"curies":[{"name":"wp","href":"https:\/\/api.w.org\/{rel}","templated":true}]}}