{"id":302,"date":"2025-03-02T14:13:09","date_gmt":"2025-03-02T14:13:09","guid":{"rendered":"https:\/\/www.poliklinikavukovic.com\/ljekarna\/?post_type=product&#038;p=302"},"modified":"2025-03-02T14:13:09","modified_gmt":"2025-03-02T14:13:09","slug":"reliver","status":"publish","type":"product","link":"https:\/\/www.poliklinikavukovic.com\/ljekarna\/proizvod\/reliver\/","title":{"rendered":"Reliver"},"content":{"rendered":"<p class=\"text-body font-regular leading-[24px] pt-[9px] pb-[2px]\" dir=\"ltr\">Reliver je kapsula napravljena od prirodnih sastojaka posebno osmi\u0161ljena za pobolj\u0161anje funkcije jetre. Ovaj jedinstveni proizvod ne samo da podr\u017eava zdravlje jetre, ve\u0107 poma\u017ee i u sprje\u010davanju razvoja bolesti povezanih s jetrom. Njegova nje\u017ena formula ubla\u017eava neugodne simptome poput mu\u010dnine, umora, bolova i gr\u010deva u trbuhu.<\/p>\n<p class=\"text-body font-regular leading-[24px] pt-[9px] pb-[2px]\" dir=\"ltr\">Reliver dodatno pospje\u0161uje uklanjanje toksina iz jetre, vra\u0107a dobar apetit, regenerira jetrene stanice i pobolj\u0161ava op\u0107e zdravlje korisnika. Ako te\u017eite zdravom na\u010dinu \u017eivota, Reliver je korak u pravom smjeru.<\/p>\n<h2 class=\"font-bold text-h3 leading-[40px] pt-[21px] pb-[2px] [&amp;_a]:underline-offset-[6px] [&amp;_.underline]:underline-offset-[6px]\" dir=\"ltr\">Kako djeluje Reliver?<\/h2>\n<p class=\"text-body font-regular leading-[24px] pt-[9px] pb-[2px]\" dir=\"ltr\">Reliver podr\u017eava prirodnu sposobnost jetre da se \u010disti i regenerira. Kroz redovnu uporabu, ovaj proizvod ubrzava proces detoksikacije, smanjuje upale i podr\u017eava obnovu o\u0161te\u0107enih jetrenih stanica. Na taj na\u010din omogu\u0107uje va\u0161em tijelu da funkcionira na optimalan na\u010din.<\/p>\n<p class=\"text-body font-regular leading-[24px] pt-[9px] pb-[2px]\" dir=\"ltr\">Osim \u0161to ubla\u017eava simptome povezane s oslabljenom funkcijom jetre, Reliver tako\u0111er radi preventivno, \u010dime doprinosi dugoro\u010dnom zdravlju jetre.<\/p>\n<h2 class=\"font-bold text-h3 leading-[40px] pt-[21px] pb-[2px] [&amp;_a]:underline-offset-[6px] [&amp;_.underline]:underline-offset-[6px]\" dir=\"ltr\">Reliver Sastav<\/h2>\n<p class=\"text-body font-regular leading-[24px] pt-[9px] pb-[2px]\" dir=\"ltr\">Jedan od klju\u010dnih razloga za uspje\u0161no djelovanje Relivera jest pa\u017eljivo osmi\u0161ljen sastav koji uklju\u010duje sljede\u0107e prirodne sastojke:<\/p>\n<h3 class=\"font-bold text-h4 leading-[30px] pt-[15px] pb-[2px] [&amp;_a]:underline-offset-[6px] [&amp;_.underline]:underline-offset-[6px]\" dir=\"ltr\">Mikrokristalna celuloza<\/h3>\n<p class=\"text-body font-regular leading-[24px] pt-[9px] pb-[2px]\" dir=\"ltr\">Prirodni stabilizator koji osigurava optimalnu apsorpciju aktivnih sastojaka i pobolj\u0161ava konzistenciju kapsule.<\/p>\n<h3 class=\"font-bold text-h4 leading-[30px] pt-[15px] pb-[2px] [&amp;_a]:underline-offset-[6px] [&amp;_.underline]:underline-offset-[6px]\" dir=\"ltr\">Ekstrakt sjemena \u010di\u010dka (25-30:1)<\/h3>\n<p class=\"text-body font-regular leading-[24px] pt-[9px] pb-[2px]\" dir=\"ltr\">Poznat po svojim hepatoprotektivnim svojstvima, \u010di\u010dak je klju\u010dan u detoksikaciji jetre i za\u0161titi od toksina.<\/p>\n<h3 class=\"font-bold text-h4 leading-[30px] pt-[15px] pb-[2px] [&amp;_a]:underline-offset-[6px] [&amp;_.underline]:underline-offset-[6px]\" dir=\"ltr\">Ekstrakt korijena masla\u010dka (4:1)<\/h3>\n<p class=\"text-body font-regular leading-[24px] pt-[9px] pb-[2px]\" dir=\"ltr\">Masla\u010dak poma\u017ee u stimulaciji proizvodnje \u017eu\u010di, \u0161to dodatno podr\u017eava probavu i detoksikaciju.<\/p>\n<h3 class=\"font-bold text-h4 leading-[30px] pt-[15px] pb-[2px] [&amp;_a]:underline-offset-[6px] [&amp;_.underline]:underline-offset-[6px]\" dir=\"ltr\">Ekstrakt lista arti\u010doke (4:1)<\/h3>\n<p class=\"text-body font-regular leading-[24px] pt-[9px] pb-[2px]\" dir=\"ltr\">Arti\u010doka pobolj\u0161ava funkciju jetrenih enzima i smanjuje masne naslage u jetri.<\/p>\n<h3 class=\"font-bold text-h4 leading-[30px] pt-[15px] pb-[2px] [&amp;_a]:underline-offset-[6px] [&amp;_.underline]:underline-offset-[6px]\" dir=\"ltr\">Prah korijena kurkume<\/h3>\n<p class=\"text-body font-regular leading-[24px] pt-[9px] pb-[2px]\" dir=\"ltr\">Kurkuma je poznata po svojim protuupalnim svojstvima, \u0161to poma\u017ee u sprje\u010davanju kroni\u010dnih o\u0161te\u0107enja jetre.<\/p>\n<h3 class=\"font-bold text-h4 leading-[30px] pt-[15px] pb-[2px] [&amp;_a]:underline-offset-[6px] [&amp;_.underline]:underline-offset-[6px]\" dir=\"ltr\">Ekstrakt rizoma \u0111umbira (4:1)<\/h3>\n<p class=\"text-body font-regular leading-[24px] pt-[9px] pb-[2px]\" dir=\"ltr\">\u0110umbir ne samo da podr\u017eava probavu nego tako\u0111er ima antioksidativni u\u010dinak koji \u0161titi jetru od oksidativnog stresa.<\/p>\n<h3 class=\"font-bold text-h4 leading-[30px] pt-[15px] pb-[2px] [&amp;_a]:underline-offset-[6px] [&amp;_.underline]:underline-offset-[6px]\" dir=\"ltr\">Ekstrakt ploda crnog papra (4:1)<\/h3>\n<p class=\"text-body font-regular leading-[24px] pt-[9px] pb-[2px]\" dir=\"ltr\">Pove\u0107ava bioraspolo\u017eivost drugih sastojaka, osiguravaju\u0107i njihovu maksimalnu u\u010dinkovitost.<\/p>\n<h3 class=\"font-bold text-h4 leading-[30px] pt-[15px] pb-[2px] [&amp;_a]:underline-offset-[6px] [&amp;_.underline]:underline-offset-[6px]\" dir=\"ltr\">Soli magnezija masnih kiselina<\/h3>\n<p class=\"text-body font-regular leading-[24px] pt-[9px] pb-[2px]\" dir=\"ltr\">Poma\u017eu u stabilizaciji formule i poti\u010du bolju apsorpciju svih aktivnih tvari.<\/p>\n<h2 class=\"font-bold text-h3 leading-[40px] pt-[21px] pb-[2px] [&amp;_a]:underline-offset-[6px] [&amp;_.underline]:underline-offset-[6px]\" dir=\"ltr\">Reliver U\u010dinci i Dobrobiti<\/h2>\n<p class=\"text-body font-regular leading-[24px] pt-[9px] pb-[2px]\" dir=\"ltr\">Reliver korisnicima donosi niz blagodati:<\/p>\n<ul class=\"pt-[9px] pb-[2px] pl-[24px] list-disc [&amp;_ul]:pt-[5px] pt-[5px]\">\n<li class=\"text-body font-regular leading-[24px] my-[5px] [&amp;&gt;ol]:!pt-0 [&amp;&gt;ol]:!pb-0 [&amp;&gt;ul]:!pt-0 [&amp;&gt;ul]:!pb-0\" value=\"1\"><b><strong class=\"font-bold\">Detoksikacija organizma<\/strong><\/b> \u2013 Poma\u017ee va\u0161oj jetri u u\u010dinkovitim procesima \u010di\u0161\u0107enja.<\/li>\n<li class=\"text-body font-regular leading-[24px] my-[5px] [&amp;&gt;ol]:!pt-0 [&amp;&gt;ol]:!pb-0 [&amp;&gt;ul]:!pt-0 [&amp;&gt;ul]:!pb-0\" value=\"2\"><b><strong class=\"font-bold\">Obnova stanica<\/strong><\/b> \u2013 Stimulira regeneraciju o\u0161te\u0107enih jetrenih stanica.<\/li>\n<li class=\"text-body font-regular leading-[24px] my-[5px] [&amp;&gt;ol]:!pt-0 [&amp;&gt;ol]:!pb-0 [&amp;&gt;ul]:!pt-0 [&amp;&gt;ul]:!pb-0\" value=\"3\"><b><strong class=\"font-bold\">Smanjenje upala<\/strong><\/b> \u2013 Pru\u017ea protuupalno djelovanje.<\/li>\n<li class=\"text-body font-regular leading-[24px] my-[5px] [&amp;&gt;ol]:!pt-0 [&amp;&gt;ol]:!pb-0 [&amp;&gt;ul]:!pt-0 [&amp;&gt;ul]:!pb-0\" value=\"4\"><b><strong class=\"font-bold\">Bolji apetit i probava<\/strong><\/b> \u2013 Pospje\u0161uje proizvodnju \u017eu\u010di i pobolj\u0161ava apsorpciju hranjivih tvari.<\/li>\n<li class=\"text-body font-regular leading-[24px] my-[5px] [&amp;&gt;ol]:!pt-0 [&amp;&gt;ol]:!pb-0 [&amp;&gt;ul]:!pt-0 [&amp;&gt;ul]:!pb-0\" value=\"5\"><b><strong class=\"font-bold\">Ubla\u017eavanje simptoma<\/strong><\/b> \u2013 Smanjuje zamor, mu\u010dninu i bolove u trbuhu.<\/li>\n<\/ul>\n<h2 class=\"font-bold text-h3 leading-[40px] pt-[21px] pb-[2px] [&amp;_a]:underline-offset-[6px] [&amp;_.underline]:underline-offset-[6px]\" dir=\"ltr\">Reliver Upute Za Kori\u0161tenje<\/h2>\n<p class=\"text-body font-regular leading-[24px] pt-[9px] pb-[2px]\" dir=\"ltr\">Za optimalne rezultate, Reliver se preporu\u010duje uzimati 1 kapsulu dva puta dnevno uz obrok. Pridr\u017eavajte se preporu\u010dene doze i nemojte je prekora\u010diti bez savjetovanja s lije\u010dnikom ili farmaceutom.<\/p>\n<h2 class=\"font-bold text-h3 leading-[40px] pt-[21px] pb-[2px] [&amp;_a]:underline-offset-[6px] [&amp;_.underline]:underline-offset-[6px]\" dir=\"ltr\">Reliver Kontraindikacije i Nuspojave<\/h2>\n<p class=\"text-body font-regular leading-[24px] pt-[9px] pb-[2px]\" dir=\"ltr\">Reliver je napravljen od potpuno prirodnih sastojaka i apsolutno je siguran za uporabu. Proizvod nema prijavljenih kontraindikacija niti nuspojava.<\/p>\n<p class=\"text-body font-regular leading-[24px] pt-[9px] pb-[2px]\" dir=\"ltr\">Ipak, nije namijenjen djeci, trudnicama, dojiljama te osobama s kroni\u010dnim bolestima bez prethodnog savjetovanja s lije\u010dnikom.<\/p>\n<h2 class=\"font-bold text-h3 leading-[40px] pt-[21px] pb-[2px] [&amp;_a]:underline-offset-[6px] [&amp;_.underline]:underline-offset-[6px]\" dir=\"ltr\">Reliver Iskustva<\/h2>\n<p class=\"text-body font-regular leading-[24px] pt-[9px] pb-[2px]\" dir=\"ltr\">Korisnici \u0161irom Hrvatske dijele pozitivne dojmove o Reliveru. Evo nekoliko komentara:<\/p>\n<ul class=\"pt-[9px] pb-[2px] pl-[24px] list-disc [&amp;_ul]:pt-[5px] pt-[5px]\">\n<li class=\"text-body font-regular leading-[24px] my-[5px] [&amp;&gt;ol]:!pt-0 [&amp;&gt;ol]:!pb-0 [&amp;&gt;ul]:!pt-0 [&amp;&gt;ul]:!pb-0\" value=\"1\"><b><strong class=\"font-bold\">Ana, 45 godina<\/strong><\/b><\/li>\n<\/ul>\n<p class=\"text-body font-regular leading-[24px] pt-[9px] pb-[2px]\" dir=\"ltr\">&#8220;Uzela sam Reliver zbog \u010destog osje\u0107aja umora i problema s apetitom. Ve\u0107 nakon nekoliko tjedana osjetila sam razliku \u2013 imam vi\u0161e energije nego ikada prije!&#8221;<\/p>\n<ul class=\"pt-[9px] pb-[2px] pl-[24px] list-disc [&amp;_ul]:pt-[5px] pt-[5px]\">\n<li class=\"text-body font-regular leading-[24px] my-[5px] [&amp;&gt;ol]:!pt-0 [&amp;&gt;ol]:!pb-0 [&amp;&gt;ul]:!pt-0 [&amp;&gt;ul]:!pb-0\" value=\"1\"><b><strong class=\"font-bold\">Marko, 52 godine<\/strong><\/b><\/li>\n<\/ul>\n<p class=\"text-body font-regular leading-[24px] pt-[9px] pb-[2px]\" dir=\"ltr\">&#8220;Jetra mi je bila oslabljena zbog lo\u0161e prehrane. Zahvaljuju\u0107i Reliveru, osje\u0107am se zdravije i vitalnije.&#8221;<\/p>\n<ul class=\"pt-[9px] pb-[2px] pl-[24px] list-disc [&amp;_ul]:pt-[5px] pt-[5px]\">\n<li class=\"text-body font-regular leading-[24px] my-[5px] [&amp;&gt;ol]:!pt-0 [&amp;&gt;ol]:!pb-0 [&amp;&gt;ul]:!pt-0 [&amp;&gt;ul]:!pb-0\" value=\"1\"><b><strong class=\"font-bold\">Lucija, 34 godine<\/strong><\/b><\/li>\n<\/ul>\n<p class=\"text-body font-regular leading-[24px] pt-[9px] pb-[2px]\" dir=\"ltr\">&#8220;Volim Reliver jer se oslanja na prirodne sastojke. To\u010dno ono \u0161to mi treba za detoksikaciju nakon praznika!&#8221;<\/p>\n<h2 class=\"font-bold text-h3 leading-[40px] pt-[21px] pb-[2px] [&amp;_a]:underline-offset-[6px] [&amp;_.underline]:underline-offset-[6px]\" dir=\"ltr\">Gdje kupiti Reliver u Hrvatskoj? Ljekarna, DM, Nju\u0161kalo<\/h2>\n<p class=\"text-body font-regular leading-[24px] pt-[9px] pb-[2px]\" dir=\"ltr\">Reliver mo\u017eete kupiti isklju\u010divo na slu\u017ebenoj web stranici proizvo\u0111a\u010da. To osigurava da uvijek dobijete autenti\u010dan proizvod najvi\u0161e kvalitete. Izbjegavajte neovla\u0161tene trgovce koji mogu nuditi la\u017ene ili nekvalitetne proizvode.<\/p>\n<h2 class=\"font-bold text-h3 leading-[40px] pt-[21px] pb-[2px] [&amp;_a]:underline-offset-[6px] [&amp;_.underline]:underline-offset-[6px]\" dir=\"ltr\">Koliko ko\u0161ta Reliver? Cijena?<\/h2>\n<p class=\"text-body font-regular leading-[24px] pt-[9px] pb-[2px]\" dir=\"ltr\">Cijena Reliver kapsula iznosi <b><strong class=\"font-bold\">39 \u20ac<\/strong><\/b>, \u0161to je povoljno s obzirom na njegovu kvalitetu i u\u010dinke.<\/p>\n<h2 class=\"font-bold text-h3 leading-[40px] pt-[21px] pb-[2px] [&amp;_a]:underline-offset-[6px] [&amp;_.underline]:underline-offset-[6px]\" dir=\"ltr\">\u010cesto postavljana pitanja<\/h2>\n<h3 class=\"font-bold text-h4 leading-[30px] pt-[15px] pb-[2px] [&amp;_a]:underline-offset-[6px] [&amp;_.underline]:underline-offset-[6px]\" dir=\"ltr\">Mogu li uzimati Reliver s drugim lijekovima?<\/h3>\n<p class=\"text-body font-regular leading-[24px] pt-[9px] pb-[2px]\" dir=\"ltr\">Da, Reliver je siguran za kombiniranje, ali preporu\u010duje se savjetovanje s lije\u010dnikom u slu\u010daju kori\u0161tenja lijekova za kroni\u010dne bolesti.<\/p>\n<h3 class=\"font-bold text-h4 leading-[30px] pt-[15px] pb-[2px] [&amp;_a]:underline-offset-[6px] [&amp;_.underline]:underline-offset-[6px]\" dir=\"ltr\">Kada mogu o\u010dekivati rezultate?<\/h3>\n<p class=\"text-body font-regular leading-[24px] pt-[9px] pb-[2px]\" dir=\"ltr\">Rezultati se mogu uo\u010diti ve\u0107 unutar nekoliko tjedana redovite uporabe.<\/p>\n<h3 class=\"font-bold text-h4 leading-[30px] pt-[15px] pb-[2px] [&amp;_a]:underline-offset-[6px] [&amp;_.underline]:underline-offset-[6px]\" dir=\"ltr\">Ima li Reliver certifikate kvalitete?<\/h3>\n<p class=\"text-body font-regular leading-[24px] pt-[9px] pb-[2px]\" dir=\"ltr\">Da, svi sastojci su certificirani i zadovoljili su stroge standarde kvalitete.<\/p>\n","protected":false},"excerpt":{"rendered":"<p>Reliver je kapsula napravljena od prirodnih sastojaka posebno osmi\u0161ljena za pobolj\u0161anje funkcije jetre. Ovaj jedinstveni proizvod ne samo da podr\u017eava zdravlje jetre, ve\u0107 poma\u017ee i u sprje\u010davanju razvoja bolesti povezanih s jetrom. Njegova nje\u017ena formula ubla\u017eava neugodne simptome poput mu\u010dnine, umora, bolova i gr\u010deva u trbuhu. Reliver dodatno pospje\u0161uje uklanjanje toksina iz jetre, vra\u0107a dobar&#8230;<\/p>\n","protected":false},"featured_media":303,"template":"","meta":{"_kad_post_transparent":"default","_kad_post_title":"","_kad_post_layout":"default","_kad_post_sidebar_id":"","_kad_post_content_style":"default","_kad_post_vertical_padding":"default","_kad_post_feature":"","_kad_post_feature_position":"","_kad_post_header":false,"_kad_post_footer":false,"_kad_post_classname":"","iawp_total_views":2},"product_brand":[],"product_cat":[15],"product_tag":[],"class_list":{"0":"post-302","1":"product","2":"type-product","3":"status-publish","4":"has-post-thumbnail","6":"product_cat-zdravlje","8":"first","9":"instock","10":"sale","11":"shipping-taxable","12":"purchasable","13":"product-type-simple","14":"entry","15":"content-bg","16":"loop-entry"},"_links":{"self":[{"href":"https:\/\/www.poliklinikavukovic.com\/ljekarna\/wp-json\/wp\/v2\/product\/302","targetHints":{"allow":["GET"]}}],"collection":[{"href":"https:\/\/www.poliklinikavukovic.com\/ljekarna\/wp-json\/wp\/v2\/product"}],"about":[{"href":"https:\/\/www.poliklinikavukovic.com\/ljekarna\/wp-json\/wp\/v2\/types\/product"}],"wp:featuredmedia":[{"embeddable":true,"href":"https:\/\/www.poliklinikavukovic.com\/ljekarna\/wp-json\/wp\/v2\/media\/303"}],"wp:attachment":[{"href":"https:\/\/www.poliklinikavukovic.com\/ljekarna\/wp-json\/wp\/v2\/media?parent=302"}],"wp:term":[{"taxonomy":"product_brand","embeddable":true,"href":"https:\/\/www.poliklinikavukovic.com\/ljekarna\/wp-json\/wp\/v2\/product_brand?post=302"},{"taxonomy":"product_cat","embeddable":true,"href":"https:\/\/www.poliklinikavukovic.com\/ljekarna\/wp-json\/wp\/v2\/product_cat?post=302"},{"taxonomy":"product_tag","embeddable":true,"href":"https:\/\/www.poliklinikavukovic.com\/ljekarna\/wp-json\/wp\/v2\/product_tag?post=302"}],"curies":[{"name":"wp","href":"https:\/\/api.w.org\/{rel}","templated":true}]}}