{"id":300,"date":"2025-03-02T14:10:38","date_gmt":"2025-03-02T14:10:38","guid":{"rendered":"https:\/\/www.poliklinikavukovic.com\/ljekarna\/?post_type=product&#038;p=300"},"modified":"2025-03-02T14:10:38","modified_gmt":"2025-03-02T14:10:38","slug":"collagent","status":"publish","type":"product","link":"https:\/\/www.poliklinikavukovic.com\/ljekarna\/proizvod\/collagent\/","title":{"rendered":"Collagent"},"content":{"rendered":"<p class=\"text-body font-regular leading-[24px] pt-[9px] pb-[2px]\" dir=\"ltr\">Collagent je puder za uljep\u0161avanje ko\u017ee, kose i noktiju koji se isti\u010de po svojoj inovativnoj formuli. Sadr\u017ei peptidne spojeve, riblji kolagen, ekstrakte algi i razne vitamine. Osim \u0161to doprinosi ljepoti, ovaj dodatak prehrani podr\u017eava cjelokupno zdravlje i blagostanje. Va\u017eno je napomenuti kako Collagent nije zamjena za pravilnu prehranu ili klasi\u010dne tretmane, ve\u0107 se koristi kao dodatak za optimalne rezultate.<\/p>\n<p class=\"text-body font-regular leading-[24px] pt-[9px] pb-[2px]\" dir=\"ltr\">Bilo da se borite s krhkim noktima, be\u017eivotnom kosom ili ko\u017eom koja treba dodatnu njegu, Collagent je osmi\u0161ljen kako bi nadopunio svakodnevnu rutinu i pru\u017eio vidljive rezultate.<\/p>\n<h2 class=\"font-bold text-h3 leading-[40px] pt-[21px] pb-[2px] [&amp;_a]:underline-offset-[6px] [&amp;_.underline]:underline-offset-[6px]\" dir=\"ltr\">Kako djeluje Collagent?<\/h2>\n<p class=\"text-body font-regular leading-[24px] pt-[9px] pb-[2px]\" dir=\"ltr\">Collagent djeluje iznutra prema van pru\u017eaju\u0107i tijelu esencijalne hranjive tvari koje su potrebne za zdravlje ko\u017ee, kose i noktiju. Ovaj dodatak prehrani stimulira prirodnu regeneraciju stanica, poma\u017ee u odr\u017eavanju hidratacije i elasti\u010dnosti ko\u017ee te ja\u010da strukturu kose i noktiju. Zahvaljuju\u0107i svojim mo\u0107nim sastojcima, u\u010dinkovit je i u borbi s o\u0161te\u0107enjima uzrokovanim starenjem, stresom i vanjskim utjecajima.<\/p>\n<h2 class=\"font-bold text-h3 leading-[40px] pt-[21px] pb-[2px] [&amp;_a]:underline-offset-[6px] [&amp;_.underline]:underline-offset-[6px]\" dir=\"ltr\">Collagent Sastav<\/h2>\n<p class=\"text-body font-regular leading-[24px] pt-[9px] pb-[2px]\" dir=\"ltr\">Sastojci Collagenta pa\u017eljivo su birani kako bi pru\u017eili maksimalnu u\u010dinkovitost. Evo detaljnog pregleda:<\/p>\n<ul class=\"pt-[9px] pb-[2px] pl-[24px] list-disc [&amp;_ul]:pt-[5px] pt-[5px]\">\n<li class=\"text-body font-regular leading-[24px] my-[5px] [&amp;&gt;ol]:!pt-0 [&amp;&gt;ol]:!pb-0 [&amp;&gt;ul]:!pt-0 [&amp;&gt;ul]:!pb-0\" value=\"1\"><b><strong class=\"font-bold\">Izolirani protein soje<\/strong><\/b> \u2013 Odli\u010dan izvor aminokiselina koji potpoma\u017ee obnovu stanica ko\u017ee i ja\u010danje kose.<\/li>\n<li class=\"text-body font-regular leading-[24px] my-[5px] [&amp;&gt;ol]:!pt-0 [&amp;&gt;ol]:!pb-0 [&amp;&gt;ul]:!pt-0 [&amp;&gt;ul]:!pb-0\" value=\"2\"><b><strong class=\"font-bold\">Dijetetska vlakna soje<\/strong><\/b> \u2013 Pobolj\u0161avaju probavu i osiguravaju bolju apsorpciju hranjivih tvari.<\/li>\n<li class=\"text-body font-regular leading-[24px] my-[5px] [&amp;&gt;ol]:!pt-0 [&amp;&gt;ol]:!pb-0 [&amp;&gt;ul]:!pt-0 [&amp;&gt;ul]:!pb-0\" value=\"3\"><b><strong class=\"font-bold\">Hidrolizirani kolagen (gove\u0111i)<\/strong><\/b> \u2013 Klju\u010dan za elasti\u010dnost ko\u017ee, zdrav izgled i hidrataciju.<\/li>\n<li class=\"text-body font-regular leading-[24px] my-[5px] [&amp;&gt;ol]:!pt-0 [&amp;&gt;ol]:!pb-0 [&amp;&gt;ul]:!pt-0 [&amp;&gt;ul]:!pb-0\" value=\"4\"><b><strong class=\"font-bold\">Maltodekstrin<\/strong><\/b> \u2013 Pru\u017ea energiju i podr\u0161ku metabolizmu.<\/li>\n<li class=\"text-body font-regular leading-[24px] my-[5px] [&amp;&gt;ol]:!pt-0 [&amp;&gt;ol]:!pb-0 [&amp;&gt;ul]:!pt-0 [&amp;&gt;ul]:!pb-0\" value=\"5\"><b><strong class=\"font-bold\">Ekstrakt li\u0161\u0107a bambusa<\/strong><\/b> \u2013 Bogat silicijem za ja\u010danje noktiju i kose.<\/li>\n<li class=\"text-body font-regular leading-[24px] my-[5px] [&amp;&gt;ol]:!pt-0 [&amp;&gt;ol]:!pb-0 [&amp;&gt;ul]:!pt-0 [&amp;&gt;ul]:!pb-0\" value=\"6\"><b><strong class=\"font-bold\">Vitamin C (askorbinska kiselina)<\/strong><\/b> \u2013 Antioksidans koji poti\u010de stvaranje kolagena i borbu protiv slobodnih radikala.<\/li>\n<li class=\"text-body font-regular leading-[24px] my-[5px] [&amp;&gt;ol]:!pt-0 [&amp;&gt;ol]:!pb-0 [&amp;&gt;ul]:!pt-0 [&amp;&gt;ul]:!pb-0\" value=\"7\"><b><strong class=\"font-bold\">Ekstrakt biljke preslice i divlje ru\u017ee<\/strong><\/b> \u2013 Biljni ekstrakti koji doprinose zdravijoj i sjajnijoj kosi.<\/li>\n<li class=\"text-body font-regular leading-[24px] my-[5px] [&amp;&gt;ol]:!pt-0 [&amp;&gt;ol]:!pb-0 [&amp;&gt;ul]:!pt-0 [&amp;&gt;ul]:!pb-0\" value=\"8\"><b><strong class=\"font-bold\">Cink (cink citrat)<\/strong><\/b> \u2013 Poma\u017ee pri obnovi ko\u017ee i kose, sprje\u010dava akne.<\/li>\n<li class=\"text-body font-regular leading-[24px] my-[5px] [&amp;&gt;ol]:!pt-0 [&amp;&gt;ol]:!pb-0 [&amp;&gt;ul]:!pt-0 [&amp;&gt;ul]:!pb-0\" value=\"9\"><b><strong class=\"font-bold\">D-Biotin (vitamin B7)<\/strong><\/b> \u2013 Esencijalan za zdravlje kose, ko\u017ee i noktiju.<\/li>\n<\/ul>\n<h2 class=\"font-bold text-h3 leading-[40px] pt-[21px] pb-[2px] [&amp;_a]:underline-offset-[6px] [&amp;_.underline]:underline-offset-[6px]\" dir=\"ltr\">Collagent U\u010dinci i Dobrobiti<\/h2>\n<p class=\"text-body font-regular leading-[24px] pt-[9px] pb-[2px]\" dir=\"ltr\">Evo \u0161to mo\u017eete o\u010dekivati od Collagenta:<\/p>\n<ul class=\"pt-[9px] pb-[2px] pl-[24px] list-disc [&amp;_ul]:pt-[5px] pt-[5px]\">\n<li class=\"text-body font-regular leading-[24px] my-[5px] [&amp;&gt;ol]:!pt-0 [&amp;&gt;ol]:!pb-0 [&amp;&gt;ul]:!pt-0 [&amp;&gt;ul]:!pb-0\" value=\"1\">Hidratacija i obnova elasti\u010dnosti ko\u017ee<\/li>\n<li class=\"text-body font-regular leading-[24px] my-[5px] [&amp;&gt;ol]:!pt-0 [&amp;&gt;ol]:!pb-0 [&amp;&gt;ul]:!pt-0 [&amp;&gt;ul]:!pb-0\" value=\"2\">Smanjenje bora i znakova starenja<\/li>\n<li class=\"text-body font-regular leading-[24px] my-[5px] [&amp;&gt;ol]:!pt-0 [&amp;&gt;ol]:!pb-0 [&amp;&gt;ul]:!pt-0 [&amp;&gt;ul]:!pb-0\" value=\"3\">Ja\u010da, otpornija kosa s vi\u0161e volumena<\/li>\n<li class=\"text-body font-regular leading-[24px] my-[5px] [&amp;&gt;ol]:!pt-0 [&amp;&gt;ol]:!pb-0 [&amp;&gt;ul]:!pt-0 [&amp;&gt;ul]:!pb-0\" value=\"4\">Nokti otporniji na lomljenje<\/li>\n<li class=\"text-body font-regular leading-[24px] my-[5px] [&amp;&gt;ol]:!pt-0 [&amp;&gt;ol]:!pb-0 [&amp;&gt;ul]:!pt-0 [&amp;&gt;ul]:!pb-0\" value=\"5\">Pobolj\u0161anje cjelokupnog tonusa i teksture ko\u017ee<\/li>\n<\/ul>\n<p class=\"text-body font-regular leading-[24px] pt-[9px] pb-[2px]\" dir=\"ltr\">Uz redovitu uporabu, rezultati \u0107e postajati vidljivi ve\u0107 nakon nekoliko tjedana.<\/p>\n<h2 class=\"font-bold text-h3 leading-[40px] pt-[21px] pb-[2px] [&amp;_a]:underline-offset-[6px] [&amp;_.underline]:underline-offset-[6px]\" dir=\"ltr\">Collagent Upute Za Kori\u0161tenje<\/h2>\n<p class=\"text-body font-regular leading-[24px] pt-[9px] pb-[2px]\" dir=\"ltr\">Kori\u0161tenje Collagenta je jednostavno. Preporu\u010duje se uzimati jednu mjericu praha dnevno, pomije\u0161anu s vodom, sokom ili mlijekom. Najbolje ga je konzumirati ujutro, na prazan \u017eeludac, kako bi tijelo optimalno apsorbiralo korisne sastojke.<\/p>\n<h2 class=\"font-bold text-h3 leading-[40px] pt-[21px] pb-[2px] [&amp;_a]:underline-offset-[6px] [&amp;_.underline]:underline-offset-[6px]\" dir=\"ltr\">Collagent Kontraindikacije i Nuspojave<\/h2>\n<p class=\"text-body font-regular leading-[24px] pt-[9px] pb-[2px]\" dir=\"ltr\">Collagent je siguran za kori\u0161tenje te nema poznatih nuspojava. Me\u0111utim, proizvod nije namijenjen djeci, trudnicama, dojiljama i osobama s kroni\u010dnim bolestima. Ako imate bilo kakve specifi\u010dne zdravstvene probleme, preporu\u010duje se konzultacija s lije\u010dnikom prije upotrebe.<\/p>\n<h2 class=\"font-bold text-h3 leading-[40px] pt-[21px] pb-[2px] [&amp;_a]:underline-offset-[6px] [&amp;_.underline]:underline-offset-[6px]\" dir=\"ltr\">Collagent Iskustva<\/h2>\n<p class=\"text-body font-regular leading-[24px] pt-[9px] pb-[2px]\" dir=\"ltr\">Korisni\u010dka iskustva s Collagentom uglavnom su pozitivna:<\/p>\n<ol class=\"pt-[9px] pb-[2px] pl-[24px] [&amp;_ol]:pt-[5px] list-decimal\">\n<li class=\"text-body font-regular leading-[24px] my-[5px] [&amp;&gt;ol]:!pt-0 [&amp;&gt;ol]:!pb-0 [&amp;&gt;ul]:!pt-0 [&amp;&gt;ul]:!pb-0\" value=\"1\"><b><strong class=\"font-bold\">Ana, 32:<\/strong><\/b> &#8220;Nakon samo mjesec dana kori\u0161tenja, primijetila sam kako mi je ko\u017ea mek\u0161a, a kosa sjajnija. Nokti su mi se tako\u0111er prestali lomiti, \u0161to je bio ogroman problem prije.&#8221;<\/li>\n<li class=\"text-body font-regular leading-[24px] my-[5px] [&amp;&gt;ol]:!pt-0 [&amp;&gt;ol]:!pb-0 [&amp;&gt;ul]:!pt-0 [&amp;&gt;ul]:!pb-0\" value=\"2\"><b><strong class=\"font-bold\">Ivana, 45:<\/strong><\/b> &#8220;Koristim Collagent ve\u0107 tri mjeseca i ne mogu vjerovati rezultatima. Bore su se smanjile, a ten mi nikad nije bio ovako blistav!&#8221;<\/li>\n<li class=\"text-body font-regular leading-[24px] my-[5px] [&amp;&gt;ol]:!pt-0 [&amp;&gt;ol]:!pb-0 [&amp;&gt;ul]:!pt-0 [&amp;&gt;ul]:!pb-0\" value=\"3\"><b><strong class=\"font-bold\">Mateja, 29:<\/strong><\/b> &#8220;Uz Collagent, vi\u0161e ne moram tro\u0161iti bogatstvo na kreme i maske za kosu. Fenomenalan proizvod!&#8221;<\/li>\n<\/ol>\n<h2 class=\"font-bold text-h3 leading-[40px] pt-[21px] pb-[2px] [&amp;_a]:underline-offset-[6px] [&amp;_.underline]:underline-offset-[6px]\" dir=\"ltr\">Gdje kupiti Collagent u Hrvatskoj? Ljekarna, DM, Nju\u0161kalo<\/h2>\n<p class=\"text-body font-regular leading-[24px] pt-[9px] pb-[2px]\" dir=\"ltr\">Collagent se mo\u017ee kupiti isklju\u010divo na slu\u017ebenoj web stranici proizvo\u0111a\u010da. Na taj na\u010din osigurana je kvaliteta i autenti\u010dnost proizvoda. Tako\u0111er, \u010desto su dostupni popusti i promotivne akcije.<\/p>\n<h2 class=\"font-bold text-h3 leading-[40px] pt-[21px] pb-[2px] [&amp;_a]:underline-offset-[6px] [&amp;_.underline]:underline-offset-[6px]\" dir=\"ltr\">Koliko ko\u0161ta Collagent? Cijena?<\/h2>\n<p class=\"text-body font-regular leading-[24px] pt-[9px] pb-[2px]\" dir=\"ltr\">Cijena Collagenta iznosi 39 eura po pakiranju, \u0161to ga \u010dini pristupa\u010dnim rje\u0161enjem za sve koji \u017eele ulagati u zdravlje i ljepotu.<\/p>\n<h2 class=\"font-bold text-h3 leading-[40px] pt-[21px] pb-[2px] [&amp;_a]:underline-offset-[6px] [&amp;_.underline]:underline-offset-[6px]\" dir=\"ltr\">\u010cesto postavljana pitanja<\/h2>\n<p class=\"text-body font-regular leading-[24px] pt-[9px] pb-[2px]\" dir=\"ltr\"><b><strong class=\"font-bold\">Koliko dugo trebam koristiti Collagent za rezultate?<\/strong><\/b><\/p>\n<p class=\"text-body font-regular leading-[24px] pt-[9px] pb-[2px]\" dir=\"ltr\">Prvi rezultati vidljivi su ve\u0107 nakon 4 tjedna, ali za potpuni u\u010dinak preporu\u010duje se kori\u0161tenje kroz tri mjeseca.<\/p>\n<p class=\"text-body font-regular leading-[24px] pt-[9px] pb-[2px]\" dir=\"ltr\"><b><strong class=\"font-bold\">Je li proizvod siguran za osobe s alergijama?<\/strong><\/b><\/p>\n<p class=\"text-body font-regular leading-[24px] pt-[9px] pb-[2px]\" dir=\"ltr\">Collagent je formuliran s pa\u017eljivo biranim sastojcima, ali ako ste skloni alergijama na odre\u0111ene tvari, provjerite sastav ili se konzultirajte s lije\u010dnikom.<\/p>\n<p class=\"text-body font-regular leading-[24px] pt-[9px] pb-[2px]\" dir=\"ltr\"><b><strong class=\"font-bold\">Mogu li ga koristiti uz druge dodatke prehrani?<\/strong><\/b><\/p>\n<p class=\"text-body font-regular leading-[24px] pt-[9px] pb-[2px]\" dir=\"ltr\">Da, mo\u017ee se koristiti uz druge dodatke, ali preporu\u010duje se konzultacija s lije\u010dnikom kod kombinacija.<\/p>\n","protected":false},"excerpt":{"rendered":"<p>Collagent je puder za uljep\u0161avanje ko\u017ee, kose i noktiju koji se isti\u010de po svojoj inovativnoj formuli. Sadr\u017ei peptidne spojeve, riblji kolagen, ekstrakte algi i razne vitamine. Osim \u0161to doprinosi ljepoti, ovaj dodatak prehrani podr\u017eava cjelokupno zdravlje i blagostanje. Va\u017eno je napomenuti kako Collagent nije zamjena za pravilnu prehranu ili klasi\u010dne tretmane, ve\u0107 se koristi kao&#8230;<\/p>\n","protected":false},"featured_media":301,"template":"","meta":{"_kad_post_transparent":"default","_kad_post_title":"","_kad_post_layout":"default","_kad_post_sidebar_id":"","_kad_post_content_style":"default","_kad_post_vertical_padding":"default","_kad_post_feature":"","_kad_post_feature_position":"","_kad_post_header":false,"_kad_post_footer":false,"_kad_post_classname":"","iawp_total_views":3},"product_brand":[],"product_cat":[18],"product_tag":[],"class_list":{"0":"post-300","1":"product","2":"type-product","3":"status-publish","4":"has-post-thumbnail","6":"product_cat-ljepota","8":"first","9":"instock","10":"sale","11":"shipping-taxable","12":"purchasable","13":"product-type-simple","14":"entry","15":"content-bg","16":"loop-entry"},"_links":{"self":[{"href":"https:\/\/www.poliklinikavukovic.com\/ljekarna\/wp-json\/wp\/v2\/product\/300","targetHints":{"allow":["GET"]}}],"collection":[{"href":"https:\/\/www.poliklinikavukovic.com\/ljekarna\/wp-json\/wp\/v2\/product"}],"about":[{"href":"https:\/\/www.poliklinikavukovic.com\/ljekarna\/wp-json\/wp\/v2\/types\/product"}],"wp:featuredmedia":[{"embeddable":true,"href":"https:\/\/www.poliklinikavukovic.com\/ljekarna\/wp-json\/wp\/v2\/media\/301"}],"wp:attachment":[{"href":"https:\/\/www.poliklinikavukovic.com\/ljekarna\/wp-json\/wp\/v2\/media?parent=300"}],"wp:term":[{"taxonomy":"product_brand","embeddable":true,"href":"https:\/\/www.poliklinikavukovic.com\/ljekarna\/wp-json\/wp\/v2\/product_brand?post=300"},{"taxonomy":"product_cat","embeddable":true,"href":"https:\/\/www.poliklinikavukovic.com\/ljekarna\/wp-json\/wp\/v2\/product_cat?post=300"},{"taxonomy":"product_tag","embeddable":true,"href":"https:\/\/www.poliklinikavukovic.com\/ljekarna\/wp-json\/wp\/v2\/product_tag?post=300"}],"curies":[{"name":"wp","href":"https:\/\/api.w.org\/{rel}","templated":true}]}}