{"id":290,"date":"2025-02-19T13:33:15","date_gmt":"2025-02-19T13:33:15","guid":{"rendered":"https:\/\/www.poliklinikavukovic.com\/ljekarna\/?post_type=product&#038;p=290"},"modified":"2025-02-19T13:33:15","modified_gmt":"2025-02-19T13:33:15","slug":"osteflex","status":"publish","type":"product","link":"https:\/\/www.poliklinikavukovic.com\/ljekarna\/proizvod\/osteflex\/","title":{"rendered":"Osteflex"},"content":{"rendered":"<p class=\"text-body font-regular leading-[24px] pt-[9px] pb-[2px]\" dir=\"ltr\">Osteflex je inovativna krema namijenjena ubla\u017eavanju bolova i uko\u010denosti zglobova te pobolj\u0161anju pokretljivosti. Osim \u0161to smanjuje bol i upale, Osteflex pospje\u0161uje regeneraciju o\u0161te\u0107enog hrskavi\u010dnog tkiva, pru\u017eaju\u0107i dugotrajno olak\u0161anje i podr\u0161ku zglobovima. Krema dolazi kao rje\u0161enje za sve one koji se svakodnevno bore s nelagodom u zglobovima, bilo da je rije\u010d o starijim osobama, sporta\u0161ima ili onima koji vode aktivan \u017eivotni stil.<\/p>\n<h2 class=\"font-bold text-h3 leading-[40px] pt-[21px] pb-[2px] [&amp;_a]:underline-offset-[6px] [&amp;_.underline]:underline-offset-[6px]\" dir=\"ltr\">Kako djeluje Osteflex?<\/h2>\n<p class=\"text-body font-regular leading-[24px] pt-[9px] pb-[2px]\" dir=\"ltr\">Osteflex djeluje izravno na uzrok problema. Kada se nanese na bolno mjesto, aktivni sastojci brzo prodiru u ko\u017eu i ciljaju problemati\u010dne regije. Ubla\u017eavaju upalu, smanjuju bol, poti\u010du cirkulaciju te pospje\u0161uju obnavljanje o\u0161te\u0107enog tkiva. Korisnici isti\u010du kako ve\u0107 nakon nekoliko dana kori\u0161tenja primje\u0107uju olak\u0161anje u pokretljivosti i smanjenje uko\u010denosti.<\/p>\n<h2 class=\"font-bold text-h3 leading-[40px] pt-[21px] pb-[2px] [&amp;_a]:underline-offset-[6px] [&amp;_.underline]:underline-offset-[6px]\" dir=\"ltr\">Osteflex Sastav<\/h2>\n<p class=\"text-body font-regular leading-[24px] pt-[9px] pb-[2px]\" dir=\"ltr\">Jedna od klju\u010dnih prednosti Osteflexa jest njegov pa\u017eljivo osmi\u0161ljen prirodni sastav. Ovo su glavni sastojci i njihove funkcije:<\/p>\n<ul class=\"pt-[9px] pb-[2px] pl-[24px] list-disc [&amp;_ul]:pt-[5px] pt-[5px]\">\n<li class=\"text-body font-regular leading-[24px] my-[5px] [&amp;&gt;ol]:!pt-0 [&amp;&gt;ol]:!pb-0 [&amp;&gt;ul]:!pt-0 [&amp;&gt;ul]:!pb-0\" value=\"1\"><b><strong class=\"font-bold\">Glukozamin<\/strong><\/b> \u2013 Klju\u010dan za obnavljanje hrskavi\u010dnog tkiva, glukozamin pobolj\u0161ava elasti\u010dnost zglobova i smanjuje bol.<\/li>\n<li class=\"text-body font-regular leading-[24px] my-[5px] [&amp;&gt;ol]:!pt-0 [&amp;&gt;ol]:!pb-0 [&amp;&gt;ul]:!pt-0 [&amp;&gt;ul]:!pb-0\" value=\"2\"><b><strong class=\"font-bold\">Hondroitin<\/strong><\/b> \u2013 Pospje\u0161uje hidrataciju hrskavice te poma\u017ee u o\u010duvanju zglobnog zdravlja i fleksibilnosti.<\/li>\n<li class=\"text-body font-regular leading-[24px] my-[5px] [&amp;&gt;ol]:!pt-0 [&amp;&gt;ol]:!pb-0 [&amp;&gt;ul]:!pt-0 [&amp;&gt;ul]:!pb-0\" value=\"3\"><b><strong class=\"font-bold\">Mentol<\/strong><\/b> \u2013 Omogu\u0107uje trenutno osje\u0107aj hla\u0111enja i smanjuje oticanje, pru\u017eaju\u0107i brz u\u010dinak olak\u0161anja.<\/li>\n<li class=\"text-body font-regular leading-[24px] my-[5px] [&amp;&gt;ol]:!pt-0 [&amp;&gt;ol]:!pb-0 [&amp;&gt;ul]:!pt-0 [&amp;&gt;ul]:!pb-0\" value=\"4\"><b><strong class=\"font-bold\">Kolagen<\/strong><\/b> \u2013 Podupire regeneraciju hrskavi\u010dnih stanica te pove\u0107ava \u010dvrsto\u0107u tkiva.<\/li>\n<li class=\"text-body font-regular leading-[24px] my-[5px] [&amp;&gt;ol]:!pt-0 [&amp;&gt;ol]:!pb-0 [&amp;&gt;ul]:!pt-0 [&amp;&gt;ul]:!pb-0\" value=\"5\"><b><strong class=\"font-bold\">Prirodna ulja (kamfor, eukaliptus)<\/strong><\/b> \u2013 Pospje\u0161uju cirkulaciju krvi te pru\u017eaju osje\u0107aj opu\u0161tanja i smanjenja boli.<\/li>\n<\/ul>\n<p class=\"text-body font-regular leading-[24px] pt-[9px] pb-[2px]\" dir=\"ltr\">Kombinacija ovih sastojaka \u010dini Osteflex mo\u0107nim alatom u borbi protiv zglobnih problema.<\/p>\n<h2 class=\"font-bold text-h3 leading-[40px] pt-[21px] pb-[2px] [&amp;_a]:underline-offset-[6px] [&amp;_.underline]:underline-offset-[6px]\" dir=\"ltr\">Osteflex U\u010dinci i Dobrobiti<\/h2>\n<p class=\"text-body font-regular leading-[24px] pt-[9px] pb-[2px]\" dir=\"ltr\">Redovitom uporabom Osteflexa, korisnici mogu o\u010dekivati sljede\u0107e dobrobiti:<\/p>\n<ul class=\"pt-[9px] pb-[2px] pl-[24px] list-disc [&amp;_ul]:pt-[5px] pt-[5px]\">\n<li class=\"text-body font-regular leading-[24px] my-[5px] [&amp;&gt;ol]:!pt-0 [&amp;&gt;ol]:!pb-0 [&amp;&gt;ul]:!pt-0 [&amp;&gt;ul]:!pb-0\" value=\"1\">Smanjenje bolova i gr\u010deva u zglobovima<\/li>\n<li class=\"text-body font-regular leading-[24px] my-[5px] [&amp;&gt;ol]:!pt-0 [&amp;&gt;ol]:!pb-0 [&amp;&gt;ul]:!pt-0 [&amp;&gt;ul]:!pb-0\" value=\"2\">Pobolj\u0161anje pokretljivosti i fleksibilnosti<\/li>\n<li class=\"text-body font-regular leading-[24px] my-[5px] [&amp;&gt;ol]:!pt-0 [&amp;&gt;ol]:!pb-0 [&amp;&gt;ul]:!pt-0 [&amp;&gt;ul]:!pb-0\" value=\"3\">Regeneraciju hrskavi\u010dnog tkiva<\/li>\n<li class=\"text-body font-regular leading-[24px] my-[5px] [&amp;&gt;ol]:!pt-0 [&amp;&gt;ol]:!pb-0 [&amp;&gt;ul]:!pt-0 [&amp;&gt;ul]:!pb-0\" value=\"4\">Pospje\u0161enu cirkulaciju i br\u017ei oporavak<\/li>\n<li class=\"text-body font-regular leading-[24px] my-[5px] [&amp;&gt;ol]:!pt-0 [&amp;&gt;ol]:!pb-0 [&amp;&gt;ul]:!pt-0 [&amp;&gt;ul]:!pb-0\" value=\"5\">Dugotrajno olak\u0161anje bez potrebe za dodatnim lijekovima<\/li>\n<\/ul>\n<p class=\"text-body font-regular leading-[24px] pt-[9px] pb-[2px]\" dir=\"ltr\">\u0160tovi\u0161e, Osteflex se preporu\u010duje svima koji \u017eele sprije\u010diti budu\u0107e probleme sa zglobovima, zbog svoje preventivne uloge u o\u010duvanju zdravlja zglobova.<\/p>\n<h2 class=\"font-bold text-h3 leading-[40px] pt-[21px] pb-[2px] [&amp;_a]:underline-offset-[6px] [&amp;_.underline]:underline-offset-[6px]\" dir=\"ltr\">Osteflex Upute Za Kori\u0161tenje<\/h2>\n<p class=\"text-body font-regular leading-[24px] pt-[9px] pb-[2px]\" dir=\"ltr\">Kori\u0161tenje Osteflexa je vrlo jednostavno:<\/p>\n<ol class=\"pt-[9px] pb-[2px] pl-[24px] [&amp;_ol]:pt-[5px] list-decimal\">\n<li class=\"text-body font-regular leading-[24px] my-[5px] [&amp;&gt;ol]:!pt-0 [&amp;&gt;ol]:!pb-0 [&amp;&gt;ul]:!pt-0 [&amp;&gt;ul]:!pb-0\" value=\"1\">Prije nano\u0161enja kreme, o\u010distite i osu\u0161ite podru\u010dje zglobova.<\/li>\n<li class=\"text-body font-regular leading-[24px] my-[5px] [&amp;&gt;ol]:!pt-0 [&amp;&gt;ol]:!pb-0 [&amp;&gt;ul]:!pt-0 [&amp;&gt;ul]:!pb-0\" value=\"2\">Nanesite tanki sloj kreme izravno na bolno ili uko\u010deno podru\u010dje.<\/li>\n<li class=\"text-body font-regular leading-[24px] my-[5px] [&amp;&gt;ol]:!pt-0 [&amp;&gt;ol]:!pb-0 [&amp;&gt;ul]:!pt-0 [&amp;&gt;ul]:!pb-0\" value=\"3\">Lagano umasirajte kremu dok se potpuno ne upije.<\/li>\n<li class=\"text-body font-regular leading-[24px] my-[5px] [&amp;&gt;ol]:!pt-0 [&amp;&gt;ol]:!pb-0 [&amp;&gt;ul]:!pt-0 [&amp;&gt;ul]:!pb-0\" value=\"4\">Krema se mo\u017ee koristiti 2-3 puta dnevno, ovisno o intenzitetu problema.<\/li>\n<\/ol>\n<p class=\"text-body font-regular leading-[24px] pt-[9px] pb-[2px]\" dir=\"ltr\">Ovaj jednostavan proces omogu\u0107uje lako uklapanje Osteflexa u va\u0161u dnevnu rutinu.<\/p>\n<h2 class=\"font-bold text-h3 leading-[40px] pt-[21px] pb-[2px] [&amp;_a]:underline-offset-[6px] [&amp;_.underline]:underline-offset-[6px]\" dir=\"ltr\">Osteflex Kontraindikacije i Nuspojave<\/h2>\n<p class=\"text-body font-regular leading-[24px] pt-[9px] pb-[2px]\" dir=\"ltr\">Osteflex je siguran za upotrebu i nema poznatih nuspojava. Me\u0111utim, proizvod nije namijenjen djeci, trudnicama, dojiljama te osobama s kroni\u010dnim bolestima. Prilikom prve primjene, preporu\u010duje se testiranje manje koli\u010dine na ko\u017ei kako bi se isklju\u010dila eventualna alergijska reakcija.<\/p>\n<h2 class=\"font-bold text-h3 leading-[40px] pt-[21px] pb-[2px] [&amp;_a]:underline-offset-[6px] [&amp;_.underline]:underline-offset-[6px]\" dir=\"ltr\">Osteflex Iskustva<\/h2>\n<p class=\"text-body font-regular leading-[24px] pt-[9px] pb-[2px]\" dir=\"ltr\">Pozitivna iskustva korisnika govore sama za sebe. Evo nekoliko komentara:<\/p>\n<ul class=\"pt-[9px] pb-[2px] pl-[24px] list-disc [&amp;_ul]:pt-[5px] pt-[5px]\">\n<li class=\"text-body font-regular leading-[24px] my-[5px] [&amp;&gt;ol]:!pt-0 [&amp;&gt;ol]:!pb-0 [&amp;&gt;ul]:!pt-0 [&amp;&gt;ul]:!pb-0\" value=\"1\"><b><strong class=\"font-bold\">Marija, 48 godina:<\/strong><\/b> &#8220;Ve\u0107 godinama imam bolove u koljenima, ali Osteflex mi je promijenio \u017eivot. Ve\u0107 nakon nekoliko dana kori\u0161tenja osjetila sam olak\u0161anje, a sada se ponovno mogu bez problema \u0161etati.&#8221;<\/li>\n<li class=\"text-body font-regular leading-[24px] my-[5px] [&amp;&gt;ol]:!pt-0 [&amp;&gt;ol]:!pb-0 [&amp;&gt;ul]:!pt-0 [&amp;&gt;ul]:!pb-0\" value=\"2\"><b><strong class=\"font-bold\">Ivan, 62 godine:<\/strong><\/b> &#8220;Probao sam razne kreme, ali ni jedna nije djelovala kao Osteflex. Najvi\u0161e mi se svi\u0111a osje\u0107aj hla\u0111enja odmah nakon nano\u0161enja!&#8221;<\/li>\n<li class=\"text-body font-regular leading-[24px] my-[5px] [&amp;&gt;ol]:!pt-0 [&amp;&gt;ol]:!pb-0 [&amp;&gt;ul]:!pt-0 [&amp;&gt;ul]:!pb-0\" value=\"3\"><b><strong class=\"font-bold\">Ana, 35 godina:<\/strong><\/b> &#8220;Nakon napornih treninga, \u010desto osje\u0107am uko\u010denost u zglobovima. Osteflex mi poma\u017ee da nastavim trenirati bez bolova.&#8221;<\/li>\n<\/ul>\n<h2 class=\"font-bold text-h3 leading-[40px] pt-[21px] pb-[2px] [&amp;_a]:underline-offset-[6px] [&amp;_.underline]:underline-offset-[6px]\" dir=\"ltr\">Gdje kupiti Osteflex u Hrvatskoj? Ljekarna, DM, Nju\u0161kalo?<\/h2>\n<p class=\"text-body font-regular leading-[24px] pt-[9px] pb-[2px]\" dir=\"ltr\">Osteflex mo\u017eete naru\u010diti isklju\u010divo putem slu\u017ebene web stranice proizvo\u0111a\u010da. Ova odluka omogu\u0107uje proizvo\u0111a\u010du da kontrolira kvalitetu proizvoda i jam\u010di autenti\u010dnost svakog pakiranja. Kupnjom izravno od proizvo\u0111a\u010da osiguravate brzu dostavu i ekskluzivna promotivna sni\u017eenja.<\/p>\n<h2 class=\"font-bold text-h3 leading-[40px] pt-[21px] pb-[2px] [&amp;_a]:underline-offset-[6px] [&amp;_.underline]:underline-offset-[6px]\" dir=\"ltr\">Koliko ko\u0161ta Osteflex? Cijena?<\/h2>\n<p class=\"text-body font-regular leading-[24px] pt-[9px] pb-[2px]\" dir=\"ltr\">Jedno pakiranje Osteflexa dostupno je po cijeni od <b><strong class=\"font-bold\">39\u20ac<\/strong><\/b>. U ovu cijenu uklju\u010deni su kvaliteta, u\u010dinkovitost i zadovoljstvo korisnika.<\/p>\n<h2 class=\"font-bold text-h3 leading-[40px] pt-[21px] pb-[2px] [&amp;_a]:underline-offset-[6px] [&amp;_.underline]:underline-offset-[6px]\" dir=\"ltr\">\u010cesto postavljana pitanja<\/h2>\n<p class=\"text-body font-regular leading-[24px] pt-[9px] pb-[2px]\" dir=\"ltr\"><b><strong class=\"font-bold\">1. Koliko dugo traje jedno pakiranje?<\/strong><\/b><\/p>\n<p class=\"text-body font-regular leading-[24px] pt-[9px] pb-[2px]\" dir=\"ltr\">Jedno pakiranje Osteflexa dovoljno je za nekoliko tjedana, ovisno o u\u010destalosti kori\u0161tenja.<\/p>\n<p class=\"text-body font-regular leading-[24px] pt-[9px] pb-[2px]\" dir=\"ltr\"><b><strong class=\"font-bold\">2. Koliko brzo mogu o\u010dekivati rezultate?<\/strong><\/b><\/p>\n<p class=\"text-body font-regular leading-[24px] pt-[9px] pb-[2px]\" dir=\"ltr\">Ve\u0107ina korisnika navodi olak\u0161anje unutar prvih nekoliko dana redovite primjene.<\/p>\n<p class=\"text-body font-regular leading-[24px] pt-[9px] pb-[2px]\" dir=\"ltr\"><b><strong class=\"font-bold\">3. Je li Osteflex prikladan za sve tipove ko\u017ee?<\/strong><\/b><\/p>\n<p class=\"text-body font-regular leading-[24px] pt-[9px] pb-[2px]\" dir=\"ltr\">Da, proizvod je siguran za sve tipove ko\u017ee, ali se preporu\u010duje testiranje na manjem podru\u010dju prilikom prve uporabe.<\/p>\n","protected":false},"excerpt":{"rendered":"<p>Osteflex je inovativna krema namijenjena ubla\u017eavanju bolova i uko\u010denosti zglobova te pobolj\u0161anju pokretljivosti. Osim \u0161to smanjuje bol i upale, Osteflex pospje\u0161uje regeneraciju o\u0161te\u0107enog hrskavi\u010dnog tkiva, pru\u017eaju\u0107i dugotrajno olak\u0161anje i podr\u0161ku zglobovima. Krema dolazi kao rje\u0161enje za sve one koji se svakodnevno bore s nelagodom u zglobovima, bilo da je rije\u010d o starijim osobama, sporta\u0161ima ili&#8230;<\/p>\n","protected":false},"featured_media":291,"template":"","meta":{"_kad_post_transparent":"default","_kad_post_title":"","_kad_post_layout":"default","_kad_post_sidebar_id":"","_kad_post_content_style":"default","_kad_post_vertical_padding":"default","_kad_post_feature":"","_kad_post_feature_position":"","_kad_post_header":false,"_kad_post_footer":false,"_kad_post_classname":"","iawp_total_views":19},"product_brand":[],"product_cat":[15],"product_tag":[],"class_list":{"0":"post-290","1":"product","2":"type-product","3":"status-publish","4":"has-post-thumbnail","6":"product_cat-zdravlje","8":"first","9":"instock","10":"sale","11":"shipping-taxable","12":"purchasable","13":"product-type-simple","14":"entry","15":"content-bg","16":"loop-entry"},"_links":{"self":[{"href":"https:\/\/www.poliklinikavukovic.com\/ljekarna\/wp-json\/wp\/v2\/product\/290","targetHints":{"allow":["GET"]}}],"collection":[{"href":"https:\/\/www.poliklinikavukovic.com\/ljekarna\/wp-json\/wp\/v2\/product"}],"about":[{"href":"https:\/\/www.poliklinikavukovic.com\/ljekarna\/wp-json\/wp\/v2\/types\/product"}],"wp:featuredmedia":[{"embeddable":true,"href":"https:\/\/www.poliklinikavukovic.com\/ljekarna\/wp-json\/wp\/v2\/media\/291"}],"wp:attachment":[{"href":"https:\/\/www.poliklinikavukovic.com\/ljekarna\/wp-json\/wp\/v2\/media?parent=290"}],"wp:term":[{"taxonomy":"product_brand","embeddable":true,"href":"https:\/\/www.poliklinikavukovic.com\/ljekarna\/wp-json\/wp\/v2\/product_brand?post=290"},{"taxonomy":"product_cat","embeddable":true,"href":"https:\/\/www.poliklinikavukovic.com\/ljekarna\/wp-json\/wp\/v2\/product_cat?post=290"},{"taxonomy":"product_tag","embeddable":true,"href":"https:\/\/www.poliklinikavukovic.com\/ljekarna\/wp-json\/wp\/v2\/product_tag?post=290"}],"curies":[{"name":"wp","href":"https:\/\/api.w.org\/{rel}","templated":true}]}}