{"id":288,"date":"2025-02-19T13:29:14","date_gmt":"2025-02-19T13:29:14","guid":{"rendered":"https:\/\/www.poliklinikavukovic.com\/ljekarna\/?post_type=product&#038;p=288"},"modified":"2025-02-19T13:29:14","modified_gmt":"2025-02-19T13:29:14","slug":"keto-coffee-premium","status":"publish","type":"product","link":"https:\/\/www.poliklinikavukovic.com\/ljekarna\/proizvod\/keto-coffee-premium\/","title":{"rendered":"Keto Coffee Premium"},"content":{"rendered":"<p class=\"text-body font-regular leading-[24px] pt-[9px] pb-[2px]\" dir=\"ltr\">Keto Coffee Premium je koktel za mr\u0161avljenje s okusom kave koji djeluje tako da aktivira prirodne procese sagorijevanja masno\u0107a putem stimulacije ketonskih tijela. To zna\u010di da uz ovaj proizvod mo\u017eete posti\u0107i rezultate bez dodatnog napora, \u0161tetnih u\u010dinaka ili potrebe za odricanjem omiljene hrane. Savr\u0161en je za sve koji \u017eele odr\u017eati zdrav na\u010din \u017eivota, a pritom u\u017eivati u bogatom okusu kave.<\/p>\n<p class=\"text-body font-regular leading-[24px] pt-[9px] pb-[2px]\" dir=\"ltr\">Ono \u0161to ga \u010dini posebnim jest njegova sposobnost da poti\u010de metabolizam, osiguravaju\u0107i dovoljnu energiju tijekom dana dok istovremeno poma\u017ee u mr\u0161avljenju.<\/p>\n<h2 class=\"font-bold text-h3 leading-[40px] pt-[21px] pb-[2px] [&amp;_a]:underline-offset-[6px] [&amp;_.underline]:underline-offset-[6px]\" dir=\"ltr\">Kako djeluje Keto Coffee Premium?<\/h2>\n<p class=\"text-body font-regular leading-[24px] pt-[9px] pb-[2px]\" dir=\"ltr\">Keto Coffee Premium koristi proces koji se naziva ketoza. Ketoza je stanje u kojem tijelo po\u010dinje sagorijevati vlastite masno\u0107e kao primarni izvor energije umjesto ugljikohidrata. Kada konzumirate Keto Coffee Premium, njegov pa\u017eljivo osmi\u0161ljen sastav poma\u017ee tijelu u brzom ulasku u ovo stanje. Rezultat? Br\u017ee sagorijevanje masnih naslaga, vi\u0161e energije, te bolje op\u0107e zdravlje i vitalnost.<\/p>\n<p class=\"text-body font-regular leading-[24px] pt-[9px] pb-[2px]\" dir=\"ltr\">Proizvod je tako\u0111er dizajniran da podr\u017ei metabolizam i pobolj\u0161a funkciju probavnog sustava, \u0161to zna\u010di da \u0107ete se osje\u0107ati lak\u0161e i zdravije ve\u0107 nakon nekoliko dana kori\u0161tenja.<\/p>\n<h2 class=\"font-bold text-h3 leading-[40px] pt-[21px] pb-[2px] [&amp;_a]:underline-offset-[6px] [&amp;_.underline]:underline-offset-[6px]\" dir=\"ltr\">Keto Coffee Premium Sastav<\/h2>\n<p class=\"text-body font-regular leading-[24px] pt-[9px] pb-[2px]\" dir=\"ltr\">Keto Coffee Premium se isti\u010de po svom vrhunskom sastavu razvijenom od visokokvalitetnih sastojaka. Ovdje \u0107emo detaljno analizirati svaki od njih:<\/p>\n<ul class=\"pt-[9px] pb-[2px] pl-[24px] list-disc [&amp;_ul]:pt-[5px] pt-[5px]\">\n<li class=\"text-body font-regular leading-[24px] my-[5px] [&amp;&gt;ol]:!pt-0 [&amp;&gt;ol]:!pb-0 [&amp;&gt;ul]:!pt-0 [&amp;&gt;ul]:!pb-0\" value=\"1\"><b><strong class=\"font-bold\">Izolirani sojin protein<\/strong><\/b> \u2013 Osigurava osje\u0107aj sitosti, poti\u010de obnovu mi\u0161i\u0107a i podr\u017eava metabolizam.<\/li>\n<li class=\"text-body font-regular leading-[24px] my-[5px] [&amp;&gt;ol]:!pt-0 [&amp;&gt;ol]:!pb-0 [&amp;&gt;ul]:!pt-0 [&amp;&gt;ul]:!pb-0\" value=\"2\"><b><strong class=\"font-bold\">Sojina vlakna<\/strong><\/b> \u2013 Poti\u010du probavu i stvaraju osje\u0107aj puno\u0107e, smanjuju\u0107i potrebu za grickanjem.<\/li>\n<li class=\"text-body font-regular leading-[24px] my-[5px] [&amp;&gt;ol]:!pt-0 [&amp;&gt;ol]:!pb-0 [&amp;&gt;ul]:!pt-0 [&amp;&gt;ul]:!pb-0\" value=\"3\"><b><strong class=\"font-bold\">Kolagen (gove\u0111i)<\/strong><\/b> \u2013 Poma\u017ee u o\u010duvanju zdravlja ko\u017ee, zglobova i vezivnih tkiva.<\/li>\n<li class=\"text-body font-regular leading-[24px] my-[5px] [&amp;&gt;ol]:!pt-0 [&amp;&gt;ol]:!pb-0 [&amp;&gt;ul]:!pt-0 [&amp;&gt;ul]:!pb-0\" value=\"4\"><b><strong class=\"font-bold\">Magnezij (magnezijev karbonat)<\/strong><\/b> \u2013 Esencijalan za pravilno funkcioniranje mi\u0161i\u0107a i \u017eiv\u010danog sustava.<\/li>\n<li class=\"text-body font-regular leading-[24px] my-[5px] [&amp;&gt;ol]:!pt-0 [&amp;&gt;ol]:!pb-0 [&amp;&gt;ul]:!pt-0 [&amp;&gt;ul]:!pb-0\" value=\"5\"><b><strong class=\"font-bold\">Aroma s okusom kave<\/strong><\/b> \u2013 Omogu\u0107uje prepoznatljiv bogat okus koji \u010dini svaki gutljaj ugodnim.<\/li>\n<li class=\"text-body font-regular leading-[24px] my-[5px] [&amp;&gt;ol]:!pt-0 [&amp;&gt;ol]:!pb-0 [&amp;&gt;ul]:!pt-0 [&amp;&gt;ul]:!pb-0\" value=\"6\"><b><strong class=\"font-bold\">Trigliceridi srednjeg lanca (MCT) iz kokosovog ulja<\/strong><\/b> \u2013 Pru\u017eaju brzu energiju i podr\u017eavaju proces ketoze.<\/li>\n<li class=\"text-body font-regular leading-[24px] my-[5px] [&amp;&gt;ol]:!pt-0 [&amp;&gt;ol]:!pb-0 [&amp;&gt;ul]:!pt-0 [&amp;&gt;ul]:!pb-0\" value=\"7\"><b><strong class=\"font-bold\">Ekstrakt zrna zelene kave (Coffea arabica L.)<\/strong><\/b> \u2013 Sadr\u017ei klorogensku kiselinu koja poma\u017ee u regulaciji \u0161e\u0107era u krvi.<\/li>\n<li class=\"text-body font-regular leading-[24px] my-[5px] [&amp;&gt;ol]:!pt-0 [&amp;&gt;ol]:!pb-0 [&amp;&gt;ul]:!pt-0 [&amp;&gt;ul]:!pb-0\" value=\"8\"><b><strong class=\"font-bold\">Kofein<\/strong><\/b> \u2013 Pobolj\u0161ava koncentraciju i pove\u0107ava razinu energije.<\/li>\n<li class=\"text-body font-regular leading-[24px] my-[5px] [&amp;&gt;ol]:!pt-0 [&amp;&gt;ol]:!pb-0 [&amp;&gt;ul]:!pt-0 [&amp;&gt;ul]:!pb-0\" value=\"9\"><b><strong class=\"font-bold\">L-karnitin<\/strong><\/b> \u2013 Poti\u010de metabolizam masti i tjelesnu izdr\u017eljivost.<\/li>\n<li class=\"text-body font-regular leading-[24px] my-[5px] [&amp;&gt;ol]:!pt-0 [&amp;&gt;ol]:!pb-0 [&amp;&gt;ul]:!pt-0 [&amp;&gt;ul]:!pb-0\" value=\"10\"><b><strong class=\"font-bold\">Vitamin C (askorbinska kiselina)<\/strong><\/b> \u2013 Djeluje kao sna\u017ean antioksidans.<\/li>\n<li class=\"text-body font-regular leading-[24px] my-[5px] [&amp;&gt;ol]:!pt-0 [&amp;&gt;ol]:!pb-0 [&amp;&gt;ul]:!pt-0 [&amp;&gt;ul]:!pb-0\" value=\"11\"><b><strong class=\"font-bold\">Zasla\u0111iva\u010d Sukraloza<\/strong><\/b> \u2013 Odr\u017eava slatko\u0107u proizvoda bez dodatka \u0161e\u0107era.<\/li>\n<li class=\"text-body font-regular leading-[24px] my-[5px] [&amp;&gt;ol]:!pt-0 [&amp;&gt;ol]:!pb-0 [&amp;&gt;ul]:!pt-0 [&amp;&gt;ul]:!pb-0\" value=\"12\"><b><strong class=\"font-bold\">Vitamin B3, B6 i cink (cink citrat)<\/strong><\/b> \u2013 Podr\u017eavaju metabolizam i imunolo\u0161ki sustav.<\/li>\n<\/ul>\n<h2 class=\"font-bold text-h3 leading-[40px] pt-[21px] pb-[2px] [&amp;_a]:underline-offset-[6px] [&amp;_.underline]:underline-offset-[6px]\" dir=\"ltr\">Keto Coffee Premium U\u010dinci i Dobrobiti<\/h2>\n<p class=\"text-body font-regular leading-[24px] pt-[9px] pb-[2px]\" dir=\"ltr\">Konzumacija Keto Coffee Premium donosi vi\u0161estruke prednosti, uklju\u010duju\u0107i:<\/p>\n<ul class=\"pt-[9px] pb-[2px] pl-[24px] list-disc [&amp;_ul]:pt-[5px] pt-[5px]\">\n<li class=\"text-body font-regular leading-[24px] my-[5px] [&amp;&gt;ol]:!pt-0 [&amp;&gt;ol]:!pb-0 [&amp;&gt;ul]:!pt-0 [&amp;&gt;ul]:!pb-0\" value=\"1\"><b><strong class=\"font-bold\">Br\u017ee sagorijevanje masti:<\/strong><\/b> Aktivacijom ketoze tijelo se br\u017ee rje\u0161ava suvi\u0161nih masno\u0107a.<\/li>\n<li class=\"text-body font-regular leading-[24px] my-[5px] [&amp;&gt;ol]:!pt-0 [&amp;&gt;ol]:!pb-0 [&amp;&gt;ul]:!pt-0 [&amp;&gt;ul]:!pb-0\" value=\"2\"><b><strong class=\"font-bold\">Pove\u0107anje energije:<\/strong><\/b> Zahvaljuju\u0107i kofeinu i MCT masno\u0107ama, osje\u0107at \u0107ete se puni energije tijekom dana.<\/li>\n<li class=\"text-body font-regular leading-[24px] my-[5px] [&amp;&gt;ol]:!pt-0 [&amp;&gt;ol]:!pb-0 [&amp;&gt;ul]:!pt-0 [&amp;&gt;ul]:!pb-0\" value=\"3\"><b><strong class=\"font-bold\">Pobolj\u0161anje metabolizma:<\/strong><\/b> Aktivni sastojci podr\u017eavaju pravilnu probavu i metabolizam hranjivih tvari.<\/li>\n<li class=\"text-body font-regular leading-[24px] my-[5px] [&amp;&gt;ol]:!pt-0 [&amp;&gt;ol]:!pb-0 [&amp;&gt;ul]:!pt-0 [&amp;&gt;ul]:!pb-0\" value=\"4\"><b><strong class=\"font-bold\">Zdravija ko\u017ea i zglobovi:<\/strong><\/b> Kolagen u sastavu povoljno djeluje na ko\u017eu, zglobove i kosu.<\/li>\n<li class=\"text-body font-regular leading-[24px] my-[5px] [&amp;&gt;ol]:!pt-0 [&amp;&gt;ol]:!pb-0 [&amp;&gt;ul]:!pt-0 [&amp;&gt;ul]:!pb-0\" value=\"5\"><b><strong class=\"font-bold\">Regulacija apetita:<\/strong><\/b> Sastojci poput sojinog proteina i vlakana pru\u017eaju osje\u0107aj sitosti, smanjuju\u0107i potrebu za prejedanjem.<\/li>\n<\/ul>\n<h2 class=\"font-bold text-h3 leading-[40px] pt-[21px] pb-[2px] [&amp;_a]:underline-offset-[6px] [&amp;_.underline]:underline-offset-[6px]\" dir=\"ltr\">Keto Coffee Premium Upute Za Kori\u0161tenje<\/h2>\n<p class=\"text-body font-regular leading-[24px] pt-[9px] pb-[2px]\" dir=\"ltr\">Kori\u0161tenje Keto Coffee Premium je vrlo jednostavno:<\/p>\n<ol class=\"pt-[9px] pb-[2px] pl-[24px] [&amp;_ol]:pt-[5px] list-decimal\">\n<li class=\"text-body font-regular leading-[24px] my-[5px] [&amp;&gt;ol]:!pt-0 [&amp;&gt;ol]:!pb-0 [&amp;&gt;ul]:!pt-0 [&amp;&gt;ul]:!pb-0\" value=\"1\">Pomije\u0161ajte 1-2 \u017elice proizvoda s 200 ml tople vode, mlijeka ili alternativnog mlije\u010dnog napitka.<\/li>\n<li class=\"text-body font-regular leading-[24px] my-[5px] [&amp;&gt;ol]:!pt-0 [&amp;&gt;ol]:!pb-0 [&amp;&gt;ul]:!pt-0 [&amp;&gt;ul]:!pb-0\" value=\"2\">Dobro promije\u0161ajte dok ne dobijete glatku smjesu.<\/li>\n<li class=\"text-body font-regular leading-[24px] my-[5px] [&amp;&gt;ol]:!pt-0 [&amp;&gt;ol]:!pb-0 [&amp;&gt;ul]:!pt-0 [&amp;&gt;ul]:!pb-0\" value=\"3\">Preporu\u010duje se konzumacija jednom dnevno, ujutro ili prije fizi\u010dke aktivnosti, za maksimalne rezultate.<\/li>\n<\/ol>\n<p class=\"text-body font-regular leading-[24px] pt-[9px] pb-[2px]\" dir=\"ltr\">Va\u017eno je redovito koristiti proizvod kako biste vidjeli najbolje u\u010dinke te ga kombinirati s uravnote\u017eenom prehranom i zdravim na\u010dinom \u017eivota.<\/p>\n<h2 class=\"font-bold text-h3 leading-[40px] pt-[21px] pb-[2px] [&amp;_a]:underline-offset-[6px] [&amp;_.underline]:underline-offset-[6px]\" dir=\"ltr\">Keto Coffee Premium Kontraindikacije i Nuspojave<\/h2>\n<p class=\"text-body font-regular leading-[24px] pt-[9px] pb-[2px]\" dir=\"ltr\">Keto Coffee Premium je siguran za upotrebu i nema zabilje\u017eenih nuspojava. Me\u0111utim, proizvod nije namijenjen sljede\u0107im skupinama:<\/p>\n<ul class=\"pt-[9px] pb-[2px] pl-[24px] list-disc [&amp;_ul]:pt-[5px] pt-[5px]\">\n<li class=\"text-body font-regular leading-[24px] my-[5px] [&amp;&gt;ol]:!pt-0 [&amp;&gt;ol]:!pb-0 [&amp;&gt;ul]:!pt-0 [&amp;&gt;ul]:!pb-0\" value=\"1\">Djeci<\/li>\n<li class=\"text-body font-regular leading-[24px] my-[5px] [&amp;&gt;ol]:!pt-0 [&amp;&gt;ol]:!pb-0 [&amp;&gt;ul]:!pt-0 [&amp;&gt;ul]:!pb-0\" value=\"2\">Trudnicama i dojiljama<\/li>\n<li class=\"text-body font-regular leading-[24px] my-[5px] [&amp;&gt;ol]:!pt-0 [&amp;&gt;ol]:!pb-0 [&amp;&gt;ul]:!pt-0 [&amp;&gt;ul]:!pb-0\" value=\"3\">Osobama s kroni\u010dnim bolestima (bez prethodne konzultacije s lije\u010dnikom)<\/li>\n<\/ul>\n<h2 class=\"font-bold text-h3 leading-[40px] pt-[21px] pb-[2px] [&amp;_a]:underline-offset-[6px] [&amp;_.underline]:underline-offset-[6px]\" dir=\"ltr\">Keto Coffee Premium Iskustva<\/h2>\n<p class=\"text-body font-regular leading-[24px] pt-[9px] pb-[2px]\" dir=\"ltr\">Korisnici koji su probali Keto Coffee Premium podijelili su svoje pozitivne dojmove:<\/p>\n<ul class=\"pt-[9px] pb-[2px] pl-[24px] list-disc [&amp;_ul]:pt-[5px] pt-[5px]\">\n<li class=\"text-body font-regular leading-[24px] my-[5px] [&amp;&gt;ol]:!pt-0 [&amp;&gt;ol]:!pb-0 [&amp;&gt;ul]:!pt-0 [&amp;&gt;ul]:!pb-0\" value=\"1\"><b><strong class=\"font-bold\">Maja, Zagreb:<\/strong><\/b> &#8220;Od kada koristim Keto Coffee Premium, izgubila sam 5 kg u mjesec dana i osje\u0107am se puni energije!&#8221;<\/li>\n<li class=\"text-body font-regular leading-[24px] my-[5px] [&amp;&gt;ol]:!pt-0 [&amp;&gt;ol]:!pb-0 [&amp;&gt;ul]:!pt-0 [&amp;&gt;ul]:!pb-0\" value=\"2\"><b><strong class=\"font-bold\">Ivana, Split:<\/strong><\/b> &#8220;Okus je fantasti\u010dan, a rezultati su iznad o\u010dekivanja. Bez sumnje \u0107u nastaviti koristiti ovaj proizvod.&#8221;<\/li>\n<li class=\"text-body font-regular leading-[24px] my-[5px] [&amp;&gt;ol]:!pt-0 [&amp;&gt;ol]:!pb-0 [&amp;&gt;ul]:!pt-0 [&amp;&gt;ul]:!pb-0\" value=\"3\"><b><strong class=\"font-bold\">Marko, Rijeka:<\/strong><\/b> &#8220;Poku\u0161ao sam mnogo razli\u010ditih proizvoda za mr\u0161avljenje, ali Keto Coffee Premium je jedini koji stvarno funkcionira.&#8221;<\/li>\n<\/ul>\n<h2 class=\"font-bold text-h3 leading-[40px] pt-[21px] pb-[2px] [&amp;_a]:underline-offset-[6px] [&amp;_.underline]:underline-offset-[6px]\" dir=\"ltr\">Gdje kupiti Keto Coffee Premium u Hrvatskoj? Ljekarna, DM, Nju\u0161kalo<\/h2>\n<p class=\"text-body font-regular leading-[24px] pt-[9px] pb-[2px]\" dir=\"ltr\">Keto Coffee Premium mo\u017eete kupiti isklju\u010divo putem slu\u017ebene web stranice proizvo\u0111a\u010da. Ova praksa omogu\u0107ava:<\/p>\n<ol class=\"pt-[9px] pb-[2px] pl-[24px] [&amp;_ol]:pt-[5px] list-decimal\">\n<li class=\"text-body font-regular leading-[24px] my-[5px] [&amp;&gt;ol]:!pt-0 [&amp;&gt;ol]:!pb-0 [&amp;&gt;ul]:!pt-0 [&amp;&gt;ul]:!pb-0\" value=\"1\"><b><strong class=\"font-bold\">Autenti\u010dnost proizvoda<\/strong><\/b> &#8211; Izbjegavanje krivotvorina i niske kvalitete.<\/li>\n<li class=\"text-body font-regular leading-[24px] my-[5px] [&amp;&gt;ol]:!pt-0 [&amp;&gt;ol]:!pb-0 [&amp;&gt;ul]:!pt-0 [&amp;&gt;ul]:!pb-0\" value=\"2\"><b><strong class=\"font-bold\">Najbolju cijenu<\/strong><\/b> &#8211; Bez dodatnih tro\u0161kova posrednika.<\/li>\n<li class=\"text-body font-regular leading-[24px] my-[5px] [&amp;&gt;ol]:!pt-0 [&amp;&gt;ol]:!pb-0 [&amp;&gt;ul]:!pt-0 [&amp;&gt;ul]:!pb-0\" value=\"3\"><b><strong class=\"font-bold\">Promotivne ponude<\/strong><\/b> &#8211; Slu\u017ebena stranica \u010desto nudi posebne popuste za nove korisnike.<\/li>\n<\/ol>\n<h2 class=\"font-bold text-h3 leading-[40px] pt-[21px] pb-[2px] [&amp;_a]:underline-offset-[6px] [&amp;_.underline]:underline-offset-[6px]\" dir=\"ltr\">Koliko ko\u0161ta Keto Coffee Premium? Cijena?<\/h2>\n<p class=\"text-body font-regular leading-[24px] pt-[9px] pb-[2px]\" dir=\"ltr\">Cijena Keto Coffee Premium iznosi 39 eura. Ovo je iznimno povoljno s obzirom na njegov vrhunski sastav i u\u010dinke.<\/p>\n<h2 class=\"font-bold text-h3 leading-[40px] pt-[21px] pb-[2px] [&amp;_a]:underline-offset-[6px] [&amp;_.underline]:underline-offset-[6px]\" dir=\"ltr\">\u010cesto postavljana pitanja<\/h2>\n<ol class=\"pt-[9px] pb-[2px] pl-[24px] [&amp;_ol]:pt-[5px] list-decimal\">\n<li class=\"text-body font-regular leading-[24px] my-[5px] [&amp;&gt;ol]:!pt-0 [&amp;&gt;ol]:!pb-0 [&amp;&gt;ul]:!pt-0 [&amp;&gt;ul]:!pb-0\" value=\"1\"><b><strong class=\"font-bold\">Koliko brzo mogu vidjeti rezultate?<\/strong><\/b><\/li>\n<\/ol>\n<p class=\"text-body font-regular leading-[24px] pt-[9px] pb-[2px]\" dir=\"ltr\">Ve\u0107ina korisnika prijavljuje prve vidljive rezultate unutar prvih 2-3 tjedna.<\/p>\n<ol class=\"pt-[9px] pb-[2px] pl-[24px] [&amp;_ol]:pt-[5px] list-decimal\" start=\"2\">\n<li class=\"text-body font-regular leading-[24px] my-[5px] [&amp;&gt;ol]:!pt-0 [&amp;&gt;ol]:!pb-0 [&amp;&gt;ul]:!pt-0 [&amp;&gt;ul]:!pb-0\" value=\"2\"><b><strong class=\"font-bold\">Je li sigurno koristiti dnevno?<\/strong><\/b><\/li>\n<\/ol>\n<p class=\"text-body font-regular leading-[24px] pt-[9px] pb-[2px]\" dir=\"ltr\">Da, proizvod je potpuno siguran za svakodnevnu upotrebu prema navedenim uputama.<\/p>\n<ol class=\"pt-[9px] pb-[2px] pl-[24px] [&amp;_ol]:pt-[5px] list-decimal\" start=\"3\">\n<li class=\"text-body font-regular leading-[24px] my-[5px] [&amp;&gt;ol]:!pt-0 [&amp;&gt;ol]:!pb-0 [&amp;&gt;ul]:!pt-0 [&amp;&gt;ul]:!pb-0\" value=\"3\"><b><strong class=\"font-bold\">Mogu li proizvod koristiti ako nisam na keto dijeti?<\/strong><\/b><\/li>\n<\/ol>\n<p class=\"text-body font-regular leading-[24px] pt-[9px] pb-[2px]\" dir=\"ltr\">Apsolutno! Keto Coffee Premium pru\u017ea benefite bez obzira na prehrambene navike.<\/p>\n","protected":false},"excerpt":{"rendered":"<p>Keto Coffee Premium je koktel za mr\u0161avljenje s okusom kave koji djeluje tako da aktivira prirodne procese sagorijevanja masno\u0107a putem stimulacije ketonskih tijela. To zna\u010di da uz ovaj proizvod mo\u017eete posti\u0107i rezultate bez dodatnog napora, \u0161tetnih u\u010dinaka ili potrebe za odricanjem omiljene hrane. Savr\u0161en je za sve koji \u017eele odr\u017eati zdrav na\u010din \u017eivota, a pritom&#8230;<\/p>\n","protected":false},"featured_media":289,"template":"","meta":{"_kad_post_transparent":"default","_kad_post_title":"","_kad_post_layout":"default","_kad_post_sidebar_id":"","_kad_post_content_style":"default","_kad_post_vertical_padding":"default","_kad_post_feature":"","_kad_post_feature_position":"","_kad_post_header":false,"_kad_post_footer":false,"_kad_post_classname":"","iawp_total_views":435},"product_brand":[],"product_cat":[17],"product_tag":[],"class_list":{"0":"post-288","1":"product","2":"type-product","3":"status-publish","4":"has-post-thumbnail","6":"product_cat-mrsavljenje","8":"first","9":"instock","10":"sale","11":"shipping-taxable","12":"purchasable","13":"product-type-simple","14":"entry","15":"content-bg","16":"loop-entry"},"_links":{"self":[{"href":"https:\/\/www.poliklinikavukovic.com\/ljekarna\/wp-json\/wp\/v2\/product\/288","targetHints":{"allow":["GET"]}}],"collection":[{"href":"https:\/\/www.poliklinikavukovic.com\/ljekarna\/wp-json\/wp\/v2\/product"}],"about":[{"href":"https:\/\/www.poliklinikavukovic.com\/ljekarna\/wp-json\/wp\/v2\/types\/product"}],"wp:featuredmedia":[{"embeddable":true,"href":"https:\/\/www.poliklinikavukovic.com\/ljekarna\/wp-json\/wp\/v2\/media\/289"}],"wp:attachment":[{"href":"https:\/\/www.poliklinikavukovic.com\/ljekarna\/wp-json\/wp\/v2\/media?parent=288"}],"wp:term":[{"taxonomy":"product_brand","embeddable":true,"href":"https:\/\/www.poliklinikavukovic.com\/ljekarna\/wp-json\/wp\/v2\/product_brand?post=288"},{"taxonomy":"product_cat","embeddable":true,"href":"https:\/\/www.poliklinikavukovic.com\/ljekarna\/wp-json\/wp\/v2\/product_cat?post=288"},{"taxonomy":"product_tag","embeddable":true,"href":"https:\/\/www.poliklinikavukovic.com\/ljekarna\/wp-json\/wp\/v2\/product_tag?post=288"}],"curies":[{"name":"wp","href":"https:\/\/api.w.org\/{rel}","templated":true}]}}