{"id":286,"date":"2025-02-19T13:28:00","date_gmt":"2025-02-19T13:28:00","guid":{"rendered":"https:\/\/www.poliklinikavukovic.com\/ljekarna\/?post_type=product&#038;p=286"},"modified":"2025-02-19T13:28:00","modified_gmt":"2025-02-19T13:28:00","slug":"fungent","status":"publish","type":"product","link":"https:\/\/www.poliklinikavukovic.com\/ljekarna\/proizvod\/fungent\/","title":{"rendered":"Fungent"},"content":{"rendered":"<p class=\"text-body font-regular leading-[24px] pt-[9px] pb-[2px]\" dir=\"ltr\">Fungent je inovativan proizvod na biljnoj bazi u obliku gela koji pru\u017ea u\u010dinkovito rje\u0161enje za gljivi\u010dne infekcije ko\u017ee i noktiju. Njegov napredni sastav omogu\u0107uje prodiranje u dublje slojeve ko\u017ee, gdje zaustavlja rast gljivi\u010dnih infekcija i sprje\u010dava njihovo ponovno pojavljivanje.<\/p>\n<p class=\"text-body font-regular leading-[24px] pt-[9px] pb-[2px]\" dir=\"ltr\">Ovaj gel poma\u017ee ukloniti lju\u0161tenje ko\u017ee, ubla\u017eava svrbe\u017e, upale i peckanje te poma\u017ee kontroli prekomjernog znojenja i neugodnog mirisa. Kada je rije\u010d o noktima, Fungent igra zna\u010dajnu ulogu u pobolj\u0161anju zdravlja nokatne plo\u010de &#8211; poma\u017ee rije\u0161iti gljivice na noktima, sprje\u010dava lomljivost i raslojavanje te poti\u010de br\u017ei rast noktiju. Bez obzira na vrstu mikoze, Fungent je u\u010dinkovit i ne izaziva alergijske reakcije niti ovisnost.<\/p>\n<h2 class=\"font-bold text-h3 leading-[40px] pt-[21px] pb-[2px] [&amp;_a]:underline-offset-[6px] [&amp;_.underline]:underline-offset-[6px]\" dir=\"ltr\">Kako djeluje Fungent?<\/h2>\n<p class=\"text-body font-regular leading-[24px] pt-[9px] pb-[2px]\" dir=\"ltr\">Fungent djeluje sveobuhvatno i cilja problem na vi\u0161e razina. Prvo, aktivne tvari prodiru duboko u ko\u017eu i nokte, gdje u\u010dinkovito zaustavljaju rast gljivica dok istovremeno ubla\u017eavaju simptome poput svrbe\u017ea, lju\u0161tenja i crvenila. Dugoro\u010dnom uporabom sprje\u010dava se povratak infekcije, \u0161to ovaj gel \u010dini idealnim za trajno rje\u0161enje problema gljivi\u010dnih infekcija.<\/p>\n<p class=\"text-body font-regular leading-[24px] pt-[9px] pb-[2px]\" dir=\"ltr\">Nadalje, Fungent poma\u017ee obnoviti o\u0161te\u0107enu ko\u017eu i nokte. Njegov biljni sastav regenerira stanice i osigurava hidrataciju, pru\u017eaju\u0107i zdrav i estetki privla\u010dan izgled.<\/p>\n<h2 class=\"font-bold text-h3 leading-[40px] pt-[21px] pb-[2px] [&amp;_a]:underline-offset-[6px] [&amp;_.underline]:underline-offset-[6px]\" dir=\"ltr\">Fungent Sastav<\/h2>\n<p class=\"text-body font-regular leading-[24px] pt-[9px] pb-[2px]\" dir=\"ltr\">Jedan od klju\u010dnih razloga u\u010dinkovitosti Fungenta je njegov bogati biljni sastav. Svaka komponenta ima specifi\u010dnu ulogu u borbi protiv gljivi\u010dnih infekcija i oporavku ko\u017ee i noktiju. Evo detaljan pregled sastojaka i njihovih dobrobiti:<\/p>\n<ul class=\"pt-[9px] pb-[2px] pl-[24px] list-disc [&amp;_ul]:pt-[5px] pt-[5px]\">\n<li class=\"text-body font-regular leading-[24px] my-[5px] [&amp;&gt;ol]:!pt-0 [&amp;&gt;ol]:!pb-0 [&amp;&gt;ul]:!pt-0 [&amp;&gt;ul]:!pb-0\" value=\"1\"><b><strong class=\"font-bold\">Ekstrakt luka (Allium Cepa):<\/strong><\/b> Prirodno antibakterijsko sredstvo koje poma\u017ee eliminirati gljivi\u010dne infekcije i obnavlja o\u0161te\u0107enu ko\u017eu.<\/li>\n<li class=\"text-body font-regular leading-[24px] my-[5px] [&amp;&gt;ol]:!pt-0 [&amp;&gt;ol]:!pb-0 [&amp;&gt;ul]:!pt-0 [&amp;&gt;ul]:!pb-0\" value=\"2\"><b><strong class=\"font-bold\">Ekstrakt gotu kole (Centella Asiatica):<\/strong><\/b> Poznat po svojstvima regeneriranja ko\u017ee i smanjenja upale.<\/li>\n<li class=\"text-body font-regular leading-[24px] my-[5px] [&amp;&gt;ol]:!pt-0 [&amp;&gt;ol]:!pb-0 [&amp;&gt;ul]:!pt-0 [&amp;&gt;ul]:!pb-0\" value=\"3\"><b><strong class=\"font-bold\">Ekstrakt slatke djeteline (Melilotus Officinalis):<\/strong><\/b> Poma\u017ee u ubla\u017eavanju nelagode i smanjuje crvenilo.<\/li>\n<li class=\"text-body font-regular leading-[24px] my-[5px] [&amp;&gt;ol]:!pt-0 [&amp;&gt;ol]:!pb-0 [&amp;&gt;ul]:!pt-0 [&amp;&gt;ul]:!pb-0\" value=\"4\"><b><strong class=\"font-bold\">Ekstrakt sjemenki divljeg kestena (Aesculus Hippocastanum):<\/strong><\/b> Pobolj\u0161ava cirkulaciju i ja\u010da strukturu ko\u017ee.<\/li>\n<li class=\"text-body font-regular leading-[24px] my-[5px] [&amp;&gt;ol]:!pt-0 [&amp;&gt;ol]:!pb-0 [&amp;&gt;ul]:!pt-0 [&amp;&gt;ul]:!pb-0\" value=\"5\"><b><strong class=\"font-bold\">Ekstrakt puzave maj\u010dine du\u0161ice (Thymus Serpyllum):<\/strong><\/b> Prirodni antiseptik koji dezinficira ko\u017eu.<\/li>\n<li class=\"text-body font-regular leading-[24px] my-[5px] [&amp;&gt;ol]:!pt-0 [&amp;&gt;ol]:!pb-0 [&amp;&gt;ul]:!pt-0 [&amp;&gt;ul]:!pb-0\" value=\"6\"><b><strong class=\"font-bold\">Ekstrakt korijena \u010di\u010dka (Arctium Lappa):<\/strong><\/b> Poznat po svojoj sposobnosti detoksikacije i \u010di\u0161\u0107enja ko\u017ee.<\/li>\n<li class=\"text-body font-regular leading-[24px] my-[5px] [&amp;&gt;ol]:!pt-0 [&amp;&gt;ol]:!pb-0 [&amp;&gt;ul]:!pt-0 [&amp;&gt;ul]:!pb-0\" value=\"7\"><b><strong class=\"font-bold\">Ekstrakt lista ljekovitog ru\u017emarina (Rosmarinus Officinalis):<\/strong><\/b> Ima protuupalna i osvje\u017eavaju\u0107a svojstva.<\/li>\n<li class=\"text-body font-regular leading-[24px] my-[5px] [&amp;&gt;ol]:!pt-0 [&amp;&gt;ol]:!pb-0 [&amp;&gt;ul]:!pt-0 [&amp;&gt;ul]:!pb-0\" value=\"8\"><b><strong class=\"font-bold\">Ekstrakt poljske preslice (Equisetum Arvense):<\/strong><\/b> Ja\u010da nokte i ko\u017eu.<\/li>\n<li class=\"text-body font-regular leading-[24px] my-[5px] [&amp;&gt;ol]:!pt-0 [&amp;&gt;ol]:!pb-0 [&amp;&gt;ul]:!pt-0 [&amp;&gt;ul]:!pb-0\" value=\"9\"><b><strong class=\"font-bold\">Ekstrakt cvjetova nevena (Calendula Officinalis):<\/strong><\/b> Umiruje nadra\u017eenu ko\u017eu i poti\u010de zacjeljivanje rana.<\/li>\n<li class=\"text-body font-regular leading-[24px] my-[5px] [&amp;&gt;ol]:!pt-0 [&amp;&gt;ol]:!pb-0 [&amp;&gt;ul]:!pt-0 [&amp;&gt;ul]:!pb-0\" value=\"10\"><b><strong class=\"font-bold\">Ekstrakt cvjetova kamilice (Chamomilla Recutita):<\/strong><\/b> Umiruje i hidratizira ko\u017eu.<\/li>\n<\/ul>\n<h2 class=\"font-bold text-h3 leading-[40px] pt-[21px] pb-[2px] [&amp;_a]:underline-offset-[6px] [&amp;_.underline]:underline-offset-[6px]\" dir=\"ltr\">Fungent U\u010dinci i Dobrobiti<\/h2>\n<p class=\"text-body font-regular leading-[24px] pt-[9px] pb-[2px]\" dir=\"ltr\">Kori\u0161tenjem Fungenta korisnici mogu o\u010dekivati niz pozitivnih u\u010dinaka, uklju\u010duju\u0107i:<\/p>\n<ul class=\"pt-[9px] pb-[2px] pl-[24px] list-disc [&amp;_ul]:pt-[5px] pt-[5px]\">\n<li class=\"text-body font-regular leading-[24px] my-[5px] [&amp;&gt;ol]:!pt-0 [&amp;&gt;ol]:!pb-0 [&amp;&gt;ul]:!pt-0 [&amp;&gt;ul]:!pb-0\" value=\"1\">Brzo uklanjanje simptoma gljivi\u010dnih infekcija poput svrbe\u017ea, crvenila i lju\u0161tenja.<\/li>\n<li class=\"text-body font-regular leading-[24px] my-[5px] [&amp;&gt;ol]:!pt-0 [&amp;&gt;ol]:!pb-0 [&amp;&gt;ul]:!pt-0 [&amp;&gt;ul]:!pb-0\" value=\"2\">Prevenciju ponovnih infekcija zahvaljuju\u0107i svojoj sveobuhvatnoj u\u010dinkovitosti.<\/li>\n<li class=\"text-body font-regular leading-[24px] my-[5px] [&amp;&gt;ol]:!pt-0 [&amp;&gt;ol]:!pb-0 [&amp;&gt;ul]:!pt-0 [&amp;&gt;ul]:!pb-0\" value=\"3\">Ja\u010de i zdravije nokte uz poticanje br\u017eeg rasta.<\/li>\n<li class=\"text-body font-regular leading-[24px] my-[5px] [&amp;&gt;ol]:!pt-0 [&amp;&gt;ol]:!pb-0 [&amp;&gt;ul]:!pt-0 [&amp;&gt;ul]:!pb-0\" value=\"4\">Hidriranu, mekanu i osvje\u017eenu ko\u017eu.<\/li>\n<li class=\"text-body font-regular leading-[24px] my-[5px] [&amp;&gt;ol]:!pt-0 [&amp;&gt;ol]:!pb-0 [&amp;&gt;ul]:!pt-0 [&amp;&gt;ul]:!pb-0\" value=\"5\">Smanjenje neugodnog mirisa i kontrole prekomjernog znojenja.<\/li>\n<\/ul>\n<h2 class=\"font-bold text-h3 leading-[40px] pt-[21px] pb-[2px] [&amp;_a]:underline-offset-[6px] [&amp;_.underline]:underline-offset-[6px]\" dir=\"ltr\">Fungent Upute za Kori\u0161tenje<\/h2>\n<p class=\"text-body font-regular leading-[24px] pt-[9px] pb-[2px]\" dir=\"ltr\">Fungent je jednostavan za uporabu i dolazi s jasnim uputama za optimalne rezultate. Evo kako ga koristiti:<\/p>\n<ol class=\"pt-[9px] pb-[2px] pl-[24px] [&amp;_ol]:pt-[5px] list-decimal\">\n<li class=\"text-body font-regular leading-[24px] my-[5px] [&amp;&gt;ol]:!pt-0 [&amp;&gt;ol]:!pb-0 [&amp;&gt;ul]:!pt-0 [&amp;&gt;ul]:!pb-0\" value=\"1\">Prvo temeljito operite i osu\u0161ite zahva\u0107eno podru\u010dje ko\u017ee ili nokte.<\/li>\n<li class=\"text-body font-regular leading-[24px] my-[5px] [&amp;&gt;ol]:!pt-0 [&amp;&gt;ol]:!pb-0 [&amp;&gt;ul]:!pt-0 [&amp;&gt;ul]:!pb-0\" value=\"2\">Nanesite tanak sloj Fungenta na zahva\u0107eno podru\u010dje, nje\u017eno ga umasiraju\u0107i.<\/li>\n<li class=\"text-body font-regular leading-[24px] my-[5px] [&amp;&gt;ol]:!pt-0 [&amp;&gt;ol]:!pb-0 [&amp;&gt;ul]:!pt-0 [&amp;&gt;ul]:!pb-0\" value=\"3\">Ponavljajte postupak dva puta dnevno, ujutro i nave\u010der.<\/li>\n<li class=\"text-body font-regular leading-[24px] my-[5px] [&amp;&gt;ol]:!pt-0 [&amp;&gt;ol]:!pb-0 [&amp;&gt;ul]:!pt-0 [&amp;&gt;ul]:!pb-0\" value=\"4\">Preporu\u010duje se kontinuirana uporaba najmanje 30 dana za maksimalne rezultate.<\/li>\n<\/ol>\n<h2 class=\"font-bold text-h3 leading-[40px] pt-[21px] pb-[2px] [&amp;_a]:underline-offset-[6px] [&amp;_.underline]:underline-offset-[6px]\" dir=\"ltr\">Fungent Kontraindikacije i Nuspojave<\/h2>\n<p class=\"text-body font-regular leading-[24px] pt-[9px] pb-[2px]\" dir=\"ltr\">Fungent je siguran za uporabu i nema poznatih nuspojava ili kontraindikacija. Me\u0111utim, proizvod nije namijenjen djeci, trudnicama, dojiljama i osobama s kroni\u010dnim bolestima bez prethodne konzultacije s lije\u010dnikom.<\/p>\n<h2 class=\"font-bold text-h3 leading-[40px] pt-[21px] pb-[2px] [&amp;_a]:underline-offset-[6px] [&amp;_.underline]:underline-offset-[6px]\" dir=\"ltr\">Fungent Iskustva<\/h2>\n<p class=\"text-body font-regular leading-[24px] pt-[9px] pb-[2px]\" dir=\"ltr\">Korisni\u010dka iskustva govore najbolje o u\u010dinkovitosti Fungenta. Evo nekoliko komentara zadovoljnih korisnika:<\/p>\n<ol class=\"pt-[9px] pb-[2px] pl-[24px] [&amp;_ol]:pt-[5px] list-decimal\">\n<li class=\"text-body font-regular leading-[24px] my-[5px] [&amp;&gt;ol]:!pt-0 [&amp;&gt;ol]:!pb-0 [&amp;&gt;ul]:!pt-0 [&amp;&gt;ul]:!pb-0\" value=\"1\"><b><strong class=\"font-bold\">Ana, 34 godine:<\/strong><\/b> &#8220;Kona\u010dno sam se rije\u0161ila gljivica na noktima nakon godina borbe. Fungent djeluje brzo i ostavlja ko\u017eu glatkom!&#8221;<\/li>\n<li class=\"text-body font-regular leading-[24px] my-[5px] [&amp;&gt;ol]:!pt-0 [&amp;&gt;ol]:!pb-0 [&amp;&gt;ul]:!pt-0 [&amp;&gt;ul]:!pb-0\" value=\"2\"><b><strong class=\"font-bold\">Ivan, 40 godina:<\/strong><\/b> &#8220;Nevjerojatno iskustvo. Upala se povukla ve\u0107 nakon nekoliko dana primjene, a nokti su mi sada zdravi.&#8221;<\/li>\n<li class=\"text-body font-regular leading-[24px] my-[5px] [&amp;&gt;ol]:!pt-0 [&amp;&gt;ol]:!pb-0 [&amp;&gt;ul]:!pt-0 [&amp;&gt;ul]:!pb-0\" value=\"3\"><b><strong class=\"font-bold\">Mia, 28 godina:<\/strong><\/b> &#8220;Mislila sam da ni\u0161ta ne mo\u017ee pomo\u0107i mojim stopalima, ali Fungent me odu\u0161evio. Preporu\u010dujem svima!&#8221;<\/li>\n<\/ol>\n<h2 class=\"font-bold text-h3 leading-[40px] pt-[21px] pb-[2px] [&amp;_a]:underline-offset-[6px] [&amp;_.underline]:underline-offset-[6px]\" dir=\"ltr\">Gdje kupiti Fungent u Hrvatskoj? Ljekarna, DM, Nju\u0161kalo<\/h2>\n<p class=\"text-body font-regular leading-[24px] pt-[9px] pb-[2px]\" dir=\"ltr\">Fungent se mo\u017ee kupiti isklju\u010divo putem slu\u017ebene web stranice proizvo\u0111a\u010da. Kupnja na slu\u017ebenoj stranici garantira originalan proizvod i osigurava najbolju cijenu. Ljekarne, DM ili Nju\u0161kalo ne nude ovaj proizvod kako bi se izbjegle la\u017ene kopije i neovla\u0161tena distribucija.<\/p>\n<h2 class=\"font-bold text-h3 leading-[40px] pt-[21px] pb-[2px] [&amp;_a]:underline-offset-[6px] [&amp;_.underline]:underline-offset-[6px]\" dir=\"ltr\">Koliko ko\u0161ta Fungent? Cijena?<\/h2>\n<p class=\"text-body font-regular leading-[24px] pt-[9px] pb-[2px]\" dir=\"ltr\">Cijena Fungenta iznosi 39 eura, a \u010desto su dostupne promocije ili popusti za nove korisnike.<\/p>\n<h2 class=\"font-bold text-h3 leading-[40px] pt-[21px] pb-[2px] [&amp;_a]:underline-offset-[6px] [&amp;_.underline]:underline-offset-[6px]\" dir=\"ltr\">\u010cesto postavljana pitanja<\/h2>\n<p class=\"text-body font-regular leading-[24px] pt-[9px] pb-[2px]\" dir=\"ltr\"><b><strong class=\"font-bold\">Je li Fungent pogodan za svakoga?<\/strong><\/b><\/p>\n<p class=\"text-body font-regular leading-[24px] pt-[9px] pb-[2px]\" dir=\"ltr\">Iako je Fungent siguran za uporabu, nije namijenjen djeci, trudnicama, dojiljama i osobama s kroni\u010dnim bolestima bez savjetovanja s lije\u010dnikom.<\/p>\n<p class=\"text-body font-regular leading-[24px] pt-[9px] pb-[2px]\" dir=\"ltr\"><b><strong class=\"font-bold\">Koliko brzo mogu o\u010dekivati rezultate?<\/strong><\/b><\/p>\n<p class=\"text-body font-regular leading-[24px] pt-[9px] pb-[2px]\" dir=\"ltr\">Ve\u0107ina korisnika primje\u0107uje pobolj\u0161anje nakon nekoliko dana kori\u0161tenja, dok se optimalni rezultati posti\u017eu nakon mjesec dana redovne primjene.<\/p>\n<p class=\"text-body font-regular leading-[24px] pt-[9px] pb-[2px]\" dir=\"ltr\"><b><strong class=\"font-bold\">Mogu li koristiti Fungent preventivno?<\/strong><\/b><\/p>\n<p class=\"text-body font-regular leading-[24px] pt-[9px] pb-[2px]\" dir=\"ltr\">Da! Fungent se mo\u017ee koristiti preventivno za za\u0161titu od gljivi\u010dnih infekcija.<\/p>\n<p class=\"text-body font-regular leading-[24px] pt-[9px] pb-[2px]\" dir=\"ltr\">Uz Fungent, zdravlje va\u0161e ko\u017ee i noktiju je na dohvat ruke! Isprobajte ga ve\u0107 danas putem slu\u017ebene stranice proizvo\u0111a\u010da i pridru\u017eite se tisu\u0107ama zadovoljnih korisnika<\/p>\n","protected":false},"excerpt":{"rendered":"<p>Fungent je inovativan proizvod na biljnoj bazi u obliku gela koji pru\u017ea u\u010dinkovito rje\u0161enje za gljivi\u010dne infekcije ko\u017ee i noktiju. Njegov napredni sastav omogu\u0107uje prodiranje u dublje slojeve ko\u017ee, gdje zaustavlja rast gljivi\u010dnih infekcija i sprje\u010dava njihovo ponovno pojavljivanje. Ovaj gel poma\u017ee ukloniti lju\u0161tenje ko\u017ee, ubla\u017eava svrbe\u017e, upale i peckanje te poma\u017ee kontroli prekomjernog znojenja&#8230;<\/p>\n","protected":false},"featured_media":287,"template":"","meta":{"_kad_post_transparent":"","_kad_post_title":"","_kad_post_layout":"","_kad_post_sidebar_id":"","_kad_post_content_style":"","_kad_post_vertical_padding":"","_kad_post_feature":"","_kad_post_feature_position":"","_kad_post_header":false,"_kad_post_footer":false,"_kad_post_classname":"","iawp_total_views":20},"product_brand":[],"product_cat":[15],"product_tag":[],"class_list":{"0":"post-286","1":"product","2":"type-product","3":"status-publish","4":"has-post-thumbnail","6":"product_cat-zdravlje","8":"first","9":"instock","10":"shipping-taxable","11":"product-type-simple","12":"entry","13":"content-bg","14":"loop-entry"},"_links":{"self":[{"href":"https:\/\/www.poliklinikavukovic.com\/ljekarna\/wp-json\/wp\/v2\/product\/286","targetHints":{"allow":["GET"]}}],"collection":[{"href":"https:\/\/www.poliklinikavukovic.com\/ljekarna\/wp-json\/wp\/v2\/product"}],"about":[{"href":"https:\/\/www.poliklinikavukovic.com\/ljekarna\/wp-json\/wp\/v2\/types\/product"}],"wp:featuredmedia":[{"embeddable":true,"href":"https:\/\/www.poliklinikavukovic.com\/ljekarna\/wp-json\/wp\/v2\/media\/287"}],"wp:attachment":[{"href":"https:\/\/www.poliklinikavukovic.com\/ljekarna\/wp-json\/wp\/v2\/media?parent=286"}],"wp:term":[{"taxonomy":"product_brand","embeddable":true,"href":"https:\/\/www.poliklinikavukovic.com\/ljekarna\/wp-json\/wp\/v2\/product_brand?post=286"},{"taxonomy":"product_cat","embeddable":true,"href":"https:\/\/www.poliklinikavukovic.com\/ljekarna\/wp-json\/wp\/v2\/product_cat?post=286"},{"taxonomy":"product_tag","embeddable":true,"href":"https:\/\/www.poliklinikavukovic.com\/ljekarna\/wp-json\/wp\/v2\/product_tag?post=286"}],"curies":[{"name":"wp","href":"https:\/\/api.w.org\/{rel}","templated":true}]}}