{"id":284,"date":"2025-02-19T13:19:58","date_gmt":"2025-02-19T13:19:58","guid":{"rendered":"https:\/\/www.poliklinikavukovic.com\/ljekarna\/?post_type=product&#038;p=284"},"modified":"2025-11-16T16:25:51","modified_gmt":"2025-11-16T16:25:51","slug":"eroboost","status":"publish","type":"product","link":"https:\/\/www.poliklinikavukovic.com\/ljekarna\/proizvod\/eroboost\/","title":{"rendered":"Eroboost"},"content":{"rendered":"<p class=\"text-body font-regular leading-[24px] pt-[9px] pb-[2px]\" dir=\"ltr\">Eroboost je dodatak prehrani u obliku kapsula koji je posebno formuliran za mu\u0161karce kako bi pobolj\u0161ao njihovu potenciju i seksualnu funkciju. Dizajniran je za one koji \u017eele prirodno rje\u0161enje kako bi pove\u0107ali svoju energiju, izdr\u017eljivost i povratili samopouzdanje u intimnim trenucima. Kapsule su prakti\u010dne za upotrebu i sadr\u017ee pa\u017eljivo odabrane sastojke koji ciljano djeluju na razli\u010dite aspekte mu\u0161kog zdravlja, uklju\u010duju\u0107i libido, razinu energije i seksualnu izvedbu.<\/p>\n<p class=\"text-body font-regular leading-[24px] pt-[9px] pb-[2px]\" dir=\"ltr\">Eroboost nije samo jo\u0161 jedan proizvod na tr\u017ei\u0161tu; njegova formulacija temelji se na znanstvenim istra\u017eivanjima i prirodnim sastojcima poznatim po svojoj u\u010dinkovitosti.<\/p>\n<h2 class=\"font-bold text-h3 leading-[40px] pt-[21px] pb-[2px] [&amp;_a]:underline-offset-[6px] [&amp;_.underline]:underline-offset-[6px]\" dir=\"ltr\">Kako djeluje Eroboost?<\/h2>\n<p class=\"text-body font-regular leading-[24px] pt-[9px] pb-[2px]\" dir=\"ltr\">Eroboost djeluje izravno na osnovne uzroke problema s potencijom i seksualnom funkcijom, a ne samo na simptome. Cilj mu je pobolj\u0161ati cirkulaciju krvi, \u0161to je klju\u010dno za postizanje i odr\u017eavanje erekcije. Prirodni spojevi u Eroboostu poma\u017eu u pove\u0107anju opskrbe krvlju prema genitalijama, \u0161to rezultira ja\u010dom i dugotrajnijom erekcijom.<\/p>\n<p class=\"text-body font-regular leading-[24px] pt-[9px] pb-[2px]\" dir=\"ltr\">Pored toga, Eroboost poja\u010dava proizvodnju mu\u0161kog hormona testosterona koji je klju\u010dan za energiju, libido i cjelokupne seksualne performanse. Zahvaljuju\u0107i uklju\u010denim adaptogenima i biljnim ekstraktima, Eroboost smanjuje razinu stresa i umora, omogu\u0107uju\u0107i bolju koncentraciju i u\u017eitak tijekom intimnih trenutaka.<\/p>\n<p class=\"text-body font-regular leading-[24px] pt-[9px] pb-[2px]\" dir=\"ltr\">U\u010dinci Eroboosta su i brzi i dugotrajni zahvaljuju\u0107i jedinstvenoj formulaciji koja omogu\u0107ava odr\u017eavanje rezultata kroz redovnu upotrebu.<\/p>\n<h2 class=\"font-bold text-h3 leading-[40px] pt-[21px] pb-[2px] [&amp;_a]:underline-offset-[6px] [&amp;_.underline]:underline-offset-[6px]\" dir=\"ltr\">Eroboost Sastav<\/h2>\n<p class=\"text-body font-regular leading-[24px] pt-[9px] pb-[2px]\" dir=\"ltr\">Jedan od glavnih razloga za\u0161to je Eroboost toliko u\u010dinkovit le\u017ei u njegovom prirodnom i uravnote\u017eenom sastavu. Evo \u0161to se nalazi unutar svake kapsule Eroboosta:<\/p>\n<h3 class=\"font-bold text-h4 leading-[30px] pt-[15px] pb-[2px] [&amp;_a]:underline-offset-[6px] [&amp;_.underline]:underline-offset-[6px]\" dir=\"ltr\">1. <b><strong class=\"font-bold\">Ekstrakt Maca korijena<\/strong><\/b><\/h3>\n<p class=\"text-body font-regular leading-[24px] pt-[9px] pb-[2px]\" dir=\"ltr\">Poznat kao prirodni afrodizijak, Maca korijen doprinosi pove\u0107anom libidu i energiji. Tako\u0111er poma\u017ee uravnote\u017eiti hormonsku aktivnost i pobolj\u0161ati plodnost.<\/p>\n<h3 class=\"font-bold text-h4 leading-[30px] pt-[15px] pb-[2px] [&amp;_a]:underline-offset-[6px] [&amp;_.underline]:underline-offset-[6px]\" dir=\"ltr\">2. <b><strong class=\"font-bold\">Ginseng<\/strong><\/b><\/h3>\n<p class=\"text-body font-regular leading-[24px] pt-[9px] pb-[2px]\" dir=\"ltr\">Ginseng je poznat po svojoj sposobnosti pove\u0107anja protoka krvi i smanjenja stresa. Ovaj sastojak poja\u010dava izdr\u017eljivost i pobolj\u0161ava ukupnu seksualnu izvedbu.<\/p>\n<h3 class=\"font-bold text-h4 leading-[30px] pt-[15px] pb-[2px] [&amp;_a]:underline-offset-[6px] [&amp;_.underline]:underline-offset-[6px]\" dir=\"ltr\">3. <b><strong class=\"font-bold\">Ekstrakt Tribulus Terrestris<\/strong><\/b><\/h3>\n<p class=\"text-body font-regular leading-[24px] pt-[9px] pb-[2px]\" dir=\"ltr\">Biljka koja stimulira prirodnu proizvodnju testosterona. Pove\u0107ava libido, mi\u0161i\u0107nu masu i energiju, \u010dine\u0107i je va\u017enim dodatkom za mu\u0161ko zdravlje.<\/p>\n<h3 class=\"font-bold text-h4 leading-[30px] pt-[15px] pb-[2px] [&amp;_a]:underline-offset-[6px] [&amp;_.underline]:underline-offset-[6px]\" dir=\"ltr\">4. <b><strong class=\"font-bold\">L-arginin<\/strong><\/b><\/h3>\n<p class=\"text-body font-regular leading-[24px] pt-[9px] pb-[2px]\" dir=\"ltr\">Aminokiselina koja pobolj\u0161ava cirkulaciju krvi dilatacijom krvnih \u017eila. Osigurava ja\u010de i dugotrajnije erekcije.<\/p>\n<h3 class=\"font-bold text-h4 leading-[30px] pt-[15px] pb-[2px] [&amp;_a]:underline-offset-[6px] [&amp;_.underline]:underline-offset-[6px]\" dir=\"ltr\">5. <b><strong class=\"font-bold\">Cink<\/strong><\/b><\/h3>\n<p class=\"text-body font-regular leading-[24px] pt-[9px] pb-[2px]\" dir=\"ltr\">Najva\u017eniji mineral za zdravlje mu\u0161karca. Cink ima klju\u010dnu ulogu u proizvodnji testosterona i podr\u017eava imunolo\u0161ki sustav.<\/p>\n<h3 class=\"font-bold text-h4 leading-[30px] pt-[15px] pb-[2px] [&amp;_a]:underline-offset-[6px] [&amp;_.underline]:underline-offset-[6px]\" dir=\"ltr\">6. <b><strong class=\"font-bold\">Peruanska maka<\/strong><\/b><\/h3>\n<p class=\"text-body font-regular leading-[24px] pt-[9px] pb-[2px]\" dir=\"ltr\">Jo\u0161 jedan prirodni saveznik u borbi za bolju seksualnu funkciju. Osigurava energiju i pove\u0107ava plodnost.<\/p>\n<p class=\"text-body font-regular leading-[24px] pt-[9px] pb-[2px]\" dir=\"ltr\">Svi ovi sastojci rade zajedno kako bi pru\u017eili maksimalnu u\u010dinkovitost, a pri tome su potpuno sigurni i prirodnog podrijetla.<\/p>\n<h2 class=\"font-bold text-h3 leading-[40px] pt-[21px] pb-[2px] [&amp;_a]:underline-offset-[6px] [&amp;_.underline]:underline-offset-[6px]\" dir=\"ltr\">Eroboost U\u010dinci i Dobrobiti<\/h2>\n<p class=\"text-body font-regular leading-[24px] pt-[9px] pb-[2px]\" dir=\"ltr\">Redovita upotreba Eroboosta donosi sljede\u0107e dobrobiti i u\u010dinke:<\/p>\n<ul class=\"pt-[9px] pb-[2px] pl-[24px] list-disc [&amp;_ul]:pt-[5px] pt-[5px]\">\n<li class=\"text-body font-regular leading-[24px] my-[5px] [&amp;&gt;ol]:!pt-0 [&amp;&gt;ol]:!pb-0 [&amp;&gt;ul]:!pt-0 [&amp;&gt;ul]:!pb-0\" value=\"1\"><b><strong class=\"font-bold\">Ja\u010da erekcija:<\/strong><\/b> Pove\u0107an protok krvi osigurava ja\u010de i pouzdanije erekcije.<\/li>\n<li class=\"text-body font-regular leading-[24px] my-[5px] [&amp;&gt;ol]:!pt-0 [&amp;&gt;ol]:!pb-0 [&amp;&gt;ul]:!pt-0 [&amp;&gt;ul]:!pb-0\" value=\"2\"><b><strong class=\"font-bold\">Pove\u0107an libido:<\/strong><\/b> Prirodni afrodizijaci unutar kapsula pove\u0107avaju seksualnu \u017eelju.<\/li>\n<li class=\"text-body font-regular leading-[24px] my-[5px] [&amp;&gt;ol]:!pt-0 [&amp;&gt;ol]:!pb-0 [&amp;&gt;ul]:!pt-0 [&amp;&gt;ul]:!pb-0\" value=\"3\"><b><strong class=\"font-bold\">Bolja izvedba:<\/strong><\/b> Pove\u0107ava izdr\u017eljivost i energiju za dugotrajnije intimne trenutke.<\/li>\n<li class=\"text-body font-regular leading-[24px] my-[5px] [&amp;&gt;ol]:!pt-0 [&amp;&gt;ol]:!pb-0 [&amp;&gt;ul]:!pt-0 [&amp;&gt;ul]:!pb-0\" value=\"4\"><b><strong class=\"font-bold\">Vi\u0161a razina testosterona:<\/strong><\/b> Pobolj\u0161ava ukupne performanse i doprinosi sna\u017enom osje\u0107aju mu\u0161kosti.<\/li>\n<li class=\"text-body font-regular leading-[24px] my-[5px] [&amp;&gt;ol]:!pt-0 [&amp;&gt;ol]:!pb-0 [&amp;&gt;ul]:!pt-0 [&amp;&gt;ul]:!pb-0\" value=\"5\"><b><strong class=\"font-bold\">Smanjen stres:<\/strong><\/b> Adaptogeni poput ginsenga smanjuju nervozu i umor, \u0161to osigurava opu\u0161teniji pristup intimnosti.<\/li>\n<li class=\"text-body font-regular leading-[24px] my-[5px] [&amp;&gt;ol]:!pt-0 [&amp;&gt;ol]:!pb-0 [&amp;&gt;ul]:!pt-0 [&amp;&gt;ul]:!pb-0\" value=\"6\"><b><strong class=\"font-bold\">Jednostavna upotreba:<\/strong><\/b> Samo jedna kapsula dnevno \u010dini ga prakti\u010dnim za redovnu upotrebu.<\/li>\n<\/ul>\n<h2 class=\"font-bold text-h3 leading-[40px] pt-[21px] pb-[2px] [&amp;_a]:underline-offset-[6px] [&amp;_.underline]:underline-offset-[6px]\" dir=\"ltr\">Eroboost Upute Za Kori\u0161tenje<\/h2>\n<p class=\"text-body font-regular leading-[24px] pt-[9px] pb-[2px]\" dir=\"ltr\">Kori\u0161tenje Eroboosta je jednostavno i bez komplikacija:<\/p>\n<ul class=\"pt-[9px] pb-[2px] pl-[24px] list-disc [&amp;_ul]:pt-[5px] pt-[5px]\">\n<li class=\"text-body font-regular leading-[24px] my-[5px] [&amp;&gt;ol]:!pt-0 [&amp;&gt;ol]:!pb-0 [&amp;&gt;ul]:!pt-0 [&amp;&gt;ul]:!pb-0\" value=\"1\">Uzmite <b><strong class=\"font-bold\">jednu kapsulu dnevno<\/strong><\/b> s dovoljno vode, idealno nakon obroka.<\/li>\n<\/ul>\n<p class=\"text-body font-regular leading-[24px] pt-[9px] pb-[2px]\" dir=\"ltr\">Za najbolje rezultate, preporu\u010duje se kori\u0161tenje Eroboosta najmanje 4 tjedna.<\/p>\n<h2 class=\"font-bold text-h3 leading-[40px] pt-[21px] pb-[2px] [&amp;_a]:underline-offset-[6px] [&amp;_.underline]:underline-offset-[6px]\" dir=\"ltr\">Eroboost Kontraindikacije i Nuspojave<\/h2>\n<p class=\"text-body font-regular leading-[24px] pt-[9px] pb-[2px]\" dir=\"ltr\">Jedna od glavnih prednosti Eroboosta je to \u0161to je <b><strong class=\"font-bold\">potpuno siguran za upotrebu<\/strong><\/b>. Proizvod nema zabilje\u017eenih nuspojava, zahvaljuju\u0107i njegovom prirodnom sastavu.<\/p>\n<p class=\"text-body font-regular leading-[24px] pt-[9px] pb-[2px]\" dir=\"ltr\">Ipak, nije namijenjeno:<\/p>\n<ul class=\"pt-[9px] pb-[2px] pl-[24px] list-disc [&amp;_ul]:pt-[5px] pt-[5px]\">\n<li class=\"text-body font-regular leading-[24px] my-[5px] [&amp;&gt;ol]:!pt-0 [&amp;&gt;ol]:!pb-0 [&amp;&gt;ul]:!pt-0 [&amp;&gt;ul]:!pb-0\" value=\"1\">Djeci i maloljetnicima<\/li>\n<li class=\"text-body font-regular leading-[24px] my-[5px] [&amp;&gt;ol]:!pt-0 [&amp;&gt;ol]:!pb-0 [&amp;&gt;ul]:!pt-0 [&amp;&gt;ul]:!pb-0\" value=\"2\">Trudnicama i dojiljama<\/li>\n<li class=\"text-body font-regular leading-[24px] my-[5px] [&amp;&gt;ol]:!pt-0 [&amp;&gt;ol]:!pb-0 [&amp;&gt;ul]:!pt-0 [&amp;&gt;ul]:!pb-0\" value=\"3\">Osobama s kroni\u010dnim bolestima (prije upotrebe preporu\u010duje se razgovor s lije\u010dnikom).<\/li>\n<\/ul>\n<h2 class=\"font-bold text-h3 leading-[40px] pt-[21px] pb-[2px] [&amp;_a]:underline-offset-[6px] [&amp;_.underline]:underline-offset-[6px]\" dir=\"ltr\">Eroboost Iskustva<\/h2>\n<p class=\"text-body font-regular leading-[24px] pt-[9px] pb-[2px]\" dir=\"ltr\">Povratne informacije korisnika potvr\u0111uju u\u010dinkovitost i popularnost Eroboost proizvoda. Evo \u0161to ka\u017eu neki od njih:<\/p>\n<ol class=\"pt-[9px] pb-[2px] pl-[24px] [&amp;_ol]:pt-[5px] list-decimal\">\n<li class=\"text-body font-regular leading-[24px] my-[5px] [&amp;&gt;ol]:!pt-0 [&amp;&gt;ol]:!pb-0 [&amp;&gt;ul]:!pt-0 [&amp;&gt;ul]:!pb-0\" value=\"1\"><b><strong class=\"font-bold\">Marko (37, Zagreb):<\/strong><\/b> &#8220;Nakon nekoliko tjedana kori\u0161tenja Eroboosta, osjetio sam nevjerojatnu razliku. Erekcije su jake, a povjerenje u sebe nikad nije bilo bolje!&#8221;<\/li>\n<li class=\"text-body font-regular leading-[24px] my-[5px] [&amp;&gt;ol]:!pt-0 [&amp;&gt;ol]:!pb-0 [&amp;&gt;ul]:!pt-0 [&amp;&gt;ul]:!pb-0\" value=\"2\"><b><strong class=\"font-bold\">Ivan (42, Split):<\/strong><\/b> &#8220;Skepti\u010dan sam bio, ali Eroboost stvarno djeluje. Definitivno preporu\u010dujem svim mu\u0161karcima.&#8221;<\/li>\n<li class=\"text-body font-regular leading-[24px] my-[5px] [&amp;&gt;ol]:!pt-0 [&amp;&gt;ol]:!pb-0 [&amp;&gt;ul]:!pt-0 [&amp;&gt;ul]:!pb-0\" value=\"3\"><b><strong class=\"font-bold\">Petar (29, Rijeka):<\/strong><\/b> &#8220;Jednostavno fantasti\u010dno. Vi\u0161e energije, bolji performans, zadovoljna \u017eena.&#8221;<\/li>\n<\/ol>\n<p class=\"text-body font-regular leading-[24px] pt-[9px] pb-[2px]\" dir=\"ltr\">Pozitivne ocjene jasno ukazuju kako mnogi mu\u0161karci pronalaze rje\u0161enje u Eroboost kapsulama.<\/p>\n<h2 class=\"font-bold text-h3 leading-[40px] pt-[21px] pb-[2px] [&amp;_a]:underline-offset-[6px] [&amp;_.underline]:underline-offset-[6px]\" dir=\"ltr\">Gdje kupiti Eroboost u Hrvatskoj? Ljekarna, DM, Nju\u0161kalo<\/h2>\n<p class=\"text-body font-regular leading-[24px] pt-[9px] pb-[2px]\" dir=\"ltr\">Eroboost <b><strong class=\"font-bold\">nije dostupan u ljekarnama, DM-u ili na Nju\u0161kalu.<\/strong><\/b> Proizvo\u0111a\u010d je odlu\u010dio proizvod prodavati isklju\u010divo putem slu\u017ebene web stranice kako bi osigurao autenti\u010dnost i maksimalnu sigurnost kupnje.<\/p>\n<p class=\"text-body font-regular leading-[24px] pt-[9px] pb-[2px]\" dir=\"ltr\">Kupnjom preko web stranice proizvo\u0111a\u010da dobivate:<\/p>\n<ul class=\"pt-[9px] pb-[2px] pl-[24px] list-disc [&amp;_ul]:pt-[5px] pt-[5px]\">\n<li class=\"text-body font-regular leading-[24px] my-[5px] [&amp;&gt;ol]:!pt-0 [&amp;&gt;ol]:!pb-0 [&amp;&gt;ul]:!pt-0 [&amp;&gt;ul]:!pb-0\" value=\"1\">Originalan proizvod<\/li>\n<li class=\"text-body font-regular leading-[24px] my-[5px] [&amp;&gt;ol]:!pt-0 [&amp;&gt;ol]:!pb-0 [&amp;&gt;ul]:!pt-0 [&amp;&gt;ul]:!pb-0\" value=\"2\">Najbolju cijenu<\/li>\n<li class=\"text-body font-regular leading-[24px] my-[5px] [&amp;&gt;ol]:!pt-0 [&amp;&gt;ol]:!pb-0 [&amp;&gt;ul]:!pt-0 [&amp;&gt;ul]:!pb-0\" value=\"3\">Diskretno dostavljanje<\/li>\n<\/ul>\n<h2 class=\"font-bold text-h3 leading-[40px] pt-[21px] pb-[2px] [&amp;_a]:underline-offset-[6px] [&amp;_.underline]:underline-offset-[6px]\" dir=\"ltr\">Koliko ko\u0161ta Eroboost? Cijena?<\/h2>\n<p class=\"text-body font-regular leading-[24px] pt-[9px] pb-[2px]\" dir=\"ltr\">Cijena jedne bo\u010dice Eroboosta iznosi <b><strong class=\"font-bold\">39 eura.<\/strong><\/b><\/p>\n<p class=\"text-body font-regular leading-[24px] pt-[9px] pb-[2px]\" dir=\"ltr\">S obzirom na u\u010dinke koje pru\u017ea i kvalitetu sastojaka, ovo je fantasti\u010dan omjer cijene i kvalitete.<\/p>\n<h2 class=\"font-bold text-h3 leading-[40px] pt-[21px] pb-[2px] [&amp;_a]:underline-offset-[6px] [&amp;_.underline]:underline-offset-[6px]\" dir=\"ltr\">\u010cesto postavljana pitanja<\/h2>\n<h3 class=\"font-bold text-h4 leading-[30px] pt-[15px] pb-[2px] [&amp;_a]:underline-offset-[6px] [&amp;_.underline]:underline-offset-[6px]\" dir=\"ltr\">Je li Eroboost siguran za dugotrajnu upotrebu?<\/h3>\n<p class=\"text-body font-regular leading-[24px] pt-[9px] pb-[2px]\" dir=\"ltr\">Da, Eroboost je siguran za redovnu i dugotrajnu upotrebu zahvaljuju\u0107i svojem prirodnom sastavu.<\/p>\n<h3 class=\"font-bold text-h4 leading-[30px] pt-[15px] pb-[2px] [&amp;_a]:underline-offset-[6px] [&amp;_.underline]:underline-offset-[6px]\" dir=\"ltr\">Koliko brzo mogu o\u010dekivati rezultate?<\/h3>\n<p class=\"text-body font-regular leading-[24px] pt-[9px] pb-[2px]\" dir=\"ltr\">Prvi rezultati su vidljivi nakon nekoliko dana, no optimalne u\u010dinke mo\u017eete osjetiti nakon nekoliko tjedana redovitog uzimanja.<\/p>\n<h3 class=\"font-bold text-h4 leading-[30px] pt-[15px] pb-[2px] [&amp;_a]:underline-offset-[6px] [&amp;_.underline]:underline-offset-[6px]\" dir=\"ltr\">Tko mo\u017ee koristiti Eroboost?<\/h3>\n<p class=\"text-body font-regular leading-[24px] pt-[9px] pb-[2px]\" dir=\"ltr\">Eroboost je namijenjen svim odraslim mu\u0161karcima koji \u017eele pobolj\u0161ati svoju seksualnu funkciju i energiju.<\/p>\n<h3 class=\"font-bold text-h4 leading-[30px] pt-[15px] pb-[2px] [&amp;_a]:underline-offset-[6px] [&amp;_.underline]:underline-offset-[6px]\" dir=\"ltr\">Postoji li politika povrata novca?<\/h3>\n<p class=\"text-body font-regular leading-[24px] pt-[9px] pb-[2px]\" dir=\"ltr\">Da, proizvo\u0111a\u010d nudi politiku povrata za proizvod kupljen preko slu\u017ebene web stranice.<\/p>\n","protected":false},"excerpt":{"rendered":"<p>Eroboost je dodatak prehrani u obliku kapsula koji je posebno formuliran za mu\u0161karce kako bi pobolj\u0161ao njihovu potenciju i seksualnu funkciju. Dizajniran je za one koji \u017eele prirodno rje\u0161enje kako bi pove\u0107ali svoju energiju, izdr\u017eljivost i povratili samopouzdanje u intimnim trenucima. Kapsule su prakti\u010dne za upotrebu i sadr\u017ee pa\u017eljivo odabrane sastojke koji ciljano djeluju na&#8230;<\/p>\n","protected":false},"featured_media":285,"template":"","meta":{"_kad_post_transparent":"default","_kad_post_title":"","_kad_post_layout":"default","_kad_post_sidebar_id":"","_kad_post_content_style":"default","_kad_post_vertical_padding":"default","_kad_post_feature":"","_kad_post_feature_position":"","_kad_post_header":false,"_kad_post_footer":false,"_kad_post_classname":"","iawp_total_views":125},"product_brand":[],"product_cat":[19],"product_tag":[],"class_list":{"0":"post-284","1":"product","2":"type-product","3":"status-publish","4":"has-post-thumbnail","6":"product_cat-potencija","8":"first","9":"instock","10":"sale","11":"shipping-taxable","12":"product-type-external","13":"entry","14":"content-bg","15":"loop-entry"},"_links":{"self":[{"href":"https:\/\/www.poliklinikavukovic.com\/ljekarna\/wp-json\/wp\/v2\/product\/284","targetHints":{"allow":["GET"]}}],"collection":[{"href":"https:\/\/www.poliklinikavukovic.com\/ljekarna\/wp-json\/wp\/v2\/product"}],"about":[{"href":"https:\/\/www.poliklinikavukovic.com\/ljekarna\/wp-json\/wp\/v2\/types\/product"}],"wp:featuredmedia":[{"embeddable":true,"href":"https:\/\/www.poliklinikavukovic.com\/ljekarna\/wp-json\/wp\/v2\/media\/285"}],"wp:attachment":[{"href":"https:\/\/www.poliklinikavukovic.com\/ljekarna\/wp-json\/wp\/v2\/media?parent=284"}],"wp:term":[{"taxonomy":"product_brand","embeddable":true,"href":"https:\/\/www.poliklinikavukovic.com\/ljekarna\/wp-json\/wp\/v2\/product_brand?post=284"},{"taxonomy":"product_cat","embeddable":true,"href":"https:\/\/www.poliklinikavukovic.com\/ljekarna\/wp-json\/wp\/v2\/product_cat?post=284"},{"taxonomy":"product_tag","embeddable":true,"href":"https:\/\/www.poliklinikavukovic.com\/ljekarna\/wp-json\/wp\/v2\/product_tag?post=284"}],"curies":[{"name":"wp","href":"https:\/\/api.w.org\/{rel}","templated":true}]}}