{"id":280,"date":"2025-02-19T13:07:24","date_gmt":"2025-02-19T13:07:24","guid":{"rendered":"https:\/\/www.poliklinikavukovic.com\/ljekarna\/?post_type=product&#038;p=280"},"modified":"2025-02-19T13:07:24","modified_gmt":"2025-02-19T13:07:24","slug":"visitec","status":"publish","type":"product","link":"https:\/\/www.poliklinikavukovic.com\/ljekarna\/proizvod\/visitec\/","title":{"rendered":"Visitec"},"content":{"rendered":"<p class=\"text-body font-regular leading-[24px] pt-[9px] pb-[2px]\" dir=\"ltr\"><b><strong class=\"font-bold\">Visitec<\/strong><\/b> je dodatak prehrani u obliku kapsula koji je osmi\u0161ljen za ljude koji se svakodnevno suo\u010davaju s problemima vida. Napravljen s ciljem smanjenja upale, ubla\u017eavanja sindroma suhog oka i crvenila, te normalizacije o\u010dnog tlaka, Visitec poma\u017ee za\u0161tititi va\u0161 vid na brojne na\u010dine. Njegova redovna uporaba smanjuje rizik od razvoja ozbiljnih stanja poput katarakte i glaukoma, a pritom usporava atrofiju vidnog \u017eivca i poti\u010de regeneraciju tkiva.<\/p>\n<p class=\"text-body font-regular leading-[24px] pt-[9px] pb-[2px]\" dir=\"ltr\">Najbolji dio? Zahvaljuju\u0107i Visitecu, mo\u017eete o\u010duvati o\u0161tar vid \u010dak i u starijoj \u017eivotnoj dobi \u2013 a to mo\u017eete posti\u0107i bez ikakvih nuspojava ili bojazni od ovisnosti.<\/p>\n<h2 class=\"font-bold text-h3 leading-[40px] pt-[21px] pb-[2px] [&amp;_a]:underline-offset-[6px] [&amp;_.underline]:underline-offset-[6px]\" dir=\"ltr\">Kako djeluje Visitec?<\/h2>\n<p class=\"text-body font-regular leading-[24px] pt-[9px] pb-[2px]\" dir=\"ltr\">Visitec djeluje ciljano, prilago\u0111avaju\u0107i se potrebama va\u0161ih o\u010diju. Njegov sna\u017ean antistresni u\u010dinak smanjuje naprezanje o\u010diju uzrokovano \u010destim kori\u0161tenjem digitalnih ure\u0111aja. Tako\u0111er poma\u017ee opu\u0161tanju krvnih \u017eila u o\u010dima, pobolj\u0161avaju\u0107i cirkulaciju i osiguravaju\u0107i optimalnu opskrbu tkiva kisikom i hranjivim tvarima. Ovim sinergijskim u\u010dinkom posti\u017ee se dugoro\u010dna za\u0161tita i regeneracija o\u010dnih tkiva, omogu\u0107uju\u0107i vam jasan i precizan vid.<\/p>\n<h2 class=\"font-bold text-h3 leading-[40px] pt-[21px] pb-[2px] [&amp;_a]:underline-offset-[6px] [&amp;_.underline]:underline-offset-[6px]\" dir=\"ltr\">Visitec Sastav<\/h2>\n<p class=\"text-body font-regular leading-[24px] pt-[9px] pb-[2px]\" dir=\"ltr\">Visitec je bogat prirodnim aktivnim sastojcima koji pru\u017eaju dodatnu sigurnost i u\u010dinkovitost. Njegovi glavni sastojci su:<\/p>\n<h3 class=\"font-bold text-h4 leading-[30px] pt-[15px] pb-[2px] [&amp;_a]:underline-offset-[6px] [&amp;_.underline]:underline-offset-[6px]\" dir=\"ltr\">Ekstrakt biljke o\u010dnika<\/h3>\n<p class=\"text-body font-regular leading-[24px] pt-[9px] pb-[2px]\" dir=\"ltr\">Poznat po svojim protuupalnim i umiruju\u0107im svojstvima, ekstrakt biljke o\u010dnika poma\u017ee smanjiti crvenilo i iritaciju o\u010diju. Osim toga, ovaj sastojak ima za\u0161titni u\u010dinak na osjetljivo o\u010dno tkivo, \u010dine\u0107i ga savr\u0161enim izborom za osobe koje provode mnogo vremena pred ekranima.<\/p>\n<h3 class=\"font-bold text-h4 leading-[30px] pt-[15px] pb-[2px] [&amp;_a]:underline-offset-[6px] [&amp;_.underline]:underline-offset-[6px]\" dir=\"ltr\">Ekstrakt borovnice (Bilberry)<\/h3>\n<p class=\"text-body font-regular leading-[24px] pt-[9px] pb-[2px]\" dir=\"ltr\">Borovnice su bogate antocijaninima, mo\u0107nim antioksidansima koji pobolj\u0161avaju vid pri slabom svjetlu i \u0161tite kapilare unutar oka. Ovaj sastojak dodatno smanjuje oksidativni stres te poma\u017ee u sprje\u010davanju degenerativnih promjena, uklju\u010duju\u0107i kataraktu.<\/p>\n<h2 class=\"font-bold text-h3 leading-[40px] pt-[21px] pb-[2px] [&amp;_a]:underline-offset-[6px] [&amp;_.underline]:underline-offset-[6px]\" dir=\"ltr\">Visitec U\u010dinci i Dobrobiti<\/h2>\n<p class=\"text-body font-regular leading-[24px] pt-[9px] pb-[2px]\" dir=\"ltr\">Primjenom Visiteca korisnici mogu u\u017eivati u brojnim dobrobitima, uklju\u010duju\u0107i:<\/p>\n<ul class=\"pt-[9px] pb-[2px] pl-[24px] list-disc [&amp;_ul]:pt-[5px] pt-[5px]\">\n<li class=\"text-body font-regular leading-[24px] my-[5px] [&amp;&gt;ol]:!pt-0 [&amp;&gt;ol]:!pb-0 [&amp;&gt;ul]:!pt-0 [&amp;&gt;ul]:!pb-0\" value=\"1\">Smanjenje upale i crvenila o\u010diju<\/li>\n<li class=\"text-body font-regular leading-[24px] my-[5px] [&amp;&gt;ol]:!pt-0 [&amp;&gt;ol]:!pb-0 [&amp;&gt;ul]:!pt-0 [&amp;&gt;ul]:!pb-0\" value=\"2\">Ubla\u017eavanje simptoma suhog oka<\/li>\n<li class=\"text-body font-regular leading-[24px] my-[5px] [&amp;&gt;ol]:!pt-0 [&amp;&gt;ol]:!pb-0 [&amp;&gt;ul]:!pt-0 [&amp;&gt;ul]:!pb-0\" value=\"3\">Smanjenje naprezanja o\u010diju uzrokovanog duljim oslanjanjem na digitalne ure\u0111aje<\/li>\n<li class=\"text-body font-regular leading-[24px] my-[5px] [&amp;&gt;ol]:!pt-0 [&amp;&gt;ol]:!pb-0 [&amp;&gt;ul]:!pt-0 [&amp;&gt;ul]:!pb-0\" value=\"4\">Normalizaciju o\u010dnog tlaka<\/li>\n<li class=\"text-body font-regular leading-[24px] my-[5px] [&amp;&gt;ol]:!pt-0 [&amp;&gt;ol]:!pb-0 [&amp;&gt;ul]:!pt-0 [&amp;&gt;ul]:!pb-0\" value=\"5\">Smanjenje rizika od razvoj glaukoma i katarakte<\/li>\n<li class=\"text-body font-regular leading-[24px] my-[5px] [&amp;&gt;ol]:!pt-0 [&amp;&gt;ol]:!pb-0 [&amp;&gt;ul]:!pt-0 [&amp;&gt;ul]:!pb-0\" value=\"6\">Usporenje atrofije vidnog \u017eivca<\/li>\n<li class=\"text-body font-regular leading-[24px] my-[5px] [&amp;&gt;ol]:!pt-0 [&amp;&gt;ol]:!pb-0 [&amp;&gt;ul]:!pt-0 [&amp;&gt;ul]:!pb-0\" value=\"7\">Odr\u017eavanje o\u0161trog vida \u010dak i u starijoj dobi.<\/li>\n<\/ul>\n<h2 class=\"font-bold text-h3 leading-[40px] pt-[21px] pb-[2px] [&amp;_a]:underline-offset-[6px] [&amp;_.underline]:underline-offset-[6px]\" dir=\"ltr\">Visitec Upute Za Kori\u0161tenje<\/h2>\n<p class=\"text-body font-regular leading-[24px] pt-[9px] pb-[2px]\" dir=\"ltr\">Kori\u0161tenje Visiteca je vrlo jednostavno. Preporu\u010duje se uzimanje jedne kapsule izme\u0111u obroka jednom do dva puta dnevno. Pridr\u017eavanje uputa za kori\u0161tenje osigurat \u0107e najbolje rezultate uz ovaj proizvod.<\/p>\n<h2 class=\"font-bold text-h3 leading-[40px] pt-[21px] pb-[2px] [&amp;_a]:underline-offset-[6px] [&amp;_.underline]:underline-offset-[6px]\" dir=\"ltr\">Visitec Kontraindikacije i Nuspojave<\/h2>\n<p class=\"text-body font-regular leading-[24px] pt-[9px] pb-[2px]\" dir=\"ltr\">Visitec ne izaziva nikakve nuspojave i potpuno je siguran za redovnu upotrebu. Me\u0111utim, nije namijenjen djeci, trudnicama, dojiljama ili osobama s kroni\u010dnim bolestima. Ukoliko imate bilo kakve dvojbe, konzultirajte se s lije\u010dnikom prije upotrebe.<\/p>\n<h2 class=\"font-bold text-h3 leading-[40px] pt-[21px] pb-[2px] [&amp;_a]:underline-offset-[6px] [&amp;_.underline]:underline-offset-[6px]\" dir=\"ltr\">Visitec Iskustva<\/h2>\n<p class=\"text-body font-regular leading-[24px] pt-[9px] pb-[2px]\" dir=\"ltr\">Korisnici Visiteca odu\u0161evljeni su njegovom u\u010dinkovito\u0161\u0107u i rezultatima. Evo nekoliko komentara:<\/p>\n<ol class=\"pt-[9px] pb-[2px] pl-[24px] [&amp;_ol]:pt-[5px] list-decimal\">\n<li class=\"text-body font-regular leading-[24px] my-[5px] [&amp;&gt;ol]:!pt-0 [&amp;&gt;ol]:!pb-0 [&amp;&gt;ul]:!pt-0 [&amp;&gt;ul]:!pb-0\" value=\"1\"><b><strong class=\"font-bold\">Maja, 43 godine<\/strong><\/b>: &#8220;Nakon samo mjesec dana kori\u0161tenja Visiteca, vi\u0161e ne osje\u0107am napetost u o\u010dima nakon rada na ra\u010dunalu. Ovaj proizvod je pravo otkri\u0107e!&#8221;<\/li>\n<li class=\"text-body font-regular leading-[24px] my-[5px] [&amp;&gt;ol]:!pt-0 [&amp;&gt;ol]:!pb-0 [&amp;&gt;ul]:!pt-0 [&amp;&gt;ul]:!pb-0\" value=\"2\"><b><strong class=\"font-bold\">Ivan, 52 godine<\/strong><\/b>: &#8220;Moja supruga i ja ve\u0107 godinama koristimo Visitec. Oboje primje\u0107ujemo kako nam o\u010di vi\u0161e nisu suhe, a pregled vida kod opti\u010dara pokazao je samo pozitivne promjene!&#8221;<\/li>\n<li class=\"text-body font-regular leading-[24px] my-[5px] [&amp;&gt;ol]:!pt-0 [&amp;&gt;ol]:!pb-0 [&amp;&gt;ul]:!pt-0 [&amp;&gt;ul]:!pb-0\" value=\"3\"><b><strong class=\"font-bold\">Ana, 36 godina<\/strong><\/b>: &#8220;Savr\u0161eno rje\u0161enje za moje crvene i nadra\u017eene o\u010di. Ne mogu vi\u0161e zamisliti svakodnevicu bez Visiteca.&#8221;<\/li>\n<\/ol>\n<h2 class=\"font-bold text-h3 leading-[40px] pt-[21px] pb-[2px] [&amp;_a]:underline-offset-[6px] [&amp;_.underline]:underline-offset-[6px]\" dir=\"ltr\">Gdje kupiti Visitec u Hrvatskoj? Ljekarna, DM, Nju\u0161kalo<\/h2>\n<p class=\"text-body font-regular leading-[24px] pt-[9px] pb-[2px]\" dir=\"ltr\">Visitec se mo\u017ee kupiti isklju\u010divo preko slu\u017ebene web stranice proizvo\u0111a\u010da. Na taj na\u010din jam\u010di se autenti\u010dnost proizvoda, kao i najpovoljnija cijena. Ljekarne, trgovine poput DM-a i platforme poput Nju\u0161kala ne mogu jam\u010diti kvalitetu niti osigurati originalan proizvod.<\/p>\n<h2 class=\"font-bold text-h3 leading-[40px] pt-[21px] pb-[2px] [&amp;_a]:underline-offset-[6px] [&amp;_.underline]:underline-offset-[6px]\" dir=\"ltr\">Koliko ko\u0161ta Visitec? Cijena?<\/h2>\n<p class=\"text-body font-regular leading-[24px] pt-[9px] pb-[2px]\" dir=\"ltr\">Cijena Visiteca iznosi 39 eura. To je mala investicija za za\u0161titu zdravlja va\u0161ih o\u010diju, pru\u017eaju\u0107i vam dugoro\u010dnu sigurnost i o\u0161tar vid.<\/p>\n<h2 class=\"font-bold text-h3 leading-[40px] pt-[21px] pb-[2px] [&amp;_a]:underline-offset-[6px] [&amp;_.underline]:underline-offset-[6px]\" dir=\"ltr\">\u010cesto postavljana pitanja<\/h2>\n<h3 class=\"font-bold text-h4 leading-[30px] pt-[15px] pb-[2px] [&amp;_a]:underline-offset-[6px] [&amp;_.underline]:underline-offset-[6px]\" dir=\"ltr\">Mogu li Visitec koristiti uz druge lijekove?<\/h3>\n<p class=\"text-body font-regular leading-[24px] pt-[9px] pb-[2px]\" dir=\"ltr\">Da, Visitec je siguran za uporabu uz druge lijekove. Ako imate dvojbe, konzultirajte se s lije\u010dnikom.<\/p>\n<h3 class=\"font-bold text-h4 leading-[30px] pt-[15px] pb-[2px] [&amp;_a]:underline-offset-[6px] [&amp;_.underline]:underline-offset-[6px]\" dir=\"ltr\">Kada mogu o\u010dekivati rezultate?<\/h3>\n<p class=\"text-body font-regular leading-[24px] pt-[9px] pb-[2px]\" dir=\"ltr\">Prvi rezultati su vidljivi ve\u0107 nakon 2-3 tjedna redovne upotrebe, dok dugotrajne koristi dolaze kroz kontinuiranu uporabu.<\/p>\n<h3 class=\"font-bold text-h4 leading-[30px] pt-[15px] pb-[2px] [&amp;_a]:underline-offset-[6px] [&amp;_.underline]:underline-offset-[6px]\" dir=\"ltr\">Je li potreban lije\u010dni\u010dki recept za ovaj proizvod?<\/h3>\n<p class=\"text-body font-regular leading-[24px] pt-[9px] pb-[2px]\" dir=\"ltr\">Ne, Visitec je dostupan bez recepta.<\/p>\n<h3 class=\"font-bold text-h4 leading-[30px] pt-[15px] pb-[2px] [&amp;_a]:underline-offset-[6px] [&amp;_.underline]:underline-offset-[6px]\" dir=\"ltr\">Nudite li posebne ponude pri kupnji ve\u0107ih koli\u010dina?<\/h3>\n<p class=\"text-body font-regular leading-[24px] pt-[9px] pb-[2px]\" dir=\"ltr\">Da, povremeno imamo promocije i posebne ponude na slu\u017ebenoj stranici proizvo\u0111a\u010da.<\/p>\n","protected":false},"excerpt":{"rendered":"<p>Visitec je dodatak prehrani u obliku kapsula koji je osmi\u0161ljen za ljude koji se svakodnevno suo\u010davaju s problemima vida. Napravljen s ciljem smanjenja upale, ubla\u017eavanja sindroma suhog oka i crvenila, te normalizacije o\u010dnog tlaka, Visitec poma\u017ee za\u0161tititi va\u0161 vid na brojne na\u010dine. Njegova redovna uporaba smanjuje rizik od razvoja ozbiljnih stanja poput katarakte i glaukoma,&#8230;<\/p>\n","protected":false},"featured_media":281,"template":"","meta":{"_kad_post_transparent":"default","_kad_post_title":"","_kad_post_layout":"default","_kad_post_sidebar_id":"","_kad_post_content_style":"default","_kad_post_vertical_padding":"default","_kad_post_feature":"","_kad_post_feature_position":"","_kad_post_header":false,"_kad_post_footer":false,"_kad_post_classname":"","iawp_total_views":11},"product_brand":[],"product_cat":[15],"product_tag":[],"class_list":{"0":"post-280","1":"product","2":"type-product","3":"status-publish","4":"has-post-thumbnail","6":"product_cat-zdravlje","8":"first","9":"instock","10":"sale","11":"shipping-taxable","12":"purchasable","13":"product-type-simple","14":"entry","15":"content-bg","16":"loop-entry"},"_links":{"self":[{"href":"https:\/\/www.poliklinikavukovic.com\/ljekarna\/wp-json\/wp\/v2\/product\/280","targetHints":{"allow":["GET"]}}],"collection":[{"href":"https:\/\/www.poliklinikavukovic.com\/ljekarna\/wp-json\/wp\/v2\/product"}],"about":[{"href":"https:\/\/www.poliklinikavukovic.com\/ljekarna\/wp-json\/wp\/v2\/types\/product"}],"wp:featuredmedia":[{"embeddable":true,"href":"https:\/\/www.poliklinikavukovic.com\/ljekarna\/wp-json\/wp\/v2\/media\/281"}],"wp:attachment":[{"href":"https:\/\/www.poliklinikavukovic.com\/ljekarna\/wp-json\/wp\/v2\/media?parent=280"}],"wp:term":[{"taxonomy":"product_brand","embeddable":true,"href":"https:\/\/www.poliklinikavukovic.com\/ljekarna\/wp-json\/wp\/v2\/product_brand?post=280"},{"taxonomy":"product_cat","embeddable":true,"href":"https:\/\/www.poliklinikavukovic.com\/ljekarna\/wp-json\/wp\/v2\/product_cat?post=280"},{"taxonomy":"product_tag","embeddable":true,"href":"https:\/\/www.poliklinikavukovic.com\/ljekarna\/wp-json\/wp\/v2\/product_tag?post=280"}],"curies":[{"name":"wp","href":"https:\/\/api.w.org\/{rel}","templated":true}]}}