{"id":266,"date":"2025-02-11T18:30:46","date_gmt":"2025-02-11T18:30:46","guid":{"rendered":"https:\/\/www.poliklinikavukovic.com\/ljekarna\/?post_type=product&#038;p=266"},"modified":"2025-02-11T18:30:46","modified_gmt":"2025-02-11T18:30:46","slug":"psoryden","status":"publish","type":"product","link":"https:\/\/www.poliklinikavukovic.com\/ljekarna\/proizvod\/psoryden\/","title":{"rendered":"Psoryden"},"content":{"rendered":"<p class=\"text-body font-regular leading-[24px] pt-[9px] pb-[2px]\" dir=\"ltr\">Psoryden je prirodni proizvod u obliku kreme, dolazi kao inovativno rje\u0161enje za one koji se bore s psorijazom. Ova krema djeluje dubinski, ne samo izvana ve\u0107 i na stani\u010dnoj razini, poma\u017eu\u0107i sprije\u010diti rast o\u0161te\u0107enih stanica, sprije\u010diti povratak problema te obnoviti o\u0161te\u0107ena podru\u010dja ko\u017ee.<\/p>\n<p class=\"text-body font-regular leading-[24px] pt-[9px] pb-[2px]\" dir=\"ltr\">Redovito kori\u0161tenje Psorydena uklanja neugodno perutanje, svrbe\u017e i crvenilo koje \u010desto prati psorijazu. Osim toga, krema doprinosi normalizaciji cjelokupnog stanja ko\u017ee bez izazivanja alergijskih reakcija, boli, crvenila ili ovisnosti. Idealna je za svakoga tko tra\u017ei nje\u017ean, a u\u010dinkovit na\u010din da se nosi s problemati\u010dnom i osjetljivom ko\u017eom.<\/p>\n<h2 class=\"font-bold text-h3 leading-[40px] pt-[21px] pb-[2px] [&amp;_a]:underline-offset-[6px] [&amp;_.underline]:underline-offset-[6px]\" dir=\"ltr\">Kako djeluje Psoryden?<\/h2>\n<p class=\"text-body font-regular leading-[24px] pt-[9px] pb-[2px]\" dir=\"ltr\">Psoryden krema temelji se na naprednom prirodnom sastavu koji prodire duboko u ko\u017eu, izravno djeluju\u0107i na uzrok problema. Njeno djelovanje omogu\u0107uje ko\u017ei da se regenerira i time sprje\u010dava nastanak novih znakova psorijaze. Zbog svoje sposobnosti da smanjuje upale i ubla\u017eava iritacije, korisnici brzo primje\u0107uju kako njihova ko\u017ea postaje mek\u0161a, glatkija i manje osjetljiva.<\/p>\n<p class=\"text-body font-regular leading-[24px] pt-[9px] pb-[2px]\" dir=\"ltr\">Ova krema tako\u0111er ima za\u0161titnu funkciju, poma\u017eu\u0107i ko\u017ei da odr\u017ei svoju prirodnu barijeru i sprije\u010di \u0161tetne u\u010dinke okoli\u0161nih faktora. Redovitom upotrebom, Psoryden omogu\u0107uje dugoro\u010dne rezultate, pru\u017eaju\u0107i olak\u0161anje i bolji \u017eivot osobama koje pate od psorijaze.<\/p>\n<h2 class=\"font-bold text-h3 leading-[40px] pt-[21px] pb-[2px] [&amp;_a]:underline-offset-[6px] [&amp;_.underline]:underline-offset-[6px]\" dir=\"ltr\">Psoryden Sastav<\/h2>\n<p class=\"text-body font-regular leading-[24px] pt-[9px] pb-[2px]\" dir=\"ltr\">Jedna od klju\u010dnih prednosti Psoryden kreme je njen potpuno prirodni sastav. Svaki sastojak je pa\u017eljivo odabran kako bi pru\u017eio maksimalnu u\u010dinkovitost, a kombinacija biljnih ekstrakata garantira sigurnost pri upotrebi. Evo detaljan pregled sastojaka i njihovih dobrobiti:<\/p>\n<ul class=\"pt-[9px] pb-[2px] pl-[24px] list-disc [&amp;_ul]:pt-[5px] pt-[5px]\">\n<li class=\"text-body font-regular leading-[24px] my-[5px] [&amp;&gt;ol]:!pt-0 [&amp;&gt;ol]:!pb-0 [&amp;&gt;ul]:!pt-0 [&amp;&gt;ul]:!pb-0\" value=\"1\"><b><strong class=\"font-bold\">Ulje sjemenki jednogodi\u0161njeg suncokreta (Helianthus Annuus)<\/strong><\/b>: Bogato vitaminom E, ovo ulje djeluje kao sna\u017ean antioksidans te poma\u017ee u hidrataciji osu\u0161ene ko\u017ee.<\/li>\n<li class=\"text-body font-regular leading-[24px] my-[5px] [&amp;&gt;ol]:!pt-0 [&amp;&gt;ol]:!pb-0 [&amp;&gt;ul]:!pt-0 [&amp;&gt;ul]:!pb-0\" value=\"2\"><b><strong class=\"font-bold\">Ulje lista \u010dajevca (Melaleuca Alternifolia)<\/strong><\/b>: Poznato po svojim antisepti\u010dkim svojstvima, ovo ulje poma\u017ee u smirivanju upaljenih podru\u010dja ko\u017ee.<\/li>\n<li class=\"text-body font-regular leading-[24px] my-[5px] [&amp;&gt;ol]:!pt-0 [&amp;&gt;ol]:!pb-0 [&amp;&gt;ul]:!pt-0 [&amp;&gt;ul]:!pb-0\" value=\"3\"><b><strong class=\"font-bold\">Ekstrakt lista ljekovitog ru\u017emarina (Rosmarinus Officinalis)<\/strong><\/b>: Ja\u010da ko\u017eu i pobolj\u0161ava cirkulaciju, poma\u017eu\u0107i regeneraciju o\u0161te\u0107enih stanica.<\/li>\n<li class=\"text-body font-regular leading-[24px] my-[5px] [&amp;&gt;ol]:!pt-0 [&amp;&gt;ol]:!pb-0 [&amp;&gt;ul]:!pt-0 [&amp;&gt;ul]:!pb-0\" value=\"4\"><b><strong class=\"font-bold\">Ekstrakt cvijeta ljekarni\u010dke kamilice (Chamomilla Recutita)<\/strong><\/b>: Smiruje nadra\u017eenu ko\u017eu i smanjuje crvenilo.<\/li>\n<li class=\"text-body font-regular leading-[24px] my-[5px] [&amp;&gt;ol]:!pt-0 [&amp;&gt;ol]:!pb-0 [&amp;&gt;ul]:!pt-0 [&amp;&gt;ul]:!pb-0\" value=\"5\"><b><strong class=\"font-bold\">Ekstrakt cvijeta ljekovitog nevena (Calendula Officinalis)<\/strong><\/b>: Djeluje kao prirodni antiseptik i poti\u010de zacjeljivanje ko\u017ee.<\/li>\n<li class=\"text-body font-regular leading-[24px] my-[5px] [&amp;&gt;ol]:!pt-0 [&amp;&gt;ol]:!pb-0 [&amp;&gt;ul]:!pt-0 [&amp;&gt;ul]:!pb-0\" value=\"6\"><b><strong class=\"font-bold\">Ekstrakt korijena ljuskarice (Harpagophytum Procumbens)<\/strong><\/b> i <b><strong class=\"font-bold\">azijske centele (Centella Asiatica)<\/strong><\/b>: Obnavljaju epidermu i poti\u010du stvaranje kolagena.<\/li>\n<li class=\"text-body font-regular leading-[24px] my-[5px] [&amp;&gt;ol]:!pt-0 [&amp;&gt;ol]:!pb-0 [&amp;&gt;ul]:!pt-0 [&amp;&gt;ul]:!pb-0\" value=\"7\"><b><strong class=\"font-bold\">Ekstrakt korijena velikog \u010di\u010dka (Arctium Majus)<\/strong><\/b> i <b><strong class=\"font-bold\">mjehuri\u0107a (Fucus Vesiculosus)<\/strong><\/b>: Imaju detoksikacijska svojstva.<\/li>\n<li class=\"text-body font-regular leading-[24px] my-[5px] [&amp;&gt;ol]:!pt-0 [&amp;&gt;ol]:!pb-0 [&amp;&gt;ul]:!pt-0 [&amp;&gt;ul]:!pb-0\" value=\"8\"><b><strong class=\"font-bold\">Ekstrakt cvijeta planinske arnike (Arnica Montana)<\/strong><\/b> i <b><strong class=\"font-bold\">ploda \u010de\u0161njaka (Allium Sativum)<\/strong><\/b>: Smanjuju upale, dok arnika ubrzava zacjeljivanje tkiva.<\/li>\n<li class=\"text-body font-regular leading-[24px] my-[5px] [&amp;&gt;ol]:!pt-0 [&amp;&gt;ol]:!pb-0 [&amp;&gt;ul]:!pt-0 [&amp;&gt;ul]:!pb-0\" value=\"9\"><b><strong class=\"font-bold\">Ekstrakt poljske preslice (Equisetum Arvense)<\/strong><\/b> i <b><strong class=\"font-bold\">divljeg kestena (Aesculus Hippocastanum)<\/strong><\/b> ja\u010daju elasti\u010dnost ko\u017ee.<\/li>\n<li class=\"text-body font-regular leading-[24px] my-[5px] [&amp;&gt;ol]:!pt-0 [&amp;&gt;ol]:!pb-0 [&amp;&gt;ul]:!pt-0 [&amp;&gt;ul]:!pb-0\" value=\"10\"><b><strong class=\"font-bold\">Ekstrakt maj\u010dine du\u0161ice (Thymus Vulgaris)<\/strong><\/b> djeluje antibakterijski i dodatno \u0161titi ko\u017eu.<\/li>\n<\/ul>\n<h2 class=\"font-bold text-h3 leading-[40px] pt-[21px] pb-[2px] [&amp;_a]:underline-offset-[6px] [&amp;_.underline]:underline-offset-[6px]\" dir=\"ltr\">Psoryden U\u010dinci i Dobrobiti<\/h2>\n<p class=\"text-body font-regular leading-[24px] pt-[9px] pb-[2px]\" dir=\"ltr\">Psoryden krema pru\u017ea niz pozitivnih u\u010dinaka:<\/p>\n<ul class=\"pt-[9px] pb-[2px] pl-[24px] list-disc [&amp;_ul]:pt-[5px] pt-[5px]\">\n<li class=\"text-body font-regular leading-[24px] my-[5px] [&amp;&gt;ol]:!pt-0 [&amp;&gt;ol]:!pb-0 [&amp;&gt;ul]:!pt-0 [&amp;&gt;ul]:!pb-0\" value=\"1\"><b><strong class=\"font-bold\">Ubla\u017eavanje simptoma<\/strong><\/b> kao \u0161to su perutanje, svrbe\u017e i crvenilo.<\/li>\n<li class=\"text-body font-regular leading-[24px] my-[5px] [&amp;&gt;ol]:!pt-0 [&amp;&gt;ol]:!pb-0 [&amp;&gt;ul]:!pt-0 [&amp;&gt;ul]:!pb-0\" value=\"2\"><b><strong class=\"font-bold\">Regeneracija ko\u017ee<\/strong><\/b> sprje\u010davaju\u0107i rast o\u0161te\u0107enih stanica.<\/li>\n<li class=\"text-body font-regular leading-[24px] my-[5px] [&amp;&gt;ol]:!pt-0 [&amp;&gt;ol]:!pb-0 [&amp;&gt;ul]:!pt-0 [&amp;&gt;ul]:!pb-0\" value=\"3\"><b><strong class=\"font-bold\">Za\u0161tita ko\u017ee<\/strong><\/b> od vanjskih agresora, poput one\u010di\u0161\u0107enja i bakterija.<\/li>\n<li class=\"text-body font-regular leading-[24px] my-[5px] [&amp;&gt;ol]:!pt-0 [&amp;&gt;ol]:!pb-0 [&amp;&gt;ul]:!pt-0 [&amp;&gt;ul]:!pb-0\" value=\"4\"><b><strong class=\"font-bold\">Pobolj\u0161ana hidratacija<\/strong><\/b>, ostavljaju\u0107i ko\u017eu mekom i glatkom.<\/li>\n<li class=\"text-body font-regular leading-[24px] my-[5px] [&amp;&gt;ol]:!pt-0 [&amp;&gt;ol]:!pb-0 [&amp;&gt;ul]:!pt-0 [&amp;&gt;ul]:!pb-0\" value=\"5\"><b><strong class=\"font-bold\">Bez straha od ovisnosti i alergija<\/strong><\/b>, proizvod je siguran za dugoro\u010dnu upotrebu.<\/li>\n<\/ul>\n<h2 class=\"font-bold text-h3 leading-[40px] pt-[21px] pb-[2px] [&amp;_a]:underline-offset-[6px] [&amp;_.underline]:underline-offset-[6px]\" dir=\"ltr\">Psoryden Upute za Kori\u0161tenje<\/h2>\n<p class=\"text-body font-regular leading-[24px] pt-[9px] pb-[2px]\" dir=\"ltr\">Kori\u0161tenje Psoryden kreme je jednostavno, ali zahtijeva disciplinu za maksimalne rezultate:<\/p>\n<ol class=\"pt-[9px] pb-[2px] pl-[24px] [&amp;_ol]:pt-[5px] list-decimal\">\n<li class=\"text-body font-regular leading-[24px] my-[5px] [&amp;&gt;ol]:!pt-0 [&amp;&gt;ol]:!pb-0 [&amp;&gt;ul]:!pt-0 [&amp;&gt;ul]:!pb-0\" value=\"1\">O\u010distite i osu\u0161ite dio ko\u017ee koji \u017eelite tretirati.<\/li>\n<li class=\"text-body font-regular leading-[24px] my-[5px] [&amp;&gt;ol]:!pt-0 [&amp;&gt;ol]:!pb-0 [&amp;&gt;ul]:!pt-0 [&amp;&gt;ul]:!pb-0\" value=\"2\">Nanesite tanak sloj kreme na zahva\u0107eno podru\u010dje.<\/li>\n<li class=\"text-body font-regular leading-[24px] my-[5px] [&amp;&gt;ol]:!pt-0 [&amp;&gt;ol]:!pb-0 [&amp;&gt;ul]:!pt-0 [&amp;&gt;ul]:!pb-0\" value=\"3\">Nje\u017eno umasirajte i ostavite da se upije.<\/li>\n<li class=\"text-body font-regular leading-[24px] my-[5px] [&amp;&gt;ol]:!pt-0 [&amp;&gt;ol]:!pb-0 [&amp;&gt;ul]:!pt-0 [&amp;&gt;ul]:!pb-0\" value=\"4\">Kremu koristite ujutro i nave\u010der za najbolje rezultate.<\/li>\n<li class=\"text-body font-regular leading-[24px] my-[5px] [&amp;&gt;ol]:!pt-0 [&amp;&gt;ol]:!pb-0 [&amp;&gt;ul]:!pt-0 [&amp;&gt;ul]:!pb-0\" value=\"5\">Odr\u017eavajte tretirani dio ko\u017ee \u010distim.<\/li>\n<\/ol>\n<h2 class=\"font-bold text-h3 leading-[40px] pt-[21px] pb-[2px] [&amp;_a]:underline-offset-[6px] [&amp;_.underline]:underline-offset-[6px]\" dir=\"ltr\">Psoryden Kontraindikacije i Nuspojave<\/h2>\n<p class=\"text-body font-regular leading-[24px] pt-[9px] pb-[2px]\" dir=\"ltr\">Psoryden je potpuno prirodan i siguran za uporabu te ne izaziva nikakve nuspojave. Ipak, nije namijenjen djeci, trudnicama, dojiljama te osobama s kroni\u010dnim bolestima bez prethodnog konzultiranja lije\u010dnika.<\/p>\n<h2 class=\"font-bold text-h3 leading-[40px] pt-[21px] pb-[2px] [&amp;_a]:underline-offset-[6px] [&amp;_.underline]:underline-offset-[6px]\" dir=\"ltr\">Psoryden Iskustva<\/h2>\n<p class=\"text-body font-regular leading-[24px] pt-[9px] pb-[2px]\" dir=\"ltr\">Korisnici su izrazito zadovoljni rezultatima koje Psoryden krema pru\u017ea. Evo nekih komentara:<\/p>\n<ul class=\"pt-[9px] pb-[2px] pl-[24px] list-disc [&amp;_ul]:pt-[5px] pt-[5px]\">\n<li class=\"text-body font-regular leading-[24px] my-[5px] [&amp;&gt;ol]:!pt-0 [&amp;&gt;ol]:!pb-0 [&amp;&gt;ul]:!pt-0 [&amp;&gt;ul]:!pb-0\" value=\"1\"><b><strong class=\"font-bold\">Ana, 35 godina<\/strong><\/b>: &#8220;Nakon godina borbe s psorijazom, kona\u010dno sam prona\u0161la ne\u0161to \u0161to djeluje. Moja ko\u017ea nikad nije bila bolja!&#8221;<\/li>\n<li class=\"text-body font-regular leading-[24px] my-[5px] [&amp;&gt;ol]:!pt-0 [&amp;&gt;ol]:!pb-0 [&amp;&gt;ul]:!pt-0 [&amp;&gt;ul]:!pb-0\" value=\"2\"><b><strong class=\"font-bold\">Marko, 42 godine<\/strong><\/b>: &#8220;Osim \u0161to mi je pomogla s ko\u017enim problemima, Psoryden krema je potpuno prirodna, \u0161to je za mene vrlo va\u017eno.&#8221;<\/li>\n<li class=\"text-body font-regular leading-[24px] my-[5px] [&amp;&gt;ol]:!pt-0 [&amp;&gt;ol]:!pb-0 [&amp;&gt;ul]:!pt-0 [&amp;&gt;ul]:!pb-0\" value=\"3\"><b><strong class=\"font-bold\">Ivana, 29 godina<\/strong><\/b>: &#8220;Posebno mi se svidjelo \u0161to ne ostavlja masni trag i brzo se upija.&#8221;<\/li>\n<\/ul>\n<h2 class=\"font-bold text-h3 leading-[40px] pt-[21px] pb-[2px] [&amp;_a]:underline-offset-[6px] [&amp;_.underline]:underline-offset-[6px]\" dir=\"ltr\">Gdje kupiti Psoryden u Hrvatskoj? Ljekarna, Dm, Nju\u0161kalo<\/h2>\n<p class=\"text-body font-regular leading-[24px] pt-[9px] pb-[2px]\" dir=\"ltr\">Psoryden nije mogu\u0107e prona\u0107i u ljekarnama, DM-u ili na platformama poput Nju\u0161kala. Ovaj proizvod dostupan je isklju\u010divo na slu\u017ebenoj web stranici proizvo\u0111a\u010da. Na taj na\u010din osigurava se originalnost proizvoda i izbjegavaju potencijalne krivotvorine.<\/p>\n<h2 class=\"font-bold text-h3 leading-[40px] pt-[21px] pb-[2px] [&amp;_a]:underline-offset-[6px] [&amp;_.underline]:underline-offset-[6px]\" dir=\"ltr\">Koliko ko\u0161ta Psoryden? Cijena?<\/h2>\n<p class=\"text-body font-regular leading-[24px] pt-[9px] pb-[2px]\" dir=\"ltr\">Cijena Psoryden kreme iznosi 39 eura. U usporedbi s dugoro\u010dnim tro\u0161kovima drugih tretmana, ovo je vrlo pristupa\u010dno rje\u0161enje za kvalitetnu njegu ko\u017ee.<\/p>\n<h2 class=\"font-bold text-h3 leading-[40px] pt-[21px] pb-[2px] [&amp;_a]:underline-offset-[6px] [&amp;_.underline]:underline-offset-[6px]\" dir=\"ltr\">\u010cesto postavljana pitanja<\/h2>\n<ol class=\"pt-[9px] pb-[2px] pl-[24px] [&amp;_ol]:pt-[5px] list-decimal\">\n<li class=\"text-body font-regular leading-[24px] my-[5px] [&amp;&gt;ol]:!pt-0 [&amp;&gt;ol]:!pb-0 [&amp;&gt;ul]:!pt-0 [&amp;&gt;ul]:!pb-0\" value=\"1\"><b><strong class=\"font-bold\">Je li Psoryden siguran za osjetljivu ko\u017eu?<\/strong><\/b><\/li>\n<\/ol>\n<p class=\"text-body font-regular leading-[24px] pt-[9px] pb-[2px]\" dir=\"ltr\">Da, potpuno prirodan sastav \u010dini ovu kremu sigurnom za uporabu na najosjetljivijim tipovima ko\u017ee.<\/p>\n<ol class=\"pt-[9px] pb-[2px] pl-[24px] [&amp;_ol]:pt-[5px] list-decimal\" start=\"2\">\n<li class=\"text-body font-regular leading-[24px] my-[5px] [&amp;&gt;ol]:!pt-0 [&amp;&gt;ol]:!pb-0 [&amp;&gt;ul]:!pt-0 [&amp;&gt;ul]:!pb-0\" value=\"2\"><b><strong class=\"font-bold\">Koliko brzo mogu vidjeti rezultate?<\/strong><\/b><\/li>\n<\/ol>\n<p class=\"text-body font-regular leading-[24px] pt-[9px] pb-[2px]\" dir=\"ltr\">Prvi rezultati mogu biti vidljivi ve\u0107 nakon nekoliko dana kori\u0161tenja, a zna\u010dajnije promjene nakon nekoliko tjedana.<\/p>\n<ol class=\"pt-[9px] pb-[2px] pl-[24px] [&amp;_ol]:pt-[5px] list-decimal\" start=\"3\">\n<li class=\"text-body font-regular leading-[24px] my-[5px] [&amp;&gt;ol]:!pt-0 [&amp;&gt;ol]:!pb-0 [&amp;&gt;ul]:!pt-0 [&amp;&gt;ul]:!pb-0\" value=\"3\"><b><strong class=\"font-bold\">Mogu li je koristiti zajedno s drugim proizvodima?<\/strong><\/b><\/li>\n<\/ol>\n<p class=\"text-body font-regular leading-[24px] pt-[9px] pb-[2px]\" dir=\"ltr\">Da, Psoryden se mo\u017ee kombinirati s drugim proizvodima, ali uvijek se posavjetujte s lije\u010dnikom ako koristite medicinske tretmane.<\/p>\n","protected":false},"excerpt":{"rendered":"<p>Psoryden je prirodni proizvod u obliku kreme, dolazi kao inovativno rje\u0161enje za one koji se bore s psorijazom. Ova krema djeluje dubinski, ne samo izvana ve\u0107 i na stani\u010dnoj razini, poma\u017eu\u0107i sprije\u010diti rast o\u0161te\u0107enih stanica, sprije\u010diti povratak problema te obnoviti o\u0161te\u0107ena podru\u010dja ko\u017ee. Redovito kori\u0161tenje Psorydena uklanja neugodno perutanje, svrbe\u017e i crvenilo koje \u010desto prati&#8230;<\/p>\n","protected":false},"featured_media":267,"template":"","meta":{"_kad_post_transparent":"default","_kad_post_title":"","_kad_post_layout":"default","_kad_post_sidebar_id":"","_kad_post_content_style":"default","_kad_post_vertical_padding":"default","_kad_post_feature":"","_kad_post_feature_position":"","_kad_post_header":false,"_kad_post_footer":false,"_kad_post_classname":"","iawp_total_views":14},"product_brand":[],"product_cat":[15],"product_tag":[],"class_list":{"0":"post-266","1":"product","2":"type-product","3":"status-publish","4":"has-post-thumbnail","6":"product_cat-zdravlje","8":"first","9":"instock","10":"sale","11":"shipping-taxable","12":"purchasable","13":"product-type-simple","14":"entry","15":"content-bg","16":"loop-entry"},"_links":{"self":[{"href":"https:\/\/www.poliklinikavukovic.com\/ljekarna\/wp-json\/wp\/v2\/product\/266","targetHints":{"allow":["GET"]}}],"collection":[{"href":"https:\/\/www.poliklinikavukovic.com\/ljekarna\/wp-json\/wp\/v2\/product"}],"about":[{"href":"https:\/\/www.poliklinikavukovic.com\/ljekarna\/wp-json\/wp\/v2\/types\/product"}],"wp:featuredmedia":[{"embeddable":true,"href":"https:\/\/www.poliklinikavukovic.com\/ljekarna\/wp-json\/wp\/v2\/media\/267"}],"wp:attachment":[{"href":"https:\/\/www.poliklinikavukovic.com\/ljekarna\/wp-json\/wp\/v2\/media?parent=266"}],"wp:term":[{"taxonomy":"product_brand","embeddable":true,"href":"https:\/\/www.poliklinikavukovic.com\/ljekarna\/wp-json\/wp\/v2\/product_brand?post=266"},{"taxonomy":"product_cat","embeddable":true,"href":"https:\/\/www.poliklinikavukovic.com\/ljekarna\/wp-json\/wp\/v2\/product_cat?post=266"},{"taxonomy":"product_tag","embeddable":true,"href":"https:\/\/www.poliklinikavukovic.com\/ljekarna\/wp-json\/wp\/v2\/product_tag?post=266"}],"curies":[{"name":"wp","href":"https:\/\/api.w.org\/{rel}","templated":true}]}}