{"id":264,"date":"2025-02-11T18:15:43","date_gmt":"2025-02-11T18:15:43","guid":{"rendered":"https:\/\/www.poliklinikavukovic.com\/ljekarna\/?post_type=product&#038;p=264"},"modified":"2025-02-11T18:15:43","modified_gmt":"2025-02-11T18:15:43","slug":"goldrevive","status":"publish","type":"product","link":"https:\/\/www.poliklinikavukovic.com\/ljekarna\/proizvod\/goldrevive\/","title":{"rendered":"GoldRevive"},"content":{"rendered":"<p class=\"text-body font-regular leading-[24px] pt-[9px] pb-[2px]\" dir=\"ltr\"><b><strong class=\"font-bold\">GoldRevive<\/strong><\/b> je krema za pomla\u0111ivanje posebno formulirana kako bi pru\u017eila va\u0161oj ko\u017ei potrebnu njegu i za\u0161titu od znakova starenja. Dizajnirana je za pobolj\u0161anje elasti\u010dnosti ko\u017ee, ubla\u017eavanje bora i vra\u0107anje prirodnog sjaja. Ova krema nudi sve \u0161to je potrebno za potpunu revitalizaciju ko\u017ee \u2013 od dnevne hidratacije do sprje\u010davanja promjena povezanih sa starenjem.<\/p>\n<p class=\"text-body font-regular leading-[24px] pt-[9px] pb-[2px]\" dir=\"ltr\">Osim estetskih prednosti, GoldRevive tako\u0111er ja\u010da turgor ko\u017ee, \u010dine\u0107i je \u010dvr\u0161\u0107om i zdravijom. Va\u017eno je spomenuti da ne samo da stvara privremene rezultate, ve\u0107 poti\u010de dubinske promjene u strukturi ko\u017ee, \u010dine\u0107i je otpornijom na starenje.<\/p>\n<h2 class=\"font-bold text-h3 leading-[40px] pt-[21px] pb-[2px] [&amp;_a]:underline-offset-[6px] [&amp;_.underline]:underline-offset-[6px]\" dir=\"ltr\">Kako djeluje GoldRevive?<\/h2>\n<p class=\"text-body font-regular leading-[24px] pt-[9px] pb-[2px]\" dir=\"ltr\">GoldRevive djeluje na vi\u0161e razina kako bi adresirao sve aspekte starenja ko\u017ee. Krema prodiru u dublje slojeve ko\u017ee, gdje poma\u017ee u regeneraciji stanica i pove\u0107ava proizvodnju kolagena. Poti\u010du\u0107i proizvodnju prirodnih proteina u ko\u017ei, poput elastina i kolagena, GoldRevive u\u010dinkovito smanjuje bore i pobolj\u0161ava teksturu ko\u017ee.<\/p>\n<p class=\"text-body font-regular leading-[24px] pt-[9px] pb-[2px]\" dir=\"ltr\">Tako\u0111er, ova krema poma\u017ee u zadr\u017eavanju hidratacije unutar stanica ko\u017ee, \u010dime sprje\u010dava suho\u0107u i vra\u0107a ko\u017ei zdrav sjaj. Zahvaljuju\u0107i naprednoj formuli, GoldRevive ne samo da rje\u0161ava postoje\u0107e probleme, ve\u0107 i djeluje preventivno, \u0161tite\u0107i ko\u017eu od budu\u0107ih znakova starenja.<\/p>\n<h2 class=\"font-bold text-h3 leading-[40px] pt-[21px] pb-[2px] [&amp;_a]:underline-offset-[6px] [&amp;_.underline]:underline-offset-[6px]\" dir=\"ltr\">GoldRevive Sastav<\/h2>\n<p class=\"text-body font-regular leading-[24px] pt-[9px] pb-[2px]\" dir=\"ltr\">GoldRevive sadr\u017ei pa\u017eljivo odabrane sastojke koji osiguravaju maksimalnu u\u010dinkovitost i sigurnost:<\/p>\n<ul class=\"pt-[9px] pb-[2px] pl-[24px] list-disc [&amp;_ul]:pt-[5px] pt-[5px]\">\n<li class=\"text-body font-regular leading-[24px] my-[5px] [&amp;&gt;ol]:!pt-0 [&amp;&gt;ol]:!pb-0 [&amp;&gt;ul]:!pt-0 [&amp;&gt;ul]:!pb-0\" value=\"1\"><b><strong class=\"font-bold\">Aqua (voda)<\/strong><\/b> &#8211; Osnovni hidratantni sastojak koji osigurava bazu kreme. Poma\u017ee u odr\u017eavanju hidratacije ko\u017ee.<\/li>\n<li class=\"text-body font-regular leading-[24px] my-[5px] [&amp;&gt;ol]:!pt-0 [&amp;&gt;ol]:!pb-0 [&amp;&gt;ul]:!pt-0 [&amp;&gt;ul]:!pb-0\" value=\"2\"><b><strong class=\"font-bold\">Kaprilni\/Kaprinski trigliceridi<\/strong><\/b> &#8211; Ovaj sastojak potje\u010de iz kokosovog ulja i pru\u017ea laganu, nemasnu hidrataciju dok omek\u0161ava ko\u017eu.<\/li>\n<li class=\"text-body font-regular leading-[24px] my-[5px] [&amp;&gt;ol]:!pt-0 [&amp;&gt;ol]:!pb-0 [&amp;&gt;ul]:!pt-0 [&amp;&gt;ul]:!pb-0\" value=\"3\"><b><strong class=\"font-bold\">Glicerol<\/strong><\/b> &#8211; Poma\u017ee u zadr\u017eavanju vlage u ko\u017ei, ostavljaju\u0107i je glatkom i hidratiziranom.<\/li>\n<li class=\"text-body font-regular leading-[24px] my-[5px] [&amp;&gt;ol]:!pt-0 [&amp;&gt;ol]:!pb-0 [&amp;&gt;ul]:!pt-0 [&amp;&gt;ul]:!pb-0\" value=\"4\"><b><strong class=\"font-bold\">Ulje Prunus Amygdalus Dulcis (badema)<\/strong><\/b> &#8211; Njeguje i omek\u0161ava ko\u017eu, idealno za ubla\u017eavanje suhe ko\u017ee.<\/li>\n<li class=\"text-body font-regular leading-[24px] my-[5px] [&amp;&gt;ol]:!pt-0 [&amp;&gt;ol]:!pb-0 [&amp;&gt;ul]:!pt-0 [&amp;&gt;ul]:!pb-0\" value=\"5\"><b><strong class=\"font-bold\">Koloidno zlato<\/strong><\/b> &#8211; Podi\u017ee u\u010dinke ostalih sastojaka, pobolj\u0161ava cirkulaciju i daje ko\u017ei blistav izgled.<\/li>\n<li class=\"text-body font-regular leading-[24px] my-[5px] [&amp;&gt;ol]:!pt-0 [&amp;&gt;ol]:!pb-0 [&amp;&gt;ul]:!pt-0 [&amp;&gt;ul]:!pb-0\" value=\"6\"><b><strong class=\"font-bold\">Palmitoil tripeptid-38<\/strong><\/b> &#8211; Potencijalni saveznik u smanjenju bora jer poti\u010de proizvodnju kolagena.<\/li>\n<\/ul>\n<p class=\"text-body font-regular leading-[24px] pt-[9px] pb-[2px]\" dir=\"ltr\">Osim ovih glavnih sastojaka, GoldRevive uklju\u010duje i ekstrakt algi, koji pru\u017ea antioksidativnu za\u0161titu, te etilheksilglicerin, koji pobolj\u0161ava teksturu kreme. Sveukupno, krema je formulirana tako da pru\u017ei optimalnu njegu bez kompromisa kvalitete.<\/p>\n<h2 class=\"font-bold text-h3 leading-[40px] pt-[21px] pb-[2px] [&amp;_a]:underline-offset-[6px] [&amp;_.underline]:underline-offset-[6px]\" dir=\"ltr\">GoldRevive U\u010dinci i Dobrobiti<\/h2>\n<p class=\"text-body font-regular leading-[24px] pt-[9px] pb-[2px]\" dir=\"ltr\">Zahvaljuju\u0107i naprednoj formuli, GoldRevive pru\u017ea niz u\u010dinaka i dobrobiti za va\u0161u ko\u017eu:<\/p>\n<ul class=\"pt-[9px] pb-[2px] pl-[24px] list-disc [&amp;_ul]:pt-[5px] pt-[5px]\">\n<li class=\"text-body font-regular leading-[24px] my-[5px] [&amp;&gt;ol]:!pt-0 [&amp;&gt;ol]:!pb-0 [&amp;&gt;ul]:!pt-0 [&amp;&gt;ul]:!pb-0\" value=\"1\"><b><strong class=\"font-bold\">Smanjuje bore<\/strong><\/b> &#8211; Klini\u010dki dokazano smanjuje vidljivost finih linija ve\u0107 nakon nekoliko tjedana.<\/li>\n<li class=\"text-body font-regular leading-[24px] my-[5px] [&amp;&gt;ol]:!pt-0 [&amp;&gt;ol]:!pb-0 [&amp;&gt;ul]:!pt-0 [&amp;&gt;ul]:!pb-0\" value=\"2\"><b><strong class=\"font-bold\">Vra\u0107a sjaj<\/strong><\/b> &#8211; Pove\u0107ava prirodni sjaj ko\u017ee i daje joj ujedna\u010den ton.<\/li>\n<li class=\"text-body font-regular leading-[24px] my-[5px] [&amp;&gt;ol]:!pt-0 [&amp;&gt;ol]:!pb-0 [&amp;&gt;ul]:!pt-0 [&amp;&gt;ul]:!pb-0\" value=\"3\"><b><strong class=\"font-bold\">Hidratacija<\/strong><\/b> &#8211; Osigurava dugotrajnu hidrataciju koja sprje\u010dava suho\u0107u ko\u017ee.<\/li>\n<li class=\"text-body font-regular leading-[24px] my-[5px] [&amp;&gt;ol]:!pt-0 [&amp;&gt;ol]:!pb-0 [&amp;&gt;ul]:!pt-0 [&amp;&gt;ul]:!pb-0\" value=\"4\"><b><strong class=\"font-bold\">Pobolj\u0161ava elasti\u010dnost<\/strong><\/b> &#8211; \u010cini ko\u017eu \u010dvr\u0161\u0107om i elasti\u010dnijom, smanjuju\u0107i znakove opu\u0161tene ko\u017ee.<\/li>\n<li class=\"text-body font-regular leading-[24px] my-[5px] [&amp;&gt;ol]:!pt-0 [&amp;&gt;ol]:!pb-0 [&amp;&gt;ul]:!pt-0 [&amp;&gt;ul]:!pb-0\" value=\"5\"><b><strong class=\"font-bold\">Za\u0161tita ko\u017ee<\/strong><\/b> &#8211; Poma\u017ee u za\u0161titi ko\u017ee od \u0161tetnih vanjskih utjecaja.<\/li>\n<\/ul>\n<h2 class=\"font-bold text-h3 leading-[40px] pt-[21px] pb-[2px] [&amp;_a]:underline-offset-[6px] [&amp;_.underline]:underline-offset-[6px]\" dir=\"ltr\">GoldRevive Upute Za Kori\u0161tenje<\/h2>\n<p class=\"text-body font-regular leading-[24px] pt-[9px] pb-[2px]\" dir=\"ltr\">Kako biste postigli najbolje rezultate, preporu\u010duje se da GoldRevive koristite dva puta dnevno:<\/p>\n<ol class=\"pt-[9px] pb-[2px] pl-[24px] [&amp;_ol]:pt-[5px] list-decimal\">\n<li class=\"text-body font-regular leading-[24px] my-[5px] [&amp;&gt;ol]:!pt-0 [&amp;&gt;ol]:!pb-0 [&amp;&gt;ul]:!pt-0 [&amp;&gt;ul]:!pb-0\" value=\"1\"><b><strong class=\"font-bold\">Ujutro<\/strong><\/b> &#8211; Koristite na \u010distu ko\u017eu prije nano\u0161enja \u0161minke kako biste osigurali cjelodnevnu hidrataciju i za\u0161titu.<\/li>\n<li class=\"text-body font-regular leading-[24px] my-[5px] [&amp;&gt;ol]:!pt-0 [&amp;&gt;ol]:!pb-0 [&amp;&gt;ul]:!pt-0 [&amp;&gt;ul]:!pb-0\" value=\"2\"><b><strong class=\"font-bold\">Nave\u010der<\/strong><\/b> &#8211; Nanesite prije spavanja kako bi va\u0161oj ko\u017ei omogu\u0107ili regeneraciju tijekom no\u0107i.<\/li>\n<\/ol>\n<p class=\"text-body font-regular leading-[24px] pt-[9px] pb-[2px]\" dir=\"ltr\">Malu koli\u010dinu kreme nje\u017eno umasirajte kru\u017enim pokretima dok se potpuno ne upije.<\/p>\n<h2 class=\"font-bold text-h3 leading-[40px] pt-[21px] pb-[2px] [&amp;_a]:underline-offset-[6px] [&amp;_.underline]:underline-offset-[6px]\" dir=\"ltr\">GoldRevive Kontraindikacije i Nuspojave<\/h2>\n<p class=\"text-body font-regular leading-[24px] pt-[9px] pb-[2px]\" dir=\"ltr\">GoldRevive je siguran proizvod bez prijavljenih kontraindikacija ili nuspojava. Zahvaljuju\u0107i pa\u017eljivo formuliranom sastavu, mo\u017ee se koristiti na svim tipovima ko\u017ee, uklju\u010duju\u0107i i osjetljivu ko\u017eu.<\/p>\n<p class=\"text-body font-regular leading-[24px] pt-[9px] pb-[2px]\" dir=\"ltr\">Napomena: Proizvod nije namijenjen djeci, trudnicama, dojiljama te osobama s kroni\u010dnim bolestima.<\/p>\n<h2 class=\"font-bold text-h3 leading-[40px] pt-[21px] pb-[2px] [&amp;_a]:underline-offset-[6px] [&amp;_.underline]:underline-offset-[6px]\" dir=\"ltr\">GoldRevive Iskustva<\/h2>\n<p class=\"text-body font-regular leading-[24px] pt-[9px] pb-[2px]\" dir=\"ltr\">Korisnici GoldRevive kreme dijele vrlo pozitivna iskustva. Evo \u0161to ka\u017eu neki od njih:<\/p>\n<ul class=\"pt-[9px] pb-[2px] pl-[24px] list-disc [&amp;_ul]:pt-[5px] pt-[5px]\">\n<li class=\"text-body font-regular leading-[24px] my-[5px] [&amp;&gt;ol]:!pt-0 [&amp;&gt;ol]:!pb-0 [&amp;&gt;ul]:!pt-0 [&amp;&gt;ul]:!pb-0\" value=\"1\"><b><strong class=\"font-bold\">Ana, 45 godina<\/strong><\/b>: &#8220;Nisam vjerovala da krema mo\u017ee imati tako jak u\u010dinak. Ve\u0107 nakon tjedan dana vidjela sam promjene \u2013 ko\u017ea mi je postala gla\u0111a i sjajnija!&#8221;<\/li>\n<li class=\"text-body font-regular leading-[24px] my-[5px] [&amp;&gt;ol]:!pt-0 [&amp;&gt;ol]:!pb-0 [&amp;&gt;ul]:!pt-0 [&amp;&gt;ul]:!pb-0\" value=\"2\"><b><strong class=\"font-bold\">Ivana, 52 godine<\/strong><\/b>: &#8220;Koristim GoldRevive ve\u0107 mjesec dana i mogu re\u0107i da su bore na \u010delu zna\u010dajno smanjene. Stvarno sam impresionirana!&#8221;<\/li>\n<li class=\"text-body font-regular leading-[24px] my-[5px] [&amp;&gt;ol]:!pt-0 [&amp;&gt;ol]:!pb-0 [&amp;&gt;ul]:!pt-0 [&amp;&gt;ul]:!pb-0\" value=\"3\"><b><strong class=\"font-bold\">Lana, 38 godina<\/strong><\/b>: &#8220;Nisam o\u010dekivala ovakve rezultate! Izgledam odmornije i osje\u0107am se samopouzdanije.&#8221;<\/li>\n<\/ul>\n<h2 class=\"font-bold text-h3 leading-[40px] pt-[21px] pb-[2px] [&amp;_a]:underline-offset-[6px] [&amp;_.underline]:underline-offset-[6px]\" dir=\"ltr\">Gdje kupiti GoldRevive u Hrvatskoj? Ljekarna, DM, Nju\u0161kalo<\/h2>\n<p class=\"text-body font-regular leading-[24px] pt-[9px] pb-[2px]\" dir=\"ltr\">GoldRevive se mo\u017ee kupiti isklju\u010divo na slu\u017ebenoj web stranici proizvo\u0111a\u010da. Postoji nekoliko razloga za ovo:<\/p>\n<ul class=\"pt-[9px] pb-[2px] pl-[24px] list-disc [&amp;_ul]:pt-[5px] pt-[5px]\">\n<li class=\"text-body font-regular leading-[24px] my-[5px] [&amp;&gt;ol]:!pt-0 [&amp;&gt;ol]:!pb-0 [&amp;&gt;ul]:!pt-0 [&amp;&gt;ul]:!pb-0\" value=\"1\"><b><strong class=\"font-bold\">Autenti\u010dnost<\/strong><\/b> &#8211; Kupnjom putem web stranice imate jamstvo da dobivate originalan proizvod.<\/li>\n<li class=\"text-body font-regular leading-[24px] my-[5px] [&amp;&gt;ol]:!pt-0 [&amp;&gt;ol]:!pb-0 [&amp;&gt;ul]:!pt-0 [&amp;&gt;ul]:!pb-0\" value=\"2\"><b><strong class=\"font-bold\">Povoljna cijena<\/strong><\/b> &#8211; Proizvo\u0111a\u010d \u010desto nudi popuste koji nisu dostupni drugdje.<\/li>\n<li class=\"text-body font-regular leading-[24px] my-[5px] [&amp;&gt;ol]:!pt-0 [&amp;&gt;ol]:!pb-0 [&amp;&gt;ul]:!pt-0 [&amp;&gt;ul]:!pb-0\" value=\"3\"><b><strong class=\"font-bold\">Brza dostava<\/strong><\/b> &#8211; Proizvod dolazi direktno na va\u0161u adresu u najkra\u0107em mogu\u0107em roku.<\/li>\n<\/ul>\n<h2 class=\"font-bold text-h3 leading-[40px] pt-[21px] pb-[2px] [&amp;_a]:underline-offset-[6px] [&amp;_.underline]:underline-offset-[6px]\" dir=\"ltr\">Koliko ko\u0161ta GoldRevive? Cijena?<\/h2>\n<p class=\"text-body font-regular leading-[24px] pt-[9px] pb-[2px]\" dir=\"ltr\">GoldRevive se trenutno nudi po vrlo povoljnoj cijeni od <b><strong class=\"font-bold\">39 eura<\/strong><\/b>. S obzirom na visoku kvalitetu i u\u010dinke, ovo je izvrstan omjer cijene i kvalitete.<\/p>\n<h2 class=\"font-bold text-h3 leading-[40px] pt-[21px] pb-[2px] [&amp;_a]:underline-offset-[6px] [&amp;_.underline]:underline-offset-[6px]\" dir=\"ltr\">\u010cesto postavljana pitanja<\/h2>\n<p class=\"text-body font-regular leading-[24px] pt-[9px] pb-[2px]\" dir=\"ltr\"><b><strong class=\"font-bold\">1. Koliko brzo mogu vidjeti rezultate?<\/strong><\/b><\/p>\n<p class=\"text-body font-regular leading-[24px] pt-[9px] pb-[2px]\" dir=\"ltr\">Ve\u0107ina korisnika primje\u0107uje pozitivne promjene u roku od nekoliko tjedana redovite uporabe.<\/p>\n<p class=\"text-body font-regular leading-[24px] pt-[9px] pb-[2px]\" dir=\"ltr\"><b><strong class=\"font-bold\">2. Je li GoldRevive siguran za osjetljivu ko\u017eu?<\/strong><\/b><\/p>\n<p class=\"text-body font-regular leading-[24px] pt-[9px] pb-[2px]\" dir=\"ltr\">Da, GoldRevive je formuliran tako da odgovara svim tipovima ko\u017ee, uklju\u010duju\u0107i osjetljivu.<\/p>\n<p class=\"text-body font-regular leading-[24px] pt-[9px] pb-[2px]\" dir=\"ltr\"><b><strong class=\"font-bold\">3. Kako naru\u010diti GoldRevive?<\/strong><\/b><\/p>\n<p class=\"text-body font-regular leading-[24px] pt-[9px] pb-[2px]\" dir=\"ltr\">Naru\u010diti mo\u017eete putem slu\u017ebene web stranice proizvo\u0111a\u010da. Postupak je jednostavan i siguran.<\/p>\n","protected":false},"excerpt":{"rendered":"<p>GoldRevive je krema za pomla\u0111ivanje posebno formulirana kako bi pru\u017eila va\u0161oj ko\u017ei potrebnu njegu i za\u0161titu od znakova starenja. Dizajnirana je za pobolj\u0161anje elasti\u010dnosti ko\u017ee, ubla\u017eavanje bora i vra\u0107anje prirodnog sjaja. Ova krema nudi sve \u0161to je potrebno za potpunu revitalizaciju ko\u017ee \u2013 od dnevne hidratacije do sprje\u010davanja promjena povezanih sa starenjem. Osim estetskih prednosti,&#8230;<\/p>\n","protected":false},"featured_media":265,"template":"","meta":{"_kad_post_transparent":"default","_kad_post_title":"","_kad_post_layout":"default","_kad_post_sidebar_id":"","_kad_post_content_style":"default","_kad_post_vertical_padding":"default","_kad_post_feature":"","_kad_post_feature_position":"","_kad_post_header":false,"_kad_post_footer":false,"_kad_post_classname":"","iawp_total_views":6},"product_brand":[],"product_cat":[18],"product_tag":[],"class_list":{"0":"post-264","1":"product","2":"type-product","3":"status-publish","4":"has-post-thumbnail","6":"product_cat-ljepota","8":"first","9":"instock","10":"sale","11":"shipping-taxable","12":"purchasable","13":"product-type-simple","14":"entry","15":"content-bg","16":"loop-entry"},"_links":{"self":[{"href":"https:\/\/www.poliklinikavukovic.com\/ljekarna\/wp-json\/wp\/v2\/product\/264","targetHints":{"allow":["GET"]}}],"collection":[{"href":"https:\/\/www.poliklinikavukovic.com\/ljekarna\/wp-json\/wp\/v2\/product"}],"about":[{"href":"https:\/\/www.poliklinikavukovic.com\/ljekarna\/wp-json\/wp\/v2\/types\/product"}],"wp:featuredmedia":[{"embeddable":true,"href":"https:\/\/www.poliklinikavukovic.com\/ljekarna\/wp-json\/wp\/v2\/media\/265"}],"wp:attachment":[{"href":"https:\/\/www.poliklinikavukovic.com\/ljekarna\/wp-json\/wp\/v2\/media?parent=264"}],"wp:term":[{"taxonomy":"product_brand","embeddable":true,"href":"https:\/\/www.poliklinikavukovic.com\/ljekarna\/wp-json\/wp\/v2\/product_brand?post=264"},{"taxonomy":"product_cat","embeddable":true,"href":"https:\/\/www.poliklinikavukovic.com\/ljekarna\/wp-json\/wp\/v2\/product_cat?post=264"},{"taxonomy":"product_tag","embeddable":true,"href":"https:\/\/www.poliklinikavukovic.com\/ljekarna\/wp-json\/wp\/v2\/product_tag?post=264"}],"curies":[{"name":"wp","href":"https:\/\/api.w.org\/{rel}","templated":true}]}}