{"id":262,"date":"2025-02-11T18:11:07","date_gmt":"2025-02-11T18:11:07","guid":{"rendered":"https:\/\/www.poliklinikavukovic.com\/ljekarna\/?post_type=product&#038;p=262"},"modified":"2025-02-11T18:11:07","modified_gmt":"2025-02-11T18:11:07","slug":"varicone","status":"publish","type":"product","link":"https:\/\/www.poliklinikavukovic.com\/ljekarna\/proizvod\/varicone\/","title":{"rendered":"Varicone"},"content":{"rendered":"<p class=\"text-body font-regular leading-[24px] pt-[9px] pb-[2px]\" dir=\"ltr\">Varicone je inovativni gel na biljnoj bazi osmi\u0161ljen kako bi pomogao kod problema pro\u0161irenih vena bez potrebe za invazivnim kirur\u0161kim zahvatima. Ovaj proizvod pobolj\u0161ava cirkulaciju krvi, ja\u010da stijenke krvnih \u017eila, \u010disti vene i sprje\u010dava stvaranje krvnih ugru\u0161aka. Njegova primjena tako\u0111er podr\u017eava pravilno djelovanje venskih zalistaka, smanjuje pritisak na krvne \u017eile i sprje\u010dava stagnaciju krvi, \u0161to mo\u017ee zna\u010diti olak\u0161anje za osobe koje pate od boli, svrbe\u017ea ili oteklina u nogama.<\/p>\n<p class=\"text-body font-regular leading-[24px] pt-[9px] pb-[2px]\" dir=\"ltr\">\u0160to je posebno kod Varicone-a? Zahvaljuju\u0107i pa\u017eljivo odabranom sastavu, ne uzrokuje alergijske reakcije, crvenilo ili bilo kakvu nelagodu. To ga \u010dini sigurnim i u\u010dinkovitim rje\u0161enjem koje se mo\u017ee jednostavno uklju\u010diti u svakodnevnu njegu.<\/p>\n<h2 class=\"font-bold text-h3 leading-[40px] pt-[21px] pb-[2px] [&amp;_a]:underline-offset-[6px] [&amp;_.underline]:underline-offset-[6px]\" dir=\"ltr\">Kako djeluje Varicone?<\/h2>\n<p class=\"text-body font-regular leading-[24px] pt-[9px] pb-[2px]\" dir=\"ltr\">Varicone djeluje direktno na podru\u010dja zahva\u0107ena problemima cirkulacije i pro\u0161irenim venama. Nakon nano\u0161enja na ko\u017eu, aktivne tvari u gelu brzo se apsorbiraju i po\u010dinju djelovati. Pobolj\u0161anjem protoka krvi, gel smanjuje nastanak oteklina i osje\u0107aj te\u017eine u nogama. Osim toga, zahvaljuju\u0107i svom u\u010dinku na ja\u010danje krvnih \u017eila, Varicone smanjuje rizik od daljnjeg razvoja pro\u0161irenih vena.<\/p>\n<p class=\"text-body font-regular leading-[24px] pt-[9px] pb-[2px]\" dir=\"ltr\">Gel tako\u0111er poma\u017ee vratiti elasti\u010dnost krvo\u017eilnog sustava, \u010dine\u0107i ga sposobnijim izdr\u017eati svakodnevne pritiske i optere\u0107enja.<\/p>\n<h2 class=\"font-bold text-h3 leading-[40px] pt-[21px] pb-[2px] [&amp;_a]:underline-offset-[6px] [&amp;_.underline]:underline-offset-[6px]\" dir=\"ltr\">Varicone Sastav<\/h2>\n<p class=\"text-body font-regular leading-[24px] pt-[9px] pb-[2px]\" dir=\"ltr\">Jedan od glavnih razloga uspjeha Varicone-a le\u017ei u njegovom pa\u017eljivo biranom sastavu od biljnih ekstrakata s dokazanim djelovanjem na cirkulaciju i prevenciju problema pro\u0161irenih vena.<\/p>\n<ul class=\"pt-[9px] pb-[2px] pl-[24px] list-disc [&amp;_ul]:pt-[5px] pt-[5px]\">\n<li class=\"text-body font-regular leading-[24px] my-[5px] [&amp;&gt;ol]:!pt-0 [&amp;&gt;ol]:!pb-0 [&amp;&gt;ul]:!pt-0 [&amp;&gt;ul]:!pb-0\" value=\"1\"><b><strong class=\"font-bold\">Ekstrakt Melilota (Melilotus officinalis)<\/strong><\/b><\/li>\n<\/ul>\n<p class=\"text-body font-regular leading-[24px] pt-[9px] pb-[2px]\" dir=\"ltr\">Poznat i kao \u017euti djetelinski med, ovaj sastojak ima prirodna antikoagulantna svojstva. Poma\u017ee u sprje\u010davanju stvaranja krvnih ugru\u0161aka, \u0161to je klju\u010dno za osobe s problemima cirkulacije.<\/p>\n<ul class=\"pt-[9px] pb-[2px] pl-[24px] list-disc [&amp;_ul]:pt-[5px] pt-[5px]\">\n<li class=\"text-body font-regular leading-[24px] my-[5px] [&amp;&gt;ol]:!pt-0 [&amp;&gt;ol]:!pb-0 [&amp;&gt;ul]:!pt-0 [&amp;&gt;ul]:!pb-0\" value=\"1\"><b><strong class=\"font-bold\">Ekstrakt sjemenki divljeg kestena (Aesculus hippocastanum)<\/strong><\/b><\/li>\n<\/ul>\n<p class=\"text-body font-regular leading-[24px] pt-[9px] pb-[2px]\" dir=\"ltr\">Divlji kesten poma\u017ee ja\u010danju zidova krvnih \u017eila, \u0161to sprje\u010dava njihovu osjetljivost i daljnje \u0161irenje. Osim toga, smanjuje upale i oteklinu, donose\u0107i brzo olak\u0161anje za te\u0161ke i umorne noge.<\/p>\n<ul class=\"pt-[9px] pb-[2px] pl-[24px] list-disc [&amp;_ul]:pt-[5px] pt-[5px]\">\n<li class=\"text-body font-regular leading-[24px] my-[5px] [&amp;&gt;ol]:!pt-0 [&amp;&gt;ol]:!pb-0 [&amp;&gt;ul]:!pt-0 [&amp;&gt;ul]:!pb-0\" value=\"1\"><b><strong class=\"font-bold\">Ekstrakt algi<\/strong><\/b><\/li>\n<\/ul>\n<p class=\"text-body font-regular leading-[24px] pt-[9px] pb-[2px]\" dir=\"ltr\">Alge su poznate po svojoj sposobnosti dubinske hidratacije i regeneracije ko\u017ee. Kod Varicone-a, alge dodatno djeluju na elasti\u010dnost ko\u017ee i odr\u017eavaju povr\u0161insku cirkulaciju, \u0161to doprinosi zdravijim nogama.<\/p>\n<ul class=\"pt-[9px] pb-[2px] pl-[24px] list-disc [&amp;_ul]:pt-[5px] pt-[5px]\">\n<li class=\"text-body font-regular leading-[24px] my-[5px] [&amp;&gt;ol]:!pt-0 [&amp;&gt;ol]:!pb-0 [&amp;&gt;ul]:!pt-0 [&amp;&gt;ul]:!pb-0\" value=\"1\"><b><strong class=\"font-bold\">Ekstrakt gotu kole (Centella asiatica)<\/strong><\/b><\/li>\n<\/ul>\n<p class=\"text-body font-regular leading-[24px] pt-[9px] pb-[2px]\" dir=\"ltr\">Gotu kola je \u010desto prisutna u preparatima za zdravlje vena zbog svog sna\u017enog u\u010dinka u obnavljanju tkiva i smanjenju upala. U ovom gelu, ona doprinosi boljoj mikro-cirkulaciji, \u010dine\u0107i vene otpornijima.<\/p>\n<ul class=\"pt-[9px] pb-[2px] pl-[24px] list-disc [&amp;_ul]:pt-[5px] pt-[5px]\">\n<li class=\"text-body font-regular leading-[24px] my-[5px] [&amp;&gt;ol]:!pt-0 [&amp;&gt;ol]:!pb-0 [&amp;&gt;ul]:!pt-0 [&amp;&gt;ul]:!pb-0\" value=\"1\"><b><strong class=\"font-bold\">Ekstrakt korijena \u010di\u010dka (Arctium lappa)<\/strong><\/b><\/li>\n<\/ul>\n<p class=\"text-body font-regular leading-[24px] pt-[9px] pb-[2px]\" dir=\"ltr\">Korijen \u010di\u010dka tradicionalno se koristi za detoksikaciju organizma i pobolj\u0161anje zdravlja ko\u017ee. Njegov doprinos u Varicone-u je smanjenje svrbe\u017ea i nelagode te podr\u0161ka u prirodnom procesu regeneracije ko\u017ee.<\/p>\n<h2 class=\"font-bold text-h3 leading-[40px] pt-[21px] pb-[2px] [&amp;_a]:underline-offset-[6px] [&amp;_.underline]:underline-offset-[6px]\" dir=\"ltr\">Varicone U\u010dinci i Dobrobiti<\/h2>\n<p class=\"text-body font-regular leading-[24px] pt-[9px] pb-[2px]\" dir=\"ltr\">Kori\u0161tenje Varicone-a donosi niz pozitivnih u\u010dinaka koji zna\u010dajno popravljaju kvalitetu \u017eivota:<\/p>\n<ul class=\"pt-[9px] pb-[2px] pl-[24px] list-disc [&amp;_ul]:pt-[5px] pt-[5px]\">\n<li class=\"text-body font-regular leading-[24px] my-[5px] [&amp;&gt;ol]:!pt-0 [&amp;&gt;ol]:!pb-0 [&amp;&gt;ul]:!pt-0 [&amp;&gt;ul]:!pb-0\" value=\"1\"><b><strong class=\"font-bold\">Uklanjanje boli i te\u017eine u nogama<\/strong><\/b><\/li>\n<\/ul>\n<p class=\"text-body font-regular leading-[24px] pt-[9px] pb-[2px]\" dir=\"ltr\">Redovnom primjenom ovog gela, osje\u0107aj umora u nogama postaje stvar pro\u0161losti.<\/p>\n<ul class=\"pt-[9px] pb-[2px] pl-[24px] list-disc [&amp;_ul]:pt-[5px] pt-[5px]\">\n<li class=\"text-body font-regular leading-[24px] my-[5px] [&amp;&gt;ol]:!pt-0 [&amp;&gt;ol]:!pb-0 [&amp;&gt;ul]:!pt-0 [&amp;&gt;ul]:!pb-0\" value=\"1\"><b><strong class=\"font-bold\">Pobolj\u0161an protok krvi<\/strong><\/b><\/li>\n<\/ul>\n<p class=\"text-body font-regular leading-[24px] pt-[9px] pb-[2px]\" dir=\"ltr\">Podr\u0161kom cirkulaciji, Varicone doprinosi osje\u0107aju lako\u0107e i vitalnosti tijekom cijelog dana.<\/p>\n<ul class=\"pt-[9px] pb-[2px] pl-[24px] list-disc [&amp;_ul]:pt-[5px] pt-[5px]\">\n<li class=\"text-body font-regular leading-[24px] my-[5px] [&amp;&gt;ol]:!pt-0 [&amp;&gt;ol]:!pb-0 [&amp;&gt;ul]:!pt-0 [&amp;&gt;ul]:!pb-0\" value=\"1\"><b><strong class=\"font-bold\">Ja\u010danje krvnih \u017eila<\/strong><\/b><\/li>\n<\/ul>\n<p class=\"text-body font-regular leading-[24px] pt-[9px] pb-[2px]\" dir=\"ltr\">Gel poma\u017ee ja\u010danju zidova vena, smanjuju\u0107i rizik od daljnjih komplikacija.<\/p>\n<ul class=\"pt-[9px] pb-[2px] pl-[24px] list-disc [&amp;_ul]:pt-[5px] pt-[5px]\">\n<li class=\"text-body font-regular leading-[24px] my-[5px] [&amp;&gt;ol]:!pt-0 [&amp;&gt;ol]:!pb-0 [&amp;&gt;ul]:!pt-0 [&amp;&gt;ul]:!pb-0\" value=\"1\"><b><strong class=\"font-bold\">Uklanjanje oteklina i svrbe\u017ea<\/strong><\/b><\/li>\n<\/ul>\n<p class=\"text-body font-regular leading-[24px] pt-[9px] pb-[2px]\" dir=\"ltr\">Ote\u010dene i te\u0161ke noge vi\u0161e ne\u0107e biti svakodnevna prepreka uz pomo\u0107 ovog u\u010dinkovitog rje\u0161enja.<\/p>\n<h2 class=\"font-bold text-h3 leading-[40px] pt-[21px] pb-[2px] [&amp;_a]:underline-offset-[6px] [&amp;_.underline]:underline-offset-[6px]\" dir=\"ltr\">Varicone Upute Za Kori\u0161tenje<\/h2>\n<p class=\"text-body font-regular leading-[24px] pt-[9px] pb-[2px]\" dir=\"ltr\">Varicone gel je jednostavan za upotrebu. Samo nanesite tanki sloj gela na podru\u010dje koje \u017eelite tretirati i lagano utrljajte proizvod u ko\u017eu dok se potpuno ne upije. Preporu\u010duje se nano\u0161enje gela vi\u0161e puta dnevno, ovisno o potrebi.<\/p>\n<h2 class=\"font-bold text-h3 leading-[40px] pt-[21px] pb-[2px] [&amp;_a]:underline-offset-[6px] [&amp;_.underline]:underline-offset-[6px]\" dir=\"ltr\">Varicone Kontraindikacije i Nuspojave<\/h2>\n<p class=\"text-body font-regular leading-[24px] pt-[9px] pb-[2px]\" dir=\"ltr\">Jedna od najve\u0107ih prednosti Varicone-a je njegova sigurnost. Prikladan je za ve\u0107inu ljudi i nema poznatih kontraindikacija niti nuspojava. Me\u0111utim, nije namijenjen djeci, trudnicama, dojiljama, i osobama s kroni\u010dnim bolestima.<\/p>\n<h2 class=\"font-bold text-h3 leading-[40px] pt-[21px] pb-[2px] [&amp;_a]:underline-offset-[6px] [&amp;_.underline]:underline-offset-[6px]\" dir=\"ltr\">Varicone Iskustva<\/h2>\n<p class=\"text-body font-regular leading-[24px] pt-[9px] pb-[2px]\" dir=\"ltr\">Korisnici Varicone-a uglavnom navode pozitivne rezultate nakon kratkog perioda kori\u0161tenja. Evo nekoliko komentara zadovoljnih korisnika:<\/p>\n<p class=\"text-body font-regular leading-[24px] pt-[9px] pb-[2px]\" dir=\"ltr\"><b><strong class=\"font-bold\">Ana, 43 godine:<\/strong><\/b><\/p>\n<p class=\"text-body font-regular leading-[24px] pt-[9px] pb-[2px]\" dir=\"ltr\">&#8220;Ve\u0107 nakon tjedan dana primjene osje\u0107am olak\u0161anje! Varicone je postao neizostavan dio moje dnevne rutine.&#8221;<\/p>\n<p class=\"text-body font-regular leading-[24px] pt-[9px] pb-[2px]\" dir=\"ltr\"><b><strong class=\"font-bold\">Marko, 38 godina:<\/strong><\/b><\/p>\n<p class=\"text-body font-regular leading-[24px] pt-[9px] pb-[2px]\" dir=\"ltr\">&#8220;Nakon godina bolnih nogu i nelagode, napokon sam prona\u0161ao proizvod koji stvarno djeluje!&#8221;<\/p>\n<p class=\"text-body font-regular leading-[24px] pt-[9px] pb-[2px]\" dir=\"ltr\"><b><strong class=\"font-bold\">Ivana, 50 godina:<\/strong><\/b><\/p>\n<p class=\"text-body font-regular leading-[24px] pt-[9px] pb-[2px]\" dir=\"ltr\">&#8220;Moje noge izgledaju i osje\u0107aju se zdravije nego ikad prije. Definitivno preporu\u010dujem svima.&#8221;<\/p>\n<h2 class=\"font-bold text-h3 leading-[40px] pt-[21px] pb-[2px] [&amp;_a]:underline-offset-[6px] [&amp;_.underline]:underline-offset-[6px]\" dir=\"ltr\">Gdje kupiti Varicone u Hrvatskoj? Ljekarna, DM, Nju\u0161kalo<\/h2>\n<p class=\"text-body font-regular leading-[24px] pt-[9px] pb-[2px]\" dir=\"ltr\">Iako biste mogli o\u010dekivati da se Varicone prodaje u ljekarnama, DM-u ili putem platformi poput Nju\u0161kala, proizvod se mo\u017ee kupiti isklju\u010divo na slu\u017ebenoj web stranici proizvo\u0111a\u010da. Ovakav na\u010din distribucije omogu\u0107uje proizvo\u0111a\u010du kontrolu kvalitete i cijene, osiguravaju\u0107i autenti\u010dnost proizvoda i za\u0161titu kupaca od potencijalnih krivotvorina.<\/p>\n<h2 class=\"font-bold text-h3 leading-[40px] pt-[21px] pb-[2px] [&amp;_a]:underline-offset-[6px] [&amp;_.underline]:underline-offset-[6px]\" dir=\"ltr\">Koliko ko\u0161ta Varicone? Cijena?<\/h2>\n<p class=\"text-body font-regular leading-[24px] pt-[9px] pb-[2px]\" dir=\"ltr\">Cijena Varicone gela iznosi 39 eura, \u0161to ga \u010dini pristupa\u010dnim rje\u0161enjem za kvalitetnu njegu vena i cirkulaciju.<\/p>\n<h2 class=\"font-bold text-h3 leading-[40px] pt-[21px] pb-[2px] [&amp;_a]:underline-offset-[6px] [&amp;_.underline]:underline-offset-[6px]\" dir=\"ltr\">\u010cesto postavljana pitanja<\/h2>\n<h3 class=\"font-bold text-h4 leading-[30px] pt-[15px] pb-[2px] [&amp;_a]:underline-offset-[6px] [&amp;_.underline]:underline-offset-[6px]\" dir=\"ltr\">Koliko \u010desto trebam koristiti Varicone?<\/h3>\n<p class=\"text-body font-regular leading-[24px] pt-[9px] pb-[2px]\" dir=\"ltr\">Gel se mo\u017ee nanositi vi\u0161e puta dnevno prema potrebi, ovisno o stupnju nelagode ili problema.<\/p>\n<h3 class=\"font-bold text-h4 leading-[30px] pt-[15px] pb-[2px] [&amp;_a]:underline-offset-[6px] [&amp;_.underline]:underline-offset-[6px]\" dir=\"ltr\">Je li Varicone siguran za svakodnevnu uporabu?<\/h3>\n<p class=\"text-body font-regular leading-[24px] pt-[9px] pb-[2px]\" dir=\"ltr\">Da, Varicone je siguran za svakodnevnu uporabu zahvaljuju\u0107i svom prirodnom sastavu.<\/p>\n<h3 class=\"font-bold text-h4 leading-[30px] pt-[15px] pb-[2px] [&amp;_a]:underline-offset-[6px] [&amp;_.underline]:underline-offset-[6px]\" dir=\"ltr\">Mogu li ga koristiti tijekom trudno\u0107e ili dojenja?<\/h3>\n<p class=\"text-body font-regular leading-[24px] pt-[9px] pb-[2px]\" dir=\"ltr\">Ne preporu\u010duje se kori\u0161tenje proizvoda trudnicama i dojiljama.<\/p>\n<h3 class=\"font-bold text-h4 leading-[30px] pt-[15px] pb-[2px] [&amp;_a]:underline-offset-[6px] [&amp;_.underline]:underline-offset-[6px]\" dir=\"ltr\">Gdje mogu naru\u010diti Varicone?<\/h3>\n<p class=\"text-body font-regular leading-[24px] pt-[9px] pb-[2px]\" dir=\"ltr\">Varicone je dostupan isklju\u010divo putem slu\u017ebene web stranice proizvo\u0111a\u010da.<\/p>\n","protected":false},"excerpt":{"rendered":"<p>Varicone je inovativni gel na biljnoj bazi osmi\u0161ljen kako bi pomogao kod problema pro\u0161irenih vena bez potrebe za invazivnim kirur\u0161kim zahvatima. Ovaj proizvod pobolj\u0161ava cirkulaciju krvi, ja\u010da stijenke krvnih \u017eila, \u010disti vene i sprje\u010dava stvaranje krvnih ugru\u0161aka. Njegova primjena tako\u0111er podr\u017eava pravilno djelovanje venskih zalistaka, smanjuje pritisak na krvne \u017eile i sprje\u010dava stagnaciju krvi, \u0161to&#8230;<\/p>\n","protected":false},"featured_media":263,"template":"","meta":{"_kad_post_transparent":"default","_kad_post_title":"","_kad_post_layout":"default","_kad_post_sidebar_id":"","_kad_post_content_style":"default","_kad_post_vertical_padding":"default","_kad_post_feature":"","_kad_post_feature_position":"","_kad_post_header":false,"_kad_post_footer":false,"_kad_post_classname":"","iawp_total_views":8},"product_brand":[],"product_cat":[15],"product_tag":[],"class_list":{"0":"post-262","1":"product","2":"type-product","3":"status-publish","4":"has-post-thumbnail","6":"product_cat-zdravlje","8":"first","9":"instock","10":"sale","11":"shipping-taxable","12":"purchasable","13":"product-type-simple","14":"entry","15":"content-bg","16":"loop-entry"},"_links":{"self":[{"href":"https:\/\/www.poliklinikavukovic.com\/ljekarna\/wp-json\/wp\/v2\/product\/262","targetHints":{"allow":["GET"]}}],"collection":[{"href":"https:\/\/www.poliklinikavukovic.com\/ljekarna\/wp-json\/wp\/v2\/product"}],"about":[{"href":"https:\/\/www.poliklinikavukovic.com\/ljekarna\/wp-json\/wp\/v2\/types\/product"}],"wp:featuredmedia":[{"embeddable":true,"href":"https:\/\/www.poliklinikavukovic.com\/ljekarna\/wp-json\/wp\/v2\/media\/263"}],"wp:attachment":[{"href":"https:\/\/www.poliklinikavukovic.com\/ljekarna\/wp-json\/wp\/v2\/media?parent=262"}],"wp:term":[{"taxonomy":"product_brand","embeddable":true,"href":"https:\/\/www.poliklinikavukovic.com\/ljekarna\/wp-json\/wp\/v2\/product_brand?post=262"},{"taxonomy":"product_cat","embeddable":true,"href":"https:\/\/www.poliklinikavukovic.com\/ljekarna\/wp-json\/wp\/v2\/product_cat?post=262"},{"taxonomy":"product_tag","embeddable":true,"href":"https:\/\/www.poliklinikavukovic.com\/ljekarna\/wp-json\/wp\/v2\/product_tag?post=262"}],"curies":[{"name":"wp","href":"https:\/\/api.w.org\/{rel}","templated":true}]}}