{"id":229,"date":"2024-12-22T17:59:13","date_gmt":"2024-12-22T17:59:13","guid":{"rendered":"https:\/\/www.poliklinikavukovic.com\/ljekarna\/?post_type=product&#038;p=229"},"modified":"2024-12-22T18:00:03","modified_gmt":"2024-12-22T18:00:03","slug":"vivader","status":"publish","type":"product","link":"https:\/\/www.poliklinikavukovic.com\/ljekarna\/proizvod\/vivader\/","title":{"rendered":"Vivader"},"content":{"rendered":"<p class=\"text-body font-regular leading-[24px] pt-[9px] pb-[2px]\" dir=\"ltr\">Vivader je prirodna krema razvijena za u\u010dinkovito lije\u010denje i ubla\u017eavanje simptoma psorijaze. Za razliku od mnogih farmaceutskih proizvoda koji se oslanjaju na sintetske sastojke, ovaj preparat koristi prirodna ulja i biljne ekstrakte kako bi pru\u017eio prirodno rje\u0161enje. Njegova formula djeluje duboko, hrani ko\u017eu i \u010dini je mekom i glatkom, dok istovremeno smanjuje neugodne simptome poput crvenila, suho\u0107e i svrbe\u017ea.<\/p>\n<h2 class=\"font-bold text-h3 leading-[40px] pt-[21px] pb-[2px] [&amp;_a]:underline-offset-[6px] [&amp;_.underline]:underline-offset-[6px]\" dir=\"ltr\">Kako djeluje Vivader?<\/h2>\n<p class=\"text-body font-regular leading-[24px] pt-[9px] pb-[2px]\" dir=\"ltr\">Vivader djeluje tako da prodire u dublje slojeve ko\u017ee pru\u017eaju\u0107i dugotrajnu hidrataciju i regeneraciju. Njegovi prirodni sastojci smanjuju upalne procese i ja\u010daju prirodnu barijeru ko\u017ee. Time se ne samo smanjuje ja\u010dina simptoma, nego se i spre\u010davaju nova pogor\u0161anja. Osim toga, Vivader krema poma\u017ee u obnavljanju o\u0161te\u0107enih dijelova ko\u017ee, \u010dine\u0107i je zdravijom i otpornijom.<\/p>\n<p class=\"text-body font-regular leading-[24px] pt-[9px] pb-[2px]\" dir=\"ltr\">Koliko god neugodno psorijaza bila, Vivader ima za cilj da korisnicima pru\u017ei olak\u0161anje i obnovu ko\u017ee na potpuno prirodan i siguran na\u010din.<\/p>\n<h2 class=\"font-bold text-h3 leading-[40px] pt-[21px] pb-[2px] [&amp;_a]:underline-offset-[6px] [&amp;_.underline]:underline-offset-[6px]\" dir=\"ltr\">Vivader Sastav<\/h2>\n<p class=\"text-body font-regular leading-[24px] pt-[9px] pb-[2px]\" dir=\"ltr\">Napredna formula Vivadera temelji se na sinergiji prirodnih sastojaka koji su pa\u017eljivo odabrani zbog svojih terapeutski dokazanih svojstava. Glavne komponente uklju\u010duju:<\/p>\n<h3 class=\"font-bold text-h4 leading-[30px] pt-[15px] pb-[2px] [&amp;_a]:underline-offset-[6px] [&amp;_.underline]:underline-offset-[6px]\" dir=\"ltr\">Hladno pre\u0161ano ulje pamuka<\/h3>\n<p class=\"text-body font-regular leading-[24px] pt-[9px] pb-[2px]\" dir=\"ltr\">Ovo ulje poznato je po izvanrednim hidratantnim svojstvima. Poma\u017ee u dubinskom omek\u0161avanju ko\u017ee i vra\u0107a joj izgubljenu hidrataciju. Ulje pamuka bogato je vitaminima E i omega masnim kiselinama, \u0161to ga \u010dini savr\u0161enim za njegu osjetljive i suhe ko\u017ee pod utjecajem psorijaze.<\/p>\n<h3 class=\"font-bold text-h4 leading-[30px] pt-[15px] pb-[2px] [&amp;_a]:underline-offset-[6px] [&amp;_.underline]:underline-offset-[6px]\" dir=\"ltr\">Ulje bora\u017eine<\/h3>\n<p class=\"text-body font-regular leading-[24px] pt-[9px] pb-[2px]\" dir=\"ltr\">Ulje bora\u017eine jedno je od najpoznatijih ulja za lije\u010denje upala. Njegov prirodni sastojak &#8211; gama linolenska kiselina (GLA) &#8211; smanjuje crvenilo i svrbe\u017e povezan s psorijazom. Tako\u0111er pobolj\u0161ava elasti\u010dnost ko\u017ee i ubrzava proces sanacije o\u0161te\u0107enih tkiva.<\/p>\n<h3 class=\"font-bold text-h4 leading-[30px] pt-[15px] pb-[2px] [&amp;_a]:underline-offset-[6px] [&amp;_.underline]:underline-offset-[6px]\" dir=\"ltr\">Ulje gospine trave<\/h3>\n<p class=\"text-body font-regular leading-[24px] pt-[9px] pb-[2px]\" dir=\"ltr\">Gospina trava je odavno poznata po svojim ljekovitim u\u010dincima. Njeno ulje djeluje antibakterijski, pro\u010di\u0161\u0107uje ko\u017eu te pru\u017ea umiruju\u0107i u\u010dinak, smanjuju\u0107i neugodan osje\u0107aj zategnutosti i peckanja.<\/p>\n<h2 class=\"font-bold text-h3 leading-[40px] pt-[21px] pb-[2px] [&amp;_a]:underline-offset-[6px] [&amp;_.underline]:underline-offset-[6px]\" dir=\"ltr\">Vivader U\u010dinci i Dobrobiti<\/h2>\n<p class=\"text-body font-regular leading-[24px] pt-[9px] pb-[2px]\" dir=\"ltr\">Redovnom upotrebom Vivader kreme mo\u017eete o\u010dekivati sljede\u0107e rezultate:<\/p>\n<ul class=\"pt-[9px] pb-[2px] pl-[24px] list-disc [&amp;_ul]:pt-[5px] pt-[5px]\">\n<li class=\"text-body font-regular leading-[24px] my-[5px] [&amp;&gt;ol]:!pt-0 [&amp;&gt;ol]:!pb-0 [&amp;&gt;ul]:!pt-0 [&amp;&gt;ul]:!pb-0\" value=\"1\"><b><strong class=\"font-bold\">Smanjenje upale i crvenila<\/strong><\/b> \u2013 Krema poma\u017ee u smirivanju iritiranih podru\u010dja.<\/li>\n<li class=\"text-body font-regular leading-[24px] my-[5px] [&amp;&gt;ol]:!pt-0 [&amp;&gt;ol]:!pb-0 [&amp;&gt;ul]:!pt-0 [&amp;&gt;ul]:!pb-0\" value=\"2\"><b><strong class=\"font-bold\">Ubla\u017eavanje svrbe\u017ea i nelagode<\/strong><\/b> \u2013 Prirodni sastojci pru\u017eaju trenuta\u010dno olak\u0161anje.<\/li>\n<li class=\"text-body font-regular leading-[24px] my-[5px] [&amp;&gt;ol]:!pt-0 [&amp;&gt;ol]:!pb-0 [&amp;&gt;ul]:!pt-0 [&amp;&gt;ul]:!pb-0\" value=\"3\"><b><strong class=\"font-bold\">Dubinska hidratacija<\/strong><\/b> \u2013 Prodire u slojeve ko\u017ee i kontinuirano osigurava vlagu.<\/li>\n<li class=\"text-body font-regular leading-[24px] my-[5px] [&amp;&gt;ol]:!pt-0 [&amp;&gt;ol]:!pb-0 [&amp;&gt;ul]:!pt-0 [&amp;&gt;ul]:!pb-0\" value=\"4\"><b><strong class=\"font-bold\">Obnova i regeneracija ko\u017ee<\/strong><\/b> \u2013 Potpora ko\u017ei u sanaciji o\u0161te\u0107enih tkiva i spre\u010davanje ponovnog izbijanja simptoma.<\/li>\n<\/ul>\n<h2 class=\"font-bold text-h3 leading-[40px] pt-[21px] pb-[2px] [&amp;_a]:underline-offset-[6px] [&amp;_.underline]:underline-offset-[6px]\" dir=\"ltr\">Vivader Upute Za Kori\u0161tenje<\/h2>\n<p class=\"text-body font-regular leading-[24px] pt-[9px] pb-[2px]\" dir=\"ltr\">Vivader je jednostavan za kori\u0161tenje, a najbolje rezultate posti\u0107i \u0107ete slijede\u0107i ove korake:<\/p>\n<ol class=\"pt-[9px] pb-[2px] pl-[24px] [&amp;_ol]:pt-[5px] list-decimal\">\n<li class=\"text-body font-regular leading-[24px] my-[5px] [&amp;&gt;ol]:!pt-0 [&amp;&gt;ol]:!pb-0 [&amp;&gt;ul]:!pt-0 [&amp;&gt;ul]:!pb-0\" value=\"1\">Operite i osu\u0161ite zahva\u0107eno podru\u010dje ko\u017ee.<\/li>\n<li class=\"text-body font-regular leading-[24px] my-[5px] [&amp;&gt;ol]:!pt-0 [&amp;&gt;ol]:!pb-0 [&amp;&gt;ul]:!pt-0 [&amp;&gt;ul]:!pb-0\" value=\"2\">Nanesite tanki sloj kreme na podru\u010dja zahva\u0107ena psorijazom.<\/li>\n<li class=\"text-body font-regular leading-[24px] my-[5px] [&amp;&gt;ol]:!pt-0 [&amp;&gt;ol]:!pb-0 [&amp;&gt;ul]:!pt-0 [&amp;&gt;ul]:!pb-0\" value=\"3\">Lagano umasirajte kako bi se krema potpuno upila.<\/li>\n<li class=\"text-body font-regular leading-[24px] my-[5px] [&amp;&gt;ol]:!pt-0 [&amp;&gt;ol]:!pb-0 [&amp;&gt;ul]:!pt-0 [&amp;&gt;ul]:!pb-0\" value=\"4\">Koristite kremu dva puta dnevno &#8211; ujutro i nave\u010der.<\/li>\n<\/ol>\n<p class=\"text-body font-regular leading-[24px] pt-[9px] pb-[2px]\" dir=\"ltr\">Napomena: Ne koristiti na otvorenim ranama ili o\u0161te\u0107enoj ko\u017ei bez prethodne konzultacije s lije\u010dnikom.<\/p>\n<h2 class=\"font-bold text-h3 leading-[40px] pt-[21px] pb-[2px] [&amp;_a]:underline-offset-[6px] [&amp;_.underline]:underline-offset-[6px]\" dir=\"ltr\">Vivader Kontraindikacije i Nuspojave<\/h2>\n<p class=\"text-body font-regular leading-[24px] pt-[9px] pb-[2px]\" dir=\"ltr\">Vivader je u potpunosti siguran za upotrebu jer je izra\u0111en od prirodnih sastojaka. Nema prijavljenih nuspojava niti kontraindikacija. Ipak, nije preporu\u010dljiv za:<\/p>\n<ul class=\"pt-[9px] pb-[2px] pl-[24px] list-disc [&amp;_ul]:pt-[5px] pt-[5px]\">\n<li class=\"text-body font-regular leading-[24px] my-[5px] [&amp;&gt;ol]:!pt-0 [&amp;&gt;ol]:!pb-0 [&amp;&gt;ul]:!pt-0 [&amp;&gt;ul]:!pb-0\" value=\"1\">Djecu,<\/li>\n<li class=\"text-body font-regular leading-[24px] my-[5px] [&amp;&gt;ol]:!pt-0 [&amp;&gt;ol]:!pb-0 [&amp;&gt;ul]:!pt-0 [&amp;&gt;ul]:!pb-0\" value=\"2\">Trudnice i dojilje,<\/li>\n<li class=\"text-body font-regular leading-[24px] my-[5px] [&amp;&gt;ol]:!pt-0 [&amp;&gt;ol]:!pb-0 [&amp;&gt;ul]:!pt-0 [&amp;&gt;ul]:!pb-0\" value=\"3\">Osobe s kroni\u010dnim bolestima.<\/li>\n<\/ul>\n<p class=\"text-body font-regular leading-[24px] pt-[9px] pb-[2px]\" dir=\"ltr\">Prije upotrebe konzultirajte se s lije\u010dnikom ako imate specifi\u010dne zdravstvene probleme.<\/p>\n<h2 class=\"font-bold text-h3 leading-[40px] pt-[21px] pb-[2px] [&amp;_a]:underline-offset-[6px] [&amp;_.underline]:underline-offset-[6px]\" dir=\"ltr\">Vivader Iskustva<\/h2>\n<p class=\"text-body font-regular leading-[24px] pt-[9px] pb-[2px]\" dir=\"ltr\">Korisnici diljem Hrvatske dijele svoja pozitivna iskustva s Vivader kremom. Evo nekoliko komentara:<\/p>\n<p class=\"text-body font-regular leading-[24px] pt-[9px] pb-[2px]\" dir=\"ltr\"><i><em class=\"italic\">&#8220;Psorijazu imam ve\u0107 10 godina i ovo je prva krema koja zaista djeluje. Olak\u0161anje sam osjetila ve\u0107 nakon dva dana upotrebe!&#8221;<\/em><\/i> \u2013 Maja, 34 godine.<\/p>\n<p class=\"text-body font-regular leading-[24px] pt-[9px] pb-[2px]\" dir=\"ltr\"><i><em class=\"italic\">&#8220;Ko\u017ea mi nikada nije bila mek\u0161a i zdravija. Crvenilo je gotovo nestalo, a svrbe\u017e je potpuno i\u0161\u010dezao. Definitivno preporu\u010dujem!&#8221;<\/em><\/i> \u2013 Ivan, 40 godina.<\/p>\n<p class=\"text-body font-regular leading-[24px] pt-[9px] pb-[2px]\" dir=\"ltr\"><i><em class=\"italic\">&#8220;Prakticiram prirodnu njegu ko\u017ee i Vivader je savr\u0161en dodatak mojoj rutini. Nisam imala nikakve negativne reakcije, \u0161to je \u010dest problem s drugim proizvodima.&#8221;<\/em><\/i> \u2013 Ana, 28 godina.<\/p>\n<h2 class=\"font-bold text-h3 leading-[40px] pt-[21px] pb-[2px] [&amp;_a]:underline-offset-[6px] [&amp;_.underline]:underline-offset-[6px]\" dir=\"ltr\">Gdje kupiti Vivader u Hrvatskoj? Ljekarna, DM, Nju\u0161kalo<\/h2>\n<p class=\"text-body font-regular leading-[24px] pt-[9px] pb-[2px]\" dir=\"ltr\">Vivader ne\u0107ete prona\u0107i u ljekarnama, DM-u ili na platformama poput Nju\u0161kala. Autenti\u010dnost i kvaliteta proizvoda osigurani su prodajom isklju\u010divo putem slu\u017ebene web stranice proizvo\u0111a\u010da. Ovaj pristup eliminira posrednike, smanjuje tro\u0161kove i osigurava da dobivate originalni proizvod.<\/p>\n<h2 class=\"font-bold text-h3 leading-[40px] pt-[21px] pb-[2px] [&amp;_a]:underline-offset-[6px] [&amp;_.underline]:underline-offset-[6px]\" dir=\"ltr\">Koliko ko\u0161ta Vivader? Cijena?<\/h2>\n<p class=\"text-body font-regular leading-[24px] pt-[9px] pb-[2px]\" dir=\"ltr\">Vivader krema dostupna je po cijeni od <b><strong class=\"font-bold\">39 eura<\/strong><\/b>. S obzirom na kvalitetu i u\u010dinke, predstavlja idealno ulaganje u zdravlje i njegu ko\u017ee.<\/p>\n<h2 class=\"font-bold text-h3 leading-[40px] pt-[21px] pb-[2px] [&amp;_a]:underline-offset-[6px] [&amp;_.underline]:underline-offset-[6px]\" dir=\"ltr\">\u010cesto postavljana pitanja<\/h2>\n<p class=\"text-body font-regular leading-[24px] pt-[9px] pb-[2px]\" dir=\"ltr\"><b><strong class=\"font-bold\">Je li Vivader siguran za osjetljivu ko\u017eu?<\/strong><\/b><\/p>\n<p class=\"text-body font-regular leading-[24px] pt-[9px] pb-[2px]\" dir=\"ltr\">Da, zahvaljuju\u0107i svojim prirodnim sastojcima, siguran je za sve tipove ko\u017ee, uklju\u010duju\u0107i osjetljivu.<\/p>\n<p class=\"text-body font-regular leading-[24px] pt-[9px] pb-[2px]\" dir=\"ltr\"><b><strong class=\"font-bold\">Koliko dugo treba koristiti Vivader za prve rezultate?<\/strong><\/b><\/p>\n<p class=\"text-body font-regular leading-[24px] pt-[9px] pb-[2px]\" dir=\"ltr\">Ve\u0107ina korisnika primijeti pobolj\u0161anja u roku od nekoliko dana. Za dugoro\u010dne rezultate koristi kremu redovito.<\/p>\n<p class=\"text-body font-regular leading-[24px] pt-[9px] pb-[2px]\" dir=\"ltr\"><b><strong class=\"font-bold\">Mo\u017ee li se koristiti zajedno s drugim tretmanima za psorijazu?<\/strong><\/b><\/p>\n<p class=\"text-body font-regular leading-[24px] pt-[9px] pb-[2px]\" dir=\"ltr\">Da, ali preporu\u010dujemo konzultaciju s lije\u010dnikom prije istovremene uporabe drugih terapija.<\/p>\n<p class=\"text-body font-regular leading-[24px] pt-[9px] pb-[2px]\" dir=\"ltr\"><b><strong class=\"font-bold\">Postoji li mogu\u0107nost povrata novca?<\/strong><\/b><\/p>\n<p class=\"text-body font-regular leading-[24px] pt-[9px] pb-[2px]\" dir=\"ltr\">Naravno, proizvo\u0111a\u010d nudi jamstvo zadovoljstva s mogu\u0107no\u0161\u0107u povrata novca.<\/p>\n","protected":false},"excerpt":{"rendered":"<p>Vivader je prirodna krema razvijena za u\u010dinkovito lije\u010denje i ubla\u017eavanje simptoma psorijaze. Za razliku od mnogih farmaceutskih proizvoda koji se oslanjaju na sintetske sastojke, ovaj preparat koristi prirodna ulja i biljne ekstrakte kako bi pru\u017eio prirodno rje\u0161enje. Njegova formula djeluje duboko, hrani ko\u017eu i \u010dini je mekom i glatkom, dok istovremeno smanjuje neugodne simptome poput&#8230;<\/p>\n","protected":false},"featured_media":230,"template":"","meta":{"_kad_post_transparent":"default","_kad_post_title":"","_kad_post_layout":"default","_kad_post_sidebar_id":"","_kad_post_content_style":"default","_kad_post_vertical_padding":"default","_kad_post_feature":"","_kad_post_feature_position":"","_kad_post_header":false,"_kad_post_footer":false,"_kad_post_classname":"","iawp_total_views":7},"product_brand":[],"product_cat":[15],"product_tag":[],"class_list":{"0":"post-229","1":"product","2":"type-product","3":"status-publish","4":"has-post-thumbnail","6":"product_cat-zdravlje","8":"first","9":"instock","10":"sale","11":"shipping-taxable","12":"purchasable","13":"product-type-simple","14":"entry","15":"content-bg","16":"loop-entry"},"_links":{"self":[{"href":"https:\/\/www.poliklinikavukovic.com\/ljekarna\/wp-json\/wp\/v2\/product\/229","targetHints":{"allow":["GET"]}}],"collection":[{"href":"https:\/\/www.poliklinikavukovic.com\/ljekarna\/wp-json\/wp\/v2\/product"}],"about":[{"href":"https:\/\/www.poliklinikavukovic.com\/ljekarna\/wp-json\/wp\/v2\/types\/product"}],"wp:featuredmedia":[{"embeddable":true,"href":"https:\/\/www.poliklinikavukovic.com\/ljekarna\/wp-json\/wp\/v2\/media\/230"}],"wp:attachment":[{"href":"https:\/\/www.poliklinikavukovic.com\/ljekarna\/wp-json\/wp\/v2\/media?parent=229"}],"wp:term":[{"taxonomy":"product_brand","embeddable":true,"href":"https:\/\/www.poliklinikavukovic.com\/ljekarna\/wp-json\/wp\/v2\/product_brand?post=229"},{"taxonomy":"product_cat","embeddable":true,"href":"https:\/\/www.poliklinikavukovic.com\/ljekarna\/wp-json\/wp\/v2\/product_cat?post=229"},{"taxonomy":"product_tag","embeddable":true,"href":"https:\/\/www.poliklinikavukovic.com\/ljekarna\/wp-json\/wp\/v2\/product_tag?post=229"}],"curies":[{"name":"wp","href":"https:\/\/api.w.org\/{rel}","templated":true}]}}