{"id":227,"date":"2024-12-22T17:55:59","date_gmt":"2024-12-22T17:55:59","guid":{"rendered":"https:\/\/www.poliklinikavukovic.com\/ljekarna\/?post_type=product&#038;p=227"},"modified":"2024-12-22T17:55:59","modified_gmt":"2024-12-22T17:55:59","slug":"cardio-nrj","status":"publish","type":"product","link":"https:\/\/www.poliklinikavukovic.com\/ljekarna\/proizvod\/cardio-nrj\/","title":{"rendered":"Cardio NRJ"},"content":{"rendered":"<p class=\"text-body font-regular leading-[24px] pt-[9px] pb-[2px]\" dir=\"ltr\">Cardio NRJ je biljni dodatak prehrani osmi\u0161ljen za podr\u0161ku zdravlju srca jednostavnim djelovanjem na organizam. Njegove aktivne komponente poma\u017eu ja\u010danju krvnih \u017eila, razrje\u0111ivanju krvi i smanjenju rizika od stvaranja krvnih ugru\u0161aka. Osim toga, ovaj inovativni proizvod \u0161titi tkiva krvnih \u017eila i srca od o\u0161te\u0107enja, pru\u017eaju\u0107i za\u0161titu protiv ozbiljnijih kardiovaskularnih problema.<\/p>\n<p class=\"text-body font-regular leading-[24px] pt-[9px] pb-[2px]\" dir=\"ltr\">Jedna od njegovih prednosti je ta \u0161to ne izaziva ovisnost niti alergijske reakcije, \u010dine\u0107i ga sigurnim izborom za ve\u0107inu korisnika. Tako\u0111er, Cardio NRJ mo\u017ee poslu\u017eiti kao u\u010dinkovita preventiva za hipertenziju i aterosklerozu.<\/p>\n<h2 class=\"font-bold text-h3 leading-[40px] pt-[21px] pb-[2px] [&amp;_a]:underline-offset-[6px] [&amp;_.underline]:underline-offset-[6px]\" dir=\"ltr\">Kako djeluje Cardio NRJ?<\/h2>\n<p class=\"text-body font-regular leading-[24px] pt-[9px] pb-[2px]\" dir=\"ltr\">Glavno djelovanje Cardio NRJ-a temelji se na njegovoj sposobnosti da djeluje na krvne \u017eile, srce i krvotok. Ovaj dodatak poma\u017ee u odr\u017eavanju pravilnog protoka krvi, \u0161to smanjuje optere\u0107enje sr\u010danog mi\u0161i\u0107a. Tako\u0111er djeluje smiruju\u0107e na tijelo, \u0161to mo\u017ee pomo\u0107i u reguliranju povi\u0161enog krvnog tlaka.<\/p>\n<p class=\"text-body font-regular leading-[24px] pt-[9px] pb-[2px]\" dir=\"ltr\">Redovnija upotreba ovog proizvoda pobolj\u0161ava elasti\u010dnost krvnih \u017eila i smanjuje rizik od o\u0161te\u0107enja vaskularnih tkiva. Uz to, poma\u017ee odr\u017eavati ravnote\u017eu esencijalnih hranjivih tvari potrebnih za zdravlje srca.<\/p>\n<h2 class=\"font-bold text-h3 leading-[40px] pt-[21px] pb-[2px] [&amp;_a]:underline-offset-[6px] [&amp;_.underline]:underline-offset-[6px]\" dir=\"ltr\">Cardio NRJ Sastav<\/h2>\n<p class=\"text-body font-regular leading-[24px] pt-[9px] pb-[2px]\" dir=\"ltr\">Cardio NRJ sadr\u017ei pa\u017eljivo odabrane biljne komponente i vitamine, \u010dine\u0107i njegov sastav jednako prirodnim koliko i u\u010dinkovitim. Evo detaljnog pregleda glavnih sastojaka:<\/p>\n<ul class=\"pt-[9px] pb-[2px] pl-[24px] list-disc [&amp;_ul]:pt-[5px] pt-[5px]\">\n<li class=\"text-body font-regular leading-[24px] my-[5px] [&amp;&gt;ol]:!pt-0 [&amp;&gt;ol]:!pb-0 [&amp;&gt;ul]:!pt-0 [&amp;&gt;ul]:!pb-0\" value=\"1\"><b><strong class=\"font-bold\">Kukuruzni \u0161krob<\/strong><\/b> \u2013 Koristi se kao prirodno sredstvo za teksturu kapsule, osiguravaju\u0107i stabilnost.<\/li>\n<li class=\"text-body font-regular leading-[24px] my-[5px] [&amp;&gt;ol]:!pt-0 [&amp;&gt;ol]:!pb-0 [&amp;&gt;ul]:!pt-0 [&amp;&gt;ul]:!pb-0\" value=\"2\"><b><strong class=\"font-bold\">Suhi ekstrakt ginka bilobe<\/strong><\/b> \u2013 Pobolj\u0161ava cirkulaciju krvi, poma\u017ee u \u0161irenju krvnih \u017eila te pru\u017ea antioksidativne u\u010dinke.<\/li>\n<li class=\"text-body font-regular leading-[24px] my-[5px] [&amp;&gt;ol]:!pt-0 [&amp;&gt;ol]:!pb-0 [&amp;&gt;ul]:!pt-0 [&amp;&gt;ul]:!pb-0\" value=\"3\"><b><strong class=\"font-bold\">Suhi ekstrakt opuncije (Ruscus aculeatus)<\/strong><\/b> \u2013 Djeluje kao protuupalno sredstvo koje ja\u010da stijenke krvnih \u017eila.<\/li>\n<li class=\"text-body font-regular leading-[24px] my-[5px] [&amp;&gt;ol]:!pt-0 [&amp;&gt;ol]:!pb-0 [&amp;&gt;ul]:!pt-0 [&amp;&gt;ul]:!pb-0\" value=\"4\"><b><strong class=\"font-bold\">Suhi ekstrakt \u010de\u0161njaka (Allium sativum)<\/strong><\/b> \u2013 Prirodni regulator krvnog tlaka i kolesterola.<\/li>\n<li class=\"text-body font-regular leading-[24px] my-[5px] [&amp;&gt;ol]:!pt-0 [&amp;&gt;ol]:!pb-0 [&amp;&gt;ul]:!pt-0 [&amp;&gt;ul]:!pb-0\" value=\"5\"><b><strong class=\"font-bold\">Vitamin A (retinil palmitat)<\/strong><\/b> \u2013 Va\u017ean za zdravlje stanica i tkiva, uklju\u010duju\u0107i srce.<\/li>\n<li class=\"text-body font-regular leading-[24px] my-[5px] [&amp;&gt;ol]:!pt-0 [&amp;&gt;ol]:!pb-0 [&amp;&gt;ul]:!pt-0 [&amp;&gt;ul]:!pb-0\" value=\"6\"><b><strong class=\"font-bold\">Pantotenska kiselina (vitamin B5)<\/strong><\/b> \u2013 Poma\u017ee u metaboliziranju masti i smanjenju razine kolesterola.<\/li>\n<li class=\"text-body font-regular leading-[24px] my-[5px] [&amp;&gt;ol]:!pt-0 [&amp;&gt;ol]:!pb-0 [&amp;&gt;ul]:!pt-0 [&amp;&gt;ul]:!pb-0\" value=\"7\"><b><strong class=\"font-bold\">Vitamin B2 (riboflavin)<\/strong><\/b> \u2013 Klju\u010dan za proizvodnju energije i za\u0161titu stanica od oksidativnog stresa.<\/li>\n<\/ul>\n<h2 class=\"font-bold text-h3 leading-[40px] pt-[21px] pb-[2px] [&amp;_a]:underline-offset-[6px] [&amp;_.underline]:underline-offset-[6px]\" dir=\"ltr\">Cardio NRJ U\u010dinci i Dobrobiti<\/h2>\n<p class=\"text-body font-regular leading-[24px] pt-[9px] pb-[2px]\" dir=\"ltr\">Kori\u0161tenje Cardio NRJ-a mo\u017ee donijeti brojne prednosti, uklju\u010duju\u0107i:<\/p>\n<ul class=\"pt-[9px] pb-[2px] pl-[24px] list-disc [&amp;_ul]:pt-[5px] pt-[5px]\">\n<li class=\"text-body font-regular leading-[24px] my-[5px] [&amp;&gt;ol]:!pt-0 [&amp;&gt;ol]:!pb-0 [&amp;&gt;ul]:!pt-0 [&amp;&gt;ul]:!pb-0\" value=\"1\">Pomo\u0107 u smanjenju krvnog tlaka.<\/li>\n<li class=\"text-body font-regular leading-[24px] my-[5px] [&amp;&gt;ol]:!pt-0 [&amp;&gt;ol]:!pb-0 [&amp;&gt;ul]:!pt-0 [&amp;&gt;ul]:!pb-0\" value=\"2\">Za\u0161titu krvnih \u017eila od o\u0161te\u0107enja.<\/li>\n<li class=\"text-body font-regular leading-[24px] my-[5px] [&amp;&gt;ol]:!pt-0 [&amp;&gt;ol]:!pb-0 [&amp;&gt;ul]:!pt-0 [&amp;&gt;ul]:!pb-0\" value=\"3\">Razrje\u0111ivanje krvi i smanjenje rizika od ugru\u0161aka.<\/li>\n<li class=\"text-body font-regular leading-[24px] my-[5px] [&amp;&gt;ol]:!pt-0 [&amp;&gt;ol]:!pb-0 [&amp;&gt;ul]:!pt-0 [&amp;&gt;ul]:!pb-0\" value=\"4\">Pobolj\u0161anje cirkulacije krvi.<\/li>\n<li class=\"text-body font-regular leading-[24px] my-[5px] [&amp;&gt;ol]:!pt-0 [&amp;&gt;ol]:!pb-0 [&amp;&gt;ul]:!pt-0 [&amp;&gt;ul]:!pb-0\" value=\"5\">Prevenciju hipertenzije i ateroskleroze.<\/li>\n<li class=\"text-body font-regular leading-[24px] my-[5px] [&amp;&gt;ol]:!pt-0 [&amp;&gt;ol]:!pb-0 [&amp;&gt;ul]:!pt-0 [&amp;&gt;ul]:!pb-0\" value=\"6\">Pobolj\u0161anje op\u0107eg zdravlja srca.<\/li>\n<\/ul>\n<h2 class=\"font-bold text-h3 leading-[40px] pt-[21px] pb-[2px] [&amp;_a]:underline-offset-[6px] [&amp;_.underline]:underline-offset-[6px]\" dir=\"ltr\">Cardio NRJ Upute Za Kori\u0161tenje<\/h2>\n<p class=\"text-body font-regular leading-[24px] pt-[9px] pb-[2px]\" dir=\"ltr\">Cardio NRJ dolazi u obliku kapsula, \u0161to ga \u010dini izuzetno jednostavnim za kori\u0161tenje. Preporu\u010duje se uzimanje jedne kapsule dnevno uz \u010da\u0161u vode, najbolje tijekom ili nakon obroka. Va\u017eno je slijediti upute i koristiti proizvod redovito za optimalne rezultate.<\/p>\n<h2 class=\"font-bold text-h3 leading-[40px] pt-[21px] pb-[2px] [&amp;_a]:underline-offset-[6px] [&amp;_.underline]:underline-offset-[6px]\" dir=\"ltr\">Cardio NRJ Kontraindikacije i Nuspojave<\/h2>\n<p class=\"text-body font-regular leading-[24px] pt-[9px] pb-[2px]\" dir=\"ltr\">Cardio NRJ je potpuno siguran za uporabu i nema poznatih nuspojava. Ipak, ne preporu\u010duje se djeci, trudnicama, dojiljama i osobama s kroni\u010dnim bolestima bez prethodnog savjetovanja s lije\u010dnikom.<\/p>\n<h2 class=\"font-bold text-h3 leading-[40px] pt-[21px] pb-[2px] [&amp;_a]:underline-offset-[6px] [&amp;_.underline]:underline-offset-[6px]\" dir=\"ltr\">Cardio NRJ Iskustva<\/h2>\n<p class=\"text-body font-regular leading-[24px] pt-[9px] pb-[2px]\" dir=\"ltr\">Korisni\u010dka iskustva pokazuju izrazito pozitivne rezultate nakon kori\u0161tenja Cardio NRJ-a. Evo nekoliko komentara zadovoljnih korisnika:<\/p>\n<ul class=\"pt-[9px] pb-[2px] pl-[24px] list-disc [&amp;_ul]:pt-[5px] pt-[5px]\">\n<li class=\"text-body font-regular leading-[24px] my-[5px] [&amp;&gt;ol]:!pt-0 [&amp;&gt;ol]:!pb-0 [&amp;&gt;ul]:!pt-0 [&amp;&gt;ul]:!pb-0\" value=\"1\"><b><strong class=\"font-bold\">Ana, 45<\/strong><\/b> \u2013 &#8220;Od kada koristim Cardio NRJ osje\u0107am se bolje i imam vi\u0161e energije. Preporu\u010dujem svima koji \u017eele bolju cirkulaciju!&#8221;<\/li>\n<li class=\"text-body font-regular leading-[24px] my-[5px] [&amp;&gt;ol]:!pt-0 [&amp;&gt;ol]:!pb-0 [&amp;&gt;ul]:!pt-0 [&amp;&gt;ul]:!pb-0\" value=\"2\"><b><strong class=\"font-bold\">Marko, 52<\/strong><\/b> \u2013 &#8220;Hipertenzija je bila moj problem godinama, ali otkad uzimam ove kapsule, tlak mi je puno stabilniji.&#8221;<\/li>\n<li class=\"text-body font-regular leading-[24px] my-[5px] [&amp;&gt;ol]:!pt-0 [&amp;&gt;ol]:!pb-0 [&amp;&gt;ul]:!pt-0 [&amp;&gt;ul]:!pb-0\" value=\"3\"><b><strong class=\"font-bold\">Ivana, 38<\/strong><\/b> \u2013 &#8220;Jednostavan za kori\u0161tenje, a rezultati su nevjerojatni. \u010cak su i moji nalazi bolji!&#8221;<\/li>\n<\/ul>\n<h2 class=\"font-bold text-h3 leading-[40px] pt-[21px] pb-[2px] [&amp;_a]:underline-offset-[6px] [&amp;_.underline]:underline-offset-[6px]\" dir=\"ltr\">Gdje kupiti Cardio NRJ u Hrvatskoj? Ljekarna, DM, Nju\u0161kalo<\/h2>\n<p class=\"text-body font-regular leading-[24px] pt-[9px] pb-[2px]\" dir=\"ltr\">Cardio NRJ nije dostupan u ljekarnama, DM-u ili putem prodajnih platformi poput Nju\u0161kala. Radi sprje\u010davanja distribucije la\u017enih proizvoda, mo\u017eete ga naru\u010diti isklju\u010divo putem slu\u017ebene web stranice proizvo\u0111a\u010da. To osigurava njegovu autenti\u010dnost i kvalitetu.<\/p>\n<h2 class=\"font-bold text-h3 leading-[40px] pt-[21px] pb-[2px] [&amp;_a]:underline-offset-[6px] [&amp;_.underline]:underline-offset-[6px]\" dir=\"ltr\">Koliko ko\u0161ta Cardio NRJ? Cijena?<\/h2>\n<p class=\"text-body font-regular leading-[24px] pt-[9px] pb-[2px]\" dir=\"ltr\">Cardio NRJ dostupan je po cijeni od samo 39 EUR. Ova povoljna cijena, u kombinaciji s njegovim u\u010dinkovitim djelovanjem, \u010dini ga jednim od najboljih proizvoda na tr\u017ei\u0161tu za o\u010duvanje zdravlja srca.<\/p>\n<h2 class=\"font-bold text-h3 leading-[40px] pt-[21px] pb-[2px] [&amp;_a]:underline-offset-[6px] [&amp;_.underline]:underline-offset-[6px]\" dir=\"ltr\">\u010cesto postavljana pitanja<\/h2>\n<p class=\"text-body font-regular leading-[24px] pt-[9px] pb-[2px]\" dir=\"ltr\"><b><strong class=\"font-bold\">1. Koliko brzo se primijete rezultati?<\/strong><\/b><\/p>\n<p class=\"text-body font-regular leading-[24px] pt-[9px] pb-[2px]\" dir=\"ltr\">Prvi rezultati mogu se primijetiti nakon nekoliko tjedana redovne uporabe.<\/p>\n<p class=\"text-body font-regular leading-[24px] pt-[9px] pb-[2px]\" dir=\"ltr\"><b><strong class=\"font-bold\">2. Je li proizvod prikladan za osobe s kroni\u010dnim bolestima?<\/strong><\/b><\/p>\n<p class=\"text-body font-regular leading-[24px] pt-[9px] pb-[2px]\" dir=\"ltr\">Osobe s kroni\u010dnim bolestima trebaju se posavjetovati s lije\u010dnikom prije kori\u0161tenja.<\/p>\n<p class=\"text-body font-regular leading-[24px] pt-[9px] pb-[2px]\" dir=\"ltr\"><b><strong class=\"font-bold\">3. Mogu li ga koristiti uz druge lijekove?<\/strong><\/b><\/p>\n<p class=\"text-body font-regular leading-[24px] pt-[9px] pb-[2px]\" dir=\"ltr\">Preporu\u010da se konzultacija s lije\u010dnikom prije kombiniranja s drugim lijekovima.<\/p>\n<p class=\"text-body font-regular leading-[24px] pt-[9px] pb-[2px]\" dir=\"ltr\"><b><strong class=\"font-bold\">4. Ima li garanciju zadovoljstva?<\/strong><\/b><\/p>\n<p class=\"text-body font-regular leading-[24px] pt-[9px] pb-[2px]\" dir=\"ltr\">Proizvo\u0111a\u010d nudi podr\u0161ku i savjete za sve kupce putem slu\u017ebene web stranice.<\/p>\n","protected":false},"excerpt":{"rendered":"<p>Cardio NRJ je biljni dodatak prehrani osmi\u0161ljen za podr\u0161ku zdravlju srca jednostavnim djelovanjem na organizam. Njegove aktivne komponente poma\u017eu ja\u010danju krvnih \u017eila, razrje\u0111ivanju krvi i smanjenju rizika od stvaranja krvnih ugru\u0161aka. Osim toga, ovaj inovativni proizvod \u0161titi tkiva krvnih \u017eila i srca od o\u0161te\u0107enja, pru\u017eaju\u0107i za\u0161titu protiv ozbiljnijih kardiovaskularnih problema. Jedna od njegovih prednosti je&#8230;<\/p>\n","protected":false},"featured_media":228,"template":"","meta":{"_kad_post_transparent":"default","_kad_post_title":"","_kad_post_layout":"default","_kad_post_sidebar_id":"","_kad_post_content_style":"default","_kad_post_vertical_padding":"default","_kad_post_feature":"","_kad_post_feature_position":"","_kad_post_header":false,"_kad_post_footer":false,"_kad_post_classname":"","iawp_total_views":6},"product_brand":[],"product_cat":[15],"product_tag":[],"class_list":{"0":"post-227","1":"product","2":"type-product","3":"status-publish","4":"has-post-thumbnail","6":"product_cat-zdravlje","8":"first","9":"instock","10":"sale","11":"shipping-taxable","12":"purchasable","13":"product-type-simple","14":"entry","15":"content-bg","16":"loop-entry"},"_links":{"self":[{"href":"https:\/\/www.poliklinikavukovic.com\/ljekarna\/wp-json\/wp\/v2\/product\/227","targetHints":{"allow":["GET"]}}],"collection":[{"href":"https:\/\/www.poliklinikavukovic.com\/ljekarna\/wp-json\/wp\/v2\/product"}],"about":[{"href":"https:\/\/www.poliklinikavukovic.com\/ljekarna\/wp-json\/wp\/v2\/types\/product"}],"wp:featuredmedia":[{"embeddable":true,"href":"https:\/\/www.poliklinikavukovic.com\/ljekarna\/wp-json\/wp\/v2\/media\/228"}],"wp:attachment":[{"href":"https:\/\/www.poliklinikavukovic.com\/ljekarna\/wp-json\/wp\/v2\/media?parent=227"}],"wp:term":[{"taxonomy":"product_brand","embeddable":true,"href":"https:\/\/www.poliklinikavukovic.com\/ljekarna\/wp-json\/wp\/v2\/product_brand?post=227"},{"taxonomy":"product_cat","embeddable":true,"href":"https:\/\/www.poliklinikavukovic.com\/ljekarna\/wp-json\/wp\/v2\/product_cat?post=227"},{"taxonomy":"product_tag","embeddable":true,"href":"https:\/\/www.poliklinikavukovic.com\/ljekarna\/wp-json\/wp\/v2\/product_tag?post=227"}],"curies":[{"name":"wp","href":"https:\/\/api.w.org\/{rel}","templated":true}]}}