{"id":218,"date":"2024-12-22T17:36:23","date_gmt":"2024-12-22T17:36:23","guid":{"rendered":"https:\/\/www.poliklinikavukovic.com\/ljekarna\/?post_type=product&#038;p=218"},"modified":"2024-12-22T17:36:23","modified_gmt":"2024-12-22T17:36:23","slug":"sonixine","status":"publish","type":"product","link":"https:\/\/www.poliklinikavukovic.com\/ljekarna\/proizvod\/sonixine\/","title":{"rendered":"Sonixine"},"content":{"rendered":"<p class=\"text-body font-regular leading-[24px] pt-[9px] pb-[2px]\" dir=\"ltr\">Sonixine je dodatak prehrani u obliku kapsula, razvijen kako bi se pobolj\u0161ao sluh i za\u0161titile u\u0161i od djelovanja bakterija i virusa. Prema tvrdnjama proizvo\u0111a\u010da, redovito uzimanje Sonixine kapsula poma\u017ee u regeneraciji slu\u0161nog sustava, sprje\u010dava daljnje o\u0161te\u0107enje sluha i pru\u017ea zna\u010dajnu potporu zdravlju u\u0161iju.<\/p>\n<p class=\"text-body font-regular leading-[24px] pt-[9px] pb-[2px]\" dir=\"ltr\">Za razliku od mnogih alternativnih proizvoda, Sonixine nije samo usmjeren na ubla\u017eavanje simptoma, ve\u0107 djeluje na uzrok problema, \u0161to ga \u010dini jedinstvenim rje\u0161enjem za one koji \u017eele trajna pobolj\u0161anja.<\/p>\n<h2 class=\"font-bold text-h3 leading-[40px] pt-[21px] pb-[2px] [&amp;_a]:underline-offset-[6px] [&amp;_.underline]:underline-offset-[6px]\" dir=\"ltr\">Kako djeluje Sonixine?<\/h2>\n<p class=\"text-body font-regular leading-[24px] pt-[9px] pb-[2px]\" dir=\"ltr\">Sonixine funkcionira tako \u0161to koristi znanstveno dokazane sastojke koji podr\u017eavaju zdravlje slu\u0161nog sustava. Njegovi aktivni sastojci poja\u010davaju dotok krvi i kisika u u\u0161i, pove\u0107avaju\u0107i sposobnost tijela da se regenerira. Osim toga, Sonixine pru\u017ea za\u0161titu protiv slobodnih radikala, koji \u010desto uzrokuju o\u0161te\u0107enja tkiva i \u0107elija u podru\u010dju u\u0161iju.<\/p>\n<p class=\"text-body font-regular leading-[24px] pt-[9px] pb-[2px]\" dir=\"ltr\">Tako\u0111er, ovaj proizvod poma\u017ee u ja\u010danju imunolo\u0161kog sustava, \u0161to smanjuje rizik od infekcija koje mogu negativno utjecati na sluh.<\/p>\n<h2 class=\"font-bold text-h3 leading-[40px] pt-[21px] pb-[2px] [&amp;_a]:underline-offset-[6px] [&amp;_.underline]:underline-offset-[6px]\" dir=\"ltr\">Sonixine Sastav<\/h2>\n<p class=\"text-body font-regular leading-[24px] pt-[9px] pb-[2px]\" dir=\"ltr\">Jedan od klju\u010dnih razloga uspjeha Sonixine kapsula le\u017ei u njihovom pa\u017eljivo odabranom i mo\u0107nom sastavu. Svaki sastojak igra va\u017enu ulogu u odr\u017eavanju i pobolj\u0161anju zdravlja sluha.<\/p>\n<h3 class=\"font-bold text-h4 leading-[30px] pt-[15px] pb-[2px] [&amp;_a]:underline-offset-[6px] [&amp;_.underline]:underline-offset-[6px]\" dir=\"ltr\">Ekstrakt gorke naran\u010de<\/h3>\n<p class=\"text-body font-regular leading-[24px] pt-[9px] pb-[2px]\" dir=\"ltr\">Ekstrakt gorke naran\u010de bogat je bioflavonoidima koji pobolj\u0161avaju cirkulaciju krvi prema slu\u0161nom sustavu. Bolja cirkulacija poti\u010de regeneraciju o\u0161te\u0107enih stanica i tkiva.<\/p>\n<h3 class=\"font-bold text-h4 leading-[30px] pt-[15px] pb-[2px] [&amp;_a]:underline-offset-[6px] [&amp;_.underline]:underline-offset-[6px]\" dir=\"ltr\">Hesperidin<\/h3>\n<p class=\"text-body font-regular leading-[24px] pt-[9px] pb-[2px]\" dir=\"ltr\">Hesperidin je mo\u0107an antioksidans koji smanjuje upale i \u0161titi stanice u\u0161iju od oksidativnog stresa.<\/p>\n<h3 class=\"font-bold text-h4 leading-[30px] pt-[15px] pb-[2px] [&amp;_a]:underline-offset-[6px] [&amp;_.underline]:underline-offset-[6px]\" dir=\"ltr\">GABA<\/h3>\n<p class=\"text-body font-regular leading-[24px] pt-[9px] pb-[2px]\" dir=\"ltr\">GABA (gama-aminobutirna kiselina) poma\u017ee u smanjenju stresa i tjeskobe, \u010dime se ubla\u017eavaju mogu\u0107e posljedice emocionalnog stresa na slu\u0161ni sustav.<\/p>\n<h3 class=\"font-bold text-h4 leading-[30px] pt-[15px] pb-[2px] [&amp;_a]:underline-offset-[6px] [&amp;_.underline]:underline-offset-[6px]\" dir=\"ltr\">Vitamini B kompleksa, C i E<\/h3>\n<ul class=\"pt-[9px] pb-[2px] pl-[24px] list-disc [&amp;_ul]:pt-[5px] pt-[5px]\">\n<li class=\"text-body font-regular leading-[24px] my-[5px] [&amp;&gt;ol]:!pt-0 [&amp;&gt;ol]:!pb-0 [&amp;&gt;ul]:!pt-0 [&amp;&gt;ul]:!pb-0\" value=\"1\"><b><strong class=\"font-bold\">Vitamini B kompleksa<\/strong><\/b> va\u017eni su za zdravlje \u017eiv\u010danog sustava, \u0161to uklju\u010duje i \u017eivce povezane s u\u0161ima.<\/li>\n<li class=\"text-body font-regular leading-[24px] my-[5px] [&amp;&gt;ol]:!pt-0 [&amp;&gt;ol]:!pb-0 [&amp;&gt;ul]:!pt-0 [&amp;&gt;ul]:!pb-0\" value=\"2\"><b><strong class=\"font-bold\">Vitamin C<\/strong><\/b> poma\u017ee u ja\u010danju imunolo\u0161kog sustava i obrani od infekcija.<\/li>\n<li class=\"text-body font-regular leading-[24px] my-[5px] [&amp;&gt;ol]:!pt-0 [&amp;&gt;ol]:!pb-0 [&amp;&gt;ul]:!pt-0 [&amp;&gt;ul]:!pb-0\" value=\"3\"><b><strong class=\"font-bold\">Vitamin E<\/strong><\/b> djeluje kao antioksidans koji neutralizira slobodne radikale i smanjuje rizik od o\u0161te\u0107enja tkiva.<\/li>\n<\/ul>\n<h3 class=\"font-bold text-h4 leading-[30px] pt-[15px] pb-[2px] [&amp;_a]:underline-offset-[6px] [&amp;_.underline]:underline-offset-[6px]\" dir=\"ltr\">Ekstrakt lista ginka<\/h3>\n<p class=\"text-body font-regular leading-[24px] pt-[9px] pb-[2px]\" dir=\"ltr\">Ekstrakt ginka pobolj\u0161ava mikrocirkulaciju u u\u0161ima, \u0161to pridonosi boljem dotoku kisika i hranjivih tvari potrebnih za regeneraciju.<\/p>\n<h2 class=\"font-bold text-h3 leading-[40px] pt-[21px] pb-[2px] [&amp;_a]:underline-offset-[6px] [&amp;_.underline]:underline-offset-[6px]\" dir=\"ltr\">Sonixine U\u010dinci i Dobrobiti<\/h2>\n<p class=\"text-body font-regular leading-[24px] pt-[9px] pb-[2px]\" dir=\"ltr\">Sonixine nudi brojne u\u010dinke i dobrobiti za korisnike:<\/p>\n<ul class=\"pt-[9px] pb-[2px] pl-[24px] list-disc [&amp;_ul]:pt-[5px] pt-[5px]\">\n<li class=\"text-body font-regular leading-[24px] my-[5px] [&amp;&gt;ol]:!pt-0 [&amp;&gt;ol]:!pb-0 [&amp;&gt;ul]:!pt-0 [&amp;&gt;ul]:!pb-0\" value=\"1\">Pobolj\u0161ava sluh i sprje\u010dava daljnja o\u0161te\u0107enja.<\/li>\n<li class=\"text-body font-regular leading-[24px] my-[5px] [&amp;&gt;ol]:!pt-0 [&amp;&gt;ol]:!pb-0 [&amp;&gt;ul]:!pt-0 [&amp;&gt;ul]:!pb-0\" value=\"2\">Smanjuje u\u010destalost \u0161umova u u\u0161ima.<\/li>\n<li class=\"text-body font-regular leading-[24px] my-[5px] [&amp;&gt;ol]:!pt-0 [&amp;&gt;ol]:!pb-0 [&amp;&gt;ul]:!pt-0 [&amp;&gt;ul]:!pb-0\" value=\"3\">Podi\u017ee razinu energije korisnika zahvaljuju\u0107i boljim funkcijama cirkulacije.<\/li>\n<li class=\"text-body font-regular leading-[24px] my-[5px] [&amp;&gt;ol]:!pt-0 [&amp;&gt;ol]:!pb-0 [&amp;&gt;ul]:!pt-0 [&amp;&gt;ul]:!pb-0\" value=\"4\">Ja\u010da imunolo\u0161ki sustav, \u010dine\u0107i u\u0161i otpornijima na infekcije.<\/li>\n<li class=\"text-body font-regular leading-[24px] my-[5px] [&amp;&gt;ol]:!pt-0 [&amp;&gt;ol]:!pb-0 [&amp;&gt;ul]:!pt-0 [&amp;&gt;ul]:!pb-0\" value=\"5\">Pove\u0107ava sposobnost tijela za samoobnavljanje.<\/li>\n<\/ul>\n<h2 class=\"font-bold text-h3 leading-[40px] pt-[21px] pb-[2px] [&amp;_a]:underline-offset-[6px] [&amp;_.underline]:underline-offset-[6px]\" dir=\"ltr\">Sonixine Upute za Kori\u0161tenje<\/h2>\n<p class=\"text-body font-regular leading-[24px] pt-[9px] pb-[2px]\" dir=\"ltr\">Proizvod je lako uklopiti u svakodnevnu rutinu. Potrebno je uzimati <b><strong class=\"font-bold\">2 kapsule dnevno<\/strong><\/b> uz \u010da\u0161u vode, najbolje tijekom obroka. Dugotrajna primjena preporu\u010duje se za postizanje optimalnih rezultata.<\/p>\n<h2 class=\"font-bold text-h3 leading-[40px] pt-[21px] pb-[2px] [&amp;_a]:underline-offset-[6px] [&amp;_.underline]:underline-offset-[6px]\" dir=\"ltr\">Sonixine Kontraindikacije i Nuspojave<\/h2>\n<p class=\"text-body font-regular leading-[24px] pt-[9px] pb-[2px]\" dir=\"ltr\">Sonixine je potpuno sigurno za upotrebu. Nije zabilje\u017eena nijedna kontraindikacija niti nuspojava. Ipak, proizvod nije namijenjen:<\/p>\n<ul class=\"pt-[9px] pb-[2px] pl-[24px] list-disc [&amp;_ul]:pt-[5px] pt-[5px]\">\n<li class=\"text-body font-regular leading-[24px] my-[5px] [&amp;&gt;ol]:!pt-0 [&amp;&gt;ol]:!pb-0 [&amp;&gt;ul]:!pt-0 [&amp;&gt;ul]:!pb-0\" value=\"1\">Djeci<\/li>\n<li class=\"text-body font-regular leading-[24px] my-[5px] [&amp;&gt;ol]:!pt-0 [&amp;&gt;ol]:!pb-0 [&amp;&gt;ul]:!pt-0 [&amp;&gt;ul]:!pb-0\" value=\"2\">Trudnicama i dojiljama<\/li>\n<li class=\"text-body font-regular leading-[24px] my-[5px] [&amp;&gt;ol]:!pt-0 [&amp;&gt;ol]:!pb-0 [&amp;&gt;ul]:!pt-0 [&amp;&gt;ul]:!pb-0\" value=\"3\">Osobama s kroni\u010dnim zdravstvenim stanjima (preporu\u010duje se konzultacija s lije\u010dnikom)<\/li>\n<\/ul>\n<h2 class=\"font-bold text-h3 leading-[40px] pt-[21px] pb-[2px] [&amp;_a]:underline-offset-[6px] [&amp;_.underline]:underline-offset-[6px]\" dir=\"ltr\">Sonixine Iskustva<\/h2>\n<p class=\"text-body font-regular leading-[24px] pt-[9px] pb-[2px]\" dir=\"ltr\">Sonixine je odu\u0161evio brojne korisnike \u0161irom Hrvatske:<\/p>\n<ul class=\"pt-[9px] pb-[2px] pl-[24px] list-disc [&amp;_ul]:pt-[5px] pt-[5px]\">\n<li class=\"text-body font-regular leading-[24px] my-[5px] [&amp;&gt;ol]:!pt-0 [&amp;&gt;ol]:!pb-0 [&amp;&gt;ul]:!pt-0 [&amp;&gt;ul]:!pb-0\" value=\"1\"><b><strong class=\"font-bold\">Ana (45 godina):<\/strong><\/b> &#8220;Kona\u010dno \u010dujem jasno, bez \u0161umova. Ovaj proizvod mi je promijenio \u017eivot!&#8221;<\/li>\n<li class=\"text-body font-regular leading-[24px] my-[5px] [&amp;&gt;ol]:!pt-0 [&amp;&gt;ol]:!pb-0 [&amp;&gt;ul]:!pt-0 [&amp;&gt;ul]:!pb-0\" value=\"2\"><b><strong class=\"font-bold\">Marko (61 godina):<\/strong><\/b> &#8220;Odli\u010dan za cirkulaciju i sluh. Preporu\u010dujem svima!&#8221;<\/li>\n<li class=\"text-body font-regular leading-[24px] my-[5px] [&amp;&gt;ol]:!pt-0 [&amp;&gt;ol]:!pb-0 [&amp;&gt;ul]:!pt-0 [&amp;&gt;ul]:!pb-0\" value=\"3\"><b><strong class=\"font-bold\">Jelena (38 godina):<\/strong><\/b> &#8220;Osje\u0107am se zdravije i sigurnije jer znam da \u010duvam sluh s ovim kapsulama.&#8221;<\/li>\n<\/ul>\n<h2 class=\"font-bold text-h3 leading-[40px] pt-[21px] pb-[2px] [&amp;_a]:underline-offset-[6px] [&amp;_.underline]:underline-offset-[6px]\" dir=\"ltr\">Gdje kupiti Sonixine u Hrvatskoj? Ljekarna, DM, Nju\u0161kalo<\/h2>\n<p class=\"text-body font-regular leading-[24px] pt-[9px] pb-[2px]\" dir=\"ltr\">Sonixine mo\u017eete kupiti <b><strong class=\"font-bold\">isklju\u010divo putem slu\u017ebene web stranice proizvo\u0111a\u010da<\/strong><\/b>. Ovaj pristup omogu\u0107uje:<\/p>\n<ol class=\"pt-[9px] pb-[2px] pl-[24px] [&amp;_ol]:pt-[5px] list-decimal\">\n<li class=\"text-body font-regular leading-[24px] my-[5px] [&amp;&gt;ol]:!pt-0 [&amp;&gt;ol]:!pb-0 [&amp;&gt;ul]:!pt-0 [&amp;&gt;ul]:!pb-0\" value=\"1\">Garantiranu originalnost proizvoda.<\/li>\n<li class=\"text-body font-regular leading-[24px] my-[5px] [&amp;&gt;ol]:!pt-0 [&amp;&gt;ol]:!pb-0 [&amp;&gt;ul]:!pt-0 [&amp;&gt;ul]:!pb-0\" value=\"2\">Posebne popuste i pogodnosti za kupce.<\/li>\n<li class=\"text-body font-regular leading-[24px] my-[5px] [&amp;&gt;ol]:!pt-0 [&amp;&gt;ol]:!pb-0 [&amp;&gt;ul]:!pt-0 [&amp;&gt;ul]:!pb-0\" value=\"3\">Izbjegavanje la\u017enih verzija s online tr\u017ei\u0161ta poput Nju\u0161kala.<\/li>\n<\/ol>\n<p class=\"text-body font-regular leading-[24px] pt-[9px] pb-[2px]\" dir=\"ltr\">Za narud\u017ebu, posjetite slu\u017ebenu web stranicu (link) i jednostavno ispunite obrazac.<\/p>\n<h2 class=\"font-bold text-h3 leading-[40px] pt-[21px] pb-[2px] [&amp;_a]:underline-offset-[6px] [&amp;_.underline]:underline-offset-[6px]\" dir=\"ltr\">Koliko ko\u0161ta Sonixine? Cijena?<\/h2>\n<p class=\"text-body font-regular leading-[24px] pt-[9px] pb-[2px]\" dir=\"ltr\">Sonixine je dostupan po promotivnoj cijeni od samo <b><strong class=\"font-bold\">39 eura<\/strong><\/b>. Uzmite u obzir vrhunsku kvalitetu sastojaka i njihove izvanredne u\u010dinke\u2014ovo je vrijedna investicija u va\u0161e zdravlje.<\/p>\n<h2 class=\"font-bold text-h3 leading-[40px] pt-[21px] pb-[2px] [&amp;_a]:underline-offset-[6px] [&amp;_.underline]:underline-offset-[6px]\" dir=\"ltr\">\u010cesto postavljana pitanja<\/h2>\n<h3 class=\"font-bold text-h4 leading-[30px] pt-[15px] pb-[2px] [&amp;_a]:underline-offset-[6px] [&amp;_.underline]:underline-offset-[6px]\" dir=\"ltr\">Kada mogu o\u010dekivati prve rezultate?<\/h3>\n<p class=\"text-body font-regular leading-[24px] pt-[9px] pb-[2px]\" dir=\"ltr\">Rezultati su individualni, no mnogi korisnici su izvijestili pobolj\u0161anja ve\u0107 nakon nekoliko tjedana redovite primjene.<\/p>\n<h3 class=\"font-bold text-h4 leading-[30px] pt-[15px] pb-[2px] [&amp;_a]:underline-offset-[6px] [&amp;_.underline]:underline-offset-[6px]\" dir=\"ltr\">Mogu li Sonixine koristiti uz ostale lijekove?<\/h3>\n<p class=\"text-body font-regular leading-[24px] pt-[9px] pb-[2px]\" dir=\"ltr\">Sonixine je dodatak prehrani i nema negativnih interakcija s lijekovima. Ipak, ako koristite terapiju za kroni\u010dnu bolest, konzultirajte se s lije\u010dnikom.<\/p>\n<h3 class=\"font-bold text-h4 leading-[30px] pt-[15px] pb-[2px] [&amp;_a]:underline-offset-[6px] [&amp;_.underline]:underline-offset-[6px]\" dir=\"ltr\">Je li dostava sigurna?<\/h3>\n<p class=\"text-body font-regular leading-[24px] pt-[9px] pb-[2px]\" dir=\"ltr\">Da, proizvod se dostavlja u diskretnoj ambala\u017ei direktno na va\u0161a vrata.<\/p>\n","protected":false},"excerpt":{"rendered":"<p>Sonixine je dodatak prehrani u obliku kapsula, razvijen kako bi se pobolj\u0161ao sluh i za\u0161titile u\u0161i od djelovanja bakterija i virusa. Prema tvrdnjama proizvo\u0111a\u010da, redovito uzimanje Sonixine kapsula poma\u017ee u regeneraciji slu\u0161nog sustava, sprje\u010dava daljnje o\u0161te\u0107enje sluha i pru\u017ea zna\u010dajnu potporu zdravlju u\u0161iju. Za razliku od mnogih alternativnih proizvoda, Sonixine nije samo usmjeren na ubla\u017eavanje&#8230;<\/p>\n","protected":false},"featured_media":219,"template":"","meta":{"_kad_post_transparent":"default","_kad_post_title":"","_kad_post_layout":"default","_kad_post_sidebar_id":"","_kad_post_content_style":"default","_kad_post_vertical_padding":"default","_kad_post_feature":"","_kad_post_feature_position":"","_kad_post_header":false,"_kad_post_footer":false,"_kad_post_classname":"","iawp_total_views":8},"product_brand":[],"product_cat":[15],"product_tag":[],"class_list":{"0":"post-218","1":"product","2":"type-product","3":"status-publish","4":"has-post-thumbnail","6":"product_cat-zdravlje","8":"first","9":"instock","10":"sale","11":"shipping-taxable","12":"purchasable","13":"product-type-simple","14":"entry","15":"content-bg","16":"loop-entry"},"_links":{"self":[{"href":"https:\/\/www.poliklinikavukovic.com\/ljekarna\/wp-json\/wp\/v2\/product\/218","targetHints":{"allow":["GET"]}}],"collection":[{"href":"https:\/\/www.poliklinikavukovic.com\/ljekarna\/wp-json\/wp\/v2\/product"}],"about":[{"href":"https:\/\/www.poliklinikavukovic.com\/ljekarna\/wp-json\/wp\/v2\/types\/product"}],"wp:featuredmedia":[{"embeddable":true,"href":"https:\/\/www.poliklinikavukovic.com\/ljekarna\/wp-json\/wp\/v2\/media\/219"}],"wp:attachment":[{"href":"https:\/\/www.poliklinikavukovic.com\/ljekarna\/wp-json\/wp\/v2\/media?parent=218"}],"wp:term":[{"taxonomy":"product_brand","embeddable":true,"href":"https:\/\/www.poliklinikavukovic.com\/ljekarna\/wp-json\/wp\/v2\/product_brand?post=218"},{"taxonomy":"product_cat","embeddable":true,"href":"https:\/\/www.poliklinikavukovic.com\/ljekarna\/wp-json\/wp\/v2\/product_cat?post=218"},{"taxonomy":"product_tag","embeddable":true,"href":"https:\/\/www.poliklinikavukovic.com\/ljekarna\/wp-json\/wp\/v2\/product_tag?post=218"}],"curies":[{"name":"wp","href":"https:\/\/api.w.org\/{rel}","templated":true}]}}