{"id":216,"date":"2024-12-22T17:30:24","date_gmt":"2024-12-22T17:30:24","guid":{"rendered":"https:\/\/www.poliklinikavukovic.com\/ljekarna\/?post_type=product&#038;p=216"},"modified":"2024-12-22T17:30:24","modified_gmt":"2024-12-22T17:30:24","slug":"erectil","status":"publish","type":"product","link":"https:\/\/www.poliklinikavukovic.com\/ljekarna\/proizvod\/erectil\/","title":{"rendered":"Erectil"},"content":{"rendered":"<p class=\"text-body font-regular leading-[24px] pt-[9px] pb-[2px]\" dir=\"ltr\">Erectil kapsule su <b><strong class=\"font-bold\">biljni dodatak prehrani<\/strong><\/b> formuliran za podr\u0161ku mu\u0161karcima, posebno onima u zrelijim godinama, koji se suo\u010davaju s izazovima vezanim za erektilnu funkciju. Ovaj dodatak pobolj\u0161ava cirkulaciju krvi u podru\u010dju zdjelice, ja\u010da krvne \u017eile i srce, pove\u0107ava osjetljivost penisa, libido i seksualnu izdr\u017eljivost.<\/p>\n<p class=\"text-body font-regular leading-[24px] pt-[9px] pb-[2px]\" dir=\"ltr\">Jedna od klju\u010dnih prednosti Erectila je \u0161to poti\u010de sintezu testosterona, hormona koji je temelj seksualne funkcije kod mu\u0161karaca. Tako\u0111er, Erectil smanjuje \u0161anse za preuranjenu ejakulaciju, \u010dime omogu\u0107uje <b><strong class=\"font-bold\">dulje i kvalitetnije seksualne odnose<\/strong><\/b>.<\/p>\n<p class=\"text-body font-regular leading-[24px] pt-[9px] pb-[2px]\" dir=\"ltr\">Jo\u0161 bolje? <b><strong class=\"font-bold\">Erectil je potpuno prirodan<\/strong><\/b>, ne izaziva ovisnost i ne sadr\u017ei konzervanse.<\/p>\n<h2 class=\"font-bold text-h3 leading-[40px] pt-[21px] pb-[2px] [&amp;_a]:underline-offset-[6px] [&amp;_.underline]:underline-offset-[6px]\" dir=\"ltr\">Kako djeluje Erectil?<\/h2>\n<p class=\"text-body font-regular leading-[24px] pt-[9px] pb-[2px]\" dir=\"ltr\">Erectil kapsule djeluju na raznim razinama kako bi pobolj\u0161ale seksualno zdravlje. Glavni u\u010dinak temelji se na pobolj\u0161anju cirkulacije krvi, posebno u podru\u010dju zdjelice, \u0161to rezultira ja\u010dim i duljim erekcijama. Osim toga, Erectil utje\u010de na balans hormona, poti\u010du\u0107i sintezu testosterona, \u0161to pove\u0107ava libido i energiju.<\/p>\n<p class=\"text-body font-regular leading-[24px] pt-[9px] pb-[2px]\" dir=\"ltr\">Osim fizi\u010dkih prednosti, Erectil indirektno smanjuje u\u010dinke stresa, podr\u017eavaju\u0107i mentalno zdravlje, \u0161to igra veliku ulogu u seksualnoj funkciji.<\/p>\n<h2 class=\"font-bold text-h3 leading-[40px] pt-[21px] pb-[2px] [&amp;_a]:underline-offset-[6px] [&amp;_.underline]:underline-offset-[6px]\" dir=\"ltr\">Erectil Sastav<\/h2>\n<p class=\"text-body font-regular leading-[24px] pt-[9px] pb-[2px]\" dir=\"ltr\">Erectil kapsule sadr\u017ee <b><strong class=\"font-bold\">pet prirodnih sastojaka<\/strong><\/b> koji u sinergiji pru\u017eaju izvanredne rezultate. Evo detaljnog pregleda sastojaka:<\/p>\n<h3 class=\"font-bold text-h4 leading-[30px] pt-[15px] pb-[2px] [&amp;_a]:underline-offset-[6px] [&amp;_.underline]:underline-offset-[6px]\" dir=\"ltr\">1. Ekstrakt lubenice (Watermelon Matsum)<\/h3>\n<ul class=\"pt-[9px] pb-[2px] pl-[24px] list-disc [&amp;_ul]:pt-[5px] pt-[5px]\">\n<li class=\"text-body font-regular leading-[24px] my-[5px] [&amp;&gt;ol]:!pt-0 [&amp;&gt;ol]:!pb-0 [&amp;&gt;ul]:!pt-0 [&amp;&gt;ul]:!pb-0\" value=\"1\">Prirodni izvor <b><strong class=\"font-bold\">citrulina<\/strong><\/b>, aminokiseline koja pobolj\u0161ava protok krvi i podr\u017eava zdravlje srca. Citrulin se pretvara u arginin, \u0161to mo\u017ee pomo\u0107i kod odr\u017eavanja zdravih i sna\u017enih erekcija.<\/li>\n<\/ul>\n<h3 class=\"font-bold text-h4 leading-[30px] pt-[15px] pb-[2px] [&amp;_a]:underline-offset-[6px] [&amp;_.underline]:underline-offset-[6px]\" dir=\"ltr\">2. Ekstrakt kordicepsa (Cordyceps)<\/h3>\n<ul class=\"pt-[9px] pb-[2px] pl-[24px] list-disc [&amp;_ul]:pt-[5px] pt-[5px]\">\n<li class=\"text-body font-regular leading-[24px] my-[5px] [&amp;&gt;ol]:!pt-0 [&amp;&gt;ol]:!pb-0 [&amp;&gt;ul]:!pt-0 [&amp;&gt;ul]:!pb-0\" value=\"1\">Ova tradicionalna kineska gljiva poznata je po tome \u0161to pove\u0107ava razinu energije, libido i seksualne performanse. Tako\u0111er poma\u017ee u <b><strong class=\"font-bold\">smanjenju umora<\/strong><\/b> i pobolj\u0161ava ukupnu vitalnost.<\/li>\n<\/ul>\n<h3 class=\"font-bold text-h4 leading-[30px] pt-[15px] pb-[2px] [&amp;_a]:underline-offset-[6px] [&amp;_.underline]:underline-offset-[6px]\" dir=\"ltr\">3. Su\u0161eni ekstrakt muira puama (Muira puama)<\/h3>\n<ul class=\"pt-[9px] pb-[2px] pl-[24px] list-disc [&amp;_ul]:pt-[5px] pt-[5px]\">\n<li class=\"text-body font-regular leading-[24px] my-[5px] [&amp;&gt;ol]:!pt-0 [&amp;&gt;ol]:!pb-0 [&amp;&gt;ul]:!pt-0 [&amp;&gt;ul]:!pb-0\" value=\"1\">\u010cesto se naziva \u201cdrvom potencije\u201d. Ovaj amazonski biljni ekstrakt poznat je po svojim svojstvima pove\u0107anja seksualne \u017eelje, uz dodatne benefite za \u017eiv\u010dani sustav.<\/li>\n<\/ul>\n<h3 class=\"font-bold text-h4 leading-[30px] pt-[15px] pb-[2px] [&amp;_a]:underline-offset-[6px] [&amp;_.underline]:underline-offset-[6px]\" dir=\"ltr\">4. Ginko biloba (Ginkgo biloba)<\/h3>\n<ul class=\"pt-[9px] pb-[2px] pl-[24px] list-disc [&amp;_ul]:pt-[5px] pt-[5px]\">\n<li class=\"text-body font-regular leading-[24px] my-[5px] [&amp;&gt;ol]:!pt-0 [&amp;&gt;ol]:!pb-0 [&amp;&gt;ul]:!pt-0 [&amp;&gt;ul]:!pb-0\" value=\"1\">Poznata po pobolj\u0161anju cirkulacije krvi i kognitivnih funkcija, ginko biloba pru\u017ea potporu protoku krvi u podru\u010dju zdjelice, \u010dime dodatno doprinosi seksualnom zdravlju.<\/li>\n<\/ul>\n<h3 class=\"font-bold text-h4 leading-[30px] pt-[15px] pb-[2px] [&amp;_a]:underline-offset-[6px] [&amp;_.underline]:underline-offset-[6px]\" dir=\"ltr\">5. Su\u0161eni ekstrakt maca korijena (Maca)<\/h3>\n<ul class=\"pt-[9px] pb-[2px] pl-[24px] list-disc [&amp;_ul]:pt-[5px] pt-[5px]\">\n<li class=\"text-body font-regular leading-[24px] my-[5px] [&amp;&gt;ol]:!pt-0 [&amp;&gt;ol]:!pb-0 [&amp;&gt;ul]:!pt-0 [&amp;&gt;ul]:!pb-0\" value=\"1\">Superhrana iz Anda, maca je poznata po pove\u0107anju libida, energije i hormonskog balansa, pogodnog osobito za slu\u010dajeve smanjenog testosterona.<\/li>\n<\/ul>\n<h2 class=\"font-bold text-h3 leading-[40px] pt-[21px] pb-[2px] [&amp;_a]:underline-offset-[6px] [&amp;_.underline]:underline-offset-[6px]\" dir=\"ltr\">Erectil U\u010dinci i Dobrobiti<\/h2>\n<p class=\"text-body font-regular leading-[24px] pt-[9px] pb-[2px]\" dir=\"ltr\">Kao dodatak prehrani, Erectil nudi vi\u0161e prednosti od samog pobolj\u0161anja erektilne funkcije:<\/p>\n<ul class=\"pt-[9px] pb-[2px] pl-[24px] list-disc [&amp;_ul]:pt-[5px] pt-[5px]\">\n<li class=\"text-body font-regular leading-[24px] my-[5px] [&amp;&gt;ol]:!pt-0 [&amp;&gt;ol]:!pb-0 [&amp;&gt;ul]:!pt-0 [&amp;&gt;ul]:!pb-0\" value=\"1\"><b><strong class=\"font-bold\">Pove\u0107an libido<\/strong><\/b> i seksualna \u017eelja<\/li>\n<li class=\"text-body font-regular leading-[24px] my-[5px] [&amp;&gt;ol]:!pt-0 [&amp;&gt;ol]:!pb-0 [&amp;&gt;ul]:!pt-0 [&amp;&gt;ul]:!pb-0\" value=\"2\"><b><strong class=\"font-bold\">Bolji protok krvi<\/strong><\/b>, \u0161to zna\u010di ja\u010de i du\u017ee erekcije<\/li>\n<li class=\"text-body font-regular leading-[24px] my-[5px] [&amp;&gt;ol]:!pt-0 [&amp;&gt;ol]:!pb-0 [&amp;&gt;ul]:!pt-0 [&amp;&gt;ul]:!pb-0\" value=\"3\"><b><strong class=\"font-bold\">Smanjenje stresa<\/strong><\/b> i pobolj\u0161ano mentalno zdravlje<\/li>\n<li class=\"text-body font-regular leading-[24px] my-[5px] [&amp;&gt;ol]:!pt-0 [&amp;&gt;ol]:!pb-0 [&amp;&gt;ul]:!pt-0 [&amp;&gt;ul]:!pb-0\" value=\"4\"><b><strong class=\"font-bold\">Poja\u010dana energija i izdr\u017eljivost<\/strong><\/b> tijekom intimnih trenutaka<\/li>\n<li class=\"text-body font-regular leading-[24px] my-[5px] [&amp;&gt;ol]:!pt-0 [&amp;&gt;ol]:!pb-0 [&amp;&gt;ul]:!pt-0 [&amp;&gt;ul]:!pb-0\" value=\"5\"><b><strong class=\"font-bold\">Pove\u0107ana viskoznost sperme<\/strong><\/b>, \u0161to mo\u017ee pobolj\u0161ati plodnost<\/li>\n<\/ul>\n<h2 class=\"font-bold text-h3 leading-[40px] pt-[21px] pb-[2px] [&amp;_a]:underline-offset-[6px] [&amp;_.underline]:underline-offset-[6px]\" dir=\"ltr\">Erectil Upute Za Kori\u0161tenje<\/h2>\n<p class=\"text-body font-regular leading-[24px] pt-[9px] pb-[2px]\" dir=\"ltr\">Kori\u0161tenje Erectil kapsula je jednostavno:<\/p>\n<ul class=\"pt-[9px] pb-[2px] pl-[24px] list-disc [&amp;_ul]:pt-[5px] pt-[5px]\">\n<li class=\"text-body font-regular leading-[24px] my-[5px] [&amp;&gt;ol]:!pt-0 [&amp;&gt;ol]:!pb-0 [&amp;&gt;ul]:!pt-0 [&amp;&gt;ul]:!pb-0\" value=\"1\">Uzmite <b><strong class=\"font-bold\">jednu kapsulu dnevno<\/strong><\/b>, najbolje uz \u010da\u0161u vode.<\/li>\n<li class=\"text-body font-regular leading-[24px] my-[5px] [&amp;&gt;ol]:!pt-0 [&amp;&gt;ol]:!pb-0 [&amp;&gt;ul]:!pt-0 [&amp;&gt;ul]:!pb-0\" value=\"2\">Kapsule mo\u017eete uzimati prije ili nakon obroka.<\/li>\n<li class=\"text-body font-regular leading-[24px] my-[5px] [&amp;&gt;ol]:!pt-0 [&amp;&gt;ol]:!pb-0 [&amp;&gt;ul]:!pt-0 [&amp;&gt;ul]:!pb-0\" value=\"3\">Dosljednost je klju\u010dna\u2014kapsule treba uzimati redovito za najbolje rezultate.<\/li>\n<\/ul>\n<h2 class=\"font-bold text-h3 leading-[40px] pt-[21px] pb-[2px] [&amp;_a]:underline-offset-[6px] [&amp;_.underline]:underline-offset-[6px]\" dir=\"ltr\">Erectil Kontraindikacije i Nuspojave<\/h2>\n<p class=\"text-body font-regular leading-[24px] pt-[9px] pb-[2px]\" dir=\"ltr\">Erectil je temeljito testiran i siguran za upotrebu. <b><strong class=\"font-bold\">Nema poznatih kontraindikacija ni nuspojava<\/strong><\/b>, zahvaljuju\u0107i njegovom prirodnom sastavu. Ipak, nije preporu\u010dljivo:<\/p>\n<ul class=\"pt-[9px] pb-[2px] pl-[24px] list-disc [&amp;_ul]:pt-[5px] pt-[5px]\">\n<li class=\"text-body font-regular leading-[24px] my-[5px] [&amp;&gt;ol]:!pt-0 [&amp;&gt;ol]:!pb-0 [&amp;&gt;ul]:!pt-0 [&amp;&gt;ul]:!pb-0\" value=\"1\">Djeci<\/li>\n<li class=\"text-body font-regular leading-[24px] my-[5px] [&amp;&gt;ol]:!pt-0 [&amp;&gt;ol]:!pb-0 [&amp;&gt;ul]:!pt-0 [&amp;&gt;ul]:!pb-0\" value=\"2\">Trudnicama i dojiljama<\/li>\n<li class=\"text-body font-regular leading-[24px] my-[5px] [&amp;&gt;ol]:!pt-0 [&amp;&gt;ol]:!pb-0 [&amp;&gt;ul]:!pt-0 [&amp;&gt;ul]:!pb-0\" value=\"3\">Osobama s kroni\u010dnim bolestima (prvo se savjetujte s lije\u010dnikom)<\/li>\n<\/ul>\n<h2 class=\"font-bold text-h3 leading-[40px] pt-[21px] pb-[2px] [&amp;_a]:underline-offset-[6px] [&amp;_.underline]:underline-offset-[6px]\" dir=\"ltr\">Erectil Iskustva<\/h2>\n<p class=\"text-body font-regular leading-[24px] pt-[9px] pb-[2px]\" dir=\"ltr\">Korisnici su odu\u0161evljeni djelovanjem Erectila. Evo nekoliko komentara:<\/p>\n<ul class=\"pt-[9px] pb-[2px] pl-[24px] list-disc [&amp;_ul]:pt-[5px] pt-[5px]\">\n<li class=\"text-body font-regular leading-[24px] my-[5px] [&amp;&gt;ol]:!pt-0 [&amp;&gt;ol]:!pb-0 [&amp;&gt;ul]:!pt-0 [&amp;&gt;ul]:!pb-0\" value=\"1\"><b><strong class=\"font-bold\">Marko (45 godina):<\/strong><\/b> \u201cErectil je u potpunosti transformirao moj intimni \u017eivot. Osje\u0107am se kao da sam ponovo u svojim dvadesetima!\u201d<\/li>\n<li class=\"text-body font-regular leading-[24px] my-[5px] [&amp;&gt;ol]:!pt-0 [&amp;&gt;ol]:!pb-0 [&amp;&gt;ul]:!pt-0 [&amp;&gt;ul]:!pb-0\" value=\"2\"><b><strong class=\"font-bold\">Ivan (52 godine):<\/strong><\/b> \u201cNisam vjerovao dok nisam isprobao. Osje\u0107am se puni energije, a moja partnerica je odu\u0161evljena.\u201d<\/li>\n<li class=\"text-body font-regular leading-[24px] my-[5px] [&amp;&gt;ol]:!pt-0 [&amp;&gt;ol]:!pb-0 [&amp;&gt;ul]:!pt-0 [&amp;&gt;ul]:!pb-0\" value=\"3\"><b><strong class=\"font-bold\">Josip (39 godina):<\/strong><\/b> \u201cPreporuka! Potpuno prirodan, a stvarno radi.\u201d<\/li>\n<\/ul>\n<h2 class=\"font-bold text-h3 leading-[40px] pt-[21px] pb-[2px] [&amp;_a]:underline-offset-[6px] [&amp;_.underline]:underline-offset-[6px]\" dir=\"ltr\">Gdje kupiti Erectil u Hrvatskoj? Ljekarna, DM, Nju\u0161kalo<\/h2>\n<p class=\"text-body font-regular leading-[24px] pt-[9px] pb-[2px]\" dir=\"ltr\">Erectil mo\u017eete naru\u010diti <b><strong class=\"font-bold\">isklju\u010divo putem slu\u017ebene web stranice proizvo\u0111a\u010da<\/strong><\/b>. Ova ekskluzivnost \u0161titi korisnike od krivotvorenih proizvoda koji \u010desto nisu sigurni za upotrebu.<\/p>\n<p class=\"text-body font-regular leading-[24px] pt-[9px] pb-[2px]\" dir=\"ltr\">Izravna kupnja s web stranice tako\u0111er osigurava <b><strong class=\"font-bold\">najbolju cijenu<\/strong><\/b> i \u010deste promocije.<\/p>\n<h2 class=\"font-bold text-h3 leading-[40px] pt-[21px] pb-[2px] [&amp;_a]:underline-offset-[6px] [&amp;_.underline]:underline-offset-[6px]\" dir=\"ltr\">Koliko ko\u0161ta Erectil? Cijena?<\/h2>\n<p class=\"text-body font-regular leading-[24px] pt-[9px] pb-[2px]\" dir=\"ltr\">Erectil kapsule dostupne su po cijeni od <b><strong class=\"font-bold\">39 eura<\/strong><\/b>. S obzirom na benefite koje pru\u017eaju, to je sjajna investicija u va\u0161e zdravlje i odnos sa partnerom.<\/p>\n<h2 class=\"font-bold text-h3 leading-[40px] pt-[21px] pb-[2px] [&amp;_a]:underline-offset-[6px] [&amp;_.underline]:underline-offset-[6px]\" dir=\"ltr\">\u010cesto Postavljana Pitanja<\/h2>\n<h3 class=\"font-bold text-h4 leading-[30px] pt-[15px] pb-[2px] [&amp;_a]:underline-offset-[6px] [&amp;_.underline]:underline-offset-[6px]\" dir=\"ltr\">Koliko dugo traje jedno pakiranje Erectil kapsula?<\/h3>\n<p class=\"text-body font-regular leading-[24px] pt-[9px] pb-[2px]\" dir=\"ltr\">Jedno pakiranje sadr\u017ei kapsule za <b><strong class=\"font-bold\">mjese\u010dnu upotrebu<\/strong><\/b> (30 dana).<\/p>\n<h3 class=\"font-bold text-h4 leading-[30px] pt-[15px] pb-[2px] [&amp;_a]:underline-offset-[6px] [&amp;_.underline]:underline-offset-[6px]\" dir=\"ltr\">Kada mogu o\u010dekivati prve rezultate?<\/h3>\n<p class=\"text-body font-regular leading-[24px] pt-[9px] pb-[2px]\" dir=\"ltr\">Rezultati se \u010desto primijete unutar <b><strong class=\"font-bold\">prvih nekoliko tjedana<\/strong><\/b>, pod uvjetom redovite upotrebe.<\/p>\n<h3 class=\"font-bold text-h4 leading-[30px] pt-[15px] pb-[2px] [&amp;_a]:underline-offset-[6px] [&amp;_.underline]:underline-offset-[6px]\" dir=\"ltr\">Je li proizvod pogodan za starije osobe?<\/h3>\n<p class=\"text-body font-regular leading-[24px] pt-[9px] pb-[2px]\" dir=\"ltr\">Apsolutno! Erectil je dizajniran s ciljem podr\u0161ke mu\u0161karcima svih dobnih skupina.<\/p>\n<h3 class=\"font-bold text-h4 leading-[30px] pt-[15px] pb-[2px] [&amp;_a]:underline-offset-[6px] [&amp;_.underline]:underline-offset-[6px]\" dir=\"ltr\">Sadr\u017ei li Erectil kemikalije ili konzervanse?<\/h3>\n<p class=\"text-body font-regular leading-[24px] pt-[9px] pb-[2px]\" dir=\"ltr\">Ne, Erectil je potpuno prirodan i ne sadr\u017ei nikakve kemikalije ni konzervanse.<\/p>\n","protected":false},"excerpt":{"rendered":"<p>Erectil kapsule su biljni dodatak prehrani formuliran za podr\u0161ku mu\u0161karcima, posebno onima u zrelijim godinama, koji se suo\u010davaju s izazovima vezanim za erektilnu funkciju. Ovaj dodatak pobolj\u0161ava cirkulaciju krvi u podru\u010dju zdjelice, ja\u010da krvne \u017eile i srce, pove\u0107ava osjetljivost penisa, libido i seksualnu izdr\u017eljivost. Jedna od klju\u010dnih prednosti Erectila je \u0161to poti\u010de sintezu testosterona, hormona&#8230;<\/p>\n","protected":false},"featured_media":217,"template":"","meta":{"_kad_post_transparent":"default","_kad_post_title":"","_kad_post_layout":"default","_kad_post_sidebar_id":"","_kad_post_content_style":"default","_kad_post_vertical_padding":"default","_kad_post_feature":"","_kad_post_feature_position":"","_kad_post_header":false,"_kad_post_footer":false,"_kad_post_classname":"","iawp_total_views":87},"product_brand":[],"product_cat":[19],"product_tag":[],"class_list":{"0":"post-216","1":"product","2":"type-product","3":"status-publish","4":"has-post-thumbnail","6":"product_cat-potencija","8":"first","9":"instock","10":"sale","11":"shipping-taxable","12":"purchasable","13":"product-type-simple","14":"entry","15":"content-bg","16":"loop-entry"},"_links":{"self":[{"href":"https:\/\/www.poliklinikavukovic.com\/ljekarna\/wp-json\/wp\/v2\/product\/216","targetHints":{"allow":["GET"]}}],"collection":[{"href":"https:\/\/www.poliklinikavukovic.com\/ljekarna\/wp-json\/wp\/v2\/product"}],"about":[{"href":"https:\/\/www.poliklinikavukovic.com\/ljekarna\/wp-json\/wp\/v2\/types\/product"}],"wp:featuredmedia":[{"embeddable":true,"href":"https:\/\/www.poliklinikavukovic.com\/ljekarna\/wp-json\/wp\/v2\/media\/217"}],"wp:attachment":[{"href":"https:\/\/www.poliklinikavukovic.com\/ljekarna\/wp-json\/wp\/v2\/media?parent=216"}],"wp:term":[{"taxonomy":"product_brand","embeddable":true,"href":"https:\/\/www.poliklinikavukovic.com\/ljekarna\/wp-json\/wp\/v2\/product_brand?post=216"},{"taxonomy":"product_cat","embeddable":true,"href":"https:\/\/www.poliklinikavukovic.com\/ljekarna\/wp-json\/wp\/v2\/product_cat?post=216"},{"taxonomy":"product_tag","embeddable":true,"href":"https:\/\/www.poliklinikavukovic.com\/ljekarna\/wp-json\/wp\/v2\/product_tag?post=216"}],"curies":[{"name":"wp","href":"https:\/\/api.w.org\/{rel}","templated":true}]}}