{"id":196,"date":"2024-12-04T12:42:20","date_gmt":"2024-12-04T12:42:20","guid":{"rendered":"https:\/\/www.poliklinikavukovic.com\/ljekarna\/?post_type=product&#038;p=196"},"modified":"2024-12-04T12:42:30","modified_gmt":"2024-12-04T12:42:30","slug":"gluco-caps","status":"publish","type":"product","link":"https:\/\/www.poliklinikavukovic.com\/ljekarna\/proizvod\/gluco-caps\/","title":{"rendered":"Gluco Caps"},"content":{"rendered":"<p class=\"text-body font-regular leading-[24px] pt-[9px] pb-[2px]\" dir=\"ltr\">Gluco Caps je dodatak prehrani dizajniran za podr\u017eavanje zdravlja zglobova i pobolj\u0161anje funkcije kostiju. Ove kapsule poma\u017eu u ubla\u017eavanju bolova u zglobovima i odr\u017eavanju pokretljivosti, \u010dine\u0107i ih izvrsnim izborom za sve one koji \u017eele unaprijediti kvalitetu \u017eivota. Zahvaljuju\u0107i svojoj formuli, Gluco Caps pridonosi ja\u010dem i zdravijem sustavu kosti i zglobova, bez obzira na godine.<\/p>\n<h2 class=\"font-bold text-h3 leading-[36px] pt-[21px] pb-[2px] [&amp;_a]:underline-offset-[6px] [&amp;_.underline]:underline-offset-[6px]\" dir=\"ltr\">Kako djeluje Gluco Caps?<\/h2>\n<p class=\"text-body font-regular leading-[24px] pt-[9px] pb-[2px]\" dir=\"ltr\">Gluco Caps djeluje tako da podr\u017eava funkciju zglobova i smanjuje osje\u0107aj jutarnje uko\u010denosti te bolove koji ograni\u010davaju svakodnevne aktivnosti. Njegova proaktivna formula omogu\u0107uje regeneraciju tkiva zgloba i doprinosi pove\u0107anoj fleksibilnosti, poma\u017eu\u0107i korisnicima da se vrate dinami\u010dnijim aktivnostima. Zbog pa\u017eljivo odabranih sastojaka, Gluco Caps osigurava dugotrajne u\u010dinke uz neprestano kori\u0161tenje.<\/p>\n<h2 class=\"font-bold text-h3 leading-[36px] pt-[21px] pb-[2px] [&amp;_a]:underline-offset-[6px] [&amp;_.underline]:underline-offset-[6px]\" dir=\"ltr\">Gluco Caps Sastav<\/h2>\n<h3 class=\"font-bold text-h4 leading-[30px] pt-[15px] pb-[2px] [&amp;_a]:underline-offset-[6px] [&amp;_.underline]:underline-offset-[6px]\" dir=\"ltr\"><b><strong class=\"font-bold\">1. Glukozamin-sulfat 2KCI<\/strong><\/b><\/h3>\n<p class=\"text-body font-regular leading-[24px] pt-[9px] pb-[2px]\" dir=\"ltr\">Klju\u010dni sastojak za zdravlje zglobova. Poma\u017ee u obnovi hrskavice i smanjenju bolova kod artritisa. Tako\u0111er ja\u010da regenerativne procese zglobova.<\/p>\n<h3 class=\"font-bold text-h4 leading-[30px] pt-[15px] pb-[2px] [&amp;_a]:underline-offset-[6px] [&amp;_.underline]:underline-offset-[6px]\" dir=\"ltr\"><b><strong class=\"font-bold\">2. Metilsulfonilmetan (MSM)<\/strong><\/b><\/h3>\n<p class=\"text-body font-regular leading-[24px] pt-[9px] pb-[2px]\" dir=\"ltr\">Prirodni izvor sumpora, poznat po svojim protuupalnim svojstvima. MSM poma\u017ee smanjiti bol i uko\u010denost te podr\u017eava op\u0107e zdravlje zglobova.<\/p>\n<h3 class=\"font-bold text-h4 leading-[30px] pt-[15px] pb-[2px] [&amp;_a]:underline-offset-[6px] [&amp;_.underline]:underline-offset-[6px]\" dir=\"ltr\"><b><strong class=\"font-bold\">3. Holekalciferol (Vitamin D)<\/strong><\/b><\/h3>\n<p class=\"text-body font-regular leading-[24px] pt-[9px] pb-[2px]\" dir=\"ltr\">Klju\u010dan za apsorpciju kalcija koji ja\u010da kosti. Vitamin D tako\u0111er doprinosi smanjenju rizika od osteoporoze.<\/p>\n<h3 class=\"font-bold text-h4 leading-[30px] pt-[15px] pb-[2px] [&amp;_a]:underline-offset-[6px] [&amp;_.underline]:underline-offset-[6px]\" dir=\"ltr\"><b><strong class=\"font-bold\">4. Sredstva protiv zgrudnjavanja (Magnezijum-stearat i Silicijum-dioksid)<\/strong><\/b><\/h3>\n<p class=\"text-body font-regular leading-[24px] pt-[9px] pb-[2px]\" dir=\"ltr\">Ovi sastojci osiguravaju dosljednu kvalitetu i teksturu kapsula, olak\u0161avaju\u0107i njihovu apsorpciju bez nuspojava.<\/p>\n<h3 class=\"font-bold text-h4 leading-[30px] pt-[15px] pb-[2px] [&amp;_a]:underline-offset-[6px] [&amp;_.underline]:underline-offset-[6px]\" dir=\"ltr\"><b><strong class=\"font-bold\">5. Kapsula (\u017eelatina, boja i kalcijum-karbonat)<\/strong><\/b><\/h3>\n<p class=\"text-body font-regular leading-[24px] pt-[9px] pb-[2px]\" dir=\"ltr\">Sigurna i jednostavna za konzumaciju, kapsula zadr\u017eava djelotvornost glavnih sastojaka dok pru\u017ea jednostavnu upotrebu.<\/p>\n<h2 class=\"font-bold text-h3 leading-[36px] pt-[21px] pb-[2px] [&amp;_a]:underline-offset-[6px] [&amp;_.underline]:underline-offset-[6px]\" dir=\"ltr\">Gluco Caps U\u010dinci i Dobrobiti<\/h2>\n<p class=\"text-body font-regular leading-[24px] pt-[9px] pb-[2px]\" dir=\"ltr\">Gluco Caps nudi niz prednosti za va\u0161e tijelo:<\/p>\n<ul class=\"pt-[9px] pb-[2px] pl-[24px] list-disc [&amp;_ul]:pt-[5px] pt-[5px]\">\n<li class=\"text-body font-regular leading-[24px] my-[5px] [&amp;&gt;ol]:!pt-0 [&amp;&gt;ol]:!pb-0 [&amp;&gt;ul]:!pt-0 [&amp;&gt;ul]:!pb-0\" value=\"1\"><b><strong class=\"font-bold\">Bolji rad zglobova i smanjenje uko\u010denosti<\/strong><\/b><\/li>\n<\/ul>\n<p class=\"text-body font-regular leading-[24px] pt-[9px] pb-[2px]\" dir=\"ltr\">Uklanja neugodu i pobolj\u0161ava pokretljivost.<\/p>\n<ul class=\"pt-[9px] pb-[2px] pl-[24px] list-disc [&amp;_ul]:pt-[5px] pt-[5px]\">\n<li class=\"text-body font-regular leading-[24px] my-[5px] [&amp;&gt;ol]:!pt-0 [&amp;&gt;ol]:!pb-0 [&amp;&gt;ul]:!pt-0 [&amp;&gt;ul]:!pb-0\" value=\"1\"><b><strong class=\"font-bold\">Podr\u0161ka zdravlju kostiju<\/strong><\/b><\/li>\n<\/ul>\n<p class=\"text-body font-regular leading-[24px] pt-[9px] pb-[2px]\" dir=\"ltr\">Vitamini i minerali djeluju sinergijski kako bi pobolj\u0161ali snagu kostiju.<\/p>\n<ul class=\"pt-[9px] pb-[2px] pl-[24px] list-disc [&amp;_ul]:pt-[5px] pt-[5px]\">\n<li class=\"text-body font-regular leading-[24px] my-[5px] [&amp;&gt;ol]:!pt-0 [&amp;&gt;ol]:!pb-0 [&amp;&gt;ul]:!pt-0 [&amp;&gt;ul]:!pb-0\" value=\"1\"><b><strong class=\"font-bold\">Smanjenje boli<\/strong><\/b><\/li>\n<\/ul>\n<p class=\"text-body font-regular leading-[24px] pt-[9px] pb-[2px]\" dir=\"ltr\">Poma\u017ee u ubla\u017eavanju boli, omogu\u0107uju\u0107i bezbolnu svakodnevnicu.<\/p>\n<ul class=\"pt-[9px] pb-[2px] pl-[24px] list-disc [&amp;_ul]:pt-[5px] pt-[5px]\">\n<li class=\"text-body font-regular leading-[24px] my-[5px] [&amp;&gt;ol]:!pt-0 [&amp;&gt;ol]:!pb-0 [&amp;&gt;ul]:!pt-0 [&amp;&gt;ul]:!pb-0\" value=\"1\"><b><strong class=\"font-bold\">Pove\u0107anje fleksibilnosti i izdr\u017eljivosti<\/strong><\/b><\/li>\n<\/ul>\n<p class=\"text-body font-regular leading-[24px] pt-[9px] pb-[2px]\" dir=\"ltr\">Dugoro\u010dna otpornost zglobova omogu\u0107uje aktivniji stil \u017eivota.<\/p>\n<h2 class=\"font-bold text-h3 leading-[36px] pt-[21px] pb-[2px] [&amp;_a]:underline-offset-[6px] [&amp;_.underline]:underline-offset-[6px]\" dir=\"ltr\">Gluco Caps Upute Za Kori\u0161tenje<\/h2>\n<p class=\"text-body font-regular leading-[24px] pt-[9px] pb-[2px]\" dir=\"ltr\">Gluco Caps je nevjerojatno jednostavan za primjenu!<\/p>\n<ul class=\"pt-[9px] pb-[2px] pl-[24px] list-disc [&amp;_ul]:pt-[5px] pt-[5px]\">\n<li class=\"text-body font-regular leading-[24px] my-[5px] [&amp;&gt;ol]:!pt-0 [&amp;&gt;ol]:!pb-0 [&amp;&gt;ul]:!pt-0 [&amp;&gt;ul]:!pb-0\" value=\"1\"><b><strong class=\"font-bold\">Doziranje<\/strong><\/b>: Uzeti 1-2 kapsule dnevno uz obrok s \u010da\u0161om vode.<\/li>\n<li class=\"text-body font-regular leading-[24px] my-[5px] [&amp;&gt;ol]:!pt-0 [&amp;&gt;ol]:!pb-0 [&amp;&gt;ul]:!pt-0 [&amp;&gt;ul]:!pb-0\" value=\"2\"><b><strong class=\"font-bold\">Oprez<\/strong><\/b>: Ne smije se prekora\u010diti preporu\u010dena dnevna doza. Ne koristiti zajedno s proizvodima koji sadr\u017ee vitamin D.<\/li>\n<\/ul>\n<h2 class=\"font-bold text-h3 leading-[36px] pt-[21px] pb-[2px] [&amp;_a]:underline-offset-[6px] [&amp;_.underline]:underline-offset-[6px]\" dir=\"ltr\">Gluco Caps Kontraindikacije i Nuspojave<\/h2>\n<p class=\"text-body font-regular leading-[24px] pt-[9px] pb-[2px]\" dir=\"ltr\">Jedna od najve\u0107ih prednosti Gluco Caps dodatka je \u010dinjenica da nema poznatih kontraindikacija ni nuspojava. Me\u0111utim, proizvod nije namijenjen djeci, trudnicama, dojiljama i osobama s kroni\u010dnim bolestima.<\/p>\n<h2 class=\"font-bold text-h3 leading-[36px] pt-[21px] pb-[2px] [&amp;_a]:underline-offset-[6px] [&amp;_.underline]:underline-offset-[6px]\" dir=\"ltr\">Gluco Caps Iskustva<\/h2>\n<p class=\"text-body font-regular leading-[24px] pt-[9px] pb-[2px]\" dir=\"ltr\">Korisnici su odu\u0161evljeni rezultatima koje Gluco Caps pru\u017ea. Evo nekoliko komentara na\u0161ih zadovoljnih korisnika:<\/p>\n<ul class=\"pt-[9px] pb-[2px] pl-[24px] list-disc [&amp;_ul]:pt-[5px] pt-[5px]\">\n<li class=\"text-body font-regular leading-[24px] my-[5px] [&amp;&gt;ol]:!pt-0 [&amp;&gt;ol]:!pb-0 [&amp;&gt;ul]:!pt-0 [&amp;&gt;ul]:!pb-0\" value=\"1\"><b><strong class=\"font-bold\">Ana, 45 godina<\/strong><\/b><\/li>\n<\/ul>\n<p class=\"text-body font-regular leading-[24px] pt-[9px] pb-[2px]\" dir=\"ltr\">&#8220;Nakon samo 4 tjedna primijetila sam zna\u010dajno manje bolova u zglobovima. Preporu\u010dujem svima!&#8221;<\/p>\n<ul class=\"pt-[9px] pb-[2px] pl-[24px] list-disc [&amp;_ul]:pt-[5px] pt-[5px]\">\n<li class=\"text-body font-regular leading-[24px] my-[5px] [&amp;&gt;ol]:!pt-0 [&amp;&gt;ol]:!pb-0 [&amp;&gt;ul]:!pt-0 [&amp;&gt;ul]:!pb-0\" value=\"1\"><b><strong class=\"font-bold\">Marko, 60 godina<\/strong><\/b><\/li>\n<\/ul>\n<p class=\"text-body font-regular leading-[24px] pt-[9px] pb-[2px]\" dir=\"ltr\">&#8220;Uz pomo\u0107 Gluco Caps dugim \u0161etnjama s unucima vi\u0161e nije kraj dana bolan!&#8221;<\/p>\n<ul class=\"pt-[9px] pb-[2px] pl-[24px] list-disc [&amp;_ul]:pt-[5px] pt-[5px]\">\n<li class=\"text-body font-regular leading-[24px] my-[5px] [&amp;&gt;ol]:!pt-0 [&amp;&gt;ol]:!pb-0 [&amp;&gt;ul]:!pt-0 [&amp;&gt;ul]:!pb-0\" value=\"1\"><b><strong class=\"font-bold\">Marta, 39 godina<\/strong><\/b><\/li>\n<\/ul>\n<p class=\"text-body font-regular leading-[24px] pt-[9px] pb-[2px]\" dir=\"ltr\">&#8220;Ujutro se kona\u010dno budim bez uko\u010denosti. Hvala Gluco Caps!&#8221;<\/p>\n<h2 class=\"font-bold text-h3 leading-[36px] pt-[21px] pb-[2px] [&amp;_a]:underline-offset-[6px] [&amp;_.underline]:underline-offset-[6px]\" dir=\"ltr\">Gdje kupiti Gluco Caps u Hrvatskoj? Ljekarna, DM, Nju\u0161kalo<\/h2>\n<p class=\"text-body font-regular leading-[24px] pt-[9px] pb-[2px]\" dir=\"ltr\">Gluco Caps je dostupan isklju\u010divo na slu\u017ebenoj web stranici proizvo\u0111a\u010da. Kupnja putem online stranice osigurava originalnost proizvoda i povoljne promotivne cijene. Tako\u0111er, izbjegavaju se dodatne provizije trgovina, \u010dime se osigurava najbolji omjer cijene i kvalitete.<\/p>\n<h2 class=\"font-bold text-h3 leading-[36px] pt-[21px] pb-[2px] [&amp;_a]:underline-offset-[6px] [&amp;_.underline]:underline-offset-[6px]\" dir=\"ltr\">Koliko ko\u0161ta Gluco Caps? Cijena<\/h2>\n<p class=\"text-body font-regular leading-[24px] pt-[9px] pb-[2px]\" dir=\"ltr\">Gluco Caps trenutno ko\u0161ta <b><strong class=\"font-bold\">39 \u20ac<\/strong><\/b>. Zahvaljuju\u0107i povremenim popustima na slu\u017ebenoj stranici, mo\u017eete zna\u010dajno u\u0161tedjeti na vi\u0161estrukim narud\u017ebama.<\/p>\n<h2 class=\"font-bold text-h3 leading-[36px] pt-[21px] pb-[2px] [&amp;_a]:underline-offset-[6px] [&amp;_.underline]:underline-offset-[6px]\" dir=\"ltr\">\u010cesto postavljana pitanja<\/h2>\n<h3 class=\"font-bold text-h4 leading-[30px] pt-[15px] pb-[2px] [&amp;_a]:underline-offset-[6px] [&amp;_.underline]:underline-offset-[6px]\" dir=\"ltr\">1. Je li Gluco Caps siguran za dugotrajnu uporabu?<\/h3>\n<p class=\"text-body font-regular leading-[24px] pt-[9px] pb-[2px]\" dir=\"ltr\">Da. Gluco Caps je siguran za svakodnevnu primjenu i nema poznatih nuspojava.<\/p>\n<h3 class=\"font-bold text-h4 leading-[30px] pt-[15px] pb-[2px] [&amp;_a]:underline-offset-[6px] [&amp;_.underline]:underline-offset-[6px]\" dir=\"ltr\">2. Koliko brzo \u0107u primijetiti rezultate?<\/h3>\n<p class=\"text-body font-regular leading-[24px] pt-[9px] pb-[2px]\" dir=\"ltr\">Ve\u0107ina korisnika primijeti pobolj\u0161anja unutar prvih 4-6 tjedana redovite uporabe.<\/p>\n<h3 class=\"font-bold text-h4 leading-[30px] pt-[15px] pb-[2px] [&amp;_a]:underline-offset-[6px] [&amp;_.underline]:underline-offset-[6px]\" dir=\"ltr\">3. Postoji li jamstvo na proizvod?<\/h3>\n<p class=\"text-body font-regular leading-[24px] pt-[9px] pb-[2px]\" dir=\"ltr\">Naravno! Proizvod dolazi s garancijom zadovoljstva zbog visoke kvalitete.<\/p>\n","protected":false},"excerpt":{"rendered":"<p>Gluco Caps je dodatak prehrani dizajniran za podr\u017eavanje zdravlja zglobova i pobolj\u0161anje funkcije kostiju. Ove kapsule poma\u017eu u ubla\u017eavanju bolova u zglobovima i odr\u017eavanju pokretljivosti, \u010dine\u0107i ih izvrsnim izborom za sve one koji \u017eele unaprijediti kvalitetu \u017eivota. Zahvaljuju\u0107i svojoj formuli, Gluco Caps pridonosi ja\u010dem i zdravijem sustavu kosti i zglobova, bez obzira na godine. Kako&#8230;<\/p>\n","protected":false},"featured_media":197,"template":"","meta":{"_kad_post_transparent":"default","_kad_post_title":"","_kad_post_layout":"default","_kad_post_sidebar_id":"","_kad_post_content_style":"default","_kad_post_vertical_padding":"default","_kad_post_feature":"","_kad_post_feature_position":"","_kad_post_header":false,"_kad_post_footer":false,"_kad_post_classname":"","iawp_total_views":17},"product_brand":[],"product_cat":[15],"product_tag":[],"class_list":{"0":"post-196","1":"product","2":"type-product","3":"status-publish","4":"has-post-thumbnail","6":"product_cat-zdravlje","8":"first","9":"instock","10":"sale","11":"shipping-taxable","12":"purchasable","13":"product-type-simple","14":"entry","15":"content-bg","16":"loop-entry"},"_links":{"self":[{"href":"https:\/\/www.poliklinikavukovic.com\/ljekarna\/wp-json\/wp\/v2\/product\/196","targetHints":{"allow":["GET"]}}],"collection":[{"href":"https:\/\/www.poliklinikavukovic.com\/ljekarna\/wp-json\/wp\/v2\/product"}],"about":[{"href":"https:\/\/www.poliklinikavukovic.com\/ljekarna\/wp-json\/wp\/v2\/types\/product"}],"wp:featuredmedia":[{"embeddable":true,"href":"https:\/\/www.poliklinikavukovic.com\/ljekarna\/wp-json\/wp\/v2\/media\/197"}],"wp:attachment":[{"href":"https:\/\/www.poliklinikavukovic.com\/ljekarna\/wp-json\/wp\/v2\/media?parent=196"}],"wp:term":[{"taxonomy":"product_brand","embeddable":true,"href":"https:\/\/www.poliklinikavukovic.com\/ljekarna\/wp-json\/wp\/v2\/product_brand?post=196"},{"taxonomy":"product_cat","embeddable":true,"href":"https:\/\/www.poliklinikavukovic.com\/ljekarna\/wp-json\/wp\/v2\/product_cat?post=196"},{"taxonomy":"product_tag","embeddable":true,"href":"https:\/\/www.poliklinikavukovic.com\/ljekarna\/wp-json\/wp\/v2\/product_tag?post=196"}],"curies":[{"name":"wp","href":"https:\/\/api.w.org\/{rel}","templated":true}]}}