{"id":176,"date":"2024-12-03T18:07:24","date_gmt":"2024-12-03T18:07:24","guid":{"rendered":"https:\/\/www.poliklinikavukovic.com\/ljekarna\/?post_type=product&#038;p=176"},"modified":"2024-12-03T18:07:24","modified_gmt":"2024-12-03T18:07:24","slug":"diatea","status":"publish","type":"product","link":"https:\/\/www.poliklinikavukovic.com\/ljekarna\/proizvod\/diatea\/","title":{"rendered":"DiaTea"},"content":{"rendered":"<p class=\"text-body font-regular leading-[24px] pt-[9px] pb-[2px]\" dir=\"ltr\">DiaTea je pa\u017eljivo kreirana biljna mje\u0161avina namijenjena poticanju zdravlja organizma, s posebnim naglaskom na regulaciju razine \u0161e\u0107era u krvi. U dana\u0161njem vremenu, kada se svakodnevno suo\u010davamo s raznim zdravstvenim izazovima, DiaTea dolazi kao osvje\u017eenje \u2013 opcija koja koristi prirodne sastojke kako bi pomogla organizmu da prona\u0111e ravnote\u017eu. Ova \u010dajna mje\u0161avina namijenjena je svima koji tra\u017ee prirodan i u\u010dinkovit na\u010din za potporu svom zdravlju.<\/p>\n<h2 class=\"font-bold text-h3 leading-[36px] pt-[21px] pb-[2px] [&amp;_a]:underline-offset-[6px] [&amp;_.underline]:underline-offset-[6px]\" dir=\"ltr\">Kako djeluje DiaTea?<\/h2>\n<p class=\"text-body font-regular leading-[24px] pt-[9px] pb-[2px]\" dir=\"ltr\">DiaTea djeluje na na\u010din da podr\u017eava prirodne funkcije organizma, pridonose\u0107i regulaciji \u0161e\u0107era u krvi i op\u0107em zdravlju. Kori\u0161tenje prirodnih biljnih sastojaka poznatih po svojim zdravstvenim pogodnostima \u010dini ovu mje\u0161avinu sigurnim i mo\u0107nim saveznikom za svakodnevnu njegu organizma. Djeluje tako \u0161to pospje\u0161uje metabolizam, poti\u010de detoksifikaciju te doprinosi boljoj ravnote\u017ei organizma.<\/p>\n<h2 class=\"font-bold text-h3 leading-[36px] pt-[21px] pb-[2px] [&amp;_a]:underline-offset-[6px] [&amp;_.underline]:underline-offset-[6px]\" dir=\"ltr\">DiaTea Sastav<\/h2>\n<p class=\"text-body font-regular leading-[24px] pt-[9px] pb-[2px]\" dir=\"ltr\">Klju\u010d u\u010dinkovitosti DiaTeae le\u017ei u njenim pomno biranim sastojcima. Svaki sastojak ima specifi\u010dnu ulogu u poticanju zdravlja organizma.<\/p>\n<ul class=\"pt-[9px] pb-[2px] pl-[24px] list-disc [&amp;_ul]:pt-[5px] pt-[5px]\">\n<li class=\"text-body font-regular leading-[24px] my-[5px] [&amp;&gt;ol]:!pt-0 [&amp;&gt;ol]:!pb-0 [&amp;&gt;ul]:!pt-0 [&amp;&gt;ul]:!pb-0\" value=\"1\"><b><strong class=\"font-bold\">List breze (Betula folium)<\/strong><\/b><\/li>\n<\/ul>\n<p class=\"text-body font-regular leading-[24px] pt-[9px] pb-[2px]\" dir=\"ltr\">Poznat po svom diureti\u010dkom u\u010dinku, list breze poma\u017ee u \u010di\u0161\u0107enju tijela od toksina te poti\u010de zdravu funkciju bubrega.<\/p>\n<ul class=\"pt-[9px] pb-[2px] pl-[24px] list-disc [&amp;_ul]:pt-[5px] pt-[5px]\">\n<li class=\"text-body font-regular leading-[24px] my-[5px] [&amp;&gt;ol]:!pt-0 [&amp;&gt;ol]:!pb-0 [&amp;&gt;ul]:!pt-0 [&amp;&gt;ul]:!pb-0\" value=\"1\"><b><strong class=\"font-bold\">Plod kleka (Juniperi fructus)<\/strong><\/b><\/li>\n<\/ul>\n<p class=\"text-body font-regular leading-[24px] pt-[9px] pb-[2px]\" dir=\"ltr\">Ovaj sastojak podr\u017eava zdravlje probavnog sustava te djeluje kao prirodni diuretik, istovremeno poma\u017eu\u0107i u regulaciji \u0161e\u0107era u krvi.<\/p>\n<ul class=\"pt-[9px] pb-[2px] pl-[24px] list-disc [&amp;_ul]:pt-[5px] pt-[5px]\">\n<li class=\"text-body font-regular leading-[24px] my-[5px] [&amp;&gt;ol]:!pt-0 [&amp;&gt;ol]:!pb-0 [&amp;&gt;ul]:!pt-0 [&amp;&gt;ul]:!pb-0\" value=\"1\"><b><strong class=\"font-bold\">List borovnice (Myrtilli folium)<\/strong><\/b><\/li>\n<\/ul>\n<p class=\"text-body font-regular leading-[24px] pt-[9px] pb-[2px]\" dir=\"ltr\">Bogati izvor antioksidansa, list borovnice poznat je po svojim svojstvima u ja\u010danju kapilara, podr\u0161ci cirkulaciji i regulaciji razine \u0161e\u0107era u krvi.<\/p>\n<ul class=\"pt-[9px] pb-[2px] pl-[24px] list-disc [&amp;_ul]:pt-[5px] pt-[5px]\">\n<li class=\"text-body font-regular leading-[24px] my-[5px] [&amp;&gt;ol]:!pt-0 [&amp;&gt;ol]:!pb-0 [&amp;&gt;ul]:!pt-0 [&amp;&gt;ul]:!pb-0\" value=\"1\"><b><strong class=\"font-bold\">Ljuska bijelog pasulja (Phaseoli fructus sine semen)<\/strong><\/b><\/li>\n<\/ul>\n<p class=\"text-body font-regular leading-[24px] pt-[9px] pb-[2px]\" dir=\"ltr\">Ovaj sastojak poma\u017ee u usporavanju apsorpcije ugljikohidrata, \u0161to doprinosi stabilnijoj razini \u0161e\u0107era u krvi.<\/p>\n<ul class=\"pt-[9px] pb-[2px] pl-[24px] list-disc [&amp;_ul]:pt-[5px] pt-[5px]\">\n<li class=\"text-body font-regular leading-[24px] my-[5px] [&amp;&gt;ol]:!pt-0 [&amp;&gt;ol]:!pb-0 [&amp;&gt;ul]:!pt-0 [&amp;&gt;ul]:!pb-0\" value=\"1\"><b><strong class=\"font-bold\">Korijen per\u0161ina (Petroselin radix)<\/strong><\/b><\/li>\n<\/ul>\n<p class=\"text-body font-regular leading-[24px] pt-[9px] pb-[2px]\" dir=\"ltr\">Prirodno bogat vitaminima i mineralima, korijen per\u0161ina odli\u010dan je saveznik u detoksikaciji organizma.<\/p>\n<ul class=\"pt-[9px] pb-[2px] pl-[24px] list-disc [&amp;_ul]:pt-[5px] pt-[5px]\">\n<li class=\"text-body font-regular leading-[24px] my-[5px] [&amp;&gt;ol]:!pt-0 [&amp;&gt;ol]:!pb-0 [&amp;&gt;ul]:!pt-0 [&amp;&gt;ul]:!pb-0\" value=\"1\"><b><strong class=\"font-bold\">Divlja jabuka (Mali fructus)<\/strong><\/b><\/li>\n<\/ul>\n<p class=\"text-body font-regular leading-[24px] pt-[9px] pb-[2px]\" dir=\"ltr\">Poznata po svom visokome sadr\u017eaju vlakana, doprinosi probavnom zdravlju i regulaciji \u0161e\u0107era.<\/p>\n<ul class=\"pt-[9px] pb-[2px] pl-[24px] list-disc [&amp;_ul]:pt-[5px] pt-[5px]\">\n<li class=\"text-body font-regular leading-[24px] my-[5px] [&amp;&gt;ol]:!pt-0 [&amp;&gt;ol]:!pb-0 [&amp;&gt;ul]:!pt-0 [&amp;&gt;ul]:!pb-0\" value=\"1\"><b><strong class=\"font-bold\">Cimet (Cinnamomi cortex)<\/strong><\/b><\/li>\n<\/ul>\n<p class=\"text-body font-regular leading-[24px] pt-[9px] pb-[2px]\" dir=\"ltr\">Cimet ne samo da doprinosi ugodnom okusu \u010daja, ve\u0107 i poti\u010de osjetljivost na inzulin te odr\u017eava stabilniju razinu \u0161e\u0107era u krvi.<\/p>\n<h2 class=\"font-bold text-h3 leading-[36px] pt-[21px] pb-[2px] [&amp;_a]:underline-offset-[6px] [&amp;_.underline]:underline-offset-[6px]\" dir=\"ltr\">DiaTea U\u010dinci i Dobrobiti<\/h2>\n<p class=\"text-body font-regular leading-[24px] pt-[9px] pb-[2px]\" dir=\"ltr\">Kori\u0161tenjem DiaTea \u010daja korisnici mogu primijetiti sljede\u0107e pozitivne u\u010dinke:<\/p>\n<ul class=\"pt-[9px] pb-[2px] pl-[24px] list-disc [&amp;_ul]:pt-[5px] pt-[5px]\">\n<li class=\"text-body font-regular leading-[24px] my-[5px] [&amp;&gt;ol]:!pt-0 [&amp;&gt;ol]:!pb-0 [&amp;&gt;ul]:!pt-0 [&amp;&gt;ul]:!pb-0\" value=\"1\">Regulacija razine \u0161e\u0107era u krvi<\/li>\n<li class=\"text-body font-regular leading-[24px] my-[5px] [&amp;&gt;ol]:!pt-0 [&amp;&gt;ol]:!pb-0 [&amp;&gt;ul]:!pt-0 [&amp;&gt;ul]:!pb-0\" value=\"2\">Pobolj\u0161anje probave<\/li>\n<li class=\"text-body font-regular leading-[24px] my-[5px] [&amp;&gt;ol]:!pt-0 [&amp;&gt;ol]:!pb-0 [&amp;&gt;ul]:!pt-0 [&amp;&gt;ul]:!pb-0\" value=\"3\">Detoksikacija organizma i smanjenje zadr\u017eavanja teku\u0107ine<\/li>\n<li class=\"text-body font-regular leading-[24px] my-[5px] [&amp;&gt;ol]:!pt-0 [&amp;&gt;ol]:!pb-0 [&amp;&gt;ul]:!pt-0 [&amp;&gt;ul]:!pb-0\" value=\"4\">Pove\u0107anje razine energije i smanjenje osje\u0107aja umora<\/li>\n<li class=\"text-body font-regular leading-[24px] my-[5px] [&amp;&gt;ol]:!pt-0 [&amp;&gt;ol]:!pb-0 [&amp;&gt;ul]:!pt-0 [&amp;&gt;ul]:!pb-0\" value=\"5\">Podr\u0161ka op\u0107em zdravlju i imunolo\u0161kom sustavu<\/li>\n<\/ul>\n<h2 class=\"font-bold text-h3 leading-[36px] pt-[21px] pb-[2px] [&amp;_a]:underline-offset-[6px] [&amp;_.underline]:underline-offset-[6px]\" dir=\"ltr\">DiaTea Upute Za Kori\u0161tenje<\/h2>\n<p class=\"text-body font-regular leading-[24px] pt-[9px] pb-[2px]\" dir=\"ltr\">Priprema DiaTea je iznimno jednostavna:<\/p>\n<ol class=\"pt-[9px] pb-[2px] pl-[24px] [&amp;_ol]:pt-[5px] list-decimal\">\n<li class=\"text-body font-regular leading-[24px] my-[5px] [&amp;&gt;ol]:!pt-0 [&amp;&gt;ol]:!pb-0 [&amp;&gt;ul]:!pt-0 [&amp;&gt;ul]:!pb-0\" value=\"1\">Dvije \u010dajne ka\u0161ike proizvoda dodajte u 2 dl proklju\u010dale vode.<\/li>\n<li class=\"text-body font-regular leading-[24px] my-[5px] [&amp;&gt;ol]:!pt-0 [&amp;&gt;ol]:!pb-0 [&amp;&gt;ul]:!pt-0 [&amp;&gt;ul]:!pb-0\" value=\"2\">Poklopite posudu sa napitkom, povremeno mije\u0161ajte, i ostavite da odstoji 10-15 minuta kako bi se ohladilo.<\/li>\n<li class=\"text-body font-regular leading-[24px] my-[5px] [&amp;&gt;ol]:!pt-0 [&amp;&gt;ol]:!pb-0 [&amp;&gt;ul]:!pt-0 [&amp;&gt;ul]:!pb-0\" value=\"3\">Prije konzumacije procijedite \u010daj.<\/li>\n<\/ol>\n<p class=\"text-body font-regular leading-[24px] pt-[9px] pb-[2px]\" dir=\"ltr\">Preporu\u010duje se piti \u010daj <b><strong class=\"font-bold\">2-3 puta dnevno prije obroka<\/strong><\/b> za optimalne rezultate. Za najbolje u\u010dinke, \u010daj konzumirajte bez dodavanja \u0161e\u0107era.<\/p>\n<h2 class=\"font-bold text-h3 leading-[36px] pt-[21px] pb-[2px] [&amp;_a]:underline-offset-[6px] [&amp;_.underline]:underline-offset-[6px]\" dir=\"ltr\">DiaTea Kontraindikacije i Nuspojave<\/h2>\n<p class=\"text-body font-regular leading-[24px] pt-[9px] pb-[2px]\" dir=\"ltr\">DiaTea nema poznate nuspojave ili kontraindikacije. Proizvod je siguran za uporabu kada se koristi prema uputama. Me\u0111utim, ne preporu\u010duje se:<\/p>\n<ul class=\"pt-[9px] pb-[2px] pl-[24px] list-disc [&amp;_ul]:pt-[5px] pt-[5px]\">\n<li class=\"text-body font-regular leading-[24px] my-[5px] [&amp;&gt;ol]:!pt-0 [&amp;&gt;ol]:!pb-0 [&amp;&gt;ul]:!pt-0 [&amp;&gt;ul]:!pb-0\" value=\"1\">Djeci<\/li>\n<li class=\"text-body font-regular leading-[24px] my-[5px] [&amp;&gt;ol]:!pt-0 [&amp;&gt;ol]:!pb-0 [&amp;&gt;ul]:!pt-0 [&amp;&gt;ul]:!pb-0\" value=\"2\">Trudnicama i dojiljama<\/li>\n<li class=\"text-body font-regular leading-[24px] my-[5px] [&amp;&gt;ol]:!pt-0 [&amp;&gt;ol]:!pb-0 [&amp;&gt;ul]:!pt-0 [&amp;&gt;ul]:!pb-0\" value=\"3\">Osobama s kroni\u010dnim oboljenjima bez konzultacije s lije\u010dnikom<\/li>\n<\/ul>\n<h2 class=\"font-bold text-h3 leading-[36px] pt-[21px] pb-[2px] [&amp;_a]:underline-offset-[6px] [&amp;_.underline]:underline-offset-[6px]\" dir=\"ltr\">DiaTea Iskustva<\/h2>\n<p class=\"text-body font-regular leading-[24px] pt-[9px] pb-[2px]\" dir=\"ltr\">Korisnici DiaTeae bilje\u017ee pozitivna iskustva i op\u0107i napredak u zdravlju. Evo nekoliko komentara zadovoljnih korisnika:<\/p>\n<p class=\"text-body font-regular leading-[24px] pt-[9px] pb-[2px]\" dir=\"ltr\"><i><em class=\"italic\">&#8220;DiaTea mi je pomogao stabilizirati \u0161e\u0107er u krvi. Osim toga, osje\u0107am se energi\u010dnije.&#8221;<\/em><\/i> \u2013 Ana iz Splita<\/p>\n<p class=\"text-body font-regular leading-[24px] pt-[9px] pb-[2px]\" dir=\"ltr\"><i><em class=\"italic\">&#8220;Sjajan okus i efikasnost! U\u017eivam ga piti svakog jutra i primijetila sam zna\u010dajno pobolj\u0161anje u svojoj razini energije.&#8221;<\/em><\/i> \u2013 Ivan iz Zagreba<\/p>\n<p class=\"text-body font-regular leading-[24px] pt-[9px] pb-[2px]\" dir=\"ltr\"><i><em class=\"italic\">&#8220;Nakon samo 2 tjedna po\u010dela sam primje\u0107ivati razlike. Jednostavno se osje\u0107am bolje!&#8221;<\/em><\/i> \u2013 Marija iz Rijeke<\/p>\n<h2 class=\"font-bold text-h3 leading-[36px] pt-[21px] pb-[2px] [&amp;_a]:underline-offset-[6px] [&amp;_.underline]:underline-offset-[6px]\" dir=\"ltr\">Gdje kupiti DiaTea u Hrvatskoj? Ljekarna, DM, Nju\u0161kalo<\/h2>\n<p class=\"text-body font-regular leading-[24px] pt-[9px] pb-[2px]\" dir=\"ltr\">DiaTea je dostupan <b><strong class=\"font-bold\">isklju\u010divo putem slu\u017ebene web stranice proizvo\u0111a\u010da<\/strong><\/b>. Ovaj ekskluzivni na\u010din distribucije osigurava da svaki korisnik dobije originalan i certificiran proizvod, \u0161to \u0161titi od falsifikata \u010desto prisutnih na drugim platformama. Ljekarne, DM, ili Nju\u0161kalo ne nude proizvod.<\/p>\n<h2 class=\"font-bold text-h3 leading-[36px] pt-[21px] pb-[2px] [&amp;_a]:underline-offset-[6px] [&amp;_.underline]:underline-offset-[6px]\" dir=\"ltr\">Koliko ko\u0161ta DiaTea? Cijena?<\/h2>\n<p class=\"text-body font-regular leading-[24px] pt-[9px] pb-[2px]\" dir=\"ltr\">Cijena DiaTea iznosi samo <b><strong class=\"font-bold\">39 eura<\/strong><\/b> za paket koji pokriva potrebe za mjesec dana. Na slu\u017ebenoj web stranici \u010desto se mogu prona\u0107i posebne promocije ili popusti, pa preporu\u010dujemo redovito provjeravanje ponuda.<\/p>\n<h2 class=\"font-bold text-h3 leading-[36px] pt-[21px] pb-[2px] [&amp;_a]:underline-offset-[6px] [&amp;_.underline]:underline-offset-[6px]\" dir=\"ltr\">\u010cesto postavljana pitanja<\/h2>\n<p class=\"text-body font-regular leading-[24px] pt-[9px] pb-[2px]\" dir=\"ltr\"><b><strong class=\"font-bold\">1. Koliko dugo moram piti DiaTea da bih vidio rezultate?<\/strong><\/b><\/p>\n<p class=\"text-body font-regular leading-[24px] pt-[9px] pb-[2px]\" dir=\"ltr\">Rezultati su individualni, ali ve\u0107ina korisnika primje\u0107uje pozitivne u\u010dinke nakon 2-4 tjedna kori\u0161tenja.<\/p>\n<p class=\"text-body font-regular leading-[24px] pt-[9px] pb-[2px]\" dir=\"ltr\"><b><strong class=\"font-bold\">2. Je li \u010daj siguran za dugotrajnu upotrebu?<\/strong><\/b><\/p>\n<p class=\"text-body font-regular leading-[24px] pt-[9px] pb-[2px]\" dir=\"ltr\">Da, DiaTea je potpuno siguran za dugotrajnu upotrebu kada se slijede upute za kori\u0161tenje.<\/p>\n<p class=\"text-body font-regular leading-[24px] pt-[9px] pb-[2px]\" dir=\"ltr\"><b><strong class=\"font-bold\">3. Mogu li piti DiaTea uz druge lijekove?<\/strong><\/b><\/p>\n<p class=\"text-body font-regular leading-[24px] pt-[9px] pb-[2px]\" dir=\"ltr\">Iako nema poznatih interakcija, preporu\u010duje se konzultacija s Va\u0161im lije\u010dnikom ako uzimate lijekove za kroni\u010dna stanja.<\/p>\n<p class=\"text-body font-regular leading-[24px] pt-[9px] pb-[2px]\" dir=\"ltr\"><b><strong class=\"font-bold\">4. Mogu li osobe bez visokog \u0161e\u0107era koristiti DiaTea?<\/strong><\/b><\/p>\n<p class=\"text-body font-regular leading-[24px] pt-[9px] pb-[2px]\" dir=\"ltr\">Apsolutno! DiaTea je koristan i za op\u0107e zdravlje organizma, detoksikaciju i pobolj\u0161anje probave.<\/p>\n","protected":false},"excerpt":{"rendered":"<p>DiaTea je pa\u017eljivo kreirana biljna mje\u0161avina namijenjena poticanju zdravlja organizma, s posebnim naglaskom na regulaciju razine \u0161e\u0107era u krvi. U dana\u0161njem vremenu, kada se svakodnevno suo\u010davamo s raznim zdravstvenim izazovima, DiaTea dolazi kao osvje\u017eenje \u2013 opcija koja koristi prirodne sastojke kako bi pomogla organizmu da prona\u0111e ravnote\u017eu. Ova \u010dajna mje\u0161avina namijenjena je svima koji tra\u017ee&#8230;<\/p>\n","protected":false},"featured_media":177,"template":"","meta":{"_kad_post_transparent":"default","_kad_post_title":"","_kad_post_layout":"default","_kad_post_sidebar_id":"","_kad_post_content_style":"default","_kad_post_vertical_padding":"default","_kad_post_feature":"","_kad_post_feature_position":"","_kad_post_header":false,"_kad_post_footer":false,"_kad_post_classname":"","iawp_total_views":14},"product_brand":[],"product_cat":[15],"product_tag":[],"class_list":{"0":"post-176","1":"product","2":"type-product","3":"status-publish","4":"has-post-thumbnail","6":"product_cat-zdravlje","8":"first","9":"instock","10":"sale","11":"shipping-taxable","12":"purchasable","13":"product-type-simple","14":"entry","15":"content-bg","16":"loop-entry"},"_links":{"self":[{"href":"https:\/\/www.poliklinikavukovic.com\/ljekarna\/wp-json\/wp\/v2\/product\/176","targetHints":{"allow":["GET"]}}],"collection":[{"href":"https:\/\/www.poliklinikavukovic.com\/ljekarna\/wp-json\/wp\/v2\/product"}],"about":[{"href":"https:\/\/www.poliklinikavukovic.com\/ljekarna\/wp-json\/wp\/v2\/types\/product"}],"wp:featuredmedia":[{"embeddable":true,"href":"https:\/\/www.poliklinikavukovic.com\/ljekarna\/wp-json\/wp\/v2\/media\/177"}],"wp:attachment":[{"href":"https:\/\/www.poliklinikavukovic.com\/ljekarna\/wp-json\/wp\/v2\/media?parent=176"}],"wp:term":[{"taxonomy":"product_brand","embeddable":true,"href":"https:\/\/www.poliklinikavukovic.com\/ljekarna\/wp-json\/wp\/v2\/product_brand?post=176"},{"taxonomy":"product_cat","embeddable":true,"href":"https:\/\/www.poliklinikavukovic.com\/ljekarna\/wp-json\/wp\/v2\/product_cat?post=176"},{"taxonomy":"product_tag","embeddable":true,"href":"https:\/\/www.poliklinikavukovic.com\/ljekarna\/wp-json\/wp\/v2\/product_tag?post=176"}],"curies":[{"name":"wp","href":"https:\/\/api.w.org\/{rel}","templated":true}]}}